{"id":13,"date":"2023-08-02T14:52:00","date_gmt":"2023-08-02T12:52:00","guid":{"rendered":"https:\/\/seiersborg.vgs.no\/follo\/?page_id=13"},"modified":"2026-01-20T14:52:55","modified_gmt":"2026-01-20T13:52:55","slug":"salg-service-og-reiseliv-vg1","status":"publish","type":"page","link":"https:\/\/seiersborg.vgs.no\/follo\/vart-utdanningstilbud\/salg-service-og-reiseliv-vg1\/","title":{"rendered":"Salg, service og reiseliv (Vg1)"},"content":{"rendered":"\n<hr class=\" wp-block-separator has-text-color has-white-color has-alpha-channel-opacity has-white-background-color has-background eplus-wrapper\"\/>\n\n\n\n<div class=\"cs-top wp-block-group alignfull has-primary-beige-background-color has-background eplus-wrapper is-layout-constrained wp-block-group-is-layout-constrained\"><div class=\"wp-block-group__inner-container\">\n<div class=\"container-rounded-corners wp-block-group has-light-beige-background-color has-background eplus-wrapper is-layout-constrained wp-block-group-is-layout-constrained\"><div class=\"wp-block-group__inner-container\"><div class=\" wp-block-columns alignfull are-vertically-aligned-center eplus-wrapper is-layout-flex wp-container-6 wp-block-columns-is-layout-flex eplus-styles-uid-aa3b7d\">\n<div class=\" wp-block-column eplus-wrapper is-layout-flow wp-block-column-is-layout-flow\" style=\"flex-basis:10px\"><\/div>\n\n\n\n<div class=\" wp-block-column is-vertically-aligned-center eplus-wrapper is-layout-flow wp-block-column-is-layout-flow\">\n<h1 class=\" wp-block-heading eplus-wrapper\">Salg, service og reiseliv (vg1)<\/h1>\n\n\n\n<p class=\" eplus-wrapper\">Utdanningsprogrammet Vg1 salg, service og reiseliv gir deg muligheter innen mange ulike yrker. \u00d8nsker du \u00e5 starte egen bedrift? Eller vil du jobbe i butikk, p\u00e5 et hotell eller p\u00e5 et kontor?<\/p>\n\n\n\n<div class=\" wp-block-buttons eplus-wrapper is-layout-flex wp-block-buttons-is-layout-flex\"><div class=\"is-style-fill wp-block-button eplus-wrapper eplus-styles-uid-eb6ee6\"><a class=\"wp-block-button__link has-black-color has-pink-background-color has-text-color has-background wp-element-button\" href=\"https:\/\/seiersborg.vgs.no\/follo\/sok-her\/\">S\u00f8k her<\/a><\/div><\/div>\n<\/div>\n\n\n\n<div class=\" wp-block-column eplus-wrapper is-layout-flow wp-block-column-is-layout-flow\" style=\"flex-basis:5px\"><\/div>\n\n\n\n<div class=\" wp-block-column is-vertically-aligned-center eplus-wrapper is-layout-flow wp-block-column-is-layout-flow\">\n<div style=\"height:50px\" aria-hidden=\"true\" class=\" wp-block-spacer eplus-wrapper\"><\/div>\n\n\n\n<figure class=\" wp-block-image size-large eplus-wrapper\"><img decoding=\"async\" loading=\"lazy\" width=\"1024\" height=\"683\" src=\"https:\/\/seiersborg.vgs.no\/follo\/wp-content\/uploads\/sites\/2\/2026\/01\/Diverse-bilder-31-1024x683.jpg\" alt=\"\" class=\"wp-image-4091\" srcset=\"https:\/\/seiersborg.vgs.no\/follo\/wp-content\/uploads\/sites\/2\/2026\/01\/Diverse-bilder-31-1024x683.jpg 1024w, https:\/\/seiersborg.vgs.no\/follo\/wp-content\/uploads\/sites\/2\/2026\/01\/Diverse-bilder-31-300x200.jpg 300w, https:\/\/seiersborg.vgs.no\/follo\/wp-content\/uploads\/sites\/2\/2026\/01\/Diverse-bilder-31-768x512.jpg 768w, https:\/\/seiersborg.vgs.no\/follo\/wp-content\/uploads\/sites\/2\/2026\/01\/Diverse-bilder-31-1536x1024.jpg 1536w, https:\/\/seiersborg.vgs.no\/follo\/wp-content\/uploads\/sites\/2\/2026\/01\/Diverse-bilder-31.jpg 1600w\" sizes=\"(max-width: 1024px) 100vw, 1024px\" \/><\/figure>\n\n\n\n<div style=\"height:50px\" aria-hidden=\"true\" class=\" wp-block-spacer eplus-wrapper\"><\/div>\n<\/div>\n<\/div><\/div><\/div>\n<\/div><\/div>\n\n\n\n<div class=\"cs-medium wp-block-group eplus-wrapper is-layout-constrained wp-block-group-is-layout-constrained\"><div class=\"wp-block-group__inner-container\"><div class=\" wp-block-columns eplus-wrapper is-layout-flex wp-container-15 wp-block-columns-is-layout-flex eplus-styles-uid-26081e\">\n<div class=\" wp-block-column eplus-wrapper is-layout-flow wp-block-column-is-layout-flow\">\n<p class=\" eplus-wrapper\">P\u00e5 vg1 salg, service og reiseliv (SSR) kombineres teoretisk kunnskap med praktisk undervisning. Hos oss er klassene sm\u00e5, noe som f\u00f8les trygt for deg som elev. Det gj\u00f8r ogs\u00e5 at l\u00e6rere og milj\u00f8arbeidere f\u00e5r kommer enda tettere p\u00e5 hver enkelt. <\/p>\n\n\n\n<p class=\" eplus-wrapper\">Elevene p\u00e5 vg1 salg, service og reiseliv har to planlagte turer i l\u00f8pet av \u00e5ret. En tur i starten av \u00e5ret for \u00e5 bli bedre kjent og bygge klassemilj\u00f8. I tillegg er det en reiselivstur hvor elevene f\u00e5r et bedre innsyn i temaet reiseliv.<\/p>\n\n\n\n<p class=\" eplus-wrapper\">Elevbedrift er ogs\u00e5 noe som jobbes med b\u00e5de p\u00e5 vg1 SSR og vg2 SR. I flere runder har vg1-elevene i den forbindelse drevet skolens kantine.<\/p>\n\n\n\n<p class=\" eplus-wrapper\">P\u00e5 Seiersborg videreg\u00e5ende skole Follo kan du velge \u00e5 g\u00e5 videre p\u00e5 vg2 salg og reiseliv. Etter to \u00e5r p\u00e5 skole kan du velge \u00e5 ha to \u00e5r oppl\u00e6ring i bedrift (l\u00e6rling) og ta et fagbrev, eller du kan ta p\u00e5bygg og f\u00e5 generell studiekompetanse.<\/p>\n\n\n\n<div style=\"height:55px\" aria-hidden=\"true\" class=\" wp-block-spacer eplus-wrapper\"><\/div>\n\n\n\n<p class=\" has-text-align-center eplus-wrapper\"><em><strong>Service- og reiselivsn\u00e6ringen st\u00e5r for ca 10 % av sysselsettingen i Norge. Det er et stort behov for arbeidskraft innen digital markedsf\u00f8ring, b\u00e6rekraftig reiseliv og effektiv kundeservice.<\/strong><\/em><\/p>\n<\/div>\n\n\n\n<div class=\" wp-block-column eplus-wrapper is-layout-flow wp-block-column-is-layout-flow\" style=\"flex-basis:5px\"><\/div>\n\n\n\n<div class=\" wp-block-column eplus-wrapper is-layout-flow wp-block-column-is-layout-flow\"><div class=\" wp-block-columns eplus-wrapper is-layout-flex wp-container-13 wp-block-columns-is-layout-flex eplus-styles-uid-567004\">\n<div class=\" wp-block-column eplus-wrapper is-layout-flow wp-block-column-is-layout-flow\"><div class=\"wp-block-ub-content-toggle wp-block-ub-content-toggle-block\" id=\"ub-content-toggle-block-99cd7528-503e-4a7e-b77f-2d097fbc4772\" data-mobilecollapse=\"false\" data-desktopcollapse=\"true\" data-preventcollapse=\"false\" data-showonlyone=\"true\">\n<div class=\"wp-block-ub-content-toggle-accordion\" style=\"border-color: #DCEAE9; \" id=\"ub-content-toggle-panel-block-\">\n\t\t\t<div class=\"wp-block-ub-content-toggle-accordion-title-wrap\" style=\"background-color: #DCEAE9;\" aria-controls=\"ub-content-toggle-panel-0-99cd7528-503e-4a7e-b77f-2d097fbc4772\" tabindex=\"0\">\n\t\t\t<h3 class=\"wp-block-ub-content-toggle-accordion-title ub-content-toggle-title-99cd7528-503e-4a7e-b77f-2d097fbc4772\" style=\"color: #000000; \">Du l\u00e6rer om<\/h3>\n\t\t\t<div class=\"wp-block-ub-content-toggle-accordion-toggle-wrap right\" style=\"color: #000000;\"><span class=\"wp-block-ub-content-toggle-accordion-state-indicator wp-block-ub-chevron-down\"><\/span><\/div>\n\t\t<\/div>\n\t\t\t<div role=\"region\" aria-expanded=\"false\" class=\"wp-block-ub-content-toggle-accordion-content-wrap ub-hide\" id=\"ub-content-toggle-panel-0-99cd7528-503e-4a7e-b77f-2d097fbc4772\">\n<ul class=\" ep-custom-icon-list ep-custom-list eplus-wrapper eplus-styles-uid-7d7e49\">\n<li class=\" eplus-wrapper\">\u00f8konomisk og b\u00e6rekraftig drift<\/li>\n\n\n\n<li class=\" eplus-wrapper\">markedsf\u00f8ring, entrepren\u00f8rskap og innovasjon<\/li>\n\n\n\n<li class=\" eplus-wrapper\">administrasjon og digitale verkt\u00f8y<\/li>\n\n\n\n<li class=\" eplus-wrapper\">reiseliv og turisme<\/li>\n\n\n\n<li class=\" eplus-wrapper\">kundebehandling og salg<\/li>\n\n\n\n<li class=\" eplus-wrapper\">planlegging og gjennomf\u00f8ring av sikkerhetstiltak<\/li>\n<\/ul>\n<\/div>\n\t\t<\/div>\n\n<div class=\"wp-block-ub-content-toggle-accordion\" style=\"border-color: #DCEAE9; \" id=\"ub-content-toggle-panel-block-\">\n\t\t\t<div class=\"wp-block-ub-content-toggle-accordion-title-wrap\" style=\"background-color: #DCEAE9;\" aria-controls=\"ub-content-toggle-panel-1-99cd7528-503e-4a7e-b77f-2d097fbc4772\" tabindex=\"0\">\n\t\t\t<h3 class=\"wp-block-ub-content-toggle-accordion-title ub-content-toggle-title-99cd7528-503e-4a7e-b77f-2d097fbc4772\" style=\"color: #000000; \">Du b\u00f8r v\u00e6re<\/h3>\n\t\t\t<div class=\"wp-block-ub-content-toggle-accordion-toggle-wrap right\" style=\"color: #000000;\"><span class=\"wp-block-ub-content-toggle-accordion-state-indicator wp-block-ub-chevron-down\"><\/span><\/div>\n\t\t<\/div>\n\t\t\t<div role=\"region\" aria-expanded=\"false\" class=\"wp-block-ub-content-toggle-accordion-content-wrap ub-hide\" id=\"ub-content-toggle-panel-1-99cd7528-503e-4a7e-b77f-2d097fbc4772\">\n<ul class=\" ep-custom-icon-list ep-custom-list eplus-wrapper eplus-styles-uid-543b91\">\n<li class=\" eplus-wrapper\">organisert og resultatorientert<\/li>\n\n\n\n<li class=\" eplus-wrapper\">kreativ og strategisk<\/li>\n\n\n\n<li class=\" eplus-wrapper\">\u00e5pen for ulike kulturer og tradisjoner<\/li>\n\n\n\n<li class=\" eplus-wrapper\">interessert i \u00e5 kommunisere med mennesker<\/li>\n<\/ul>\n<\/div>\n\t\t<\/div>\n\n<div class=\"wp-block-ub-content-toggle-accordion\" style=\"border-color: #DCEAE9; \" id=\"ub-content-toggle-panel-block-\">\n\t\t\t<div class=\"wp-block-ub-content-toggle-accordion-title-wrap\" style=\"background-color: #DCEAE9;\" aria-controls=\"ub-content-toggle-panel-2-99cd7528-503e-4a7e-b77f-2d097fbc4772\" tabindex=\"0\">\n\t\t\t<h3 class=\"wp-block-ub-content-toggle-accordion-title ub-content-toggle-title-99cd7528-503e-4a7e-b77f-2d097fbc4772\" style=\"color: #000000; \">Du kan bli<\/h3>\n\t\t\t<div class=\"wp-block-ub-content-toggle-accordion-toggle-wrap right\" style=\"color: #000000;\"><span class=\"wp-block-ub-content-toggle-accordion-state-indicator wp-block-ub-chevron-down\"><\/span><\/div>\n\t\t<\/div>\n\t\t\t<div role=\"region\" aria-expanded=\"false\" class=\"wp-block-ub-content-toggle-accordion-content-wrap ub-hide\" id=\"ub-content-toggle-panel-2-99cd7528-503e-4a7e-b77f-2d097fbc4772\">\n<ul class=\" ep-custom-icon-list ep-custom-list eplus-wrapper eplus-styles-uid-8c7a97\">\n<li class=\" eplus-wrapper\">salgsmedarbeider<\/li>\n\n\n\n<li class=\" eplus-wrapper\">reiselivsmedarbeider<\/li>\n\n\n\n<li class=\" eplus-wrapper\">administrasjonskoordinator<\/li>\n\n\n\n<li class=\" eplus-wrapper\">sikkerhetsmedarbeider<\/li>\n<\/ul>\n<\/div>\n\t\t<\/div>\n<\/div>\n\n\n<div style=\"height:84px\" aria-hidden=\"true\" class=\" wp-block-spacer eplus-wrapper\"><\/div>\n\n\n\n<div class=\" wp-block-buttons eplus-wrapper is-layout-flex wp-block-buttons-is-layout-flex\"><div class=\" wp-block-button has-custom-font-size has-medium-font-size eplus-wrapper eplus-styles-uid-93b2a2\"><a class=\"wp-block-button__link has-white-color has-primary-blue-background-color has-text-color has-background wp-element-button\" href=\"https:\/\/www.vilbli.no\/nb\/no\" style=\"border-radius:41px\" target=\"_blank\" rel=\"noreferrer noopener\"><strong>Les mer p\u00e5 vilbli.no<\/strong><\/a><\/div><\/div>\n<\/div>\n<\/div><\/div>\n<\/div><\/div><\/div>\n\n\n\n<div class=\" wp-block-group eplus-wrapper is-layout-constrained wp-block-group-is-layout-constrained\"><div class=\"wp-block-group__inner-container\"><div class=\" wp-block-columns eplus-wrapper is-layout-flex wp-container-18 wp-block-columns-is-layout-flex eplus-styles-uid-cc5c19\">\n<div class=\" wp-block-column eplus-wrapper is-layout-flow wp-block-column-is-layout-flow\"><\/div>\n<\/div>\n\n\n<div style=\"height:100px\" aria-hidden=\"true\" class=\" wp-block-spacer eplus-wrapper\"><\/div>\n<\/div><\/div>\n","protected":false},"excerpt":{"rendered":"<p>Salg, service og reiseliv (vg1) Utdanningsprogrammet Vg1 salg, service og reiseliv gir deg muligheter innen mange ulike yrker. \u00d8nsker du \u00e5 starte egen bedrift? Eller vil du jobbe i butikk, p\u00e5 et hotell eller p\u00e5 et kontor? P\u00e5 vg1 salg, service og reiseliv (SSR) kombineres teoretisk kunnskap med praktisk undervisning. Hos oss er klassene sm\u00e5, [&hellip;]<\/p>\n","protected":false},"author":1,"featured_media":0,"parent":19,"menu_order":0,"comment_status":"closed","ping_status":"closed","template":"","meta":{"inline_featured_image":false,"editor_plus_copied_stylings":"{}","footnotes":""},"featured_image_src":null,"yoast_head":"<!-- This site is optimized with the Yoast SEO plugin v21.0 - https:\/\/yoast.com\/wordpress\/plugins\/seo\/ -->\n<title>Salg, service og reiseliv (Vg1) - Follo<\/title>\n<meta name=\"robots\" content=\"index, follow, max-snippet:-1, max-image-preview:large, max-video-preview:-1\" \/>\n<link rel=\"canonical\" href=\"https:\/\/seiersborg.vgs.no\/follo\/vart-utdanningstilbud\/salg-service-og-reiseliv-vg1\/\" \/>\n<meta property=\"og:locale\" content=\"nb_NO\" \/>\n<meta property=\"og:type\" content=\"article\" \/>\n<meta property=\"og:title\" content=\"Salg, service og reiseliv (Vg1) - Follo\" \/>\n<meta property=\"og:description\" content=\"Salg, service og reiseliv (vg1) Utdanningsprogrammet Vg1 salg, service og reiseliv gir deg muligheter innen mange ulike yrker. \u00d8nsker du \u00e5 starte egen bedrift? Eller vil du jobbe i butikk, p\u00e5 et hotell eller p\u00e5 et kontor? P\u00e5 vg1 salg, service og reiseliv (SSR) kombineres teoretisk kunnskap med praktisk undervisning. Hos oss er klassene sm\u00e5, [&hellip;]\" \/>\n<meta property=\"og:url\" content=\"https:\/\/seiersborg.vgs.no\/follo\/vart-utdanningstilbud\/salg-service-og-reiseliv-vg1\/\" \/>\n<meta property=\"og:site_name\" content=\"Follo\" \/>\n<meta property=\"article:modified_time\" content=\"2026-01-20T13:52:55+00:00\" \/>\n<meta property=\"og:image\" content=\"https:\/\/seiersborg.vgs.no\/follo\/wp-content\/uploads\/sites\/2\/2026\/01\/Diverse-bilder-31-1024x683.jpg\" \/>\n<meta name=\"twitter:card\" content=\"summary_large_image\" \/>\n<meta name=\"twitter:label1\" content=\"Ansl. lesetid\" \/>\n\t<meta name=\"twitter:data1\" content=\"2 minutter\" \/>\n<script type=\"application\/ld+json\" class=\"yoast-schema-graph\">{\"@context\":\"https:\/\/schema.org\",\"@graph\":[{\"@type\":\"WebPage\",\"@id\":\"https:\/\/seiersborg.vgs.no\/follo\/vart-utdanningstilbud\/salg-service-og-reiseliv-vg1\/\",\"url\":\"https:\/\/seiersborg.vgs.no\/follo\/vart-utdanningstilbud\/salg-service-og-reiseliv-vg1\/\",\"name\":\"Salg, service og reiseliv (Vg1) - Follo\",\"isPartOf\":{\"@id\":\"https:\/\/seiersborg.vgs.no\/follo\/#website\"},\"datePublished\":\"2023-08-02T12:52:00+00:00\",\"dateModified\":\"2026-01-20T13:52:55+00:00\",\"breadcrumb\":{\"@id\":\"https:\/\/seiersborg.vgs.no\/follo\/vart-utdanningstilbud\/salg-service-og-reiseliv-vg1\/#breadcrumb\"},\"inLanguage\":\"nb-NO\",\"potentialAction\":[{\"@type\":\"ReadAction\",\"target\":[\"https:\/\/seiersborg.vgs.no\/follo\/vart-utdanningstilbud\/salg-service-og-reiseliv-vg1\/\"]}]},{\"@type\":\"BreadcrumbList\",\"@id\":\"https:\/\/seiersborg.vgs.no\/follo\/vart-utdanningstilbud\/salg-service-og-reiseliv-vg1\/#breadcrumb\",\"itemListElement\":[{\"@type\":\"ListItem\",\"position\":1,\"name\":\"Hjem\",\"item\":\"https:\/\/seiersborg.vgs.no\/follo\/\"},{\"@type\":\"ListItem\",\"position\":2,\"name\":\"V\u00e5rt utdanningstilbud\",\"item\":\"https:\/\/seiersborg.vgs.no\/follo\/vart-utdanningstilbud\/\"},{\"@type\":\"ListItem\",\"position\":3,\"name\":\"Salg, service og reiseliv (Vg1)\"}]},{\"@type\":\"WebSite\",\"@id\":\"https:\/\/seiersborg.vgs.no\/follo\/#website\",\"url\":\"https:\/\/seiersborg.vgs.no\/follo\/\",\"name\":\"Follo\",\"description\":\"\",\"potentialAction\":[{\"@type\":\"SearchAction\",\"target\":{\"@type\":\"EntryPoint\",\"urlTemplate\":\"https:\/\/seiersborg.vgs.no\/follo\/?s={search_term_string}\"},\"query-input\":\"required name=search_term_string\"}],\"inLanguage\":\"nb-NO\"}]}<\/script>\n<!-- \/ Yoast SEO plugin. -->","yoast_head_json":{"title":"Salg, service og reiseliv (Vg1) - Follo","robots":{"index":"index","follow":"follow","max-snippet":"max-snippet:-1","max-image-preview":"max-image-preview:large","max-video-preview":"max-video-preview:-1"},"canonical":"https:\/\/seiersborg.vgs.no\/follo\/vart-utdanningstilbud\/salg-service-og-reiseliv-vg1\/","og_locale":"nb_NO","og_type":"article","og_title":"Salg, service og reiseliv (Vg1) - Follo","og_description":"Salg, service og reiseliv (vg1) Utdanningsprogrammet Vg1 salg, service og reiseliv gir deg muligheter innen mange ulike yrker. \u00d8nsker du \u00e5 starte egen bedrift? Eller vil du jobbe i butikk, p\u00e5 et hotell eller p\u00e5 et kontor? P\u00e5 vg1 salg, service og reiseliv (SSR) kombineres teoretisk kunnskap med praktisk undervisning. Hos oss er klassene sm\u00e5, [&hellip;]","og_url":"https:\/\/seiersborg.vgs.no\/follo\/vart-utdanningstilbud\/salg-service-og-reiseliv-vg1\/","og_site_name":"Follo","article_modified_time":"2026-01-20T13:52:55+00:00","og_image":[{"url":"https:\/\/seiersborg.vgs.no\/follo\/wp-content\/uploads\/sites\/2\/2026\/01\/Diverse-bilder-31-1024x683.jpg"}],"twitter_card":"summary_large_image","twitter_misc":{"Ansl. lesetid":"2 minutter"},"schema":{"@context":"https:\/\/schema.org","@graph":[{"@type":"WebPage","@id":"https:\/\/seiersborg.vgs.no\/follo\/vart-utdanningstilbud\/salg-service-og-reiseliv-vg1\/","url":"https:\/\/seiersborg.vgs.no\/follo\/vart-utdanningstilbud\/salg-service-og-reiseliv-vg1\/","name":"Salg, service og reiseliv (Vg1) - Follo","isPartOf":{"@id":"https:\/\/seiersborg.vgs.no\/follo\/#website"},"datePublished":"2023-08-02T12:52:00+00:00","dateModified":"2026-01-20T13:52:55+00:00","breadcrumb":{"@id":"https:\/\/seiersborg.vgs.no\/follo\/vart-utdanningstilbud\/salg-service-og-reiseliv-vg1\/#breadcrumb"},"inLanguage":"nb-NO","potentialAction":[{"@type":"ReadAction","target":["https:\/\/seiersborg.vgs.no\/follo\/vart-utdanningstilbud\/salg-service-og-reiseliv-vg1\/"]}]},{"@type":"BreadcrumbList","@id":"https:\/\/seiersborg.vgs.no\/follo\/vart-utdanningstilbud\/salg-service-og-reiseliv-vg1\/#breadcrumb","itemListElement":[{"@type":"ListItem","position":1,"name":"Hjem","item":"https:\/\/seiersborg.vgs.no\/follo\/"},{"@type":"ListItem","position":2,"name":"V\u00e5rt utdanningstilbud","item":"https:\/\/seiersborg.vgs.no\/follo\/vart-utdanningstilbud\/"},{"@type":"ListItem","position":3,"name":"Salg, service og reiseliv (Vg1)"}]},{"@type":"WebSite","@id":"https:\/\/seiersborg.vgs.no\/follo\/#website","url":"https:\/\/seiersborg.vgs.no\/follo\/","name":"Follo","description":"","potentialAction":[{"@type":"SearchAction","target":{"@type":"EntryPoint","urlTemplate":"https:\/\/seiersborg.vgs.no\/follo\/?s={search_term_string}"},"query-input":"required name=search_term_string"}],"inLanguage":"nb-NO"}]}},"_links":{"self":[{"href":"https:\/\/seiersborg.vgs.no\/follo\/wp-json\/wp\/v2\/pages\/13"}],"collection":[{"href":"https:\/\/seiersborg.vgs.no\/follo\/wp-json\/wp\/v2\/pages"}],"about":[{"href":"https:\/\/seiersborg.vgs.no\/follo\/wp-json\/wp\/v2\/types\/page"}],"author":[{"embeddable":true,"href":"https:\/\/seiersborg.vgs.no\/follo\/wp-json\/wp\/v2\/users\/1"}],"replies":[{"embeddable":true,"href":"https:\/\/seiersborg.vgs.no\/follo\/wp-json\/wp\/v2\/comments?post=13"}],"version-history":[{"count":15,"href":"https:\/\/seiersborg.vgs.no\/follo\/wp-json\/wp\/v2\/pages\/13\/revisions"}],"predecessor-version":[{"id":4092,"href":"https:\/\/seiersborg.vgs.no\/follo\/wp-json\/wp\/v2\/pages\/13\/revisions\/4092"}],"up":[{"embeddable":true,"href":"https:\/\/seiersborg.vgs.no\/follo\/wp-json\/wp\/v2\/pages\/19"}],"wp:attachment":[{"href":"https:\/\/seiersborg.vgs.no\/follo\/wp-json\/wp\/v2\/media?parent=13"}],"curies":[{"name":"wp","href":"https:\/\/api.w.org\/{rel}","templated":true}]}}