{"id":15,"date":"2023-08-02T14:52:11","date_gmt":"2023-08-02T12:52:11","guid":{"rendered":"https:\/\/seiersborg.vgs.no\/follo\/?page_id=15"},"modified":"2026-01-19T10:08:58","modified_gmt":"2026-01-19T09:08:58","slug":"informasjonsteknologi-og-medie-produksjon-vg1","status":"publish","type":"page","link":"https:\/\/seiersborg.vgs.no\/follo\/vart-utdanningstilbud\/informasjonsteknologi-og-medie-produksjon-vg1\/","title":{"rendered":"Informasjonsteknologi og medie-produksjon (Vg1)"},"content":{"rendered":"\n<hr class=\" wp-block-separator has-text-color has-white-color has-alpha-channel-opacity has-white-background-color has-background eplus-wrapper\"\/>\n\n\n\n<div class=\"cs-top wp-block-group alignfull has-primary-beige-background-color has-background eplus-wrapper is-layout-constrained wp-block-group-is-layout-constrained\"><div class=\"wp-block-group__inner-container\">\n<div class=\"container-rounded-corners wp-block-group has-light-beige-background-color has-background eplus-wrapper is-layout-constrained wp-block-group-is-layout-constrained\"><div class=\"wp-block-group__inner-container\"><div class=\" wp-block-columns alignfull are-vertically-aligned-center eplus-wrapper is-layout-flex wp-container-6 wp-block-columns-is-layout-flex eplus-styles-uid-b67cf1\">\n<div class=\" wp-block-column eplus-wrapper is-layout-flow wp-block-column-is-layout-flow\" style=\"flex-basis:10px\"><\/div>\n\n\n\n<div class=\" wp-block-column is-vertically-aligned-center eplus-wrapper is-layout-flow wp-block-column-is-layout-flow\">\n<h1 class=\" wp-block-heading eplus-wrapper\">Informasjonsteknologi og medieproduksjon (vg1)<\/h1>\n\n\n\n<p class=\" eplus-wrapper\">Vg1 Informasjonsteknologi og medie- produksjon handler om hvordan teknologi, kommunikasjon og design preger og utvikler samfunnet.<\/p>\n\n\n\n<div class=\" wp-block-buttons eplus-wrapper is-layout-flex wp-block-buttons-is-layout-flex\"><div class=\"is-style-fill wp-block-button eplus-wrapper eplus-styles-uid-7bd413\"><a class=\"wp-block-button__link has-black-color has-pink-background-color has-text-color has-background wp-element-button\" href=\"https:\/\/seiersborg.vgs.no\/follo\/sok-her\/\">S\u00f8k her<\/a><\/div><\/div>\n<\/div>\n\n\n\n<div class=\" wp-block-column eplus-wrapper is-layout-flow wp-block-column-is-layout-flow\" style=\"flex-basis:5px\"><\/div>\n\n\n\n<div class=\" wp-block-column is-vertically-aligned-center eplus-wrapper is-layout-flow wp-block-column-is-layout-flow\">\n<div style=\"height:50px\" aria-hidden=\"true\" class=\" wp-block-spacer eplus-wrapper\"><\/div>\n\n\n\n<figure class=\" wp-block-image size-large eplus-wrapper\"><img decoding=\"async\" src=\"https:\/\/seiersborg.vgs.no\/follo\/wp-content\/uploads\/sites\/2\/2026\/01\/Medielinje_Follo_lav-5-%E2%80%93-Kopi-1024x683.jpg\" alt=\"\" class=\"wp-image-4064\"><\/figure>\n\n\n\n<div style=\"height:50px\" aria-hidden=\"true\" class=\" wp-block-spacer eplus-wrapper\"><\/div>\n<\/div>\n<\/div><\/div><\/div>\n<\/div><\/div>\n\n\n\n<div class=\"cs-medium wp-block-group eplus-wrapper is-layout-constrained wp-block-group-is-layout-constrained\"><div class=\"wp-block-group__inner-container\"><div class=\" wp-block-columns eplus-wrapper is-layout-flex wp-container-14 wp-block-columns-is-layout-flex eplus-styles-uid-bc2e05\">\n<div class=\" wp-block-column eplus-wrapper is-layout-flow wp-block-column-is-layout-flow\">\n<p class=\" eplus-wrapper\">\u00c5 velge vg1 informasjonsteknologi og medieproduksjon kan v\u00e6re et spennende valg for deg som har interesse for teknologi, meder og digitale plattformer. <\/p>\n\n\n\n<p class=\" eplus-wrapper\">Du f\u00e5r et innblikk i b\u00e5de IT og medieproduksjon, noe som gir bred kompetanse. Du l\u00e6rer om alt fra programmering og nettsideutvikling til videoproduksjon og grafisk design. <\/p>\n\n\n\n<p class=\" eplus-wrapper\">Utdanningen er praktisk orientert, og hos oss jobber du ofte med prosjekter og oppgaver som gir konkrete erfaringer. Du l\u00e6rer om bransjens verkt\u00f8y og programmer, som gj\u00f8r deg godt forberedt p\u00e5 fremtidige jobber.<\/p>\n\n\n\n<p class=\" eplus-wrapper\">Etter vg1 kan du g\u00e5 videre p\u00e5 vg2 medieproduksjon hos oss. <\/p>\n<\/div>\n\n\n\n<div class=\" wp-block-column eplus-wrapper is-layout-flow wp-block-column-is-layout-flow\"><div class=\" wp-block-columns eplus-wrapper is-layout-flex wp-container-11 wp-block-columns-is-layout-flex eplus-styles-uid-871122\">\n<div class=\" wp-block-column eplus-wrapper is-layout-flow wp-block-column-is-layout-flow\"><div class=\"wp-block-ub-content-toggle wp-block-ub-content-toggle-block\" id=\"ub-content-toggle-block-6a6d03a9-bb3e-48e0-89d0-4433643d7b24\" data-mobilecollapse=\"false\" data-desktopcollapse=\"true\" data-preventcollapse=\"false\" data-showonlyone=\"true\">\n<div class=\"wp-block-ub-content-toggle-accordion\" style=\"border-color: #DCEAE9; \" id=\"ub-content-toggle-panel-block-\">\n\t\t\t<div class=\"wp-block-ub-content-toggle-accordion-title-wrap\" style=\"background-color: #DCEAE9;\" aria-controls=\"ub-content-toggle-panel-0-6a6d03a9-bb3e-48e0-89d0-4433643d7b24\" tabindex=\"0\">\n\t\t\t<h3 class=\"wp-block-ub-content-toggle-accordion-title ub-content-toggle-title-6a6d03a9-bb3e-48e0-89d0-4433643d7b24\" style=\"color: #000000; \">Du l\u00e6rer om<\/h3>\n\t\t\t<div class=\"wp-block-ub-content-toggle-accordion-toggle-wrap right\" style=\"color: #000000;\"><span class=\"wp-block-ub-content-toggle-accordion-state-indicator wp-block-ub-chevron-down\"><\/span><\/div>\n\t\t<\/div>\n\t\t\t<div role=\"region\" aria-expanded=\"false\" class=\"wp-block-ub-content-toggle-accordion-content-wrap ub-hide\" id=\"ub-content-toggle-panel-0-6a6d03a9-bb3e-48e0-89d0-4433643d7b24\">\n<ul class=\" ep-custom-icon-list ep-custom-list eplus-wrapper eplus-styles-uid-3e4eab\">\n<li class=\" eplus-wrapper\">id\u00e9utvikling og kreativ probleml\u00f8sning<\/li>\n\n\n\n<li class=\" eplus-wrapper\">om brukerst\u00f8tte, nettverk, IT-sikkerhet og programmering<\/li>\n\n\n\n<li class=\" eplus-wrapper\">innholdsformidling og historiefortelling<\/li>\n\n\n\n<li class=\" eplus-wrapper\">foto, film og grafisk design<\/li>\n\n\n\n<li class=\" eplus-wrapper\">kommunikasjon og markedsf\u00f8ring<\/li>\n<\/ul>\n<\/div>\n\t\t<\/div>\n\n<div class=\"wp-block-ub-content-toggle-accordion\" style=\"border-color: #DCEAE9; \" id=\"ub-content-toggle-panel-block-\">\n\t\t\t<div class=\"wp-block-ub-content-toggle-accordion-title-wrap\" style=\"background-color: #DCEAE9;\" aria-controls=\"ub-content-toggle-panel-1-6a6d03a9-bb3e-48e0-89d0-4433643d7b24\" tabindex=\"0\">\n\t\t\t<h3 class=\"wp-block-ub-content-toggle-accordion-title ub-content-toggle-title-6a6d03a9-bb3e-48e0-89d0-4433643d7b24\" style=\"color: #000000; \">Du l\u00e6rer om<\/h3>\n\t\t\t<div class=\"wp-block-ub-content-toggle-accordion-toggle-wrap right\" style=\"color: #000000;\"><span class=\"wp-block-ub-content-toggle-accordion-state-indicator wp-block-ub-chevron-down\"><\/span><\/div>\n\t\t<\/div>\n\t\t\t<div role=\"region\" aria-expanded=\"false\" class=\"wp-block-ub-content-toggle-accordion-content-wrap ub-hide\" id=\"ub-content-toggle-panel-1-6a6d03a9-bb3e-48e0-89d0-4433643d7b24\">\n<ul class=\" ep-custom-icon-list ep-custom-list eplus-wrapper eplus-styles-uid-c61c60\">\n<li class=\" eplus-wrapper\">kreativ<\/li>\n\n\n\n<li class=\" eplus-wrapper\">interessert i IT, nettverk og programvare <\/li>\n\n\n\n<li class=\" eplus-wrapper\">interessert i visuelle uttrykksformer<\/li>\n<\/ul>\n<\/div>\n\t\t<\/div>\n\n<div class=\"wp-block-ub-content-toggle-accordion\" style=\"border-color: #DCEAE9; \" id=\"ub-content-toggle-panel-block-\">\n\t\t\t<div class=\"wp-block-ub-content-toggle-accordion-title-wrap\" style=\"background-color: #DCEAE9;\" aria-controls=\"ub-content-toggle-panel-2-6a6d03a9-bb3e-48e0-89d0-4433643d7b24\" tabindex=\"0\">\n\t\t\t<h3 class=\"wp-block-ub-content-toggle-accordion-title ub-content-toggle-title-6a6d03a9-bb3e-48e0-89d0-4433643d7b24\" style=\"color: #000000; \">Du kan bli<\/h3>\n\t\t\t<div class=\"wp-block-ub-content-toggle-accordion-toggle-wrap right\" style=\"color: #000000;\"><span class=\"wp-block-ub-content-toggle-accordion-state-indicator wp-block-ub-chevron-down\"><\/span><\/div>\n\t\t<\/div>\n\t\t\t<div role=\"region\" aria-expanded=\"false\" class=\"wp-block-ub-content-toggle-accordion-content-wrap ub-hide\" id=\"ub-content-toggle-panel-2-6a6d03a9-bb3e-48e0-89d0-4433643d7b24\">\n<ul class=\" ep-custom-icon-list ep-custom-list eplus-wrapper eplus-styles-uid-1470bd\">\n<li class=\" eplus-wrapper\">Innholdsprodusent<\/li>\n\n\n\n<li class=\" eplus-wrapper\">Mediedesigner<\/li>\n\n\n\n<li class=\" eplus-wrapper\">Medietekniker<\/li>\n\n\n\n<li class=\" eplus-wrapper\">IT-utvikler<\/li>\n\n\n\n<li class=\" eplus-wrapper\">IT-driftstekniker<\/li>\n<\/ul>\n<\/div>\n\t\t<\/div>\n<\/div><\/div>\n<\/div>\n\n\n<div style=\"height:48px\" aria-hidden=\"true\" class=\" wp-block-spacer eplus-wrapper\"><\/div>\n\n\n\n<div class=\" wp-block-buttons eplus-wrapper is-layout-flex wp-block-buttons-is-layout-flex\"><div class=\" wp-block-button has-custom-font-size has-medium-font-size eplus-wrapper eplus-styles-uid-0a8904\"><a class=\"wp-block-button__link has-white-color has-primary-blue-background-color has-text-color has-background wp-element-button\" href=\"https:\/\/www.vilbli.no\/nb\/no\" style=\"border-radius:41px\" target=\"_blank\" rel=\"noreferrer noopener\"><strong>Les mer p\u00e5 vilbli.no<\/strong><\/a><\/div><\/div>\n\n\n\n<div style=\"height:48px\" aria-hidden=\"true\" class=\" wp-block-spacer eplus-wrapper\"><\/div>\n<\/div>\n<\/div><\/div><\/div>\n\n\n\n<div class=\" wp-block-group eplus-wrapper is-layout-constrained wp-block-group-is-layout-constrained\"><div class=\"wp-block-group__inner-container\"><div class=\" wp-block-columns eplus-wrapper is-layout-flex wp-container-17 wp-block-columns-is-layout-flex eplus-styles-uid-d5a3db\">\n<div class=\" wp-block-column eplus-wrapper is-layout-flow wp-block-column-is-layout-flow\">\n<div style=\"height:47px\" aria-hidden=\"true\" class=\" wp-block-spacer eplus-wrapper\"><\/div>\n<\/div>\n<\/div><\/div><\/div>\n","protected":false},"excerpt":{"rendered":"<p>Informasjonsteknologi og medieproduksjon (vg1) Vg1 Informasjonsteknologi og medie- produksjon handler om hvordan teknologi, kommunikasjon og design preger og utvikler samfunnet. \u00c5 velge vg1 informasjonsteknologi og medieproduksjon kan v\u00e6re et spennende valg for deg som har interesse for teknologi, meder og digitale plattformer. Du f\u00e5r et innblikk i b\u00e5de IT og medieproduksjon, noe som gir bred [&hellip;]<\/p>\n","protected":false},"author":1,"featured_media":0,"parent":19,"menu_order":0,"comment_status":"closed","ping_status":"closed","template":"","meta":{"inline_featured_image":false,"editor_plus_copied_stylings":"{}","footnotes":""},"featured_image_src":null,"yoast_head":"<!-- This site is optimized with the Yoast SEO plugin v21.0 - https:\/\/yoast.com\/wordpress\/plugins\/seo\/ -->\n<title>Informasjonsteknologi og medie-produksjon (Vg1) - Follo<\/title>\n<meta name=\"robots\" content=\"index, follow, max-snippet:-1, max-image-preview:large, max-video-preview:-1\" \/>\n<link rel=\"canonical\" href=\"https:\/\/seiersborg.vgs.no\/follo\/vart-utdanningstilbud\/informasjonsteknologi-og-medie-produksjon-vg1\/\" \/>\n<meta property=\"og:locale\" content=\"nb_NO\" \/>\n<meta property=\"og:type\" content=\"article\" \/>\n<meta property=\"og:title\" content=\"Informasjonsteknologi og medie-produksjon (Vg1) - Follo\" \/>\n<meta property=\"og:description\" content=\"Informasjonsteknologi og medieproduksjon (vg1) Vg1 Informasjonsteknologi og medie- produksjon handler om hvordan teknologi, kommunikasjon og design preger og utvikler samfunnet. \u00c5 velge vg1 informasjonsteknologi og medieproduksjon kan v\u00e6re et spennende valg for deg som har interesse for teknologi, meder og digitale plattformer. Du f\u00e5r et innblikk i b\u00e5de IT og medieproduksjon, noe som gir bred [&hellip;]\" \/>\n<meta property=\"og:url\" content=\"https:\/\/seiersborg.vgs.no\/follo\/vart-utdanningstilbud\/informasjonsteknologi-og-medie-produksjon-vg1\/\" \/>\n<meta property=\"og:site_name\" content=\"Follo\" \/>\n<meta property=\"article:modified_time\" content=\"2026-01-19T09:08:58+00:00\" \/>\n<meta name=\"twitter:card\" content=\"summary_large_image\" \/>\n<meta name=\"twitter:label1\" content=\"Ansl. lesetid\" \/>\n\t<meta name=\"twitter:data1\" content=\"2 minutter\" \/>\n<script type=\"application\/ld+json\" class=\"yoast-schema-graph\">{\"@context\":\"https:\/\/schema.org\",\"@graph\":[{\"@type\":\"WebPage\",\"@id\":\"https:\/\/seiersborg.vgs.no\/follo\/vart-utdanningstilbud\/informasjonsteknologi-og-medie-produksjon-vg1\/\",\"url\":\"https:\/\/seiersborg.vgs.no\/follo\/vart-utdanningstilbud\/informasjonsteknologi-og-medie-produksjon-vg1\/\",\"name\":\"Informasjonsteknologi og medie-produksjon (Vg1) - Follo\",\"isPartOf\":{\"@id\":\"https:\/\/seiersborg.vgs.no\/follo\/#website\"},\"datePublished\":\"2023-08-02T12:52:11+00:00\",\"dateModified\":\"2026-01-19T09:08:58+00:00\",\"breadcrumb\":{\"@id\":\"https:\/\/seiersborg.vgs.no\/follo\/vart-utdanningstilbud\/informasjonsteknologi-og-medie-produksjon-vg1\/#breadcrumb\"},\"inLanguage\":\"nb-NO\",\"potentialAction\":[{\"@type\":\"ReadAction\",\"target\":[\"https:\/\/seiersborg.vgs.no\/follo\/vart-utdanningstilbud\/informasjonsteknologi-og-medie-produksjon-vg1\/\"]}]},{\"@type\":\"BreadcrumbList\",\"@id\":\"https:\/\/seiersborg.vgs.no\/follo\/vart-utdanningstilbud\/informasjonsteknologi-og-medie-produksjon-vg1\/#breadcrumb\",\"itemListElement\":[{\"@type\":\"ListItem\",\"position\":1,\"name\":\"Hjem\",\"item\":\"https:\/\/seiersborg.vgs.no\/follo\/\"},{\"@type\":\"ListItem\",\"position\":2,\"name\":\"V\u00e5rt utdanningstilbud\",\"item\":\"https:\/\/seiersborg.vgs.no\/follo\/vart-utdanningstilbud\/\"},{\"@type\":\"ListItem\",\"position\":3,\"name\":\"Informasjonsteknologi og medie-produksjon (Vg1)\"}]},{\"@type\":\"WebSite\",\"@id\":\"https:\/\/seiersborg.vgs.no\/follo\/#website\",\"url\":\"https:\/\/seiersborg.vgs.no\/follo\/\",\"name\":\"Follo\",\"description\":\"\",\"potentialAction\":[{\"@type\":\"SearchAction\",\"target\":{\"@type\":\"EntryPoint\",\"urlTemplate\":\"https:\/\/seiersborg.vgs.no\/follo\/?s={search_term_string}\"},\"query-input\":\"required name=search_term_string\"}],\"inLanguage\":\"nb-NO\"}]}<\/script>\n<!-- \/ Yoast SEO plugin. -->","yoast_head_json":{"title":"Informasjonsteknologi og medie-produksjon (Vg1) - Follo","robots":{"index":"index","follow":"follow","max-snippet":"max-snippet:-1","max-image-preview":"max-image-preview:large","max-video-preview":"max-video-preview:-1"},"canonical":"https:\/\/seiersborg.vgs.no\/follo\/vart-utdanningstilbud\/informasjonsteknologi-og-medie-produksjon-vg1\/","og_locale":"nb_NO","og_type":"article","og_title":"Informasjonsteknologi og medie-produksjon (Vg1) - Follo","og_description":"Informasjonsteknologi og medieproduksjon (vg1) Vg1 Informasjonsteknologi og medie- produksjon handler om hvordan teknologi, kommunikasjon og design preger og utvikler samfunnet. \u00c5 velge vg1 informasjonsteknologi og medieproduksjon kan v\u00e6re et spennende valg for deg som har interesse for teknologi, meder og digitale plattformer. Du f\u00e5r et innblikk i b\u00e5de IT og medieproduksjon, noe som gir bred [&hellip;]","og_url":"https:\/\/seiersborg.vgs.no\/follo\/vart-utdanningstilbud\/informasjonsteknologi-og-medie-produksjon-vg1\/","og_site_name":"Follo","article_modified_time":"2026-01-19T09:08:58+00:00","twitter_card":"summary_large_image","twitter_misc":{"Ansl. lesetid":"2 minutter"},"schema":{"@context":"https:\/\/schema.org","@graph":[{"@type":"WebPage","@id":"https:\/\/seiersborg.vgs.no\/follo\/vart-utdanningstilbud\/informasjonsteknologi-og-medie-produksjon-vg1\/","url":"https:\/\/seiersborg.vgs.no\/follo\/vart-utdanningstilbud\/informasjonsteknologi-og-medie-produksjon-vg1\/","name":"Informasjonsteknologi og medie-produksjon (Vg1) - Follo","isPartOf":{"@id":"https:\/\/seiersborg.vgs.no\/follo\/#website"},"datePublished":"2023-08-02T12:52:11+00:00","dateModified":"2026-01-19T09:08:58+00:00","breadcrumb":{"@id":"https:\/\/seiersborg.vgs.no\/follo\/vart-utdanningstilbud\/informasjonsteknologi-og-medie-produksjon-vg1\/#breadcrumb"},"inLanguage":"nb-NO","potentialAction":[{"@type":"ReadAction","target":["https:\/\/seiersborg.vgs.no\/follo\/vart-utdanningstilbud\/informasjonsteknologi-og-medie-produksjon-vg1\/"]}]},{"@type":"BreadcrumbList","@id":"https:\/\/seiersborg.vgs.no\/follo\/vart-utdanningstilbud\/informasjonsteknologi-og-medie-produksjon-vg1\/#breadcrumb","itemListElement":[{"@type":"ListItem","position":1,"name":"Hjem","item":"https:\/\/seiersborg.vgs.no\/follo\/"},{"@type":"ListItem","position":2,"name":"V\u00e5rt utdanningstilbud","item":"https:\/\/seiersborg.vgs.no\/follo\/vart-utdanningstilbud\/"},{"@type":"ListItem","position":3,"name":"Informasjonsteknologi og medie-produksjon (Vg1)"}]},{"@type":"WebSite","@id":"https:\/\/seiersborg.vgs.no\/follo\/#website","url":"https:\/\/seiersborg.vgs.no\/follo\/","name":"Follo","description":"","potentialAction":[{"@type":"SearchAction","target":{"@type":"EntryPoint","urlTemplate":"https:\/\/seiersborg.vgs.no\/follo\/?s={search_term_string}"},"query-input":"required name=search_term_string"}],"inLanguage":"nb-NO"}]}},"_links":{"self":[{"href":"https:\/\/seiersborg.vgs.no\/follo\/wp-json\/wp\/v2\/pages\/15"}],"collection":[{"href":"https:\/\/seiersborg.vgs.no\/follo\/wp-json\/wp\/v2\/pages"}],"about":[{"href":"https:\/\/seiersborg.vgs.no\/follo\/wp-json\/wp\/v2\/types\/page"}],"author":[{"embeddable":true,"href":"https:\/\/seiersborg.vgs.no\/follo\/wp-json\/wp\/v2\/users\/1"}],"replies":[{"embeddable":true,"href":"https:\/\/seiersborg.vgs.no\/follo\/wp-json\/wp\/v2\/comments?post=15"}],"version-history":[{"count":17,"href":"https:\/\/seiersborg.vgs.no\/follo\/wp-json\/wp\/v2\/pages\/15\/revisions"}],"predecessor-version":[{"id":4065,"href":"https:\/\/seiersborg.vgs.no\/follo\/wp-json\/wp\/v2\/pages\/15\/revisions\/4065"}],"up":[{"embeddable":true,"href":"https:\/\/seiersborg.vgs.no\/follo\/wp-json\/wp\/v2\/pages\/19"}],"wp:attachment":[{"href":"https:\/\/seiersborg.vgs.no\/follo\/wp-json\/wp\/v2\/media?parent=15"}],"curies":[{"name":"wp","href":"https:\/\/api.w.org\/{rel}","templated":true}]}}