{"id":23,"date":"2023-08-02T14:53:14","date_gmt":"2023-08-02T12:53:14","guid":{"rendered":"https:\/\/seiersborg.vgs.no\/follo\/?page_id=23"},"modified":"2026-01-19T09:49:12","modified_gmt":"2026-01-19T08:49:12","slug":"medieproduksjon-vg2","status":"publish","type":"page","link":"https:\/\/seiersborg.vgs.no\/follo\/vart-utdanningstilbud\/medieproduksjon-vg2\/","title":{"rendered":"Medieproduksjon (Vg2)"},"content":{"rendered":"\n<div class=\"cs-top wp-block-group alignfull has-primary-beige-background-color has-background eplus-wrapper is-layout-constrained wp-block-group-is-layout-constrained\"><div class=\"wp-block-group__inner-container\">\n<div class=\"container-rounded-corners wp-block-group has-light-beige-background-color has-background eplus-wrapper is-layout-constrained wp-block-group-is-layout-constrained\"><div class=\"wp-block-group__inner-container\"><div class=\" wp-block-columns alignfull are-vertically-aligned-center eplus-wrapper is-layout-flex wp-container-6 wp-block-columns-is-layout-flex eplus-styles-uid-106fd2\">\n<div class=\" wp-block-column eplus-wrapper is-layout-flow wp-block-column-is-layout-flow\" style=\"flex-basis:10px\"><\/div>\n\n\n\n<div class=\" wp-block-column is-vertically-aligned-center eplus-wrapper is-layout-flow wp-block-column-is-layout-flow\">\n<h1 class=\" wp-block-heading eplus-wrapper\">Medieproduksjon (Vg2)<\/h1>\n\n\n\n<p class=\" eplus-wrapper\">I Vg 2 medieproduksjon skal elevene f\u00e5 en forst\u00e5else av hvordan media har p\u00e5virkningskraft p\u00e5 individ og samfunn. De deltar i kreative prosesser fra id\u00e9 til ferdig produkt og kommuniserer budskap gjennom teknologi, kommunikasjon og design.<\/p>\n\n\n\n<div class=\" wp-block-buttons eplus-wrapper is-layout-flex wp-block-buttons-is-layout-flex\"><div class=\"is-style-fill wp-block-button eplus-wrapper eplus-styles-uid-7b3c8d\"><a class=\"wp-block-button__link has-black-color has-pink-background-color has-text-color has-background wp-element-button\" href=\"https:\/\/seiersborg.vgs.no\/follo\/sok-her\/\">S\u00f8k her<\/a><\/div><\/div>\n<\/div>\n\n\n\n<div class=\" wp-block-column eplus-wrapper is-layout-flow wp-block-column-is-layout-flow\" style=\"flex-basis:5px\"><\/div>\n\n\n\n<div class=\" wp-block-column is-vertically-aligned-center eplus-wrapper is-layout-flow wp-block-column-is-layout-flow\">\n<div style=\"height:50px\" aria-hidden=\"true\" class=\" wp-block-spacer eplus-wrapper\"><\/div>\n\n\n\n<figure class=\" wp-block-image size-large eplus-wrapper\"><img decoding=\"async\" src=\"https:\/\/seiersborg.vgs.no\/follo\/wp-content\/uploads\/sites\/2\/2026\/01\/Medielinje_Follo_lav-17-%E2%80%93-Kopi-1024x683.jpg\" alt=\"\" class=\"wp-image-4048\"><\/figure>\n\n\n\n<div style=\"height:50px\" aria-hidden=\"true\" class=\" wp-block-spacer eplus-wrapper\"><\/div>\n<\/div>\n<\/div><\/div><\/div>\n<\/div><\/div>\n\n\n\n<hr class=\" wp-block-separator has-text-color has-white-color has-alpha-channel-opacity has-white-background-color has-background eplus-wrapper\"\/>\n\n\n\n<div class=\"cs-medium wp-block-group eplus-wrapper is-layout-constrained wp-block-group-is-layout-constrained\"><div class=\"wp-block-group__inner-container\"><div class=\" wp-block-columns eplus-wrapper is-layout-flex wp-container-14 wp-block-columns-is-layout-flex eplus-styles-uid-58ed41\">\n<div class=\" wp-block-column eplus-wrapper is-layout-flow wp-block-column-is-layout-flow\">\n<p class=\" eplus-wrapper\">Vg2 medieproduksjon kan du velge etter f\u00f8rste \u00e5ret med vg1 informasjonsteknologi og medieproduksjon. Elevene f\u00e5r fordype seg mer i praktiske, kreative og tekniske oppgaver innen moderne mediefag.  <\/p>\n\n\n\n<p class=\" eplus-wrapper\">Hvis du liker \u00e5 skape sosialt innhold og jobbe p\u00e5 digitale plattformer kan medieproduksjon v\u00e6re et spennende valg. <\/p>\n\n\n\n<figure class=\"is-style-default wp-block-image size-large eplus-wrapper\"><img decoding=\"async\" src=\"https:\/\/seiersborg.vgs.no\/follo\/wp-content\/uploads\/sites\/2\/2026\/01\/Medielinje_Follo_lav-3-%E2%80%93-Kopi-1024x683.jpg\" alt=\"\" class=\"wp-image-4050\"><\/figure>\n<\/div>\n\n\n\n<div class=\" wp-block-column eplus-wrapper is-layout-flow wp-block-column-is-layout-flow\"><div class=\" wp-block-columns eplus-wrapper is-layout-flex wp-container-11 wp-block-columns-is-layout-flex eplus-styles-uid-3c59b0\">\n<div class=\" wp-block-column eplus-wrapper is-layout-flow wp-block-column-is-layout-flow\"><div class=\"wp-block-ub-content-toggle wp-block-ub-content-toggle-block\" id=\"ub-content-toggle-block-e93c3bd1-2994-4191-9573-5ed17f1e18e8\" data-mobilecollapse=\"false\" data-desktopcollapse=\"true\" data-preventcollapse=\"false\" data-showonlyone=\"true\">\n<div class=\"wp-block-ub-content-toggle-accordion\" style=\"border-color: #DCEAE9; \" id=\"ub-content-toggle-panel-block-\">\n\t\t\t<div class=\"wp-block-ub-content-toggle-accordion-title-wrap\" style=\"background-color: #DCEAE9;\" aria-controls=\"ub-content-toggle-panel-0-e93c3bd1-2994-4191-9573-5ed17f1e18e8\" tabindex=\"0\">\n\t\t\t<h3 class=\"wp-block-ub-content-toggle-accordion-title ub-content-toggle-title-e93c3bd1-2994-4191-9573-5ed17f1e18e8\" style=\"color: #000000; \">Du l\u00e6rer om<\/h3>\n\t\t\t<div class=\"wp-block-ub-content-toggle-accordion-toggle-wrap right\" style=\"color: #000000;\"><span class=\"wp-block-ub-content-toggle-accordion-state-indicator wp-block-ub-chevron-down\"><\/span><\/div>\n\t\t<\/div>\n\t\t\t<div role=\"region\" aria-expanded=\"false\" class=\"wp-block-ub-content-toggle-accordion-content-wrap ub-hide\" id=\"ub-content-toggle-panel-0-e93c3bd1-2994-4191-9573-5ed17f1e18e8\">\n<ul class=\" ep-custom-icon-list ep-custom-list eplus-wrapper eplus-styles-uid-393dbf\">\n<li class=\" eplus-wrapper\">praktisk og kreativ l\u00e6ring som foto, video, grafisk design og animasjon<\/li>\n\n\n\n<li class=\" eplus-wrapper\">\u00e5 bruke profesjonelt utstyr og programvare som Adobe Premiere Pro, Photoshop mm.<\/li>\n\n\n\n<li class=\" eplus-wrapper\">digital markedsf\u00f8ring, streaming og sosiale medier<\/li>\n<\/ul>\n<\/div>\n\t\t<\/div>\n\n<div class=\"wp-block-ub-content-toggle-accordion\" style=\"border-color: #DCEAE9; \" id=\"ub-content-toggle-panel-block-\">\n\t\t\t<div class=\"wp-block-ub-content-toggle-accordion-title-wrap\" style=\"background-color: #DCEAE9;\" aria-controls=\"ub-content-toggle-panel-1-e93c3bd1-2994-4191-9573-5ed17f1e18e8\" tabindex=\"0\">\n\t\t\t<h3 class=\"wp-block-ub-content-toggle-accordion-title ub-content-toggle-title-e93c3bd1-2994-4191-9573-5ed17f1e18e8\" style=\"color: #000000; \">Du b\u00f8r v\u00e6re<\/h3>\n\t\t\t<div class=\"wp-block-ub-content-toggle-accordion-toggle-wrap right\" style=\"color: #000000;\"><span class=\"wp-block-ub-content-toggle-accordion-state-indicator wp-block-ub-chevron-down\"><\/span><\/div>\n\t\t<\/div>\n\t\t\t<div role=\"region\" aria-expanded=\"false\" class=\"wp-block-ub-content-toggle-accordion-content-wrap ub-hide\" id=\"ub-content-toggle-panel-1-e93c3bd1-2994-4191-9573-5ed17f1e18e8\">\n<ul class=\" ep-custom-icon-list ep-custom-list eplus-wrapper eplus-styles-uid-874f88\">\n<li class=\" eplus-wrapper\">kreativ og ha interesse for teknologi og media<\/li>\n\n\n\n<li class=\" eplus-wrapper\">glad i \u00e5 skape innhold<\/li>\n\n\n\n<li class=\" eplus-wrapper\">interessert i sosiale medier<\/li>\n<\/ul>\n<\/div>\n\t\t<\/div>\n\n<div class=\"wp-block-ub-content-toggle-accordion\" style=\"border-color: #DCEAE9; \" id=\"ub-content-toggle-panel-block-\">\n\t\t\t<div class=\"wp-block-ub-content-toggle-accordion-title-wrap\" style=\"background-color: #DCEAE9;\" aria-controls=\"ub-content-toggle-panel-2-e93c3bd1-2994-4191-9573-5ed17f1e18e8\" tabindex=\"0\">\n\t\t\t<h3 class=\"wp-block-ub-content-toggle-accordion-title ub-content-toggle-title-e93c3bd1-2994-4191-9573-5ed17f1e18e8\" style=\"color: #000000; \">Du kan bli<\/h3>\n\t\t\t<div class=\"wp-block-ub-content-toggle-accordion-toggle-wrap right\" style=\"color: #000000;\"><span class=\"wp-block-ub-content-toggle-accordion-state-indicator wp-block-ub-chevron-down\"><\/span><\/div>\n\t\t<\/div>\n\t\t\t<div role=\"region\" aria-expanded=\"false\" class=\"wp-block-ub-content-toggle-accordion-content-wrap ub-hide\" id=\"ub-content-toggle-panel-2-e93c3bd1-2994-4191-9573-5ed17f1e18e8\">\n<ul class=\" ep-custom-icon-list ep-custom-list eplus-wrapper eplus-styles-uid-8acc16\">\n<li class=\" eplus-wrapper\">mediegrafiker<\/li>\n\n\n\n<li class=\" eplus-wrapper\">fotograf<\/li>\n\n\n\n<li class=\" eplus-wrapper\">digital markedsf\u00f8rer<\/li>\n\n\n\n<li class=\" eplus-wrapper\">digital designer<\/li>\n\n\n\n<li class=\" eplus-wrapper\">journalist<\/li>\n<\/ul>\n<\/div>\n\t\t<\/div>\n<\/div><\/div>\n<\/div>\n\n\n<div style=\"height:32px\" aria-hidden=\"true\" class=\" wp-block-spacer eplus-wrapper\"><\/div>\n\n\n\n<div class=\" wp-block-buttons eplus-wrapper is-layout-flex wp-block-buttons-is-layout-flex\"><div class=\" wp-block-button has-custom-font-size has-medium-font-size eplus-wrapper eplus-styles-uid-feab5a\"><a class=\"wp-block-button__link has-white-color has-primary-blue-background-color has-text-color has-background wp-element-button\" href=\"https:\/\/www.vilbli.no\/nb\/no\" style=\"border-radius:41px\" target=\"_blank\" rel=\"noreferrer noopener\"><strong>Les mer p\u00e5 vilbli.no<\/strong><\/a><\/div><\/div>\n<\/div>\n<\/div><\/div><\/div>\n\n\n\n<div class=\" wp-block-group eplus-wrapper is-layout-constrained wp-block-group-is-layout-constrained\"><div class=\"wp-block-group__inner-container\"><div class=\" wp-block-columns eplus-wrapper is-layout-flex wp-container-19 wp-block-columns-is-layout-flex eplus-styles-uid-fb30f3\">\n<div class=\" wp-block-column eplus-wrapper is-layout-flow wp-block-column-is-layout-flow\"><div class=\" wp-block-columns eplus-wrapper is-layout-flex wp-container-17 wp-block-columns-is-layout-flex eplus-styles-uid-953612\">\n<div class=\" wp-block-column eplus-wrapper is-layout-flow wp-block-column-is-layout-flow\">\n<div style=\"height:45px\" aria-hidden=\"true\" class=\" wp-block-spacer eplus-wrapper\"><\/div>\n<\/div>\n<\/div><\/div>\n<\/div><\/div><\/div>\n","protected":false},"excerpt":{"rendered":"<p>Medieproduksjon (Vg2) I Vg 2 medieproduksjon skal elevene f\u00e5 en forst\u00e5else av hvordan media har p\u00e5virkningskraft p\u00e5 individ og samfunn. De deltar i kreative prosesser fra id\u00e9 til ferdig produkt og kommuniserer budskap gjennom teknologi, kommunikasjon og design. Vg2 medieproduksjon kan du velge etter f\u00f8rste \u00e5ret med vg1 informasjonsteknologi og medieproduksjon. Elevene f\u00e5r fordype seg [&hellip;]<\/p>\n","protected":false},"author":1,"featured_media":0,"parent":19,"menu_order":0,"comment_status":"closed","ping_status":"closed","template":"","meta":{"inline_featured_image":false,"editor_plus_copied_stylings":"{}","footnotes":""},"featured_image_src":null,"yoast_head":"<!-- This site is optimized with the Yoast SEO plugin v21.0 - https:\/\/yoast.com\/wordpress\/plugins\/seo\/ -->\n<title>Medieproduksjon (Vg2) - Follo<\/title>\n<meta name=\"robots\" content=\"index, follow, max-snippet:-1, max-image-preview:large, max-video-preview:-1\" \/>\n<link rel=\"canonical\" href=\"https:\/\/seiersborg.vgs.no\/follo\/vart-utdanningstilbud\/medieproduksjon-vg2\/\" \/>\n<meta property=\"og:locale\" content=\"nb_NO\" \/>\n<meta property=\"og:type\" content=\"article\" \/>\n<meta property=\"og:title\" content=\"Medieproduksjon (Vg2) - Follo\" \/>\n<meta property=\"og:description\" content=\"Medieproduksjon (Vg2) I Vg 2 medieproduksjon skal elevene f\u00e5 en forst\u00e5else av hvordan media har p\u00e5virkningskraft p\u00e5 individ og samfunn. De deltar i kreative prosesser fra id\u00e9 til ferdig produkt og kommuniserer budskap gjennom teknologi, kommunikasjon og design. Vg2 medieproduksjon kan du velge etter f\u00f8rste \u00e5ret med vg1 informasjonsteknologi og medieproduksjon. Elevene f\u00e5r fordype seg [&hellip;]\" \/>\n<meta property=\"og:url\" content=\"https:\/\/seiersborg.vgs.no\/follo\/vart-utdanningstilbud\/medieproduksjon-vg2\/\" \/>\n<meta property=\"og:site_name\" content=\"Follo\" \/>\n<meta property=\"article:modified_time\" content=\"2026-01-19T08:49:12+00:00\" \/>\n<meta name=\"twitter:card\" content=\"summary_large_image\" \/>\n<meta name=\"twitter:label1\" content=\"Ansl. lesetid\" \/>\n\t<meta name=\"twitter:data1\" content=\"2 minutter\" \/>\n<script type=\"application\/ld+json\" class=\"yoast-schema-graph\">{\"@context\":\"https:\/\/schema.org\",\"@graph\":[{\"@type\":\"WebPage\",\"@id\":\"https:\/\/seiersborg.vgs.no\/follo\/vart-utdanningstilbud\/medieproduksjon-vg2\/\",\"url\":\"https:\/\/seiersborg.vgs.no\/follo\/vart-utdanningstilbud\/medieproduksjon-vg2\/\",\"name\":\"Medieproduksjon (Vg2) - Follo\",\"isPartOf\":{\"@id\":\"https:\/\/seiersborg.vgs.no\/follo\/#website\"},\"datePublished\":\"2023-08-02T12:53:14+00:00\",\"dateModified\":\"2026-01-19T08:49:12+00:00\",\"breadcrumb\":{\"@id\":\"https:\/\/seiersborg.vgs.no\/follo\/vart-utdanningstilbud\/medieproduksjon-vg2\/#breadcrumb\"},\"inLanguage\":\"nb-NO\",\"potentialAction\":[{\"@type\":\"ReadAction\",\"target\":[\"https:\/\/seiersborg.vgs.no\/follo\/vart-utdanningstilbud\/medieproduksjon-vg2\/\"]}]},{\"@type\":\"BreadcrumbList\",\"@id\":\"https:\/\/seiersborg.vgs.no\/follo\/vart-utdanningstilbud\/medieproduksjon-vg2\/#breadcrumb\",\"itemListElement\":[{\"@type\":\"ListItem\",\"position\":1,\"name\":\"Hjem\",\"item\":\"https:\/\/seiersborg.vgs.no\/follo\/\"},{\"@type\":\"ListItem\",\"position\":2,\"name\":\"V\u00e5rt utdanningstilbud\",\"item\":\"https:\/\/seiersborg.vgs.no\/follo\/vart-utdanningstilbud\/\"},{\"@type\":\"ListItem\",\"position\":3,\"name\":\"Medieproduksjon (Vg2)\"}]},{\"@type\":\"WebSite\",\"@id\":\"https:\/\/seiersborg.vgs.no\/follo\/#website\",\"url\":\"https:\/\/seiersborg.vgs.no\/follo\/\",\"name\":\"Follo\",\"description\":\"\",\"potentialAction\":[{\"@type\":\"SearchAction\",\"target\":{\"@type\":\"EntryPoint\",\"urlTemplate\":\"https:\/\/seiersborg.vgs.no\/follo\/?s={search_term_string}\"},\"query-input\":\"required name=search_term_string\"}],\"inLanguage\":\"nb-NO\"}]}<\/script>\n<!-- \/ Yoast SEO plugin. -->","yoast_head_json":{"title":"Medieproduksjon (Vg2) - Follo","robots":{"index":"index","follow":"follow","max-snippet":"max-snippet:-1","max-image-preview":"max-image-preview:large","max-video-preview":"max-video-preview:-1"},"canonical":"https:\/\/seiersborg.vgs.no\/follo\/vart-utdanningstilbud\/medieproduksjon-vg2\/","og_locale":"nb_NO","og_type":"article","og_title":"Medieproduksjon (Vg2) - Follo","og_description":"Medieproduksjon (Vg2) I Vg 2 medieproduksjon skal elevene f\u00e5 en forst\u00e5else av hvordan media har p\u00e5virkningskraft p\u00e5 individ og samfunn. De deltar i kreative prosesser fra id\u00e9 til ferdig produkt og kommuniserer budskap gjennom teknologi, kommunikasjon og design. Vg2 medieproduksjon kan du velge etter f\u00f8rste \u00e5ret med vg1 informasjonsteknologi og medieproduksjon. Elevene f\u00e5r fordype seg [&hellip;]","og_url":"https:\/\/seiersborg.vgs.no\/follo\/vart-utdanningstilbud\/medieproduksjon-vg2\/","og_site_name":"Follo","article_modified_time":"2026-01-19T08:49:12+00:00","twitter_card":"summary_large_image","twitter_misc":{"Ansl. lesetid":"2 minutter"},"schema":{"@context":"https:\/\/schema.org","@graph":[{"@type":"WebPage","@id":"https:\/\/seiersborg.vgs.no\/follo\/vart-utdanningstilbud\/medieproduksjon-vg2\/","url":"https:\/\/seiersborg.vgs.no\/follo\/vart-utdanningstilbud\/medieproduksjon-vg2\/","name":"Medieproduksjon (Vg2) - Follo","isPartOf":{"@id":"https:\/\/seiersborg.vgs.no\/follo\/#website"},"datePublished":"2023-08-02T12:53:14+00:00","dateModified":"2026-01-19T08:49:12+00:00","breadcrumb":{"@id":"https:\/\/seiersborg.vgs.no\/follo\/vart-utdanningstilbud\/medieproduksjon-vg2\/#breadcrumb"},"inLanguage":"nb-NO","potentialAction":[{"@type":"ReadAction","target":["https:\/\/seiersborg.vgs.no\/follo\/vart-utdanningstilbud\/medieproduksjon-vg2\/"]}]},{"@type":"BreadcrumbList","@id":"https:\/\/seiersborg.vgs.no\/follo\/vart-utdanningstilbud\/medieproduksjon-vg2\/#breadcrumb","itemListElement":[{"@type":"ListItem","position":1,"name":"Hjem","item":"https:\/\/seiersborg.vgs.no\/follo\/"},{"@type":"ListItem","position":2,"name":"V\u00e5rt utdanningstilbud","item":"https:\/\/seiersborg.vgs.no\/follo\/vart-utdanningstilbud\/"},{"@type":"ListItem","position":3,"name":"Medieproduksjon (Vg2)"}]},{"@type":"WebSite","@id":"https:\/\/seiersborg.vgs.no\/follo\/#website","url":"https:\/\/seiersborg.vgs.no\/follo\/","name":"Follo","description":"","potentialAction":[{"@type":"SearchAction","target":{"@type":"EntryPoint","urlTemplate":"https:\/\/seiersborg.vgs.no\/follo\/?s={search_term_string}"},"query-input":"required name=search_term_string"}],"inLanguage":"nb-NO"}]}},"_links":{"self":[{"href":"https:\/\/seiersborg.vgs.no\/follo\/wp-json\/wp\/v2\/pages\/23"}],"collection":[{"href":"https:\/\/seiersborg.vgs.no\/follo\/wp-json\/wp\/v2\/pages"}],"about":[{"href":"https:\/\/seiersborg.vgs.no\/follo\/wp-json\/wp\/v2\/types\/page"}],"author":[{"embeddable":true,"href":"https:\/\/seiersborg.vgs.no\/follo\/wp-json\/wp\/v2\/users\/1"}],"replies":[{"embeddable":true,"href":"https:\/\/seiersborg.vgs.no\/follo\/wp-json\/wp\/v2\/comments?post=23"}],"version-history":[{"count":13,"href":"https:\/\/seiersborg.vgs.no\/follo\/wp-json\/wp\/v2\/pages\/23\/revisions"}],"predecessor-version":[{"id":4053,"href":"https:\/\/seiersborg.vgs.no\/follo\/wp-json\/wp\/v2\/pages\/23\/revisions\/4053"}],"up":[{"embeddable":true,"href":"https:\/\/seiersborg.vgs.no\/follo\/wp-json\/wp\/v2\/pages\/19"}],"wp:attachment":[{"href":"https:\/\/seiersborg.vgs.no\/follo\/wp-json\/wp\/v2\/media?parent=23"}],"curies":[{"name":"wp","href":"https:\/\/api.w.org\/{rel}","templated":true}]}}