{"id":3151,"date":"2024-01-04T18:53:21","date_gmt":"2024-01-04T17:53:21","guid":{"rendered":"https:\/\/seiersborg.vgs.no\/follo\/?page_id=3151"},"modified":"2025-02-10T13:06:14","modified_gmt":"2025-02-10T12:06:14","slug":"pabygg-vg3","status":"publish","type":"page","link":"https:\/\/seiersborg.vgs.no\/follo\/vart-utdanningstilbud\/pabygg-vg3\/","title":{"rendered":"P\u00e5bygg (Vg3)"},"content":{"rendered":"\n<div class=\"cs-top wp-block-group alignfull has-primary-beige-background-color has-background eplus-wrapper is-layout-constrained wp-block-group-is-layout-constrained\"><div class=\"wp-block-group__inner-container\">\n<div class=\"container-rounded-corners wp-block-group has-light-beige-background-color has-background eplus-wrapper is-layout-constrained wp-block-group-is-layout-constrained\"><div class=\"wp-block-group__inner-container\"><div class=\" wp-block-columns alignfull are-vertically-aligned-center eplus-wrapper is-layout-flex wp-container-6 wp-block-columns-is-layout-flex eplus-styles-uid-dbfae3\">\n<div class=\" wp-block-column eplus-wrapper is-layout-flow wp-block-column-is-layout-flow\" style=\"flex-basis:10px\"><\/div>\n\n\n\n<div class=\" wp-block-column is-vertically-aligned-center eplus-wrapper is-layout-flow wp-block-column-is-layout-flow\">\n<h1 class=\" wp-block-heading eplus-wrapper\">P\u00e5bygging (Vg3)<\/h1>\n\n\n\n<p class=\" eplus-wrapper\">Vg3 p\u00e5bygging til generell studiekompetanse gir grunnlag for \u00e5 studere p\u00e5 universitet og h\u00f8gskole. <\/p>\n\n\n\n<div class=\" wp-block-buttons eplus-wrapper is-layout-flex wp-block-buttons-is-layout-flex\"><div class=\"is-style-fill wp-block-button eplus-wrapper eplus-styles-uid-50e3f7\"><a class=\"wp-block-button__link has-black-color has-pink-background-color has-text-color has-background wp-element-button\">S\u00f8k her<\/a><\/div><\/div>\n<\/div>\n\n\n\n<div class=\" wp-block-column eplus-wrapper is-layout-flow wp-block-column-is-layout-flow\" style=\"flex-basis:5px\"><\/div>\n\n\n\n<div class=\" wp-block-column is-vertically-aligned-center eplus-wrapper is-layout-flow wp-block-column-is-layout-flow\">\n<div style=\"height:50px\" aria-hidden=\"true\" class=\" wp-block-spacer eplus-wrapper\"><\/div>\n\n\n\n<figure class=\" wp-block-image size-large is-resized eplus-wrapper\"><img decoding=\"async\" loading=\"lazy\" src=\"https:\/\/seiersborg.vgs.no\/follo\/wp-content\/uploads\/sites\/2\/2024\/01\/DivFollo_web-2-1024x683.jpg\" alt=\"\" class=\"wp-image-3155\" width=\"359\" height=\"239\" srcset=\"https:\/\/seiersborg.vgs.no\/follo\/wp-content\/uploads\/sites\/2\/2024\/01\/DivFollo_web-2-1024x683.jpg 1024w, https:\/\/seiersborg.vgs.no\/follo\/wp-content\/uploads\/sites\/2\/2024\/01\/DivFollo_web-2-300x200.jpg 300w, https:\/\/seiersborg.vgs.no\/follo\/wp-content\/uploads\/sites\/2\/2024\/01\/DivFollo_web-2-768x512.jpg 768w, https:\/\/seiersborg.vgs.no\/follo\/wp-content\/uploads\/sites\/2\/2024\/01\/DivFollo_web-2.jpg 1200w\" sizes=\"(max-width: 359px) 100vw, 359px\" \/><\/figure>\n\n\n\n<div style=\"height:50px\" aria-hidden=\"true\" class=\" wp-block-spacer eplus-wrapper\"><\/div>\n<\/div>\n<\/div><\/div><\/div>\n<\/div><\/div>\n\n\n\n<div class=\"cs-medium wp-block-group eplus-wrapper is-layout-constrained wp-block-group-is-layout-constrained\"><div class=\"wp-block-group__inner-container\"><div class=\" wp-block-columns eplus-wrapper is-layout-flex wp-container-11 wp-block-columns-is-layout-flex eplus-styles-uid-7e33d3\">\n<div class=\" wp-block-column eplus-wrapper is-layout-flow wp-block-column-is-layout-flow\">\n<p class=\" eplus-wrapper\">Du som g\u00e5r et yrkesfaglig utdanningsprogram, kan ogs\u00e5 f\u00e5 studiekompetanse.<\/p>\n\n\n\n<p class=\" eplus-wrapper\">Da m\u00e5 du ta det som heter p\u00e5bygg til generell studiekompetanse. <\/p>\n\n\n\n<p class=\" eplus-wrapper\">Du kan enten ta p\u00e5bygging i stedet for \u00e5 bli l\u00e6rling og fullf\u00f8re yrkeskompetansen, eller du kan velge \u00e5 ta p\u00e5bygging etter at du har f\u00e5tt yrkeskompetanse.<\/p>\n\n\n\n<p class=\" eplus-wrapper\">Etter \u00e5 ha fullf\u00f8rt p\u00e5bygg er du kvalifisert for \u00e5 s\u00f8ke p\u00e5 h\u00f8yere utdanning ved h\u00f8gskoler og universitet.<\/p>\n<\/div>\n\n\n\n<div class=\" wp-block-column eplus-wrapper is-layout-flow wp-block-column-is-layout-flow\">\n<div style=\"height:67px\" aria-hidden=\"true\" class=\" wp-block-spacer eplus-wrapper\"><\/div>\n\n\n\n<p class=\" has-medium-font-size eplus-wrapper\"><\/p>\n<\/div>\n<\/div><\/div><\/div>\n","protected":false},"excerpt":{"rendered":"<p>P\u00e5bygging (Vg3) Vg3 p\u00e5bygging til generell studiekompetanse gir grunnlag for \u00e5 studere p\u00e5 universitet og h\u00f8gskole. Du som g\u00e5r et yrkesfaglig utdanningsprogram, kan ogs\u00e5 f\u00e5 studiekompetanse. Da m\u00e5 du ta det som heter p\u00e5bygg til generell studiekompetanse. Du kan enten ta p\u00e5bygging i stedet for \u00e5 bli l\u00e6rling og fullf\u00f8re yrkeskompetansen, eller du kan velge [&hellip;]<\/p>\n","protected":false},"author":6,"featured_media":0,"parent":19,"menu_order":0,"comment_status":"closed","ping_status":"closed","template":"","meta":{"inline_featured_image":false,"editor_plus_copied_stylings":"{}","footnotes":""},"featured_image_src":null,"yoast_head":"<!-- This site is optimized with the Yoast SEO plugin v21.0 - https:\/\/yoast.com\/wordpress\/plugins\/seo\/ -->\n<title>P\u00e5bygg (Vg3) - Follo<\/title>\n<meta name=\"robots\" content=\"index, follow, max-snippet:-1, max-image-preview:large, max-video-preview:-1\" \/>\n<link rel=\"canonical\" href=\"https:\/\/seiersborg.vgs.no\/follo\/vart-utdanningstilbud\/pabygg-vg3\/\" \/>\n<meta property=\"og:locale\" content=\"nb_NO\" \/>\n<meta property=\"og:type\" content=\"article\" \/>\n<meta property=\"og:title\" content=\"P\u00e5bygg (Vg3) - Follo\" \/>\n<meta property=\"og:description\" content=\"P\u00e5bygging (Vg3) Vg3 p\u00e5bygging til generell studiekompetanse gir grunnlag for \u00e5 studere p\u00e5 universitet og h\u00f8gskole. Du som g\u00e5r et yrkesfaglig utdanningsprogram, kan ogs\u00e5 f\u00e5 studiekompetanse. Da m\u00e5 du ta det som heter p\u00e5bygg til generell studiekompetanse. Du kan enten ta p\u00e5bygging i stedet for \u00e5 bli l\u00e6rling og fullf\u00f8re yrkeskompetansen, eller du kan velge [&hellip;]\" \/>\n<meta property=\"og:url\" content=\"https:\/\/seiersborg.vgs.no\/follo\/vart-utdanningstilbud\/pabygg-vg3\/\" \/>\n<meta property=\"og:site_name\" content=\"Follo\" \/>\n<meta property=\"article:modified_time\" content=\"2025-02-10T12:06:14+00:00\" \/>\n<meta property=\"og:image\" content=\"https:\/\/seiersborg.vgs.no\/follo\/wp-content\/uploads\/sites\/2\/2024\/01\/DivFollo_web-2-1024x683.jpg\" \/>\n<meta name=\"twitter:card\" content=\"summary_large_image\" \/>\n<meta name=\"twitter:label1\" content=\"Ansl. lesetid\" \/>\n\t<meta name=\"twitter:data1\" content=\"1 minutt\" \/>\n<script type=\"application\/ld+json\" class=\"yoast-schema-graph\">{\"@context\":\"https:\/\/schema.org\",\"@graph\":[{\"@type\":\"WebPage\",\"@id\":\"https:\/\/seiersborg.vgs.no\/follo\/vart-utdanningstilbud\/pabygg-vg3\/\",\"url\":\"https:\/\/seiersborg.vgs.no\/follo\/vart-utdanningstilbud\/pabygg-vg3\/\",\"name\":\"P\u00e5bygg (Vg3) - Follo\",\"isPartOf\":{\"@id\":\"https:\/\/seiersborg.vgs.no\/follo\/#website\"},\"datePublished\":\"2024-01-04T17:53:21+00:00\",\"dateModified\":\"2025-02-10T12:06:14+00:00\",\"breadcrumb\":{\"@id\":\"https:\/\/seiersborg.vgs.no\/follo\/vart-utdanningstilbud\/pabygg-vg3\/#breadcrumb\"},\"inLanguage\":\"nb-NO\",\"potentialAction\":[{\"@type\":\"ReadAction\",\"target\":[\"https:\/\/seiersborg.vgs.no\/follo\/vart-utdanningstilbud\/pabygg-vg3\/\"]}]},{\"@type\":\"BreadcrumbList\",\"@id\":\"https:\/\/seiersborg.vgs.no\/follo\/vart-utdanningstilbud\/pabygg-vg3\/#breadcrumb\",\"itemListElement\":[{\"@type\":\"ListItem\",\"position\":1,\"name\":\"Hjem\",\"item\":\"https:\/\/seiersborg.vgs.no\/follo\/\"},{\"@type\":\"ListItem\",\"position\":2,\"name\":\"V\u00e5rt utdanningstilbud\",\"item\":\"https:\/\/seiersborg.vgs.no\/follo\/vart-utdanningstilbud\/\"},{\"@type\":\"ListItem\",\"position\":3,\"name\":\"P\u00e5bygg (Vg3)\"}]},{\"@type\":\"WebSite\",\"@id\":\"https:\/\/seiersborg.vgs.no\/follo\/#website\",\"url\":\"https:\/\/seiersborg.vgs.no\/follo\/\",\"name\":\"Follo\",\"description\":\"\",\"potentialAction\":[{\"@type\":\"SearchAction\",\"target\":{\"@type\":\"EntryPoint\",\"urlTemplate\":\"https:\/\/seiersborg.vgs.no\/follo\/?s={search_term_string}\"},\"query-input\":\"required name=search_term_string\"}],\"inLanguage\":\"nb-NO\"}]}<\/script>\n<!-- \/ Yoast SEO plugin. -->","yoast_head_json":{"title":"P\u00e5bygg (Vg3) - Follo","robots":{"index":"index","follow":"follow","max-snippet":"max-snippet:-1","max-image-preview":"max-image-preview:large","max-video-preview":"max-video-preview:-1"},"canonical":"https:\/\/seiersborg.vgs.no\/follo\/vart-utdanningstilbud\/pabygg-vg3\/","og_locale":"nb_NO","og_type":"article","og_title":"P\u00e5bygg (Vg3) - Follo","og_description":"P\u00e5bygging (Vg3) Vg3 p\u00e5bygging til generell studiekompetanse gir grunnlag for \u00e5 studere p\u00e5 universitet og h\u00f8gskole. Du som g\u00e5r et yrkesfaglig utdanningsprogram, kan ogs\u00e5 f\u00e5 studiekompetanse. Da m\u00e5 du ta det som heter p\u00e5bygg til generell studiekompetanse. Du kan enten ta p\u00e5bygging i stedet for \u00e5 bli l\u00e6rling og fullf\u00f8re yrkeskompetansen, eller du kan velge [&hellip;]","og_url":"https:\/\/seiersborg.vgs.no\/follo\/vart-utdanningstilbud\/pabygg-vg3\/","og_site_name":"Follo","article_modified_time":"2025-02-10T12:06:14+00:00","og_image":[{"url":"https:\/\/seiersborg.vgs.no\/follo\/wp-content\/uploads\/sites\/2\/2024\/01\/DivFollo_web-2-1024x683.jpg"}],"twitter_card":"summary_large_image","twitter_misc":{"Ansl. lesetid":"1 minutt"},"schema":{"@context":"https:\/\/schema.org","@graph":[{"@type":"WebPage","@id":"https:\/\/seiersborg.vgs.no\/follo\/vart-utdanningstilbud\/pabygg-vg3\/","url":"https:\/\/seiersborg.vgs.no\/follo\/vart-utdanningstilbud\/pabygg-vg3\/","name":"P\u00e5bygg (Vg3) - Follo","isPartOf":{"@id":"https:\/\/seiersborg.vgs.no\/follo\/#website"},"datePublished":"2024-01-04T17:53:21+00:00","dateModified":"2025-02-10T12:06:14+00:00","breadcrumb":{"@id":"https:\/\/seiersborg.vgs.no\/follo\/vart-utdanningstilbud\/pabygg-vg3\/#breadcrumb"},"inLanguage":"nb-NO","potentialAction":[{"@type":"ReadAction","target":["https:\/\/seiersborg.vgs.no\/follo\/vart-utdanningstilbud\/pabygg-vg3\/"]}]},{"@type":"BreadcrumbList","@id":"https:\/\/seiersborg.vgs.no\/follo\/vart-utdanningstilbud\/pabygg-vg3\/#breadcrumb","itemListElement":[{"@type":"ListItem","position":1,"name":"Hjem","item":"https:\/\/seiersborg.vgs.no\/follo\/"},{"@type":"ListItem","position":2,"name":"V\u00e5rt utdanningstilbud","item":"https:\/\/seiersborg.vgs.no\/follo\/vart-utdanningstilbud\/"},{"@type":"ListItem","position":3,"name":"P\u00e5bygg (Vg3)"}]},{"@type":"WebSite","@id":"https:\/\/seiersborg.vgs.no\/follo\/#website","url":"https:\/\/seiersborg.vgs.no\/follo\/","name":"Follo","description":"","potentialAction":[{"@type":"SearchAction","target":{"@type":"EntryPoint","urlTemplate":"https:\/\/seiersborg.vgs.no\/follo\/?s={search_term_string}"},"query-input":"required name=search_term_string"}],"inLanguage":"nb-NO"}]}},"_links":{"self":[{"href":"https:\/\/seiersborg.vgs.no\/follo\/wp-json\/wp\/v2\/pages\/3151"}],"collection":[{"href":"https:\/\/seiersborg.vgs.no\/follo\/wp-json\/wp\/v2\/pages"}],"about":[{"href":"https:\/\/seiersborg.vgs.no\/follo\/wp-json\/wp\/v2\/types\/page"}],"author":[{"embeddable":true,"href":"https:\/\/seiersborg.vgs.no\/follo\/wp-json\/wp\/v2\/users\/6"}],"replies":[{"embeddable":true,"href":"https:\/\/seiersborg.vgs.no\/follo\/wp-json\/wp\/v2\/comments?post=3151"}],"version-history":[{"count":10,"href":"https:\/\/seiersborg.vgs.no\/follo\/wp-json\/wp\/v2\/pages\/3151\/revisions"}],"predecessor-version":[{"id":3564,"href":"https:\/\/seiersborg.vgs.no\/follo\/wp-json\/wp\/v2\/pages\/3151\/revisions\/3564"}],"up":[{"embeddable":true,"href":"https:\/\/seiersborg.vgs.no\/follo\/wp-json\/wp\/v2\/pages\/19"}],"wp:attachment":[{"href":"https:\/\/seiersborg.vgs.no\/follo\/wp-json\/wp\/v2\/media?parent=3151"}],"curies":[{"name":"wp","href":"https:\/\/api.w.org\/{rel}","templated":true}]}}