{"id":36,"date":"2023-08-28T14:23:17","date_gmt":"2023-08-28T12:23:17","guid":{"rendered":"https:\/\/seiersborg.vgs.no\/follo\/?page_id=36"},"modified":"2025-09-24T09:23:19","modified_gmt":"2025-09-24T07:23:19","slug":"for-elever","status":"publish","type":"page","link":"https:\/\/seiersborg.vgs.no\/follo\/for-elever\/","title":{"rendered":"For elever"},"content":{"rendered":"\n<div class=\"cs-top wp-block-group alignfull has-primary-beige-background-color has-background eplus-wrapper is-layout-constrained wp-block-group-is-layout-constrained\"><div class=\"wp-block-group__inner-container\">\n<div class=\"container-rounded-corners wp-block-group has-light-beige-background-color has-background eplus-wrapper is-layout-constrained wp-block-group-is-layout-constrained\"><div class=\"wp-block-group__inner-container\"><div class=\" wp-block-columns alignfull are-vertically-aligned-center eplus-wrapper is-layout-flex wp-container-5 wp-block-columns-is-layout-flex eplus-styles-uid-474ac8\">\n<div class=\" wp-block-column eplus-wrapper is-layout-flow wp-block-column-is-layout-flow\" style=\"flex-basis:10px\"><\/div>\n\n\n\n<div class=\" wp-block-column is-vertically-aligned-center eplus-wrapper is-layout-flow wp-block-column-is-layout-flow\">\n<h1 class=\" wp-block-heading has-primary-blue-color has-text-color eplus-wrapper\">For elever<\/h1>\n\n\n\n<p class=\" eplus-wrapper\">Her har vi samlet nyttig informasjon til deg som elev.<\/p>\n\n\n<figure class=\"button-round wp-block-image size-large eplus-wrapper eplus-styles-uid-4a8f68\"><a href=\"#info\"><img decoding=\"async\" loading=\"lazy\" width=\"34\" height=\"34\" src=\"https:\/\/seiersborg.vgs.no\/follo\/wp-content\/uploads\/sites\/2\/2023\/09\/arrow-circle-down.svg\" alt=\"\" class=\"wp-image-3016\"><\/a><\/figure><\/div>\n\n\n\n<div class=\" wp-block-column eplus-wrapper is-layout-flow wp-block-column-is-layout-flow\" style=\"flex-basis:5px\"><\/div>\n\n\n\n<div class=\" wp-block-column is-vertically-aligned-center eplus-wrapper is-layout-flow wp-block-column-is-layout-flow\">\n<figure class=\" wp-block-image size-large eplus-wrapper\"><img decoding=\"async\" loading=\"lazy\" width=\"1024\" height=\"683\" src=\"https:\/\/seiersborg.vgs.no\/follo\/wp-content\/uploads\/sites\/2\/2024\/10\/SSR_web-14-1024x683.jpg\" alt=\"\" class=\"wp-image-3369\" srcset=\"https:\/\/seiersborg.vgs.no\/follo\/wp-content\/uploads\/sites\/2\/2024\/10\/SSR_web-14-1024x683.jpg 1024w, https:\/\/seiersborg.vgs.no\/follo\/wp-content\/uploads\/sites\/2\/2024\/10\/SSR_web-14-300x200.jpg 300w, https:\/\/seiersborg.vgs.no\/follo\/wp-content\/uploads\/sites\/2\/2024\/10\/SSR_web-14-768x512.jpg 768w, https:\/\/seiersborg.vgs.no\/follo\/wp-content\/uploads\/sites\/2\/2024\/10\/SSR_web-14.jpg 1200w\" sizes=\"(max-width: 1024px) 100vw, 1024px\" \/><\/figure>\n<\/div>\n<\/div><\/div><\/div>\n<\/div><\/div>\n\n\n\n<div id=\"info\" class=\"cs-medium wp-block-group eplus-wrapper is-layout-constrained wp-block-group-is-layout-constrained\"><div class=\"wp-block-group__inner-container\"><div class=\" wp-block-columns eplus-wrapper is-layout-flex wp-container-22 wp-block-columns-is-layout-flex eplus-styles-uid-323833\">\n<div class=\" wp-block-column eplus-wrapper is-layout-flow wp-block-column-is-layout-flow\"><div class=\" wp-block-columns eplus-wrapper is-layout-flex wp-container-10 wp-block-columns-is-layout-flex eplus-styles-uid-d8a92b\">\n<div class=\" wp-block-column eplus-wrapper is-layout-flow wp-block-column-is-layout-flow\"><\/div>\n\n\n\n<div class=\" wp-block-column eplus-wrapper is-layout-flow wp-block-column-is-layout-flow\"><\/div>\n<\/div>\n\n\n<hr class=\" wp-block-separator has-text-color has-white-color has-alpha-channel-opacity has-white-background-color has-background eplus-wrapper\">\n\n\n<div class=\" wp-block-columns eplus-wrapper is-layout-flex wp-container-12 wp-block-columns-is-layout-flex eplus-styles-uid-873f8a\">\n<div class=\" wp-block-column eplus-wrapper is-layout-flow wp-block-column-is-layout-flow\"><\/div>\n<\/div>\n\n<div class=\" wp-block-columns eplus-wrapper is-layout-flex wp-container-15 wp-block-columns-is-layout-flex eplus-styles-uid-878d35\">\n<div class=\" wp-block-column eplus-wrapper is-layout-flow wp-block-column-is-layout-flow\">\n<div class=\" wp-block-group has-green-background-color has-background eplus-wrapper is-layout-constrained wp-block-group-is-layout-constrained\"><div class=\"wp-block-group__inner-container\">\n<hr class=\" wp-block-separator has-text-color has-green-color has-alpha-channel-opacity has-green-background-color has-background eplus-wrapper\">\n\n\n\n<h3 class=\" wp-block-heading eplus-wrapper\">Skoleruta for 2025\/26<\/h3>\n\n\n\n<p class=\" eplus-wrapper\"><a href=\"https:\/\/afk.no\/tjenester\/skole-og-opplaring\/opplaring-i-skole\/skoledager-ferier-og-fridager\/\" target=\"_blank\" rel=\"noreferrer noopener\">Her<\/a> finner du skoleruta for innev\u00e6rende skole\u00e5r.<\/p>\n\n\n\n<div style=\"height:21px\" aria-hidden=\"true\" class=\" wp-block-spacer eplus-wrapper\"><\/div>\n<\/div><\/div>\n<\/div>\n<\/div>\n\n\n<hr class=\" wp-block-separator has-text-color has-white-color has-alpha-channel-opacity has-white-background-color has-background eplus-wrapper\">\n\n\n\n<h3 class=\" wp-block-heading eplus-wrapper\">Inntaksreglement<\/h3>\n\n\n\n<p class=\" eplus-wrapper\">Her finner du v\u00e5rt inntaksreglement. <\/p>\n\n\n\n<div class=\" wp-block-buttons eplus-wrapper is-layout-flex wp-block-buttons-is-layout-flex\"><div class=\"is-style-fill wp-block-button eplus-wrapper eplus-styles-uid-8c389c\"><a class=\"wp-block-button__link has-black-color has-pink-background-color has-text-color has-background has-link-color wp-element-button\" href=\"https:\/\/seiersborg.vgs.no\/follo\/wp-content\/uploads\/sites\/2\/2025\/01\/Inntaksreglement-Seiersborg-Follo-2025.pdf\"><strong>Trykk her<\/strong><\/a><\/div><\/div>\n\n\n\n<div style=\"height:41px\" aria-hidden=\"true\" class=\" wp-block-spacer eplus-wrapper\"><\/div>\n\n\n\n<h3 class=\" wp-block-heading eplus-wrapper\">Skolereglement<\/h3>\n\n\n\n<p class=\" eplus-wrapper\">Skolereglementet beskriver de rettighetene og pliktene elevene takker ja til ved \u00e5 ta imot elevplass p\u00e5 Seiersborg videreg\u00e5ende skole.<\/p>\n\n\n\n<p class=\" eplus-wrapper\">\u00a71: Form\u00e5l<br>Form\u00e5let med reglementet er \u00e5 fremme gode arbeidsvaner og god orden, og slik legge til rette for et godt l\u00e6ringsmilj\u00f8. Reglementet skal bidra til godt samarbeid, trivsel, respekt og medansvar.<\/p>\n\n\n\n<div class=\" wp-block-buttons eplus-wrapper is-layout-flex wp-block-buttons-is-layout-flex\"><div class=\" wp-block-button eplus-wrapper eplus-styles-uid-ca9a07\"><a class=\"wp-block-button__link has-black-color has-pink-background-color has-text-color has-background wp-element-button\" href=\"https:\/\/seiersborg.vgs.no\/follo\/wp-content\/uploads\/sites\/2\/2025\/01\/Skoleregler-Seiersborg-vgs-Follo-jan-2025.pdf\"><strong>Skoleregler<\/strong><\/a><\/div><\/div>\n\n\n\n<div style=\"height:41px\" aria-hidden=\"true\" class=\" wp-block-spacer eplus-wrapper\"><\/div>\n<\/div>\n\n\n\n<div class=\" wp-block-column eplus-wrapper is-layout-flow wp-block-column-is-layout-flow\">\n<div style=\"height:41px\" aria-hidden=\"true\" class=\" wp-block-spacer eplus-wrapper\"><\/div>\n\n\n\n<p class=\" eplus-wrapper\"><\/p>\n\n\n\n<h3 class=\" wp-block-heading eplus-wrapper\">Elev-PC<\/h3>\n\n\n\n<p class=\" eplus-wrapper\">Alle elever f\u00e5r utdelt en PC ved skolestart som de f\u00e5r l\u00e5ne gratis under studietiden p\u00e5 Seiersborg. Skolen er satt opp til deg personlig. Vi bruker Microsoft 365 i skolearbeidet, og disse appene er lastet ned for deg.<\/p>\n\n\n\n<p class=\" eplus-wrapper\">IKT-kontoret p\u00e5 skolen kalles Kiosken. Her f\u00e5r elevene hjelp ved behov. <\/p>\n\n\n\n<div style=\"height:28px\" aria-hidden=\"true\" class=\" wp-block-spacer eplus-wrapper\"><\/div>\n\n\n\n<h3 class=\" wp-block-heading eplus-wrapper\">Skoleskyss<\/h3>\n\n\n\n<p class=\" eplus-wrapper\">Elever som g\u00e5r videreg\u00e5ende skole i Akershus kan ha rett til gratis transport til og fra skolen dersom de bor mer enn 6 km fra skolen, eller har spesielle behov for transport. Elever med rett til skyss f\u00e5r utdelt et reisekort med skolebillett ved skolestart. Billetten er gyldig for reiser mellom bosted og skole p\u00e5 skoledager.\u00a0Les mer om skoleskyss p\u00e5 sidene til <a href=\"https:\/\/afk.no\/tjenester\/vei-og-kollektiv\/skoleskyss\/\" target=\"_blank\" rel=\"noreferrer noopener\">Akershus Fylkeskommune<\/a> eller Ruter.<\/p>\n\n\n\n<div class=\" wp-block-buttons eplus-wrapper is-layout-flex wp-block-buttons-is-layout-flex\"><div class=\" wp-block-button eplus-wrapper eplus-styles-uid-035a61\"><a class=\"wp-block-button__link has-black-color has-pink-background-color has-text-color has-background wp-element-button\" href=\"https:\/\/ruter.no\/kjop-billett\/skole-og-spesialskyss\/skoleskyss-i-akershus\/videregaende-skole\/\">Ruter.no<\/a><\/div><\/div>\n\n\n\n<div style=\"height:41px\" aria-hidden=\"true\" class=\" wp-block-spacer eplus-wrapper\"><\/div>\n\n\n\n<h3 class=\" wp-block-heading eplus-wrapper\">Elevr\u00e5det<\/h3>\n\n\n\n<p class=\" eplus-wrapper\">Elevr\u00e5det ved Seiersborg videreg\u00e5ende skole best\u00e5r av en representant fra hver klasse. Arbeidet blir organisert med noe bistand fra l\u00e6rerne. Elevr\u00e5dsleder blir valgt i starten av hvert skole\u00e5r. Det holdes jevnlige m\u00f8ter gjennom \u00e5ret hvor det blir skrevet referat fra m\u00f8tene med kopi til rektor. <\/p>\n\n\n\n<div style=\"height:41px\" aria-hidden=\"true\" class=\" wp-block-spacer eplus-wrapper\"><\/div>\n\n\n\n<h3 class=\" wp-block-heading eplus-wrapper\">L\u00e5nekassen<\/h3>\n\n\n\n<p class=\" eplus-wrapper\">Alle som g\u00e5r p\u00e5 videreg\u00e5ende skole, kan f\u00e5 stipend fra L\u00e5nekassen. De fleste f\u00e5r bare utstyrsstipend, men noen f\u00e5r ogs\u00e5 borteboerstipend og inntektsavhengig stipend. <\/p>\n\n\n\n<div class=\" wp-block-buttons eplus-wrapper is-layout-flex wp-block-buttons-is-layout-flex\"><div class=\" wp-block-button eplus-wrapper eplus-styles-uid-fdc54a\"><a class=\"wp-block-button__link has-black-color has-pink-background-color has-text-color has-background wp-element-button\" href=\"https:\/\/lanekassen.no\/nb-NO\/stipend-og-lan\/norge\/videregaende-skole\/\" target=\"_blank\" rel=\"noreferrer noopener\"><strong>L\u00e5nekassen<\/strong><\/a><\/div><\/div>\n<\/div>\n<\/div><\/div><\/div>\n\n\n\n<div id=\"info\" class=\"cs-medium wp-block-group eplus-wrapper is-layout-constrained wp-block-group-is-layout-constrained\"><div class=\"wp-block-group__inner-container\"><div class=\" wp-block-columns eplus-wrapper is-layout-flex wp-container-26 wp-block-columns-is-layout-flex eplus-styles-uid-d9e4f1\">\n<div class=\" wp-block-column eplus-wrapper is-layout-flow wp-block-column-is-layout-flow\">\n<figure class=\" wp-block-image size-full eplus-wrapper\"><img decoding=\"async\" loading=\"lazy\" width=\"900\" height=\"900\" src=\"https:\/\/seiersborg.vgs.no\/follo\/wp-content\/uploads\/sites\/2\/2024\/09\/samhandling.png\" alt=\"\" class=\"wp-image-3337\" srcset=\"https:\/\/seiersborg.vgs.no\/follo\/wp-content\/uploads\/sites\/2\/2024\/09\/samhandling.png 900w, https:\/\/seiersborg.vgs.no\/follo\/wp-content\/uploads\/sites\/2\/2024\/09\/samhandling-300x300.png 300w, https:\/\/seiersborg.vgs.no\/follo\/wp-content\/uploads\/sites\/2\/2024\/09\/samhandling-150x150.png 150w, https:\/\/seiersborg.vgs.no\/follo\/wp-content\/uploads\/sites\/2\/2024\/09\/samhandling-768x768.png 768w\" sizes=\"(max-width: 900px) 100vw, 900px\" \/><\/figure>\n<\/div>\n\n\n\n<div class=\" wp-block-column eplus-wrapper is-layout-flow wp-block-column-is-layout-flow\">\n<p class=\" eplus-wrapper\"><\/p>\n\n\n\n<h3 class=\" wp-block-heading eplus-wrapper\">Nyttige linker<\/h3>\n\n\n\n<p class=\" eplus-wrapper\">Her har vi samlet noen nyttige linker hvor du kan finne god informasjon:<\/p>\n\n\n\n<p class=\" eplus-wrapper\"><a href=\"http:\/\/www.udir.no\/\" target=\"_blank\" rel=\"noreferrer noopener\">Utdanningsdirektoratet (UDI)<\/a><\/p>\n\n\n\n<p class=\" eplus-wrapper\"><a href=\"http:\/\/www.kff.no\/\" target=\"_blank\" rel=\"noreferrer noopener\">Kristne Friskolers Forbund (KFF)<\/a><\/p>\n\n\n\n<p class=\" eplus-wrapper\"><a href=\"http:\/\/www.lanekassen.no\/\" target=\"_blank\" rel=\"noreferrer noopener\">L\u00e5nekassen<\/a><\/p>\n\n\n\n<p class=\" eplus-wrapper\"><a href=\"http:\/\/www.vilbli.no\/\" target=\"_blank\" rel=\"noreferrer noopener\">Vilbli<\/a><\/p>\n\n\n\n<p class=\" eplus-wrapper\"><a href=\"https:\/\/ruter.no\/\" target=\"_blank\" rel=\"noreferrer noopener\">Kollektivtilbud Follo &#8211; Ruter<\/a><\/p>\n\n\n\n<p class=\" eplus-wrapper\"><a href=\"https:\/\/utdanning.no\/\" target=\"_blank\" rel=\"noreferrer noopener\">Utdanningsportalen<\/a><\/p>\n\n\n\n<p class=\" eplus-wrapper\"><a rel=\"noreferrer noopener\" href=\"http:\/\/elev.no\/\" target=\"_blank\">Elevorganisasjonen<\/a><\/p>\n\n\n\n<p class=\" eplus-wrapper\"><a href=\"http:\/\/www.udir.no\/nullmobbing\/\" target=\"_blank\" rel=\"noreferrer noopener\">Nullmobbing<\/a><\/p>\n\n\n\n<p class=\" eplus-wrapper\"><a href=\"https:\/\/www.ung.no\/\">Ung.no<\/a><\/p>\n<\/div>\n<\/div><\/div><\/div>\n\n\n\n<div class=\" wp-block-group eplus-wrapper is-layout-constrained wp-block-group-is-layout-constrained\"><div class=\"wp-block-group__inner-container\"><\/div><\/div>\n\n\n\n<hr class=\" wp-block-separator has-text-color has-white-color has-alpha-channel-opacity has-white-background-color has-background eplus-wrapper\"\/>\n","protected":false},"excerpt":{"rendered":"<p>For elever Her har vi samlet nyttig informasjon til deg som elev. Skoleruta for 2025\/26 Her finner du skoleruta for innev\u00e6rende skole\u00e5r. Inntaksreglement Her finner du v\u00e5rt inntaksreglement. Skolereglement Skolereglementet beskriver de rettighetene og pliktene elevene takker ja til ved \u00e5 ta imot elevplass p\u00e5 Seiersborg videreg\u00e5ende skole. \u00a71: Form\u00e5lForm\u00e5let med reglementet er \u00e5 fremme [&hellip;]<\/p>\n","protected":false},"author":1,"featured_media":0,"parent":0,"menu_order":0,"comment_status":"closed","ping_status":"closed","template":"","meta":{"inline_featured_image":false,"editor_plus_copied_stylings":"{}","footnotes":""},"featured_image_src":null,"yoast_head":"<!-- This site is optimized with the Yoast SEO plugin v21.0 - https:\/\/yoast.com\/wordpress\/plugins\/seo\/ -->\n<title>For elever - Follo<\/title>\n<meta name=\"robots\" content=\"index, follow, max-snippet:-1, max-image-preview:large, max-video-preview:-1\" \/>\n<link rel=\"canonical\" href=\"https:\/\/seiersborg.vgs.no\/follo\/for-elever\/\" \/>\n<meta property=\"og:locale\" content=\"nb_NO\" \/>\n<meta property=\"og:type\" content=\"article\" \/>\n<meta property=\"og:title\" content=\"For elever - Follo\" \/>\n<meta property=\"og:description\" content=\"For elever Her har vi samlet nyttig informasjon til deg som elev. Skoleruta for 2025\/26 Her finner du skoleruta for innev\u00e6rende skole\u00e5r. Inntaksreglement Her finner du v\u00e5rt inntaksreglement. Skolereglement Skolereglementet beskriver de rettighetene og pliktene elevene takker ja til ved \u00e5 ta imot elevplass p\u00e5 Seiersborg videreg\u00e5ende skole. \u00a71: Form\u00e5lForm\u00e5let med reglementet er \u00e5 fremme [&hellip;]\" \/>\n<meta property=\"og:url\" content=\"https:\/\/seiersborg.vgs.no\/follo\/for-elever\/\" \/>\n<meta property=\"og:site_name\" content=\"Follo\" \/>\n<meta property=\"article:modified_time\" content=\"2025-09-24T07:23:19+00:00\" \/>\n<meta property=\"og:image\" content=\"https:\/\/seiersborg.vgs.no\/follo\/wp-content\/uploads\/sites\/2\/2023\/09\/arrow-circle-down.svg\" \/>\n<meta name=\"twitter:card\" content=\"summary_large_image\" \/>\n<meta name=\"twitter:label1\" content=\"Ansl. lesetid\" \/>\n\t<meta name=\"twitter:data1\" content=\"3 minutter\" \/>\n<script type=\"application\/ld+json\" class=\"yoast-schema-graph\">{\"@context\":\"https:\/\/schema.org\",\"@graph\":[{\"@type\":\"WebPage\",\"@id\":\"https:\/\/seiersborg.vgs.no\/follo\/for-elever\/\",\"url\":\"https:\/\/seiersborg.vgs.no\/follo\/for-elever\/\",\"name\":\"For elever - Follo\",\"isPartOf\":{\"@id\":\"https:\/\/seiersborg.vgs.no\/follo\/#website\"},\"datePublished\":\"2023-08-28T12:23:17+00:00\",\"dateModified\":\"2025-09-24T07:23:19+00:00\",\"breadcrumb\":{\"@id\":\"https:\/\/seiersborg.vgs.no\/follo\/for-elever\/#breadcrumb\"},\"inLanguage\":\"nb-NO\",\"potentialAction\":[{\"@type\":\"ReadAction\",\"target\":[\"https:\/\/seiersborg.vgs.no\/follo\/for-elever\/\"]}]},{\"@type\":\"BreadcrumbList\",\"@id\":\"https:\/\/seiersborg.vgs.no\/follo\/for-elever\/#breadcrumb\",\"itemListElement\":[{\"@type\":\"ListItem\",\"position\":1,\"name\":\"Hjem\",\"item\":\"https:\/\/seiersborg.vgs.no\/follo\/\"},{\"@type\":\"ListItem\",\"position\":2,\"name\":\"For elever\"}]},{\"@type\":\"WebSite\",\"@id\":\"https:\/\/seiersborg.vgs.no\/follo\/#website\",\"url\":\"https:\/\/seiersborg.vgs.no\/follo\/\",\"name\":\"Follo\",\"description\":\"\",\"potentialAction\":[{\"@type\":\"SearchAction\",\"target\":{\"@type\":\"EntryPoint\",\"urlTemplate\":\"https:\/\/seiersborg.vgs.no\/follo\/?s={search_term_string}\"},\"query-input\":\"required name=search_term_string\"}],\"inLanguage\":\"nb-NO\"}]}<\/script>\n<!-- \/ Yoast SEO plugin. -->","yoast_head_json":{"title":"For elever - Follo","robots":{"index":"index","follow":"follow","max-snippet":"max-snippet:-1","max-image-preview":"max-image-preview:large","max-video-preview":"max-video-preview:-1"},"canonical":"https:\/\/seiersborg.vgs.no\/follo\/for-elever\/","og_locale":"nb_NO","og_type":"article","og_title":"For elever - Follo","og_description":"For elever Her har vi samlet nyttig informasjon til deg som elev. Skoleruta for 2025\/26 Her finner du skoleruta for innev\u00e6rende skole\u00e5r. Inntaksreglement Her finner du v\u00e5rt inntaksreglement. Skolereglement Skolereglementet beskriver de rettighetene og pliktene elevene takker ja til ved \u00e5 ta imot elevplass p\u00e5 Seiersborg videreg\u00e5ende skole. \u00a71: Form\u00e5lForm\u00e5let med reglementet er \u00e5 fremme [&hellip;]","og_url":"https:\/\/seiersborg.vgs.no\/follo\/for-elever\/","og_site_name":"Follo","article_modified_time":"2025-09-24T07:23:19+00:00","og_image":[{"url":"https:\/\/seiersborg.vgs.no\/follo\/wp-content\/uploads\/sites\/2\/2023\/09\/arrow-circle-down.svg"}],"twitter_card":"summary_large_image","twitter_misc":{"Ansl. lesetid":"3 minutter"},"schema":{"@context":"https:\/\/schema.org","@graph":[{"@type":"WebPage","@id":"https:\/\/seiersborg.vgs.no\/follo\/for-elever\/","url":"https:\/\/seiersborg.vgs.no\/follo\/for-elever\/","name":"For elever - Follo","isPartOf":{"@id":"https:\/\/seiersborg.vgs.no\/follo\/#website"},"datePublished":"2023-08-28T12:23:17+00:00","dateModified":"2025-09-24T07:23:19+00:00","breadcrumb":{"@id":"https:\/\/seiersborg.vgs.no\/follo\/for-elever\/#breadcrumb"},"inLanguage":"nb-NO","potentialAction":[{"@type":"ReadAction","target":["https:\/\/seiersborg.vgs.no\/follo\/for-elever\/"]}]},{"@type":"BreadcrumbList","@id":"https:\/\/seiersborg.vgs.no\/follo\/for-elever\/#breadcrumb","itemListElement":[{"@type":"ListItem","position":1,"name":"Hjem","item":"https:\/\/seiersborg.vgs.no\/follo\/"},{"@type":"ListItem","position":2,"name":"For elever"}]},{"@type":"WebSite","@id":"https:\/\/seiersborg.vgs.no\/follo\/#website","url":"https:\/\/seiersborg.vgs.no\/follo\/","name":"Follo","description":"","potentialAction":[{"@type":"SearchAction","target":{"@type":"EntryPoint","urlTemplate":"https:\/\/seiersborg.vgs.no\/follo\/?s={search_term_string}"},"query-input":"required name=search_term_string"}],"inLanguage":"nb-NO"}]}},"_links":{"self":[{"href":"https:\/\/seiersborg.vgs.no\/follo\/wp-json\/wp\/v2\/pages\/36"}],"collection":[{"href":"https:\/\/seiersborg.vgs.no\/follo\/wp-json\/wp\/v2\/pages"}],"about":[{"href":"https:\/\/seiersborg.vgs.no\/follo\/wp-json\/wp\/v2\/types\/page"}],"author":[{"embeddable":true,"href":"https:\/\/seiersborg.vgs.no\/follo\/wp-json\/wp\/v2\/users\/1"}],"replies":[{"embeddable":true,"href":"https:\/\/seiersborg.vgs.no\/follo\/wp-json\/wp\/v2\/comments?post=36"}],"version-history":[{"count":31,"href":"https:\/\/seiersborg.vgs.no\/follo\/wp-json\/wp\/v2\/pages\/36\/revisions"}],"predecessor-version":[{"id":3781,"href":"https:\/\/seiersborg.vgs.no\/follo\/wp-json\/wp\/v2\/pages\/36\/revisions\/3781"}],"wp:attachment":[{"href":"https:\/\/seiersborg.vgs.no\/follo\/wp-json\/wp\/v2\/media?parent=36"}],"curies":[{"name":"wp","href":"https:\/\/api.w.org\/{rel}","templated":true}]}}