{"id":4006,"date":"2026-01-12T10:34:21","date_gmt":"2026-01-12T09:34:21","guid":{"rendered":"https:\/\/seiersborg.vgs.no\/follo\/?page_id=4006"},"modified":"2026-01-19T09:33:06","modified_gmt":"2026-01-19T08:33:06","slug":"helseservicefag-vg2","status":"publish","type":"page","link":"https:\/\/seiersborg.vgs.no\/follo\/vart-utdanningstilbud\/helseservicefag-vg2\/","title":{"rendered":"Helseservicefag (vg2)"},"content":{"rendered":"\n<hr class=\" wp-block-separator has-text-color has-white-color has-alpha-channel-opacity has-white-background-color has-background eplus-wrapper\"\/>\n\n\n\n<div class=\"cs-top wp-block-group alignfull has-primary-beige-background-color has-background eplus-wrapper is-layout-constrained wp-block-group-is-layout-constrained\"><div class=\"wp-block-group__inner-container\">\n<div class=\"container-rounded-corners wp-block-group has-light-beige-background-color has-background eplus-wrapper is-layout-constrained wp-block-group-is-layout-constrained\"><div class=\"wp-block-group__inner-container\"><div class=\" wp-block-columns alignfull are-vertically-aligned-center eplus-wrapper is-layout-flex wp-container-6 wp-block-columns-is-layout-flex eplus-styles-uid-b77bb5\">\n<div class=\" wp-block-column eplus-wrapper is-layout-flow wp-block-column-is-layout-flow\" style=\"flex-basis:10px\"><\/div>\n\n\n\n<div class=\" wp-block-column is-vertically-aligned-center eplus-wrapper is-layout-flow wp-block-column-is-layout-flow\">\n<h1 class=\" wp-block-heading eplus-wrapper\">Helseservicefag (vg2)<\/h1>\n\n\n\n<p class=\" eplus-wrapper\">Vg2 helseservicefag passer for deg som liker \u00e5 jobbe med mennesker og service.<br>Du l\u00e6rer om pasientkontakt, kommunikasjon og smittevern i helsesektoren.<br><\/p>\n\n\n\n<div class=\" wp-block-buttons eplus-wrapper is-layout-flex wp-block-buttons-is-layout-flex\"><div class=\"is-style-fill wp-block-button eplus-wrapper eplus-styles-uid-8d3c0a\"><a class=\"wp-block-button__link has-black-color has-pink-background-color has-text-color has-background wp-element-button\" href=\"https:\/\/seiersborg.vgs.no\/follo\/sok-her\/\">S\u00f8k her<\/a><\/div><\/div>\n<\/div>\n\n\n\n<div class=\" wp-block-column eplus-wrapper is-layout-flow wp-block-column-is-layout-flow\" style=\"flex-basis:5px\"><\/div>\n\n\n\n<div class=\" wp-block-column is-vertically-aligned-center eplus-wrapper is-layout-flow wp-block-column-is-layout-flow\">\n<div style=\"height:50px\" aria-hidden=\"true\" class=\" wp-block-spacer eplus-wrapper\"><\/div>\n\n\n\n<figure class=\" wp-block-image size-large eplus-wrapper\"><img decoding=\"async\" loading=\"lazy\" width=\"1024\" height=\"683\" src=\"https:\/\/seiersborg.vgs.no\/follo\/wp-content\/uploads\/sites\/2\/2026\/01\/HEA-32-1024x683.jpg\" alt=\"\" class=\"wp-image-3995\" srcset=\"https:\/\/seiersborg.vgs.no\/follo\/wp-content\/uploads\/sites\/2\/2026\/01\/HEA-32-1024x683.jpg 1024w, https:\/\/seiersborg.vgs.no\/follo\/wp-content\/uploads\/sites\/2\/2026\/01\/HEA-32-300x200.jpg 300w, https:\/\/seiersborg.vgs.no\/follo\/wp-content\/uploads\/sites\/2\/2026\/01\/HEA-32-768x512.jpg 768w, https:\/\/seiersborg.vgs.no\/follo\/wp-content\/uploads\/sites\/2\/2026\/01\/HEA-32-1536x1024.jpg 1536w, https:\/\/seiersborg.vgs.no\/follo\/wp-content\/uploads\/sites\/2\/2026\/01\/HEA-32.jpg 1600w\" sizes=\"(max-width: 1024px) 100vw, 1024px\" \/><\/figure>\n\n\n\n<div style=\"height:50px\" aria-hidden=\"true\" class=\" wp-block-spacer eplus-wrapper\"><\/div>\n<\/div>\n<\/div><\/div><\/div>\n<\/div><\/div>\n\n\n\n<div class=\" wp-block-group eplus-wrapper is-layout-constrained wp-block-group-is-layout-constrained\"><div class=\"wp-block-group__inner-container\">\n<div style=\"height:42px\" aria-hidden=\"true\" class=\" wp-block-spacer eplus-wrapper\"><\/div>\n\n\n<div class=\" wp-block-columns eplus-wrapper is-layout-flex wp-container-16 wp-block-columns-is-layout-flex eplus-styles-uid-1f87b4\">\n<div class=\" wp-block-column eplus-wrapper is-layout-flow wp-block-column-is-layout-flow\"><div class=\" wp-block-columns eplus-wrapper is-layout-flex wp-container-14 wp-block-columns-is-layout-flex eplus-styles-uid-90d569\">\n<div class=\" wp-block-column eplus-wrapper is-layout-flow wp-block-column-is-layout-flow\">\n<p class=\" eplus-wrapper\">P\u00e5 vg2 helseservicefag l\u00e6rer du hvordan helsetjenesten fungerer i praksis. Du jobber med pasient- og brukerkontakt, service, kommunikasjon og administrative oppgaver.<\/p>\n\n\n\n<p class=\" eplus-wrapper\"><br>Faget gir deg kunnskap om smittevern, dokumentasjon og profesjonell opptreden i m\u00f8te med mennesker. Du forbereder deg til yrker som helsesekret\u00e6r, apotektekniker eller tannhelsesekret\u00e6r. <\/p>\n\n\n\n<p class=\" eplus-wrapper\"><br>Utdanningen passer for deg som liker \u00e5 hjelpe andre og \u00f8nsker en variert og meningsfull hverdag.<\/p>\n<\/div>\n\n\n\n<div class=\" wp-block-column eplus-wrapper is-layout-flow wp-block-column-is-layout-flow\"><div class=\" wp-block-columns eplus-wrapper is-layout-flex wp-container-11 wp-block-columns-is-layout-flex eplus-styles-uid-56a880\">\n<div class=\" wp-block-column eplus-wrapper is-layout-flow wp-block-column-is-layout-flow\"><div class=\"wp-block-ub-content-toggle wp-block-ub-content-toggle-block\" id=\"ub-content-toggle-block-bfce3086-7d5f-493e-b49f-dc4091b1b049\" data-mobilecollapse=\"false\" data-desktopcollapse=\"false\" data-preventcollapse=\"false\" data-showonlyone=\"true\">\n<div class=\"wp-block-ub-content-toggle-accordion\" style=\"border-color: #DCEAE9; \" id=\"ub-content-toggle-panel-block-\">\n\t\t\t<div class=\"wp-block-ub-content-toggle-accordion-title-wrap\" style=\"background-color: #DCEAE9;\" aria-controls=\"ub-content-toggle-panel-0-bfce3086-7d5f-493e-b49f-dc4091b1b049\" tabindex=\"0\">\n\t\t\t<h3 class=\"wp-block-ub-content-toggle-accordion-title ub-content-toggle-title-bfce3086-7d5f-493e-b49f-dc4091b1b049\" style=\"color: #000000; \">Du l\u00e6rer om<\/h3>\n\t\t\t<div class=\"wp-block-ub-content-toggle-accordion-toggle-wrap right\" style=\"color: #000000;\"><span class=\"wp-block-ub-content-toggle-accordion-state-indicator wp-block-ub-chevron-down\"><\/span><\/div>\n\t\t<\/div>\n\t\t\t<div role=\"region\" aria-expanded=\"false\" class=\"wp-block-ub-content-toggle-accordion-content-wrap ub-hide\" id=\"ub-content-toggle-panel-0-bfce3086-7d5f-493e-b49f-dc4091b1b049\">\n<ul class=\" ep-custom-icon-list ep-custom-list eplus-wrapper eplus-styles-uid-09e0a1\">\n<li class=\" eplus-wrapper\">vanlige sykdommer og symptomer<\/li>\n\n\n\n<li class=\" eplus-wrapper\">observasjon av pasienters helsetilstand<\/li>\n\n\n\n<li class=\" eplus-wrapper\">profesjonell kommunikasjon med pasient<\/li>\n\n\n\n<li class=\" eplus-wrapper\">bruk av medisinsk utstyr (grunnleggende)<\/li>\n\n\n\n<li class=\" eplus-wrapper\">etikk og lovverk<\/li>\n\n\n\n<li class=\" eplus-wrapper\">journalf\u00f8ring og personvern<\/li>\n<\/ul>\n<\/div>\n\t\t<\/div>\n\n<div class=\"wp-block-ub-content-toggle-accordion\" style=\"border-color: #DCEAE9; \" id=\"ub-content-toggle-panel-block-\">\n\t\t\t<div class=\"wp-block-ub-content-toggle-accordion-title-wrap\" style=\"background-color: #DCEAE9;\" aria-controls=\"ub-content-toggle-panel-1-bfce3086-7d5f-493e-b49f-dc4091b1b049\" tabindex=\"0\">\n\t\t\t<h3 class=\"wp-block-ub-content-toggle-accordion-title ub-content-toggle-title-bfce3086-7d5f-493e-b49f-dc4091b1b049\" style=\"color: #000000; \">Du b\u00f8r v\u00e6re<\/h3>\n\t\t\t<div class=\"wp-block-ub-content-toggle-accordion-toggle-wrap right\" style=\"color: #000000;\"><span class=\"wp-block-ub-content-toggle-accordion-state-indicator wp-block-ub-chevron-down\"><\/span><\/div>\n\t\t<\/div>\n\t\t\t<div role=\"region\" aria-expanded=\"false\" class=\"wp-block-ub-content-toggle-accordion-content-wrap ub-hide\" id=\"ub-content-toggle-panel-1-bfce3086-7d5f-493e-b49f-dc4091b1b049\">\n<ul class=\" eplus-wrapper eplus-styles-uid-1a7e20\">\n<li class=\" eplus-wrapper\">glad i kundekontakt siden man som sekret\u00e6r ofte er den pasienten m\u00f8ter f\u00f8rst<\/li>\n\n\n\n<li class=\" eplus-wrapper\">utadvendt og serviceminded<\/li>\n\n\n\n<li class=\" eplus-wrapper\">god p\u00e5 \u00e5 ha pasient i fokus<\/li>\n\n\n\n<li class=\" eplus-wrapper\">god p\u00e5 kommunikasjon og ha gode digitale ferdigheter<\/li>\n\n\n\n<li class=\" eplus-wrapper\">god p\u00e5 \u00e5 samhandle med andre<\/li>\n<\/ul>\n<\/div>\n\t\t<\/div>\n\n<div class=\"wp-block-ub-content-toggle-accordion\" style=\"border-color: #DCEAE9; \" id=\"ub-content-toggle-panel-block-\">\n\t\t\t<div class=\"wp-block-ub-content-toggle-accordion-title-wrap\" style=\"background-color: #DCEAE9;\" aria-controls=\"ub-content-toggle-panel-2-bfce3086-7d5f-493e-b49f-dc4091b1b049\" tabindex=\"0\">\n\t\t\t<h3 class=\"wp-block-ub-content-toggle-accordion-title ub-content-toggle-title-bfce3086-7d5f-493e-b49f-dc4091b1b049\" style=\"color: #000000; \">Du kan jobbe p\u00e5<\/h3>\n\t\t\t<div class=\"wp-block-ub-content-toggle-accordion-toggle-wrap right\" style=\"color: #000000;\"><span class=\"wp-block-ub-content-toggle-accordion-state-indicator wp-block-ub-chevron-down\"><\/span><\/div>\n\t\t<\/div>\n\t\t\t<div role=\"region\" aria-expanded=\"false\" class=\"wp-block-ub-content-toggle-accordion-content-wrap ub-hide\" id=\"ub-content-toggle-panel-2-bfce3086-7d5f-493e-b49f-dc4091b1b049\">\n<ul class=\" ep-custom-icon-list ep-custom-list eplus-wrapper eplus-styles-uid-12eafd\">\n<li class=\" eplus-wrapper\">legekontor<\/li>\n\n\n\n<li class=\" eplus-wrapper\">sykehus<\/li>\n\n\n\n<li class=\" eplus-wrapper\">helsestasjoner<\/li>\n\n\n\n<li class=\" eplus-wrapper\">poliklinikker<\/li>\n\n\n\n<li class=\" eplus-wrapper\">tannlegekontor<\/li>\n\n\n\n<li class=\" eplus-wrapper\">apotek<\/li>\n<\/ul>\n<\/div>\n\t\t<\/div>\n<\/div>\n\n\n<div style=\"height:68px\" aria-hidden=\"true\" class=\" wp-block-spacer eplus-wrapper\"><\/div>\n<\/div>\n<\/div>\n\n\n<div class=\" wp-block-buttons eplus-wrapper is-layout-flex wp-block-buttons-is-layout-flex\"><div class=\" wp-block-button has-custom-font-size has-medium-font-size eplus-wrapper eplus-styles-uid-e28687\"><a class=\"wp-block-button__link has-white-color has-primary-blue-background-color has-text-color has-background wp-element-button\" href=\"https:\/\/www.vilbli.no\/nb\/no\/strukturkart\/v.hs\/helseservicefag?side=p2&amp;kurs=v.hshes2----\" style=\"border-radius:41px\"><strong>Les mer p\u00e5 vilbli.no<\/strong><\/a><\/div><\/div>\n\n\n\n<div style=\"height:100px\" aria-hidden=\"true\" class=\" wp-block-spacer eplus-wrapper\"><\/div>\n<\/div>\n<\/div><\/div>\n<\/div><\/div><\/div>\n","protected":false},"excerpt":{"rendered":"<p>Helseservicefag (vg2) Vg2 helseservicefag passer for deg som liker \u00e5 jobbe med mennesker og service.Du l\u00e6rer om pasientkontakt, kommunikasjon og smittevern i helsesektoren. P\u00e5 vg2 helseservicefag l\u00e6rer du hvordan helsetjenesten fungerer i praksis. Du jobber med pasient- og brukerkontakt, service, kommunikasjon og administrative oppgaver. Faget gir deg kunnskap om smittevern, dokumentasjon og profesjonell opptreden i [&hellip;]<\/p>\n","protected":false},"author":7,"featured_media":0,"parent":19,"menu_order":0,"comment_status":"closed","ping_status":"closed","template":"","meta":{"inline_featured_image":false,"editor_plus_copied_stylings":"{}","footnotes":""},"featured_image_src":null,"yoast_head":"<!-- This site is optimized with the Yoast SEO plugin v21.0 - https:\/\/yoast.com\/wordpress\/plugins\/seo\/ -->\n<title>Helseservicefag (vg2) - Follo<\/title>\n<meta name=\"robots\" content=\"index, follow, max-snippet:-1, max-image-preview:large, max-video-preview:-1\" \/>\n<link rel=\"canonical\" href=\"https:\/\/seiersborg.vgs.no\/follo\/vart-utdanningstilbud\/helseservicefag-vg2\/\" \/>\n<meta property=\"og:locale\" content=\"nb_NO\" \/>\n<meta property=\"og:type\" content=\"article\" \/>\n<meta property=\"og:title\" content=\"Helseservicefag (vg2) - Follo\" \/>\n<meta property=\"og:description\" content=\"Helseservicefag (vg2) Vg2 helseservicefag passer for deg som liker \u00e5 jobbe med mennesker og service.Du l\u00e6rer om pasientkontakt, kommunikasjon og smittevern i helsesektoren. P\u00e5 vg2 helseservicefag l\u00e6rer du hvordan helsetjenesten fungerer i praksis. Du jobber med pasient- og brukerkontakt, service, kommunikasjon og administrative oppgaver. Faget gir deg kunnskap om smittevern, dokumentasjon og profesjonell opptreden i [&hellip;]\" \/>\n<meta property=\"og:url\" content=\"https:\/\/seiersborg.vgs.no\/follo\/vart-utdanningstilbud\/helseservicefag-vg2\/\" \/>\n<meta property=\"og:site_name\" content=\"Follo\" \/>\n<meta property=\"article:modified_time\" content=\"2026-01-19T08:33:06+00:00\" \/>\n<meta property=\"og:image\" content=\"https:\/\/seiersborg.vgs.no\/follo\/wp-content\/uploads\/sites\/2\/2026\/01\/HEA-32-1024x683.jpg\" \/>\n<meta name=\"twitter:card\" content=\"summary_large_image\" \/>\n<meta name=\"twitter:label1\" content=\"Ansl. lesetid\" \/>\n\t<meta name=\"twitter:data1\" content=\"2 minutter\" \/>\n<script type=\"application\/ld+json\" class=\"yoast-schema-graph\">{\"@context\":\"https:\/\/schema.org\",\"@graph\":[{\"@type\":\"WebPage\",\"@id\":\"https:\/\/seiersborg.vgs.no\/follo\/vart-utdanningstilbud\/helseservicefag-vg2\/\",\"url\":\"https:\/\/seiersborg.vgs.no\/follo\/vart-utdanningstilbud\/helseservicefag-vg2\/\",\"name\":\"Helseservicefag (vg2) - Follo\",\"isPartOf\":{\"@id\":\"https:\/\/seiersborg.vgs.no\/follo\/#website\"},\"datePublished\":\"2026-01-12T09:34:21+00:00\",\"dateModified\":\"2026-01-19T08:33:06+00:00\",\"breadcrumb\":{\"@id\":\"https:\/\/seiersborg.vgs.no\/follo\/vart-utdanningstilbud\/helseservicefag-vg2\/#breadcrumb\"},\"inLanguage\":\"nb-NO\",\"potentialAction\":[{\"@type\":\"ReadAction\",\"target\":[\"https:\/\/seiersborg.vgs.no\/follo\/vart-utdanningstilbud\/helseservicefag-vg2\/\"]}]},{\"@type\":\"BreadcrumbList\",\"@id\":\"https:\/\/seiersborg.vgs.no\/follo\/vart-utdanningstilbud\/helseservicefag-vg2\/#breadcrumb\",\"itemListElement\":[{\"@type\":\"ListItem\",\"position\":1,\"name\":\"Hjem\",\"item\":\"https:\/\/seiersborg.vgs.no\/follo\/\"},{\"@type\":\"ListItem\",\"position\":2,\"name\":\"V\u00e5rt utdanningstilbud\",\"item\":\"https:\/\/seiersborg.vgs.no\/follo\/vart-utdanningstilbud\/\"},{\"@type\":\"ListItem\",\"position\":3,\"name\":\"Helseservicefag (vg2)\"}]},{\"@type\":\"WebSite\",\"@id\":\"https:\/\/seiersborg.vgs.no\/follo\/#website\",\"url\":\"https:\/\/seiersborg.vgs.no\/follo\/\",\"name\":\"Follo\",\"description\":\"\",\"potentialAction\":[{\"@type\":\"SearchAction\",\"target\":{\"@type\":\"EntryPoint\",\"urlTemplate\":\"https:\/\/seiersborg.vgs.no\/follo\/?s={search_term_string}\"},\"query-input\":\"required name=search_term_string\"}],\"inLanguage\":\"nb-NO\"}]}<\/script>\n<!-- \/ Yoast SEO plugin. -->","yoast_head_json":{"title":"Helseservicefag (vg2) - Follo","robots":{"index":"index","follow":"follow","max-snippet":"max-snippet:-1","max-image-preview":"max-image-preview:large","max-video-preview":"max-video-preview:-1"},"canonical":"https:\/\/seiersborg.vgs.no\/follo\/vart-utdanningstilbud\/helseservicefag-vg2\/","og_locale":"nb_NO","og_type":"article","og_title":"Helseservicefag (vg2) - Follo","og_description":"Helseservicefag (vg2) Vg2 helseservicefag passer for deg som liker \u00e5 jobbe med mennesker og service.Du l\u00e6rer om pasientkontakt, kommunikasjon og smittevern i helsesektoren. P\u00e5 vg2 helseservicefag l\u00e6rer du hvordan helsetjenesten fungerer i praksis. Du jobber med pasient- og brukerkontakt, service, kommunikasjon og administrative oppgaver. Faget gir deg kunnskap om smittevern, dokumentasjon og profesjonell opptreden i [&hellip;]","og_url":"https:\/\/seiersborg.vgs.no\/follo\/vart-utdanningstilbud\/helseservicefag-vg2\/","og_site_name":"Follo","article_modified_time":"2026-01-19T08:33:06+00:00","og_image":[{"url":"https:\/\/seiersborg.vgs.no\/follo\/wp-content\/uploads\/sites\/2\/2026\/01\/HEA-32-1024x683.jpg"}],"twitter_card":"summary_large_image","twitter_misc":{"Ansl. lesetid":"2 minutter"},"schema":{"@context":"https:\/\/schema.org","@graph":[{"@type":"WebPage","@id":"https:\/\/seiersborg.vgs.no\/follo\/vart-utdanningstilbud\/helseservicefag-vg2\/","url":"https:\/\/seiersborg.vgs.no\/follo\/vart-utdanningstilbud\/helseservicefag-vg2\/","name":"Helseservicefag (vg2) - Follo","isPartOf":{"@id":"https:\/\/seiersborg.vgs.no\/follo\/#website"},"datePublished":"2026-01-12T09:34:21+00:00","dateModified":"2026-01-19T08:33:06+00:00","breadcrumb":{"@id":"https:\/\/seiersborg.vgs.no\/follo\/vart-utdanningstilbud\/helseservicefag-vg2\/#breadcrumb"},"inLanguage":"nb-NO","potentialAction":[{"@type":"ReadAction","target":["https:\/\/seiersborg.vgs.no\/follo\/vart-utdanningstilbud\/helseservicefag-vg2\/"]}]},{"@type":"BreadcrumbList","@id":"https:\/\/seiersborg.vgs.no\/follo\/vart-utdanningstilbud\/helseservicefag-vg2\/#breadcrumb","itemListElement":[{"@type":"ListItem","position":1,"name":"Hjem","item":"https:\/\/seiersborg.vgs.no\/follo\/"},{"@type":"ListItem","position":2,"name":"V\u00e5rt utdanningstilbud","item":"https:\/\/seiersborg.vgs.no\/follo\/vart-utdanningstilbud\/"},{"@type":"ListItem","position":3,"name":"Helseservicefag (vg2)"}]},{"@type":"WebSite","@id":"https:\/\/seiersborg.vgs.no\/follo\/#website","url":"https:\/\/seiersborg.vgs.no\/follo\/","name":"Follo","description":"","potentialAction":[{"@type":"SearchAction","target":{"@type":"EntryPoint","urlTemplate":"https:\/\/seiersborg.vgs.no\/follo\/?s={search_term_string}"},"query-input":"required name=search_term_string"}],"inLanguage":"nb-NO"}]}},"_links":{"self":[{"href":"https:\/\/seiersborg.vgs.no\/follo\/wp-json\/wp\/v2\/pages\/4006"}],"collection":[{"href":"https:\/\/seiersborg.vgs.no\/follo\/wp-json\/wp\/v2\/pages"}],"about":[{"href":"https:\/\/seiersborg.vgs.no\/follo\/wp-json\/wp\/v2\/types\/page"}],"author":[{"embeddable":true,"href":"https:\/\/seiersborg.vgs.no\/follo\/wp-json\/wp\/v2\/users\/7"}],"replies":[{"embeddable":true,"href":"https:\/\/seiersborg.vgs.no\/follo\/wp-json\/wp\/v2\/comments?post=4006"}],"version-history":[{"count":14,"href":"https:\/\/seiersborg.vgs.no\/follo\/wp-json\/wp\/v2\/pages\/4006\/revisions"}],"predecessor-version":[{"id":4047,"href":"https:\/\/seiersborg.vgs.no\/follo\/wp-json\/wp\/v2\/pages\/4006\/revisions\/4047"}],"up":[{"embeddable":true,"href":"https:\/\/seiersborg.vgs.no\/follo\/wp-json\/wp\/v2\/pages\/19"}],"wp:attachment":[{"href":"https:\/\/seiersborg.vgs.no\/follo\/wp-json\/wp\/v2\/media?parent=4006"}],"curies":[{"name":"wp","href":"https:\/\/api.w.org\/{rel}","templated":true}]}}