{"id":42,"date":"2023-08-28T14:25:10","date_gmt":"2023-08-28T12:25:10","guid":{"rendered":"https:\/\/seiersborg.vgs.no\/follo\/?page_id=42"},"modified":"2026-04-14T07:00:04","modified_gmt":"2026-04-14T05:00:04","slug":"ledige-stillinger","status":"publish","type":"page","link":"https:\/\/seiersborg.vgs.no\/follo\/ledige-stillinger\/","title":{"rendered":"Ledige stillinger"},"content":{"rendered":"\n<div class=\" wp-block-group alignfull has-primary-beige-background-color has-background eplus-wrapper is-layout-constrained wp-block-group-is-layout-constrained\"><div class=\"wp-block-group__inner-container\">\n<div style=\"height:84px\" aria-hidden=\"true\" class=\" wp-block-spacer eplus-wrapper\"><\/div>\n\n\n\n<div class=\" wp-block-group eplus-wrapper is-layout-constrained wp-block-group-is-layout-constrained\"><div class=\"wp-block-group__inner-container\"><div class=\" wp-block-columns are-vertically-aligned-center eplus-wrapper is-layout-flex wp-container-6 wp-block-columns-is-layout-flex eplus-styles-uid-ed70e8\">\n<div class=\" wp-block-column is-vertically-aligned-center eplus-wrapper is-layout-flow wp-block-column-is-layout-flow\" style=\"flex-basis:33.33%\"><div class=\" wp-block-columns eplus-wrapper is-layout-flex wp-container-2 wp-block-columns-is-layout-flex eplus-styles-uid-612523\">\n<div class=\" wp-block-column eplus-wrapper is-layout-flow wp-block-column-is-layout-flow\">\n<h2 class=\" wp-block-heading eplus-wrapper\">Ledige stillinger<\/h2>\n<\/div>\n<\/div>\n\n\n<p class=\" has-medium-font-size eplus-wrapper\">Under ser du hvilke stillinger som er ledige hos oss akkurat n\u00e5.<\/p>\n\n\n\n<p class=\" eplus-wrapper\">Dersom du \u00f8nsker \u00e5 legge inn en \u00e5pen s\u00f8knad g\u00e5 inn her.<\/p>\n\n\n\n<div class=\" wp-block-buttons eplus-wrapper is-layout-flex wp-block-buttons-is-layout-flex\"><div class=\" wp-block-button eplus-wrapper eplus-styles-uid-667678\"><a class=\"wp-block-button__link has-black-color has-pink-background-color has-text-color has-background wp-element-button\" href=\"https:\/\/blaakors.no\/ledige-stillinger\/\">S\u00f8k her<\/a><\/div><\/div>\n<\/div>\n\n\n\n<div class=\" wp-block-column is-vertically-aligned-center eplus-wrapper is-layout-flow wp-block-column-is-layout-flow\" style=\"flex-basis:66.66%\">\n<figure class=\" wp-block-image alignfull eplus-wrapper\"><img decoding=\"async\" loading=\"lazy\" width=\"1200\" height=\"800\" src=\"https:\/\/seiersborg.vgs.no\/follo\/wp-content\/uploads\/sites\/2\/2026\/03\/P1274898.jpg\" alt=\"\" class=\"wp-image-4183\" srcset=\"https:\/\/seiersborg.vgs.no\/follo\/wp-content\/uploads\/sites\/2\/2026\/03\/P1274898.jpg 1200w, https:\/\/seiersborg.vgs.no\/follo\/wp-content\/uploads\/sites\/2\/2026\/03\/P1274898-300x200.jpg 300w, https:\/\/seiersborg.vgs.no\/follo\/wp-content\/uploads\/sites\/2\/2026\/03\/P1274898-1024x683.jpg 1024w, https:\/\/seiersborg.vgs.no\/follo\/wp-content\/uploads\/sites\/2\/2026\/03\/P1274898-768x512.jpg 768w\" sizes=\"(max-width: 1200px) 100vw, 1200px\" \/><\/figure>\n<\/div>\n<\/div><\/div><\/div>\n\n\n\n<div style=\"height:84px\" aria-hidden=\"true\" class=\" wp-block-spacer eplus-wrapper\"><\/div>\n<\/div><\/div>\n\n\n\n<div style=\"height:44px\" aria-hidden=\"true\" class=\" wp-block-spacer eplus-wrapper\"><\/div>\n\n\n\n<div class=\" wp-block-group eplus-wrapper is-layout-constrained wp-block-group-is-layout-constrained\"><div class=\"wp-block-group__inner-container\">\n<div style=\"height:49px\" aria-hidden=\"true\" class=\" wp-block-spacer eplus-wrapper\"><\/div>\n\n\n<div class=\" wp-block-columns has-white-background-color has-background eplus-wrapper is-layout-flex wp-container-14 wp-block-columns-is-layout-flex eplus-styles-uid-a7b169\" style=\"border-radius:15px;padding-top:var(--wp--preset--spacing--30);padding-right:var(--wp--preset--spacing--30);padding-bottom:var(--wp--preset--spacing--30);padding-left:var(--wp--preset--spacing--30)\">\n<div class=\" wp-block-column eplus-wrapper is-layout-flow wp-block-column-is-layout-flow\"><div class=\" ep-custom-column wp-block-columns has-pink-background-color has-background eplus-wrapper is-layout-flex wp-container-12 wp-block-columns-is-layout-flex eplus-styles-uid-0da842\"><div class=\" wp-block-column is-vertically-aligned-center eplus-wrapper is-layout-flow wp-block-column-is-layout-flow eplus-styles-uid-f31e0d\">\n<h3 class=\" wp-block-heading eplus-wrapper\" id=\"2-bl%C3%A5-kors-barnas-stasjon-fredrikstad-virksomhetsleder-for-barnas-stasjon-og-samlokaliserte-tilbud-\">Fagl\u00e6rer salg, service og reiseliv<\/h3>\n\n\n\n<p class=\" eplus-wrapper\">100% midlertidig ansettelse skole\u00e5ret 2026\/2027.<\/p>\n\n\n\n<p class=\" eplus-wrapper\"><strong>S\u00f8knadsfrist:<\/strong> 20. april 2026<\/p>\n\n\n\n<div style=\"height:17px\" aria-hidden=\"true\" class=\"hide-mobile wp-block-spacer eplus-wrapper\"><\/div>\n\n\n\n<div class=\" wp-block-buttons eplus-wrapper is-layout-flex wp-block-buttons-is-layout-flex\"><div class=\" wp-block-button eplus-wrapper eplus-styles-uid-ca2813\"><a class=\"wp-block-button__link has-black-color has-medium-pink-background-color has-text-color has-background wp-element-button\" href=\"https:\/\/www.finn.no\/job\/ad\/457320180\" target=\"_blank\" rel=\"noreferrer noopener\">S\u00f8k her<\/a><\/div><\/div>\n<\/div>\n\n\n<div class=\" wp-block-column is-vertically-aligned-center eplus-wrapper is-layout-flow wp-block-column-is-layout-flow\">\n<div style=\"height:13px\" aria-hidden=\"true\" class=\" wp-block-spacer eplus-wrapper\"><\/div>\n\n\n<div class=\"wp-block-image is-style-rounded\">\n<figure class=\"aligncenter size-large eplus-wrapper\" style=\"margin-top:0;margin-right:0;margin-bottom:0;margin-left:0\"><img decoding=\"async\" loading=\"lazy\" width=\"1024\" height=\"683\" src=\"https:\/\/seiersborg.vgs.no\/follo\/wp-content\/uploads\/sites\/2\/2026\/03\/Diverse-bilder-3-1024x683.jpg\" alt=\"\" class=\"wp-image-4202\" style=\"aspect-ratio:3\/2;object-fit:cover\" srcset=\"https:\/\/seiersborg.vgs.no\/follo\/wp-content\/uploads\/sites\/2\/2026\/03\/Diverse-bilder-3-1024x683.jpg 1024w, https:\/\/seiersborg.vgs.no\/follo\/wp-content\/uploads\/sites\/2\/2026\/03\/Diverse-bilder-3-300x200.jpg 300w, https:\/\/seiersborg.vgs.no\/follo\/wp-content\/uploads\/sites\/2\/2026\/03\/Diverse-bilder-3-768x512.jpg 768w, https:\/\/seiersborg.vgs.no\/follo\/wp-content\/uploads\/sites\/2\/2026\/03\/Diverse-bilder-3-1536x1024.jpg 1536w, https:\/\/seiersborg.vgs.no\/follo\/wp-content\/uploads\/sites\/2\/2026\/03\/Diverse-bilder-3.jpg 1600w\" sizes=\"(max-width: 1024px) 100vw, 1024px\" \/><\/figure><\/div>\n\n\n<div style=\"height:18px\" aria-hidden=\"true\" class=\" wp-block-spacer eplus-wrapper\"><\/div>\n<\/div>\n<\/div><\/div>\n<\/div>\n\n\n<div style=\"height:29px\" aria-hidden=\"true\" class=\" wp-block-spacer eplus-wrapper\"><\/div>\n<\/div><\/div>\n\n\n\n<div style=\"height:46px\" aria-hidden=\"true\" class=\" wp-block-spacer eplus-wrapper\"><\/div>\n\n\n\n<div class=\" wp-block-group eplus-wrapper is-layout-constrained wp-block-group-is-layout-constrained\"><div class=\"wp-block-group__inner-container\"><div class=\" wp-block-columns eplus-wrapper is-layout-flex wp-container-21 wp-block-columns-is-layout-flex eplus-styles-uid-961f71\">\n<div class=\" wp-block-column eplus-wrapper is-layout-flow wp-block-column-is-layout-flow\" style=\"flex-basis:33.33%\">\n<div style=\"height:43px\" aria-hidden=\"true\" class=\" wp-block-spacer eplus-wrapper\"><\/div>\n\n\n\n<figure class=\" wp-block-image size-full is-resized eplus-wrapper\"><img decoding=\"async\" loading=\"lazy\" width=\"900\" height=\"900\" src=\"https:\/\/seiersborg.vgs.no\/follo\/wp-content\/uploads\/sites\/2\/2026\/03\/samhandling.png\" alt=\"\" class=\"wp-image-4210\" style=\"aspect-ratio:1;width:217px;height:auto\" srcset=\"https:\/\/seiersborg.vgs.no\/follo\/wp-content\/uploads\/sites\/2\/2026\/03\/samhandling.png 900w, https:\/\/seiersborg.vgs.no\/follo\/wp-content\/uploads\/sites\/2\/2026\/03\/samhandling-300x300.png 300w, https:\/\/seiersborg.vgs.no\/follo\/wp-content\/uploads\/sites\/2\/2026\/03\/samhandling-150x150.png 150w, https:\/\/seiersborg.vgs.no\/follo\/wp-content\/uploads\/sites\/2\/2026\/03\/samhandling-768x768.png 768w\" sizes=\"(max-width: 900px) 100vw, 900px\" \/><\/figure>\n<\/div>\n\n\n\n<div class=\" wp-block-column eplus-wrapper is-layout-flow wp-block-column-is-layout-flow\" style=\"flex-basis:66.66%\"><div class=\" wp-block-columns eplus-wrapper is-layout-flex wp-container-19 wp-block-columns-is-layout-flex eplus-styles-uid-af14a4\">\n<div class=\" wp-block-column eplus-wrapper is-layout-flow wp-block-column-is-layout-flow\">\n<h2 class=\" wp-block-heading eplus-wrapper\" id=\"0-%C3%B8nsker-du-%C3%A5-jobbe-i-bl%C3%A5-kors-\">\u00d8nsker du \u00e5 jobbe hos Seiersborg videreg\u00e5ende skole Follo? <\/h2>\n\n\n\n<h3 class=\" wp-block-heading eplus-wrapper\">Vi har behov for timevikarer<\/h3>\n\n\n\n<p class=\" eplus-wrapper\">Vi s\u00f8ker deg som har godkjent undervisnings-kompetanse i fellesfag og\/eller innen et av v\u00e5re programomr\u00e5der. Er du under utdanning kan det ogs\u00e5 v\u00e6re interessant for oss. <\/p>\n\n\n\n<div class=\" wp-block-buttons eplus-wrapper is-layout-flex wp-block-buttons-is-layout-flex\"><div class=\" wp-block-button eplus-wrapper eplus-styles-uid-2901c5\"><a class=\"wp-block-button__link has-black-color has-pink-background-color has-text-color has-background wp-element-button\" href=\"https:\/\/candidate.jobbsys.no\/job\/details?jobId=2708947\">Les mer og s\u00f8k her<\/a><\/div><\/div>\n<\/div>\n<\/div><\/div>\n<\/div><\/div><\/div>\n\n\n\n<div style=\"height:109px\" aria-hidden=\"true\" class=\" wp-block-spacer eplus-wrapper\"><\/div>\n\n\n\n<p class=\" eplus-wrapper\"><\/p>\n","protected":false},"excerpt":{"rendered":"<p>Ledige stillinger Under ser du hvilke stillinger som er ledige hos oss akkurat n\u00e5. Dersom du \u00f8nsker \u00e5 legge inn en \u00e5pen s\u00f8knad g\u00e5 inn her. Fagl\u00e6rer salg, service og reiseliv 100% midlertidig ansettelse skole\u00e5ret 2026\/2027. S\u00f8knadsfrist: 20. april 2026 \u00d8nsker du \u00e5 jobbe hos Seiersborg videreg\u00e5ende skole Follo? Vi har behov for timevikarer Vi [&hellip;]<\/p>\n","protected":false},"author":1,"featured_media":0,"parent":0,"menu_order":0,"comment_status":"closed","ping_status":"closed","template":"","meta":{"inline_featured_image":false,"editor_plus_copied_stylings":"{}","footnotes":""},"featured_image_src":null,"yoast_head":"<!-- This site is optimized with the Yoast SEO plugin v21.0 - https:\/\/yoast.com\/wordpress\/plugins\/seo\/ -->\n<title>Ledige stillinger - Follo<\/title>\n<meta name=\"robots\" content=\"index, follow, max-snippet:-1, max-image-preview:large, max-video-preview:-1\" \/>\n<link rel=\"canonical\" href=\"https:\/\/seiersborg.vgs.no\/follo\/ledige-stillinger\/\" \/>\n<meta property=\"og:locale\" content=\"nb_NO\" \/>\n<meta property=\"og:type\" content=\"article\" \/>\n<meta property=\"og:title\" content=\"Ledige stillinger - Follo\" \/>\n<meta property=\"og:description\" content=\"Ledige stillinger Under ser du hvilke stillinger som er ledige hos oss akkurat n\u00e5. Dersom du \u00f8nsker \u00e5 legge inn en \u00e5pen s\u00f8knad g\u00e5 inn her. Fagl\u00e6rer salg, service og reiseliv 100% midlertidig ansettelse skole\u00e5ret 2026\/2027. S\u00f8knadsfrist: 20. april 2026 \u00d8nsker du \u00e5 jobbe hos Seiersborg videreg\u00e5ende skole Follo? Vi har behov for timevikarer Vi [&hellip;]\" \/>\n<meta property=\"og:url\" content=\"https:\/\/seiersborg.vgs.no\/follo\/ledige-stillinger\/\" \/>\n<meta property=\"og:site_name\" content=\"Follo\" \/>\n<meta property=\"article:modified_time\" content=\"2026-04-14T05:00:04+00:00\" \/>\n<meta property=\"og:image\" content=\"https:\/\/seiersborg.vgs.no\/follo\/wp-content\/uploads\/sites\/2\/2026\/03\/P1274898.jpg\" \/>\n<meta name=\"twitter:card\" content=\"summary_large_image\" \/>\n<meta name=\"twitter:label1\" content=\"Ansl. lesetid\" \/>\n\t<meta name=\"twitter:data1\" content=\"2 minutter\" \/>\n<script type=\"application\/ld+json\" class=\"yoast-schema-graph\">{\"@context\":\"https:\/\/schema.org\",\"@graph\":[{\"@type\":\"WebPage\",\"@id\":\"https:\/\/seiersborg.vgs.no\/follo\/ledige-stillinger\/\",\"url\":\"https:\/\/seiersborg.vgs.no\/follo\/ledige-stillinger\/\",\"name\":\"Ledige stillinger - Follo\",\"isPartOf\":{\"@id\":\"https:\/\/seiersborg.vgs.no\/follo\/#website\"},\"datePublished\":\"2023-08-28T12:25:10+00:00\",\"dateModified\":\"2026-04-14T05:00:04+00:00\",\"breadcrumb\":{\"@id\":\"https:\/\/seiersborg.vgs.no\/follo\/ledige-stillinger\/#breadcrumb\"},\"inLanguage\":\"nb-NO\",\"potentialAction\":[{\"@type\":\"ReadAction\",\"target\":[\"https:\/\/seiersborg.vgs.no\/follo\/ledige-stillinger\/\"]}]},{\"@type\":\"BreadcrumbList\",\"@id\":\"https:\/\/seiersborg.vgs.no\/follo\/ledige-stillinger\/#breadcrumb\",\"itemListElement\":[{\"@type\":\"ListItem\",\"position\":1,\"name\":\"Hjem\",\"item\":\"https:\/\/seiersborg.vgs.no\/follo\/\"},{\"@type\":\"ListItem\",\"position\":2,\"name\":\"Ledige stillinger\"}]},{\"@type\":\"WebSite\",\"@id\":\"https:\/\/seiersborg.vgs.no\/follo\/#website\",\"url\":\"https:\/\/seiersborg.vgs.no\/follo\/\",\"name\":\"Follo\",\"description\":\"\",\"potentialAction\":[{\"@type\":\"SearchAction\",\"target\":{\"@type\":\"EntryPoint\",\"urlTemplate\":\"https:\/\/seiersborg.vgs.no\/follo\/?s={search_term_string}\"},\"query-input\":\"required name=search_term_string\"}],\"inLanguage\":\"nb-NO\"}]}<\/script>\n<!-- \/ Yoast SEO plugin. -->","yoast_head_json":{"title":"Ledige stillinger - Follo","robots":{"index":"index","follow":"follow","max-snippet":"max-snippet:-1","max-image-preview":"max-image-preview:large","max-video-preview":"max-video-preview:-1"},"canonical":"https:\/\/seiersborg.vgs.no\/follo\/ledige-stillinger\/","og_locale":"nb_NO","og_type":"article","og_title":"Ledige stillinger - Follo","og_description":"Ledige stillinger Under ser du hvilke stillinger som er ledige hos oss akkurat n\u00e5. Dersom du \u00f8nsker \u00e5 legge inn en \u00e5pen s\u00f8knad g\u00e5 inn her. Fagl\u00e6rer salg, service og reiseliv 100% midlertidig ansettelse skole\u00e5ret 2026\/2027. S\u00f8knadsfrist: 20. april 2026 \u00d8nsker du \u00e5 jobbe hos Seiersborg videreg\u00e5ende skole Follo? Vi har behov for timevikarer Vi [&hellip;]","og_url":"https:\/\/seiersborg.vgs.no\/follo\/ledige-stillinger\/","og_site_name":"Follo","article_modified_time":"2026-04-14T05:00:04+00:00","og_image":[{"url":"https:\/\/seiersborg.vgs.no\/follo\/wp-content\/uploads\/sites\/2\/2026\/03\/P1274898.jpg"}],"twitter_card":"summary_large_image","twitter_misc":{"Ansl. lesetid":"2 minutter"},"schema":{"@context":"https:\/\/schema.org","@graph":[{"@type":"WebPage","@id":"https:\/\/seiersborg.vgs.no\/follo\/ledige-stillinger\/","url":"https:\/\/seiersborg.vgs.no\/follo\/ledige-stillinger\/","name":"Ledige stillinger - Follo","isPartOf":{"@id":"https:\/\/seiersborg.vgs.no\/follo\/#website"},"datePublished":"2023-08-28T12:25:10+00:00","dateModified":"2026-04-14T05:00:04+00:00","breadcrumb":{"@id":"https:\/\/seiersborg.vgs.no\/follo\/ledige-stillinger\/#breadcrumb"},"inLanguage":"nb-NO","potentialAction":[{"@type":"ReadAction","target":["https:\/\/seiersborg.vgs.no\/follo\/ledige-stillinger\/"]}]},{"@type":"BreadcrumbList","@id":"https:\/\/seiersborg.vgs.no\/follo\/ledige-stillinger\/#breadcrumb","itemListElement":[{"@type":"ListItem","position":1,"name":"Hjem","item":"https:\/\/seiersborg.vgs.no\/follo\/"},{"@type":"ListItem","position":2,"name":"Ledige stillinger"}]},{"@type":"WebSite","@id":"https:\/\/seiersborg.vgs.no\/follo\/#website","url":"https:\/\/seiersborg.vgs.no\/follo\/","name":"Follo","description":"","potentialAction":[{"@type":"SearchAction","target":{"@type":"EntryPoint","urlTemplate":"https:\/\/seiersborg.vgs.no\/follo\/?s={search_term_string}"},"query-input":"required name=search_term_string"}],"inLanguage":"nb-NO"}]}},"_links":{"self":[{"href":"https:\/\/seiersborg.vgs.no\/follo\/wp-json\/wp\/v2\/pages\/42"}],"collection":[{"href":"https:\/\/seiersborg.vgs.no\/follo\/wp-json\/wp\/v2\/pages"}],"about":[{"href":"https:\/\/seiersborg.vgs.no\/follo\/wp-json\/wp\/v2\/types\/page"}],"author":[{"embeddable":true,"href":"https:\/\/seiersborg.vgs.no\/follo\/wp-json\/wp\/v2\/users\/1"}],"replies":[{"embeddable":true,"href":"https:\/\/seiersborg.vgs.no\/follo\/wp-json\/wp\/v2\/comments?post=42"}],"version-history":[{"count":42,"href":"https:\/\/seiersborg.vgs.no\/follo\/wp-json\/wp\/v2\/pages\/42\/revisions"}],"predecessor-version":[{"id":4321,"href":"https:\/\/seiersborg.vgs.no\/follo\/wp-json\/wp\/v2\/pages\/42\/revisions\/4321"}],"wp:attachment":[{"href":"https:\/\/seiersborg.vgs.no\/follo\/wp-json\/wp\/v2\/media?parent=42"}],"curies":[{"name":"wp","href":"https:\/\/api.w.org\/{rel}","templated":true}]}}