{"id":58,"date":"2023-08-28T14:37:47","date_gmt":"2023-08-28T12:37:47","guid":{"rendered":"https:\/\/seiersborg.vgs.no\/follo\/?page_id=58"},"modified":"2026-05-05T12:52:52","modified_gmt":"2026-05-05T10:52:52","slug":"sok-her","status":"publish","type":"page","link":"https:\/\/seiersborg.vgs.no\/follo\/sok-her\/","title":{"rendered":"S\u00f8k her"},"content":{"rendered":"\n<div class=\"cs-top wp-block-group alignfull has-primary-beige-background-color has-background eplus-wrapper is-layout-constrained wp-block-group-is-layout-constrained\"><div class=\"wp-block-group__inner-container\">\n<div class=\"container-rounded-corners wp-block-group has-light-beige-background-color has-background eplus-wrapper is-layout-constrained wp-block-group-is-layout-constrained\"><div class=\"wp-block-group__inner-container\"><div class=\" wp-block-columns alignfull are-vertically-aligned-center eplus-wrapper is-layout-flex wp-container-6 wp-block-columns-is-layout-flex eplus-styles-uid-90549b\">\n<div class=\" wp-block-column eplus-wrapper is-layout-flow wp-block-column-is-layout-flow\" style=\"flex-basis:10px\"><\/div>\n\n\n\n<div class=\" wp-block-column is-vertically-aligned-center eplus-wrapper is-layout-flow wp-block-column-is-layout-flow\">\n<h1 class=\" wp-block-heading has-text-align-center has-primary-blue-color has-text-color eplus-wrapper\">Du kan fortsatt s\u00f8ke<\/h1>\n\n\n\n<p class=\" eplus-wrapper\">Vi har fortsatt ledige plasser p\u00e5 helse- og oppvekstfag. S\u00f8ker du p\u00e5 et annet av v\u00e5re programomr\u00e5der vil du komme p\u00e5 venteliste.<\/p>\n\n\n\n<div class=\" wp-block-buttons eplus-wrapper is-horizontal is-content-justification-center is-layout-flex wp-container-2 wp-block-buttons-is-layout-flex\"><div class=\" wp-block-button has-custom-width wp-block-button__width-50 eplus-wrapper eplus-styles-uid-5a839b\"><a class=\"wp-block-button__link has-primary-blue-color has-pink-background-color has-text-color has-background has-text-align-center wp-element-button\" href=\"https:\/\/seiersborgfollo.iskole.net\/soker\" target=\"_blank\" rel=\"noreferrer noopener\">S\u00f8k her<\/a><\/div><\/div>\n\n\n\n<div style=\"height:35px\" aria-hidden=\"true\" class=\" wp-block-spacer eplus-wrapper\"><\/div>\n\n\n\n<p class=\" eplus-wrapper\">Ta gjerne kontakt med r\u00e5dgivere dersom du \u00f8nsker mer informasjon.<\/p>\n<\/div>\n\n\n\n<div class=\" wp-block-column eplus-wrapper is-layout-flow wp-block-column-is-layout-flow\" style=\"flex-basis:5px\"><\/div>\n\n\n\n<div class=\" wp-block-column is-vertically-aligned-center eplus-wrapper is-layout-flow wp-block-column-is-layout-flow\">\n<figure class=\" wp-block-image size-large eplus-wrapper\"><img decoding=\"async\" loading=\"lazy\" width=\"1024\" height=\"683\" src=\"https:\/\/seiersborg.vgs.no\/follo\/wp-content\/uploads\/sites\/2\/2025\/11\/Diverse-bilder-16-1024x683.jpg\" alt=\"\" class=\"wp-image-3821\" srcset=\"https:\/\/seiersborg.vgs.no\/follo\/wp-content\/uploads\/sites\/2\/2025\/11\/Diverse-bilder-16-1024x683.jpg 1024w, https:\/\/seiersborg.vgs.no\/follo\/wp-content\/uploads\/sites\/2\/2025\/11\/Diverse-bilder-16-300x200.jpg 300w, https:\/\/seiersborg.vgs.no\/follo\/wp-content\/uploads\/sites\/2\/2025\/11\/Diverse-bilder-16-768x512.jpg 768w, https:\/\/seiersborg.vgs.no\/follo\/wp-content\/uploads\/sites\/2\/2025\/11\/Diverse-bilder-16-1536x1024.jpg 1536w, https:\/\/seiersborg.vgs.no\/follo\/wp-content\/uploads\/sites\/2\/2025\/11\/Diverse-bilder-16.jpg 1600w\" sizes=\"(max-width: 1024px) 100vw, 1024px\" \/><\/figure>\n<\/div>\n<\/div><\/div><\/div>\n<\/div><\/div>\n\n\n\n<div class=\"cs-medium wp-block-group eplus-wrapper is-layout-constrained wp-block-group-is-layout-constrained\"><div class=\"wp-block-group__inner-container\"><div class=\" wp-block-columns eplus-wrapper is-layout-flex wp-container-14 wp-block-columns-is-layout-flex eplus-styles-uid-1e8c7d\">\n<div class=\" wp-block-column eplus-wrapper is-layout-flow wp-block-column-is-layout-flow\">\n<div class=\" wp-block-buttons eplus-wrapper is-layout-flex wp-block-buttons-is-layout-flex\"><div class=\" wp-block-button eplus-wrapper eplus-styles-uid-b202b1\"><a class=\"wp-block-button__link has-dark-blue-color has-green-background-color has-text-color has-background wp-element-button\" href=\"https:\/\/seiersborg.vgs.no\/follo\/wp-content\/uploads\/sites\/2\/2026\/01\/Anbefaling-Seiersborg-Follo.pdf\" target=\"_blank\" rel=\"noreferrer noopener\">Last ned mal anbefalingsbrev <\/a><\/div><\/div>\n\n\n\n<div style=\"height:39px\" aria-hidden=\"true\" class=\" wp-block-spacer eplus-wrapper\"><\/div>\n\n\n\n<p class=\" eplus-wrapper\">Merk: Alle elever som fyller vilk\u00e5rene for inntak i offentlige skoler og som er innenfor skolens m\u00e5lgruppe kan vurderes for inntak. Elever med\u00a0<a href=\"https:\/\/www.vilbli.no\/nb\/nb\/no\/ungdomsrett-lovfestet-rett-for-ungdom\/a\/023632\/?side=artikkel\">ungdomsrett<\/a>\u00a0prioriteres f\u00f8rst ved overs\u00f8king. Har du ikke ungdomsrett m\u00e5 du realkompetansevurderes f\u00f8r inntak.<\/p>\n\n\n\n<p class=\" eplus-wrapper\">S\u00f8knadsskjemaet er en usikret og ukryptert tjeneste, som vanlig e-post eller et \u00e5pent postkort. Ikke send sensitive eller taushetsbelagte opplysninger via dette skjemaet.<\/p>\n\n\n\n<p class=\" eplus-wrapper\">Sammen med s\u00f8knaden m\u00e5 det legges ved et anbefalingsbrev. Dette er en faglig vurdering eller en sakkyndig uttalelse som bekrefter at eleven har l\u00e6revansker og en funksjonsnedsettelse, og at det er behov for \u00e5 g\u00e5 p\u00e5 Seiersborg videreg\u00e5ende skole Follo.  <\/p>\n\n\n\n<p class=\" eplus-wrapper\"><a href=\"https:\/\/seiersborg.vgs.no\/follo\/wp-content\/uploads\/sites\/2\/2026\/01\/Anbefaling-Seiersborg-Follo.pdf\" target=\"_blank\" rel=\"noreferrer noopener\">Her kan du laste ned og fylle ut direkte i v\u00e5r mal for anbefalingsbrev. <\/a>Send i retur til den av v\u00e5re r\u00e5dgivere som er aktuell.<\/p>\n\n\n\n<p class=\" eplus-wrapper\">Fylke og kommune kan sende anbefalingsbrev via sine skolesystemer. Det er viktig at anbefalingsbrevet er adressert til oss. S\u00f8k opp v\u00e5rt organisasjonsnummer 924405422.<\/p>\n<\/div>\n\n\n\n<div class=\" wp-block-column eplus-wrapper is-layout-flow wp-block-column-is-layout-flow\">\n<p class=\" eplus-wrapper\">Har du sp\u00f8rsm\u00e5l eller vil vite mer om tilbudet p\u00e5 Seiersborg videreg\u00e5ende skole? Ta kontakt med en av v\u00e5re r\u00e5dgivere for mer informasjon:<\/p>\n\n\n<div class=\" wp-block-columns eplus-wrapper is-layout-flex wp-container-12 wp-block-columns-is-layout-flex eplus-styles-uid-5de54c\">\n<div class=\" wp-block-column eplus-wrapper is-layout-flow wp-block-column-is-layout-flow\">\n<div class=\" wp-block-media-text alignwide is-stacked-on-mobile eplus-wrapper\" style=\"grid-template-columns:33% auto\"><figure class=\"wp-block-media-text__media\"><img decoding=\"async\" loading=\"lazy\" width=\"816\" height=\"816\" src=\"https:\/\/seiersborg.vgs.no\/follo\/wp-content\/uploads\/sites\/2\/2024\/09\/Anne-4.jpg\" alt=\"R\u00e5dgiver Anne Hoeyer\" class=\"wp-image-3311 size-full\" srcset=\"https:\/\/seiersborg.vgs.no\/follo\/wp-content\/uploads\/sites\/2\/2024\/09\/Anne-4.jpg 816w, https:\/\/seiersborg.vgs.no\/follo\/wp-content\/uploads\/sites\/2\/2024\/09\/Anne-4-300x300.jpg 300w, https:\/\/seiersborg.vgs.no\/follo\/wp-content\/uploads\/sites\/2\/2024\/09\/Anne-4-150x150.jpg 150w, https:\/\/seiersborg.vgs.no\/follo\/wp-content\/uploads\/sites\/2\/2024\/09\/Anne-4-768x768.jpg 768w\" sizes=\"(max-width: 816px) 100vw, 816px\" \/><\/figure><div class=\"wp-block-media-text__content\">\n<p class=\" eplus-wrapper\"><strong><a href=\"mailto:anne.hoyer@seiersborgfollo.vgs.no\">A<\/a><\/strong><a href=\"mailto:%20anne.hoyer@seiersborgfollo.vgs.no\"><strong>nne H\u00f8yer<\/strong><\/a><\/p>\n\n\n\n<p class=\" eplus-wrapper\">R\u00e5dgiver HO\/HEA\/HES\/P\u00e5bygg<\/p>\n\n\n\n<p class=\" eplus-wrapper\">tlf. +47 906 81 383 <\/p>\n<\/div><\/div>\n\n\n\n<div style=\"height:41px\" aria-hidden=\"true\" class=\" wp-block-spacer eplus-wrapper\"><\/div>\n\n\n\n<div class=\" wp-block-media-text alignwide is-stacked-on-mobile eplus-wrapper\" style=\"grid-template-columns:33% auto\"><figure class=\"wp-block-media-text__media\"><img decoding=\"async\" loading=\"lazy\" width=\"320\" height=\"320\" src=\"https:\/\/seiersborg.vgs.no\/follo\/wp-content\/uploads\/sites\/2\/2024\/04\/Tonje_hjemmeside-1.jpg\" alt=\"\" class=\"wp-image-3222 size-full\" srcset=\"https:\/\/seiersborg.vgs.no\/follo\/wp-content\/uploads\/sites\/2\/2024\/04\/Tonje_hjemmeside-1.jpg 320w, https:\/\/seiersborg.vgs.no\/follo\/wp-content\/uploads\/sites\/2\/2024\/04\/Tonje_hjemmeside-1-300x300.jpg 300w, https:\/\/seiersborg.vgs.no\/follo\/wp-content\/uploads\/sites\/2\/2024\/04\/Tonje_hjemmeside-1-150x150.jpg 150w\" sizes=\"(max-width: 320px) 100vw, 320px\" \/><\/figure><div class=\"wp-block-media-text__content\">\n<p class=\" eplus-wrapper\"><a href=\"mailto:tonje.strom@seiersborgfollo.vgs.no\">Tonje Str\u00f8m <\/a><\/p>\n\n\n\n<p class=\" eplus-wrapper\">R\u00e5dgiver IM\/SSR<\/p>\n\n\n\n<p class=\" eplus-wrapper\">tlf. +47 458 37\u00a0670 <\/p>\n<\/div><\/div>\n\n\n\n<div style=\"height:35px\" aria-hidden=\"true\" class=\" wp-block-spacer eplus-wrapper\"><\/div>\n<\/div>\n<\/div><\/div>\n<\/div><\/div><\/div>\n","protected":false},"excerpt":{"rendered":"<p>Du kan fortsatt s\u00f8ke Vi har fortsatt ledige plasser p\u00e5 helse- og oppvekstfag. S\u00f8ker du p\u00e5 et annet av v\u00e5re programomr\u00e5der vil du komme p\u00e5 venteliste. Ta gjerne kontakt med r\u00e5dgivere dersom du \u00f8nsker mer informasjon. Merk: Alle elever som fyller vilk\u00e5rene for inntak i offentlige skoler og som er innenfor skolens m\u00e5lgruppe kan vurderes [&hellip;]<\/p>\n","protected":false},"author":1,"featured_media":0,"parent":0,"menu_order":0,"comment_status":"closed","ping_status":"closed","template":"","meta":{"inline_featured_image":false,"editor_plus_copied_stylings":"{}","footnotes":""},"featured_image_src":null,"yoast_head":"<!-- This site is optimized with the Yoast SEO plugin v21.0 - https:\/\/yoast.com\/wordpress\/plugins\/seo\/ -->\n<title>S\u00f8k her - Follo<\/title>\n<meta name=\"robots\" content=\"index, follow, max-snippet:-1, max-image-preview:large, max-video-preview:-1\" \/>\n<link rel=\"canonical\" href=\"https:\/\/seiersborg.vgs.no\/follo\/sok-her\/\" \/>\n<meta property=\"og:locale\" content=\"nb_NO\" \/>\n<meta property=\"og:type\" content=\"article\" \/>\n<meta property=\"og:title\" content=\"S\u00f8k her - Follo\" \/>\n<meta property=\"og:description\" content=\"Du kan fortsatt s\u00f8ke Vi har fortsatt ledige plasser p\u00e5 helse- og oppvekstfag. S\u00f8ker du p\u00e5 et annet av v\u00e5re programomr\u00e5der vil du komme p\u00e5 venteliste. Ta gjerne kontakt med r\u00e5dgivere dersom du \u00f8nsker mer informasjon. Merk: Alle elever som fyller vilk\u00e5rene for inntak i offentlige skoler og som er innenfor skolens m\u00e5lgruppe kan vurderes [&hellip;]\" \/>\n<meta property=\"og:url\" content=\"https:\/\/seiersborg.vgs.no\/follo\/sok-her\/\" \/>\n<meta property=\"og:site_name\" content=\"Follo\" \/>\n<meta property=\"article:modified_time\" content=\"2026-05-05T10:52:52+00:00\" \/>\n<meta property=\"og:image\" content=\"https:\/\/seiersborg.vgs.no\/follo\/wp-content\/uploads\/sites\/2\/2025\/11\/Diverse-bilder-16-1024x683.jpg\" \/>\n<meta name=\"twitter:card\" content=\"summary_large_image\" \/>\n<meta name=\"twitter:label1\" content=\"Ansl. lesetid\" \/>\n\t<meta name=\"twitter:data1\" content=\"2 minutter\" \/>\n<script type=\"application\/ld+json\" class=\"yoast-schema-graph\">{\"@context\":\"https:\/\/schema.org\",\"@graph\":[{\"@type\":\"WebPage\",\"@id\":\"https:\/\/seiersborg.vgs.no\/follo\/sok-her\/\",\"url\":\"https:\/\/seiersborg.vgs.no\/follo\/sok-her\/\",\"name\":\"S\u00f8k her - Follo\",\"isPartOf\":{\"@id\":\"https:\/\/seiersborg.vgs.no\/follo\/#website\"},\"datePublished\":\"2023-08-28T12:37:47+00:00\",\"dateModified\":\"2026-05-05T10:52:52+00:00\",\"breadcrumb\":{\"@id\":\"https:\/\/seiersborg.vgs.no\/follo\/sok-her\/#breadcrumb\"},\"inLanguage\":\"nb-NO\",\"potentialAction\":[{\"@type\":\"ReadAction\",\"target\":[\"https:\/\/seiersborg.vgs.no\/follo\/sok-her\/\"]}]},{\"@type\":\"BreadcrumbList\",\"@id\":\"https:\/\/seiersborg.vgs.no\/follo\/sok-her\/#breadcrumb\",\"itemListElement\":[{\"@type\":\"ListItem\",\"position\":1,\"name\":\"Hjem\",\"item\":\"https:\/\/seiersborg.vgs.no\/follo\/\"},{\"@type\":\"ListItem\",\"position\":2,\"name\":\"S\u00f8k her\"}]},{\"@type\":\"WebSite\",\"@id\":\"https:\/\/seiersborg.vgs.no\/follo\/#website\",\"url\":\"https:\/\/seiersborg.vgs.no\/follo\/\",\"name\":\"Follo\",\"description\":\"\",\"potentialAction\":[{\"@type\":\"SearchAction\",\"target\":{\"@type\":\"EntryPoint\",\"urlTemplate\":\"https:\/\/seiersborg.vgs.no\/follo\/?s={search_term_string}\"},\"query-input\":\"required name=search_term_string\"}],\"inLanguage\":\"nb-NO\"}]}<\/script>\n<!-- \/ Yoast SEO plugin. -->","yoast_head_json":{"title":"S\u00f8k her - Follo","robots":{"index":"index","follow":"follow","max-snippet":"max-snippet:-1","max-image-preview":"max-image-preview:large","max-video-preview":"max-video-preview:-1"},"canonical":"https:\/\/seiersborg.vgs.no\/follo\/sok-her\/","og_locale":"nb_NO","og_type":"article","og_title":"S\u00f8k her - Follo","og_description":"Du kan fortsatt s\u00f8ke Vi har fortsatt ledige plasser p\u00e5 helse- og oppvekstfag. S\u00f8ker du p\u00e5 et annet av v\u00e5re programomr\u00e5der vil du komme p\u00e5 venteliste. Ta gjerne kontakt med r\u00e5dgivere dersom du \u00f8nsker mer informasjon. Merk: Alle elever som fyller vilk\u00e5rene for inntak i offentlige skoler og som er innenfor skolens m\u00e5lgruppe kan vurderes [&hellip;]","og_url":"https:\/\/seiersborg.vgs.no\/follo\/sok-her\/","og_site_name":"Follo","article_modified_time":"2026-05-05T10:52:52+00:00","og_image":[{"url":"https:\/\/seiersborg.vgs.no\/follo\/wp-content\/uploads\/sites\/2\/2025\/11\/Diverse-bilder-16-1024x683.jpg"}],"twitter_card":"summary_large_image","twitter_misc":{"Ansl. lesetid":"2 minutter"},"schema":{"@context":"https:\/\/schema.org","@graph":[{"@type":"WebPage","@id":"https:\/\/seiersborg.vgs.no\/follo\/sok-her\/","url":"https:\/\/seiersborg.vgs.no\/follo\/sok-her\/","name":"S\u00f8k her - Follo","isPartOf":{"@id":"https:\/\/seiersborg.vgs.no\/follo\/#website"},"datePublished":"2023-08-28T12:37:47+00:00","dateModified":"2026-05-05T10:52:52+00:00","breadcrumb":{"@id":"https:\/\/seiersborg.vgs.no\/follo\/sok-her\/#breadcrumb"},"inLanguage":"nb-NO","potentialAction":[{"@type":"ReadAction","target":["https:\/\/seiersborg.vgs.no\/follo\/sok-her\/"]}]},{"@type":"BreadcrumbList","@id":"https:\/\/seiersborg.vgs.no\/follo\/sok-her\/#breadcrumb","itemListElement":[{"@type":"ListItem","position":1,"name":"Hjem","item":"https:\/\/seiersborg.vgs.no\/follo\/"},{"@type":"ListItem","position":2,"name":"S\u00f8k her"}]},{"@type":"WebSite","@id":"https:\/\/seiersborg.vgs.no\/follo\/#website","url":"https:\/\/seiersborg.vgs.no\/follo\/","name":"Follo","description":"","potentialAction":[{"@type":"SearchAction","target":{"@type":"EntryPoint","urlTemplate":"https:\/\/seiersborg.vgs.no\/follo\/?s={search_term_string}"},"query-input":"required name=search_term_string"}],"inLanguage":"nb-NO"}]}},"_links":{"self":[{"href":"https:\/\/seiersborg.vgs.no\/follo\/wp-json\/wp\/v2\/pages\/58"}],"collection":[{"href":"https:\/\/seiersborg.vgs.no\/follo\/wp-json\/wp\/v2\/pages"}],"about":[{"href":"https:\/\/seiersborg.vgs.no\/follo\/wp-json\/wp\/v2\/types\/page"}],"author":[{"embeddable":true,"href":"https:\/\/seiersborg.vgs.no\/follo\/wp-json\/wp\/v2\/users\/1"}],"replies":[{"embeddable":true,"href":"https:\/\/seiersborg.vgs.no\/follo\/wp-json\/wp\/v2\/comments?post=58"}],"version-history":[{"count":33,"href":"https:\/\/seiersborg.vgs.no\/follo\/wp-json\/wp\/v2\/pages\/58\/revisions"}],"predecessor-version":[{"id":4334,"href":"https:\/\/seiersborg.vgs.no\/follo\/wp-json\/wp\/v2\/pages\/58\/revisions\/4334"}],"wp:attachment":[{"href":"https:\/\/seiersborg.vgs.no\/follo\/wp-json\/wp\/v2\/media?parent=58"}],"curies":[{"name":"wp","href":"https:\/\/api.w.org\/{rel}","templated":true}]}}