{"id":20888,"date":"2025-06-13T14:45:43","date_gmt":"2025-06-13T12:45:43","guid":{"rendered":"https:\/\/seiersborg.vgs.no\/fredrikstad\/?page_id=20888"},"modified":"2025-06-16T09:08:36","modified_gmt":"2025-06-16T07:08:36","slug":"apenhetsloven","status":"publish","type":"page","link":"https:\/\/seiersborg.vgs.no\/fredrikstad\/apenhetsloven\/","title":{"rendered":"\u00c5penhetsloven"},"content":{"rendered":"\n<div class=\" wp-block-group alignfull has-grey-background-color has-background eplus-wrapper is-layout-constrained wp-block-group-is-layout-constrained\" style=\"padding-top:var(--wp--preset--spacing--50);padding-bottom:var(--wp--preset--spacing--50)\"><div class=\"wp-block-group__inner-container\">\n<div style=\"height:125px\" aria-hidden=\"true\" class=\" wp-block-spacer eplus-wrapper\"><\/div>\n\n\n\n<div style=\"height:30px\" aria-hidden=\"true\" class=\"hide-mobile wp-block-spacer eplus-wrapper\"><\/div>\n\n\n\n<div class=\" wp-block-group eplus-wrapper is-layout-constrained wp-block-group-is-layout-constrained\"><div class=\"wp-block-group__inner-container\"><div class=\" wp-block-columns eplus-wrapper is-layout-flex wp-container-2 wp-block-columns-is-layout-flex eplus-styles-uid-0ee35e\">\n<div class=\" wp-block-column eplus-wrapper is-layout-flow wp-block-column-is-layout-flow\">\n<h2 class=\" wp-block-heading has-text-align-center eplus-wrapper\">\u00c5penhetsloven<\/h2>\n<\/div>\n<\/div><\/div><\/div>\n<\/div><\/div>\n\n\n\n<div style=\"height:30px\" aria-hidden=\"true\" class=\"hide-mobile wp-block-spacer eplus-wrapper\"><\/div>\n\n\n\n<div style=\"height:30px\" aria-hidden=\"true\" class=\"hide-mobile wp-block-spacer eplus-wrapper\"><\/div>\n\n\n\n<div class=\" wp-block-group eplus-wrapper is-layout-constrained wp-block-group-is-layout-constrained\"><div class=\"wp-block-group__inner-container\"><div class=\" wp-block-columns eplus-wrapper is-layout-flex wp-container-7 wp-block-columns-is-layout-flex eplus-styles-uid-f2862e\">\n<div class=\" wp-block-column eplus-wrapper is-layout-flow wp-block-column-is-layout-flow\">\n<p class=\" eplus-wrapper\">\u00c5penhetsloven som tredde i kraft 1. juli 2022, skal fremme virksomheters respekt for menneskerettigheter og anstendige arbeidsforhold, samt sikre allmennheten tilgang p\u00e5 informasjon. Innf\u00f8ringen av loven inneb\u00e6rer at alle bedrifter som omfattes av denne m\u00e5 gjennomf\u00f8re kontinuerlige aktsomhetsvurderinger og gi enhver innsyn i disse vurderingene.<\/p>\n\n\n\n<div class=\" wp-block-buttons eplus-wrapper is-layout-flex wp-block-buttons-is-layout-flex\"><div class=\" wp-block-button eplus-wrapper eplus-styles-uid-35d041\"><a class=\"wp-block-button__link has-light-blue-background-color has-background wp-element-button\" href=\"https:\/\/seiersborg.vgs.no\/fredrikstad\/wp-content\/uploads\/sites\/1\/2025\/06\/Apenhetsloven-redegjorelse-2024-signert.pdf\" target=\"_blank\" rel=\"noreferrer noopener\">Redegj\u00f8relse 2024 <img decoding=\"async\" class=\"wp-image-20929\" style=\"width: 20px\" src=\"https:\/\/blaakors.no\/wp-content\/uploads\/2024\/08\/download.svg\" alt=\"\"><\/a><\/div><\/div>\n\n\n\n<div style=\"height:10px\" aria-hidden=\"true\" class=\" wp-block-spacer eplus-wrapper\"><\/div>\n\n\n\n<h3 class=\" wp-block-heading eplus-wrapper\">Kontaktskjema<\/h3>\n\n\n\n<p class=\" eplus-wrapper\">Dersom du har sp\u00f8rsm\u00e5l eller \u00f8nsker \u00e5 vite hvordan Seiersborg videreg\u00e5ende skole Fredrikstad AS jobber med forvaltning av \u00e5penhetsloven, kan du be om innsyn.\u00a0Det gj\u00f8r du ved \u00e5 kontakte oss p\u00e5 denne mailen\u00a0<a href=\"mailto:apenhetsloven@seiersborg.vgs.no\">apenhetsloven@seiersborg.vgs.no<\/a><\/p>\n\n\n\n<p class=\" eplus-wrapper\">Vi forplikter oss til \u00e5 respondere p\u00e5 henvendelsen senest innen tre uker.<a href=\"https:\/\/blaakors.no\/wp-content\/uploads\/2023\/06\/2022-Redegjorelse-for-Apenhetsloven-Stiftelsen-Bla-Kors-Fredrikstad.pdf\"><\/a><\/p>\n<\/div>\n<\/div><\/div><\/div>\n\n\n\n<div style=\"height:70px\" aria-hidden=\"true\" class=\" wp-block-spacer eplus-wrapper\"><\/div>\n","protected":false},"excerpt":{"rendered":"<p>\u00c5penhetsloven \u00c5penhetsloven som tredde i kraft 1. juli 2022, skal fremme virksomheters respekt for menneskerettigheter og anstendige arbeidsforhold, samt sikre allmennheten tilgang p\u00e5 informasjon. Innf\u00f8ringen av loven inneb\u00e6rer at alle bedrifter som omfattes av denne m\u00e5 gjennomf\u00f8re kontinuerlige aktsomhetsvurderinger og gi enhver innsyn i disse vurderingene. Kontaktskjema Dersom du har sp\u00f8rsm\u00e5l eller \u00f8nsker \u00e5 vite [&hellip;]<\/p>\n","protected":false},"author":6,"featured_media":0,"parent":0,"menu_order":0,"comment_status":"closed","ping_status":"closed","template":"","meta":{"inline_featured_image":false,"editor_plus_copied_stylings":"{}","footnotes":""},"featured_image_src":null,"yoast_head":"<!-- This site is optimized with the Yoast SEO plugin v21.0 - https:\/\/yoast.com\/wordpress\/plugins\/seo\/ -->\n<title>\u00c5penhetsloven - Fredrikstad<\/title>\n<meta name=\"robots\" content=\"index, follow, max-snippet:-1, max-image-preview:large, max-video-preview:-1\" \/>\n<link rel=\"canonical\" href=\"https:\/\/seiersborg.vgs.no\/fredrikstad\/apenhetsloven\/\" \/>\n<meta property=\"og:locale\" content=\"nb_NO\" \/>\n<meta property=\"og:type\" content=\"article\" \/>\n<meta property=\"og:title\" content=\"\u00c5penhetsloven - Fredrikstad\" \/>\n<meta property=\"og:description\" content=\"\u00c5penhetsloven \u00c5penhetsloven som tredde i kraft 1. juli 2022, skal fremme virksomheters respekt for menneskerettigheter og anstendige arbeidsforhold, samt sikre allmennheten tilgang p\u00e5 informasjon. Innf\u00f8ringen av loven inneb\u00e6rer at alle bedrifter som omfattes av denne m\u00e5 gjennomf\u00f8re kontinuerlige aktsomhetsvurderinger og gi enhver innsyn i disse vurderingene. Kontaktskjema Dersom du har sp\u00f8rsm\u00e5l eller \u00f8nsker \u00e5 vite [&hellip;]\" \/>\n<meta property=\"og:url\" content=\"https:\/\/seiersborg.vgs.no\/fredrikstad\/apenhetsloven\/\" \/>\n<meta property=\"og:site_name\" content=\"Fredrikstad\" \/>\n<meta property=\"article:modified_time\" content=\"2025-06-16T07:08:36+00:00\" \/>\n<meta property=\"og:image\" content=\"https:\/\/blaakors.no\/wp-content\/uploads\/2024\/08\/download.svg\" \/>\n<meta name=\"twitter:card\" content=\"summary_large_image\" \/>\n<meta name=\"twitter:label1\" content=\"Ansl. lesetid\" \/>\n\t<meta name=\"twitter:data1\" content=\"1 minutt\" \/>\n<script type=\"application\/ld+json\" class=\"yoast-schema-graph\">{\"@context\":\"https:\/\/schema.org\",\"@graph\":[{\"@type\":\"WebPage\",\"@id\":\"https:\/\/seiersborg.vgs.no\/fredrikstad\/apenhetsloven\/\",\"url\":\"https:\/\/seiersborg.vgs.no\/fredrikstad\/apenhetsloven\/\",\"name\":\"\u00c5penhetsloven - Fredrikstad\",\"isPartOf\":{\"@id\":\"https:\/\/seiersborg.vgs.no\/fredrikstad\/#website\"},\"datePublished\":\"2025-06-13T12:45:43+00:00\",\"dateModified\":\"2025-06-16T07:08:36+00:00\",\"breadcrumb\":{\"@id\":\"https:\/\/seiersborg.vgs.no\/fredrikstad\/apenhetsloven\/#breadcrumb\"},\"inLanguage\":\"nb-NO\",\"potentialAction\":[{\"@type\":\"ReadAction\",\"target\":[\"https:\/\/seiersborg.vgs.no\/fredrikstad\/apenhetsloven\/\"]}]},{\"@type\":\"BreadcrumbList\",\"@id\":\"https:\/\/seiersborg.vgs.no\/fredrikstad\/apenhetsloven\/#breadcrumb\",\"itemListElement\":[{\"@type\":\"ListItem\",\"position\":1,\"name\":\"Hjem\",\"item\":\"https:\/\/seiersborg.vgs.no\/fredrikstad\/\"},{\"@type\":\"ListItem\",\"position\":2,\"name\":\"\u00c5penhetsloven\"}]},{\"@type\":\"WebSite\",\"@id\":\"https:\/\/seiersborg.vgs.no\/fredrikstad\/#website\",\"url\":\"https:\/\/seiersborg.vgs.no\/fredrikstad\/\",\"name\":\"Fredrikstad\",\"description\":\"\",\"potentialAction\":[{\"@type\":\"SearchAction\",\"target\":{\"@type\":\"EntryPoint\",\"urlTemplate\":\"https:\/\/seiersborg.vgs.no\/fredrikstad\/?s={search_term_string}\"},\"query-input\":\"required name=search_term_string\"}],\"inLanguage\":\"nb-NO\"}]}<\/script>\n<!-- \/ Yoast SEO plugin. -->","yoast_head_json":{"title":"\u00c5penhetsloven - Fredrikstad","robots":{"index":"index","follow":"follow","max-snippet":"max-snippet:-1","max-image-preview":"max-image-preview:large","max-video-preview":"max-video-preview:-1"},"canonical":"https:\/\/seiersborg.vgs.no\/fredrikstad\/apenhetsloven\/","og_locale":"nb_NO","og_type":"article","og_title":"\u00c5penhetsloven - Fredrikstad","og_description":"\u00c5penhetsloven \u00c5penhetsloven som tredde i kraft 1. juli 2022, skal fremme virksomheters respekt for menneskerettigheter og anstendige arbeidsforhold, samt sikre allmennheten tilgang p\u00e5 informasjon. Innf\u00f8ringen av loven inneb\u00e6rer at alle bedrifter som omfattes av denne m\u00e5 gjennomf\u00f8re kontinuerlige aktsomhetsvurderinger og gi enhver innsyn i disse vurderingene. Kontaktskjema Dersom du har sp\u00f8rsm\u00e5l eller \u00f8nsker \u00e5 vite [&hellip;]","og_url":"https:\/\/seiersborg.vgs.no\/fredrikstad\/apenhetsloven\/","og_site_name":"Fredrikstad","article_modified_time":"2025-06-16T07:08:36+00:00","og_image":[{"url":"https:\/\/blaakors.no\/wp-content\/uploads\/2024\/08\/download.svg"}],"twitter_card":"summary_large_image","twitter_misc":{"Ansl. lesetid":"1 minutt"},"schema":{"@context":"https:\/\/schema.org","@graph":[{"@type":"WebPage","@id":"https:\/\/seiersborg.vgs.no\/fredrikstad\/apenhetsloven\/","url":"https:\/\/seiersborg.vgs.no\/fredrikstad\/apenhetsloven\/","name":"\u00c5penhetsloven - Fredrikstad","isPartOf":{"@id":"https:\/\/seiersborg.vgs.no\/fredrikstad\/#website"},"datePublished":"2025-06-13T12:45:43+00:00","dateModified":"2025-06-16T07:08:36+00:00","breadcrumb":{"@id":"https:\/\/seiersborg.vgs.no\/fredrikstad\/apenhetsloven\/#breadcrumb"},"inLanguage":"nb-NO","potentialAction":[{"@type":"ReadAction","target":["https:\/\/seiersborg.vgs.no\/fredrikstad\/apenhetsloven\/"]}]},{"@type":"BreadcrumbList","@id":"https:\/\/seiersborg.vgs.no\/fredrikstad\/apenhetsloven\/#breadcrumb","itemListElement":[{"@type":"ListItem","position":1,"name":"Hjem","item":"https:\/\/seiersborg.vgs.no\/fredrikstad\/"},{"@type":"ListItem","position":2,"name":"\u00c5penhetsloven"}]},{"@type":"WebSite","@id":"https:\/\/seiersborg.vgs.no\/fredrikstad\/#website","url":"https:\/\/seiersborg.vgs.no\/fredrikstad\/","name":"Fredrikstad","description":"","potentialAction":[{"@type":"SearchAction","target":{"@type":"EntryPoint","urlTemplate":"https:\/\/seiersborg.vgs.no\/fredrikstad\/?s={search_term_string}"},"query-input":"required name=search_term_string"}],"inLanguage":"nb-NO"}]}},"_links":{"self":[{"href":"https:\/\/seiersborg.vgs.no\/fredrikstad\/wp-json\/wp\/v2\/pages\/20888"}],"collection":[{"href":"https:\/\/seiersborg.vgs.no\/fredrikstad\/wp-json\/wp\/v2\/pages"}],"about":[{"href":"https:\/\/seiersborg.vgs.no\/fredrikstad\/wp-json\/wp\/v2\/types\/page"}],"author":[{"embeddable":true,"href":"https:\/\/seiersborg.vgs.no\/fredrikstad\/wp-json\/wp\/v2\/users\/6"}],"replies":[{"embeddable":true,"href":"https:\/\/seiersborg.vgs.no\/fredrikstad\/wp-json\/wp\/v2\/comments?post=20888"}],"version-history":[{"count":3,"href":"https:\/\/seiersborg.vgs.no\/fredrikstad\/wp-json\/wp\/v2\/pages\/20888\/revisions"}],"predecessor-version":[{"id":20900,"href":"https:\/\/seiersborg.vgs.no\/fredrikstad\/wp-json\/wp\/v2\/pages\/20888\/revisions\/20900"}],"wp:attachment":[{"href":"https:\/\/seiersborg.vgs.no\/fredrikstad\/wp-json\/wp\/v2\/media?parent=20888"}],"curies":[{"name":"wp","href":"https:\/\/api.w.org\/{rel}","templated":true}]}}