{"id":275,"date":"2023-08-01T13:43:45","date_gmt":"2023-08-01T11:43:45","guid":{"rendered":"https:\/\/seiersborg.vgs.no\/fredrikstad\/?page_id=275"},"modified":"2025-01-24T13:06:08","modified_gmt":"2025-01-24T12:06:08","slug":"bygg-og-anleggsteknikk-vg1","status":"publish","type":"page","link":"https:\/\/seiersborg.vgs.no\/fredrikstad\/vart-utdanningstilbud\/bygg-og-anleggsteknikk-vg1\/","title":{"rendered":"Bygg- og anleggsteknikk (Vg1)"},"content":{"rendered":"\n<div class=\"cs-top wp-block-group alignfull has-primary-beige-background-color has-background eplus-wrapper is-layout-constrained wp-block-group-is-layout-constrained\"><div class=\"wp-block-group__inner-container\">\n<div class=\"container-rounded-corners wp-block-group has-light-beige-background-color has-background eplus-wrapper is-layout-constrained wp-block-group-is-layout-constrained\"><div class=\"wp-block-group__inner-container\"><div class=\" wp-block-columns alignfull are-vertically-aligned-center eplus-wrapper is-layout-flex wp-container-6 wp-block-columns-is-layout-flex eplus-styles-uid-0a71ce\">\n<div class=\" wp-block-column eplus-wrapper is-layout-flow wp-block-column-is-layout-flow\" style=\"flex-basis:10px\"><\/div>\n\n\n\n<div class=\" wp-block-column is-vertically-aligned-center eplus-wrapper is-layout-flow wp-block-column-is-layout-flow\">\n<h1 class=\" wp-block-heading eplus-wrapper\">Bygg- og anleggsteknikk (vg1)<\/h1>\n\n\n\n<p class=\" eplus-wrapper\">Liker du \u00e5 jobbe praktisk? Vg1 Bygg- og anleggsteknikk er starten p\u00e5 en spennende utdanning som gir grunnleggende ferdigheter og kunnskap om bygg- og anleggsn\u00e6ringen. <\/p>\n\n\n\n<div class=\" wp-block-buttons eplus-wrapper is-layout-flex wp-block-buttons-is-layout-flex\"><div class=\"is-style-fill wp-block-button eplus-wrapper eplus-styles-uid-1b2b6d\"><a class=\"wp-block-button__link has-black-color has-pink-background-color has-text-color has-background wp-element-button\" href=\"https:\/\/seiersborg.vgs.no\/fredrikstad\/sok-her\/\" target=\"_blank\" rel=\"noreferrer noopener\">S\u00f8k her<\/a><\/div><\/div>\n<\/div>\n\n\n\n<div class=\" wp-block-column eplus-wrapper is-layout-flow wp-block-column-is-layout-flow\" style=\"flex-basis:5px\"><\/div>\n\n\n\n<div class=\" wp-block-column is-vertically-aligned-center eplus-wrapper is-layout-flow wp-block-column-is-layout-flow\">\n<div style=\"height:50px\" aria-hidden=\"true\" class=\" wp-block-spacer eplus-wrapper\"><\/div>\n\n\n\n<figure class=\" wp-block-image size-large eplus-wrapper\"><img decoding=\"async\" loading=\"lazy\" width=\"1024\" height=\"683\" src=\"https:\/\/seiersborg.vgs.no\/fredrikstad\/wp-content\/uploads\/sites\/1\/2024\/09\/Bygg_web-12-1024x683.jpg\" alt=\"\" class=\"wp-image-19919\" srcset=\"https:\/\/seiersborg.vgs.no\/fredrikstad\/wp-content\/uploads\/sites\/1\/2024\/09\/Bygg_web-12-1024x683.jpg 1024w, https:\/\/seiersborg.vgs.no\/fredrikstad\/wp-content\/uploads\/sites\/1\/2024\/09\/Bygg_web-12-300x200.jpg 300w, https:\/\/seiersborg.vgs.no\/fredrikstad\/wp-content\/uploads\/sites\/1\/2024\/09\/Bygg_web-12-768x512.jpg 768w, https:\/\/seiersborg.vgs.no\/fredrikstad\/wp-content\/uploads\/sites\/1\/2024\/09\/Bygg_web-12-1536x1024.jpg 1536w, https:\/\/seiersborg.vgs.no\/fredrikstad\/wp-content\/uploads\/sites\/1\/2024\/09\/Bygg_web-12.jpg 1600w\" sizes=\"(max-width: 1024px) 100vw, 1024px\" \/><\/figure>\n\n\n\n<div style=\"height:50px\" aria-hidden=\"true\" class=\" wp-block-spacer eplus-wrapper\"><\/div>\n<\/div>\n<\/div><\/div><\/div>\n<\/div><\/div>\n\n\n\n<div class=\"cs-medium wp-block-group eplus-wrapper is-layout-constrained wp-block-group-is-layout-constrained\"><div class=\"wp-block-group__inner-container\"><div class=\" wp-block-columns eplus-wrapper is-layout-flex wp-container-11 wp-block-columns-is-layout-flex eplus-styles-uid-9a3a53\">\n<div class=\" wp-block-column eplus-wrapper is-layout-flow wp-block-column-is-layout-flow\">\n<p class=\" eplus-wrapper\">Etter vg1 bygg- og anleggsteknikk kan du s\u00f8ke deg videre til vg2 t\u00f8mrer p\u00e5 Seiersborg videreg\u00e5ende skole Fredrikstad. <\/p>\n\n\n\n<p class=\" eplus-wrapper\">I l\u00f8pet av vg1 l\u00e6rer du deg grunnleggende teknikker, materialbruk og sikkerhet i arbeidet. Gjennom praktiske oppgaver f\u00e5r du verdifull erfaring som forbereder deg til viderespesialisering p\u00e5 vg2 og senere i l\u00e6reperioden. <\/p>\n\n\n\n<p class=\" eplus-wrapper\">Vi har et stort verksted p\u00e5 skolen v\u00e5r. Hit legger vi mye av undervisningen slik at vi f\u00e5r testet ut teorien vi l\u00e6rer i praksis. <\/p>\n<\/div>\n\n\n\n<div class=\" wp-block-column eplus-wrapper is-layout-flow wp-block-column-is-layout-flow\">\n<p class=\" eplus-wrapper\"><\/p>\n<\/div>\n<\/div><\/div><\/div>\n\n\n\n<div class=\" wp-block-group eplus-wrapper is-layout-constrained wp-block-group-is-layout-constrained\"><div class=\"wp-block-group__inner-container\"><div class=\" wp-block-columns eplus-wrapper is-layout-flex wp-container-20 wp-block-columns-is-layout-flex eplus-styles-uid-cb9ee7\">\n<div class=\" wp-block-column eplus-wrapper is-layout-flow wp-block-column-is-layout-flow\"><div class=\" wp-block-columns eplus-wrapper is-layout-flex wp-container-14 wp-block-columns-is-layout-flex eplus-styles-uid-54b480\">\n<div class=\" wp-block-column eplus-wrapper is-layout-flow wp-block-column-is-layout-flow\">\n<div style=\"height:45px\" aria-hidden=\"true\" class=\" wp-block-spacer eplus-wrapper\"><\/div>\n\n\n<figure class=\"wp-embed-aspect-16-9 wp-has-aspect-ratio wp-block-embed alignfull is-type-video is-provider-youtube wp-block-embed-youtube eplus-wrapper eplus-styles-uid-af32dd\"><div class=\"wp-block-embed__wrapper\">\n<iframe loading=\"lazy\" title=\"Bygg- og anleggsteknikk\" width=\"640\" height=\"360\" src=\"https:\/\/www.youtube.com\/embed\/KiDLWTz6-8g?feature=oembed\" frameborder=\"0\" allow=\"accelerometer; autoplay; clipboard-write; encrypted-media; gyroscope; picture-in-picture; web-share\" referrerpolicy=\"strict-origin-when-cross-origin\" allowfullscreen><\/iframe>\n<\/div><figcaption class=\"wp-element-caption\">Se film fra Vg1 Bygg- og anleggsteknikk hos oss<\/figcaption><\/figure><\/div>\n<\/div>\n\n\n<div style=\"height:47px\" aria-hidden=\"true\" class=\" wp-block-spacer eplus-wrapper\"><\/div>\n<\/div>\n\n\n\n<div class=\" wp-block-column eplus-wrapper is-layout-flow wp-block-column-is-layout-flow\">\n<div style=\"height:48px\" aria-hidden=\"true\" class=\" wp-block-spacer eplus-wrapper\"><\/div>\n\n\n<div class=\" wp-block-columns eplus-wrapper is-layout-flex wp-container-17 wp-block-columns-is-layout-flex eplus-styles-uid-0f377c\">\n<div class=\" wp-block-column eplus-wrapper is-layout-flow wp-block-column-is-layout-flow\"><div class=\"wp-block-ub-content-toggle wp-block-ub-content-toggle-block\" id=\"ub-content-toggle-block-1c287809-cbdc-4992-9492-04e00b57207e\" data-mobilecollapse=\"false\" data-desktopcollapse=\"true\" data-preventcollapse=\"false\" data-showonlyone=\"true\">\n<div class=\"wp-block-ub-content-toggle-accordion\" style=\"border-color: #DCEAE9; \" id=\"ub-content-toggle-panel-block-\">\n\t\t\t<div class=\"wp-block-ub-content-toggle-accordion-title-wrap\" style=\"background-color: #DCEAE9;\" aria-controls=\"ub-content-toggle-panel-0-1c287809-cbdc-4992-9492-04e00b57207e\" tabindex=\"0\">\n\t\t\t<h3 class=\"wp-block-ub-content-toggle-accordion-title ub-content-toggle-title-1c287809-cbdc-4992-9492-04e00b57207e\" style=\"color: #000000; \">Du l\u00e6rer om<\/h3>\n\t\t\t<div class=\"wp-block-ub-content-toggle-accordion-toggle-wrap right\" style=\"color: #000000;\"><span class=\"wp-block-ub-content-toggle-accordion-state-indicator wp-block-ub-chevron-down\"><\/span><\/div>\n\t\t<\/div>\n\t\t\t<div role=\"region\" aria-expanded=\"false\" class=\"wp-block-ub-content-toggle-accordion-content-wrap ub-hide\" id=\"ub-content-toggle-panel-0-1c287809-cbdc-4992-9492-04e00b57207e\">\n<ul class=\" ep-custom-icon-list ep-custom-list eplus-wrapper eplus-styles-uid-5a3be9\">\n<li class=\" eplus-wrapper\">produksjon og oppf\u00f8ring av nye bygg og anlegg<\/li>\n\n\n\n<li class=\" eplus-wrapper\">ombygging og vedlikehold av bygg og anlegg<\/li>\n\n\n\n<li class=\" eplus-wrapper\">klima og teknologi<\/li>\n\n\n\n<li class=\" eplus-wrapper\">bruk av tegninger, beskrivelser og beregninger<\/li>\n\n\n\n<li class=\" eplus-wrapper\">kvalitet og sikkerhet<\/li>\n\n\n\n<li class=\" eplus-wrapper\">materialkunnskap<\/li>\n<\/ul>\n<\/div>\n\t\t<\/div>\n\n<div class=\"wp-block-ub-content-toggle-accordion\" style=\"border-color: #DCEAE9; \" id=\"ub-content-toggle-panel-block-\">\n\t\t\t<div class=\"wp-block-ub-content-toggle-accordion-title-wrap\" style=\"background-color: #DCEAE9;\" aria-controls=\"ub-content-toggle-panel-1-1c287809-cbdc-4992-9492-04e00b57207e\" tabindex=\"0\">\n\t\t\t<h3 class=\"wp-block-ub-content-toggle-accordion-title ub-content-toggle-title-1c287809-cbdc-4992-9492-04e00b57207e\" style=\"color: #000000; \">Du b\u00f8r v\u00e6re<\/h3>\n\t\t\t<div class=\"wp-block-ub-content-toggle-accordion-toggle-wrap right\" style=\"color: #000000;\"><span class=\"wp-block-ub-content-toggle-accordion-state-indicator wp-block-ub-chevron-down\"><\/span><\/div>\n\t\t<\/div>\n\t\t\t<div role=\"region\" aria-expanded=\"false\" class=\"wp-block-ub-content-toggle-accordion-content-wrap ub-hide\" id=\"ub-content-toggle-panel-1-1c287809-cbdc-4992-9492-04e00b57207e\">\n<ul class=\" ep-custom-icon-list ep-custom-list eplus-wrapper eplus-styles-uid-6955b7\">\n<li class=\" eplus-wrapper\">praktisk anlagt og ha godt h\u00e5ndlag<\/li>\n\n\n\n<li class=\" eplus-wrapper\">selvstendig og n\u00f8yaktig<\/li>\n\n\n\n<li class=\" eplus-wrapper\">god til \u00e5 samarbeide<\/li>\n<\/ul>\n<\/div>\n\t\t<\/div>\n\n<div class=\"wp-block-ub-content-toggle-accordion\" style=\"border-color: #DCEAE9; \" id=\"ub-content-toggle-panel-block-\">\n\t\t\t<div class=\"wp-block-ub-content-toggle-accordion-title-wrap\" style=\"background-color: #DCEAE9;\" aria-controls=\"ub-content-toggle-panel-2-1c287809-cbdc-4992-9492-04e00b57207e\" tabindex=\"0\">\n\t\t\t<h3 class=\"wp-block-ub-content-toggle-accordion-title ub-content-toggle-title-1c287809-cbdc-4992-9492-04e00b57207e\" style=\"color: #000000; \">Du kan bli<\/h3>\n\t\t\t<div class=\"wp-block-ub-content-toggle-accordion-toggle-wrap right\" style=\"color: #000000;\"><span class=\"wp-block-ub-content-toggle-accordion-state-indicator wp-block-ub-chevron-down\"><\/span><\/div>\n\t\t<\/div>\n\t\t\t<div role=\"region\" aria-expanded=\"false\" class=\"wp-block-ub-content-toggle-accordion-content-wrap ub-hide\" id=\"ub-content-toggle-panel-2-1c287809-cbdc-4992-9492-04e00b57207e\">\n<ul class=\" ep-custom-icon-list ep-custom-list eplus-wrapper eplus-styles-uid-31f916\">\n<li class=\" eplus-wrapper\">vei- og anleggsfagarbeider <\/li>\n\n\n\n<li class=\" eplus-wrapper\">asfalt\u00f8r<\/li>\n\n\n\n<li class=\" eplus-wrapper\">anleggsgartner <\/li>\n\n\n\n<li class=\" eplus-wrapper\">anleggsmaskinf\u00f8rer<\/li>\n\n\n\n<li class=\" eplus-wrapper\">maler <\/li>\n\n\n\n<li class=\" eplus-wrapper\">murer<\/li>\n\n\n\n<li class=\" eplus-wrapper\">t\u00f8mrer <\/li>\n\n\n\n<li class=\" eplus-wrapper\">r\u00f8rlegger<\/li>\n\n\n\n<li class=\" eplus-wrapper\">stillasbygger <\/li>\n\n\n\n<li class=\" eplus-wrapper\">taktekker <\/li>\n\n\n\n<li class=\" eplus-wrapper\">blikkenslager<\/li>\n\n\n\n<li class=\" eplus-wrapper\">snekker <\/li>\n\n\n\n<li class=\" eplus-wrapper\">glassfagarbeider<\/li>\n<\/ul>\n<\/div>\n\t\t<\/div>\n<\/div><\/div>\n<\/div>\n\n\n<div style=\"height:55px\" aria-hidden=\"true\" class=\" wp-block-spacer eplus-wrapper\"><\/div>\n\n\n\n<div class=\" wp-block-buttons eplus-wrapper is-layout-flex wp-block-buttons-is-layout-flex\"><div class=\" wp-block-button has-custom-font-size has-medium-font-size eplus-wrapper eplus-styles-uid-9775e8\"><a class=\"wp-block-button__link has-white-color has-primary-blue-background-color has-text-color has-background wp-element-button\" href=\"https:\/\/www.vilbli.no\/nb\/no\" style=\"border-radius:41px\" target=\"_blank\" rel=\"noreferrer noopener\"><strong>Les mer p\u00e5 vilbli.no<\/strong><\/a><\/div><\/div>\n<\/div>\n<\/div><\/div><\/div>\n\n\n\n<div class=\"cs-medium wp-block-group eplus-wrapper is-layout-constrained wp-block-group-is-layout-constrained\"><div class=\"wp-block-group__inner-container\"><div class=\" wp-block-columns eplus-wrapper is-layout-flex wp-container-23 wp-block-columns-is-layout-flex eplus-styles-uid-4cd626\"><div class=\" wp-block-column is-vertically-aligned-center eplus-wrapper is-layout-flow wp-block-column-is-layout-flow eplus-styles-uid-353215\"><\/div><\/div><\/div><\/div>\n","protected":false},"excerpt":{"rendered":"<p>Bygg- og anleggsteknikk (vg1) Liker du \u00e5 jobbe praktisk? Vg1 Bygg- og anleggsteknikk er starten p\u00e5 en spennende utdanning som gir grunnleggende ferdigheter og kunnskap om bygg- og anleggsn\u00e6ringen. Etter vg1 bygg- og anleggsteknikk kan du s\u00f8ke deg videre til vg2 t\u00f8mrer p\u00e5 Seiersborg videreg\u00e5ende skole Fredrikstad. I l\u00f8pet av vg1 l\u00e6rer du deg grunnleggende [&hellip;]<\/p>\n","protected":false},"author":1,"featured_media":0,"parent":28,"menu_order":0,"comment_status":"closed","ping_status":"closed","template":"","meta":{"inline_featured_image":false,"editor_plus_copied_stylings":"{}","footnotes":""},"featured_image_src":null,"yoast_head":"<!-- This site is optimized with the Yoast SEO plugin v21.0 - https:\/\/yoast.com\/wordpress\/plugins\/seo\/ -->\n<title>Bygg- og anleggsteknikk (Vg1) - Fredrikstad<\/title>\n<meta name=\"robots\" content=\"index, follow, max-snippet:-1, max-image-preview:large, max-video-preview:-1\" \/>\n<link rel=\"canonical\" href=\"https:\/\/seiersborg.vgs.no\/fredrikstad\/vart-utdanningstilbud\/bygg-og-anleggsteknikk-vg1\/\" \/>\n<meta property=\"og:locale\" content=\"nb_NO\" \/>\n<meta property=\"og:type\" content=\"article\" \/>\n<meta property=\"og:title\" content=\"Bygg- og anleggsteknikk (Vg1) - Fredrikstad\" \/>\n<meta property=\"og:description\" content=\"Bygg- og anleggsteknikk (vg1) Liker du \u00e5 jobbe praktisk? Vg1 Bygg- og anleggsteknikk er starten p\u00e5 en spennende utdanning som gir grunnleggende ferdigheter og kunnskap om bygg- og anleggsn\u00e6ringen. Etter vg1 bygg- og anleggsteknikk kan du s\u00f8ke deg videre til vg2 t\u00f8mrer p\u00e5 Seiersborg videreg\u00e5ende skole Fredrikstad. I l\u00f8pet av vg1 l\u00e6rer du deg grunnleggende [&hellip;]\" \/>\n<meta property=\"og:url\" content=\"https:\/\/seiersborg.vgs.no\/fredrikstad\/vart-utdanningstilbud\/bygg-og-anleggsteknikk-vg1\/\" \/>\n<meta property=\"og:site_name\" content=\"Fredrikstad\" \/>\n<meta property=\"article:modified_time\" content=\"2025-01-24T12:06:08+00:00\" \/>\n<meta property=\"og:image\" content=\"https:\/\/seiersborg.vgs.no\/fredrikstad\/wp-content\/uploads\/sites\/1\/2024\/09\/Bygg_web-12-1024x683.jpg\" \/>\n<meta name=\"twitter:card\" content=\"summary_large_image\" \/>\n<meta name=\"twitter:label1\" content=\"Ansl. lesetid\" \/>\n\t<meta name=\"twitter:data1\" content=\"2 minutter\" \/>\n<script type=\"application\/ld+json\" class=\"yoast-schema-graph\">{\"@context\":\"https:\/\/schema.org\",\"@graph\":[{\"@type\":\"WebPage\",\"@id\":\"https:\/\/seiersborg.vgs.no\/fredrikstad\/vart-utdanningstilbud\/bygg-og-anleggsteknikk-vg1\/\",\"url\":\"https:\/\/seiersborg.vgs.no\/fredrikstad\/vart-utdanningstilbud\/bygg-og-anleggsteknikk-vg1\/\",\"name\":\"Bygg- og anleggsteknikk (Vg1) - Fredrikstad\",\"isPartOf\":{\"@id\":\"https:\/\/seiersborg.vgs.no\/fredrikstad\/#website\"},\"datePublished\":\"2023-08-01T11:43:45+00:00\",\"dateModified\":\"2025-01-24T12:06:08+00:00\",\"breadcrumb\":{\"@id\":\"https:\/\/seiersborg.vgs.no\/fredrikstad\/vart-utdanningstilbud\/bygg-og-anleggsteknikk-vg1\/#breadcrumb\"},\"inLanguage\":\"nb-NO\",\"potentialAction\":[{\"@type\":\"ReadAction\",\"target\":[\"https:\/\/seiersborg.vgs.no\/fredrikstad\/vart-utdanningstilbud\/bygg-og-anleggsteknikk-vg1\/\"]}]},{\"@type\":\"BreadcrumbList\",\"@id\":\"https:\/\/seiersborg.vgs.no\/fredrikstad\/vart-utdanningstilbud\/bygg-og-anleggsteknikk-vg1\/#breadcrumb\",\"itemListElement\":[{\"@type\":\"ListItem\",\"position\":1,\"name\":\"Hjem\",\"item\":\"https:\/\/seiersborg.vgs.no\/fredrikstad\/\"},{\"@type\":\"ListItem\",\"position\":2,\"name\":\"V\u00e5rt utdanningstilbud\",\"item\":\"https:\/\/seiersborg.vgs.no\/fredrikstad\/vart-utdanningstilbud\/\"},{\"@type\":\"ListItem\",\"position\":3,\"name\":\"Bygg- og anleggsteknikk (Vg1)\"}]},{\"@type\":\"WebSite\",\"@id\":\"https:\/\/seiersborg.vgs.no\/fredrikstad\/#website\",\"url\":\"https:\/\/seiersborg.vgs.no\/fredrikstad\/\",\"name\":\"Fredrikstad\",\"description\":\"\",\"potentialAction\":[{\"@type\":\"SearchAction\",\"target\":{\"@type\":\"EntryPoint\",\"urlTemplate\":\"https:\/\/seiersborg.vgs.no\/fredrikstad\/?s={search_term_string}\"},\"query-input\":\"required name=search_term_string\"}],\"inLanguage\":\"nb-NO\"}]}<\/script>\n<!-- \/ Yoast SEO plugin. -->","yoast_head_json":{"title":"Bygg- og anleggsteknikk (Vg1) - Fredrikstad","robots":{"index":"index","follow":"follow","max-snippet":"max-snippet:-1","max-image-preview":"max-image-preview:large","max-video-preview":"max-video-preview:-1"},"canonical":"https:\/\/seiersborg.vgs.no\/fredrikstad\/vart-utdanningstilbud\/bygg-og-anleggsteknikk-vg1\/","og_locale":"nb_NO","og_type":"article","og_title":"Bygg- og anleggsteknikk (Vg1) - Fredrikstad","og_description":"Bygg- og anleggsteknikk (vg1) Liker du \u00e5 jobbe praktisk? Vg1 Bygg- og anleggsteknikk er starten p\u00e5 en spennende utdanning som gir grunnleggende ferdigheter og kunnskap om bygg- og anleggsn\u00e6ringen. Etter vg1 bygg- og anleggsteknikk kan du s\u00f8ke deg videre til vg2 t\u00f8mrer p\u00e5 Seiersborg videreg\u00e5ende skole Fredrikstad. I l\u00f8pet av vg1 l\u00e6rer du deg grunnleggende [&hellip;]","og_url":"https:\/\/seiersborg.vgs.no\/fredrikstad\/vart-utdanningstilbud\/bygg-og-anleggsteknikk-vg1\/","og_site_name":"Fredrikstad","article_modified_time":"2025-01-24T12:06:08+00:00","og_image":[{"url":"https:\/\/seiersborg.vgs.no\/fredrikstad\/wp-content\/uploads\/sites\/1\/2024\/09\/Bygg_web-12-1024x683.jpg"}],"twitter_card":"summary_large_image","twitter_misc":{"Ansl. lesetid":"2 minutter"},"schema":{"@context":"https:\/\/schema.org","@graph":[{"@type":"WebPage","@id":"https:\/\/seiersborg.vgs.no\/fredrikstad\/vart-utdanningstilbud\/bygg-og-anleggsteknikk-vg1\/","url":"https:\/\/seiersborg.vgs.no\/fredrikstad\/vart-utdanningstilbud\/bygg-og-anleggsteknikk-vg1\/","name":"Bygg- og anleggsteknikk (Vg1) - Fredrikstad","isPartOf":{"@id":"https:\/\/seiersborg.vgs.no\/fredrikstad\/#website"},"datePublished":"2023-08-01T11:43:45+00:00","dateModified":"2025-01-24T12:06:08+00:00","breadcrumb":{"@id":"https:\/\/seiersborg.vgs.no\/fredrikstad\/vart-utdanningstilbud\/bygg-og-anleggsteknikk-vg1\/#breadcrumb"},"inLanguage":"nb-NO","potentialAction":[{"@type":"ReadAction","target":["https:\/\/seiersborg.vgs.no\/fredrikstad\/vart-utdanningstilbud\/bygg-og-anleggsteknikk-vg1\/"]}]},{"@type":"BreadcrumbList","@id":"https:\/\/seiersborg.vgs.no\/fredrikstad\/vart-utdanningstilbud\/bygg-og-anleggsteknikk-vg1\/#breadcrumb","itemListElement":[{"@type":"ListItem","position":1,"name":"Hjem","item":"https:\/\/seiersborg.vgs.no\/fredrikstad\/"},{"@type":"ListItem","position":2,"name":"V\u00e5rt utdanningstilbud","item":"https:\/\/seiersborg.vgs.no\/fredrikstad\/vart-utdanningstilbud\/"},{"@type":"ListItem","position":3,"name":"Bygg- og anleggsteknikk (Vg1)"}]},{"@type":"WebSite","@id":"https:\/\/seiersborg.vgs.no\/fredrikstad\/#website","url":"https:\/\/seiersborg.vgs.no\/fredrikstad\/","name":"Fredrikstad","description":"","potentialAction":[{"@type":"SearchAction","target":{"@type":"EntryPoint","urlTemplate":"https:\/\/seiersborg.vgs.no\/fredrikstad\/?s={search_term_string}"},"query-input":"required name=search_term_string"}],"inLanguage":"nb-NO"}]}},"_links":{"self":[{"href":"https:\/\/seiersborg.vgs.no\/fredrikstad\/wp-json\/wp\/v2\/pages\/275"}],"collection":[{"href":"https:\/\/seiersborg.vgs.no\/fredrikstad\/wp-json\/wp\/v2\/pages"}],"about":[{"href":"https:\/\/seiersborg.vgs.no\/fredrikstad\/wp-json\/wp\/v2\/types\/page"}],"author":[{"embeddable":true,"href":"https:\/\/seiersborg.vgs.no\/fredrikstad\/wp-json\/wp\/v2\/users\/1"}],"replies":[{"embeddable":true,"href":"https:\/\/seiersborg.vgs.no\/fredrikstad\/wp-json\/wp\/v2\/comments?post=275"}],"version-history":[{"count":19,"href":"https:\/\/seiersborg.vgs.no\/fredrikstad\/wp-json\/wp\/v2\/pages\/275\/revisions"}],"predecessor-version":[{"id":20543,"href":"https:\/\/seiersborg.vgs.no\/fredrikstad\/wp-json\/wp\/v2\/pages\/275\/revisions\/20543"}],"up":[{"embeddable":true,"href":"https:\/\/seiersborg.vgs.no\/fredrikstad\/wp-json\/wp\/v2\/pages\/28"}],"wp:attachment":[{"href":"https:\/\/seiersborg.vgs.no\/fredrikstad\/wp-json\/wp\/v2\/media?parent=275"}],"curies":[{"name":"wp","href":"https:\/\/api.w.org\/{rel}","templated":true}]}}