{"id":282,"date":"2023-08-01T13:55:59","date_gmt":"2023-08-01T11:55:59","guid":{"rendered":"https:\/\/seiersborg.vgs.no\/fredrikstad\/?page_id=282"},"modified":"2025-01-24T13:47:48","modified_gmt":"2025-01-24T12:47:48","slug":"teknologi-og-industrifag-vg1","status":"publish","type":"page","link":"https:\/\/seiersborg.vgs.no\/fredrikstad\/vart-utdanningstilbud\/teknologi-og-industrifag-vg1\/","title":{"rendered":"Teknologi- og industrifag (vg1)"},"content":{"rendered":"\n<div class=\"cs-top wp-block-group alignfull has-primary-beige-background-color has-background eplus-wrapper is-layout-constrained wp-block-group-is-layout-constrained\"><div class=\"wp-block-group__inner-container\">\n<div class=\"container-rounded-corners wp-block-group has-light-beige-background-color has-background eplus-wrapper is-layout-constrained wp-block-group-is-layout-constrained\"><div class=\"wp-block-group__inner-container\"><div class=\" wp-block-columns alignfull are-vertically-aligned-center eplus-wrapper is-layout-flex wp-container-6 wp-block-columns-is-layout-flex eplus-styles-uid-2ef08a\">\n<div class=\" wp-block-column eplus-wrapper is-layout-flow wp-block-column-is-layout-flow\" style=\"flex-basis:10px\"><\/div>\n\n\n\n<div class=\" wp-block-column is-vertically-aligned-center eplus-wrapper is-layout-flow wp-block-column-is-layout-flow\">\n<h1 class=\" wp-block-heading eplus-wrapper\">Teknologi- og industrifag (vg1)<\/h1>\n\n\n\n<p class=\" eplus-wrapper\">Liker du praktiske fag og har godt h\u00e5ndlag? Og er du over middels interessert i maskiner og mekanikk kan teknologi- og industrifag v\u00e6re linjen for deg. Det er mange spennende retninger innen videre utdanning og jobb etter fullf\u00f8rt vg1.<\/p>\n\n\n\n<div class=\" wp-block-buttons eplus-wrapper is-layout-flex wp-block-buttons-is-layout-flex\"><div class=\"is-style-fill wp-block-button eplus-wrapper eplus-styles-uid-2c86b9\"><a class=\"wp-block-button__link has-black-color has-pink-background-color has-text-color has-background wp-element-button\" href=\"https:\/\/seiersborg.vgs.no\/fredrikstad\/sok-her\/\" target=\"_blank\" rel=\"noreferrer noopener\">S\u00f8k her<\/a><\/div><\/div>\n<\/div>\n\n\n\n<div class=\" wp-block-column eplus-wrapper is-layout-flow wp-block-column-is-layout-flow\" style=\"flex-basis:5px\"><\/div>\n\n\n\n<div class=\" wp-block-column is-vertically-aligned-center eplus-wrapper is-layout-flow wp-block-column-is-layout-flow\">\n<div style=\"height:50px\" aria-hidden=\"true\" class=\" wp-block-spacer eplus-wrapper\"><\/div>\n\n\n\n<figure class=\" wp-block-image size-large eplus-wrapper\"><img decoding=\"async\" loading=\"lazy\" width=\"1024\" height=\"1024\" src=\"https:\/\/seiersborg.vgs.no\/fredrikstad\/wp-content\/uploads\/sites\/1\/2025\/01\/469158501_1148393196775203_9130521731676364111_n-edited-1024x1024.jpg\" alt=\"\" class=\"wp-image-20557\" srcset=\"https:\/\/seiersborg.vgs.no\/fredrikstad\/wp-content\/uploads\/sites\/1\/2025\/01\/469158501_1148393196775203_9130521731676364111_n-edited-1024x1024.jpg 1024w, https:\/\/seiersborg.vgs.no\/fredrikstad\/wp-content\/uploads\/sites\/1\/2025\/01\/469158501_1148393196775203_9130521731676364111_n-edited-300x300.jpg 300w, https:\/\/seiersborg.vgs.no\/fredrikstad\/wp-content\/uploads\/sites\/1\/2025\/01\/469158501_1148393196775203_9130521731676364111_n-edited-150x150.jpg 150w, https:\/\/seiersborg.vgs.no\/fredrikstad\/wp-content\/uploads\/sites\/1\/2025\/01\/469158501_1148393196775203_9130521731676364111_n-edited-768x769.jpg 768w, https:\/\/seiersborg.vgs.no\/fredrikstad\/wp-content\/uploads\/sites\/1\/2025\/01\/469158501_1148393196775203_9130521731676364111_n-edited.jpg 1080w\" sizes=\"(max-width: 1024px) 100vw, 1024px\" \/><\/figure>\n\n\n\n<div style=\"height:50px\" aria-hidden=\"true\" class=\" wp-block-spacer eplus-wrapper\"><\/div>\n<\/div>\n<\/div><\/div><\/div>\n<\/div><\/div>\n\n\n\n<div class=\"cs-medium wp-block-group eplus-wrapper is-layout-constrained wp-block-group-is-layout-constrained\"><div class=\"wp-block-group__inner-container\"><div class=\" wp-block-columns eplus-wrapper is-layout-flex wp-container-11 wp-block-columns-is-layout-flex eplus-styles-uid-462a82\">\n<div class=\" wp-block-column eplus-wrapper is-layout-flow wp-block-column-is-layout-flow\">\n<p class=\" eplus-wrapper\">P\u00e5 vg1 blir elevene kjent med og jobber mye med maskiner og teknologisk utstyr. Du f\u00e5r oppl\u00e6ring i alt fra dreiing, fresing og sveising, til 3D-tegning og bruk av robotarmer. <\/p>\n\n\n\n<p class=\" eplus-wrapper\">Gjennom ulike praktiske oppgaver i v\u00e5rt moderne verksted f\u00e5r du verdifull erfaring som forbereder deg til vg2 og til du skal ut i l\u00e6re. Vi har et stort utvalg maskiner i verkstedet, og vi bruker ogs\u00e5 mye tid her. CNC-maskinen er mye i bruk, det samme er 3D-printeren v\u00e5r.<\/p>\n\n\n\n<p class=\" eplus-wrapper\">P\u00e5 Seiersborg kan du etter endt vg1 g\u00e5 videre p\u00e5 vg2 industriteknologi . <\/p>\n\n\n\n<p class=\" eplus-wrapper\"><\/p>\n<\/div>\n\n\n\n<div class=\" wp-block-column eplus-wrapper is-layout-flow wp-block-column-is-layout-flow\">\n<p class=\" eplus-wrapper\"><\/p>\n<\/div>\n<\/div><\/div><\/div>\n\n\n\n<div class=\"cs-medium wp-block-group eplus-wrapper is-layout-constrained wp-block-group-is-layout-constrained\"><div class=\"wp-block-group__inner-container\"><div class=\" wp-block-columns eplus-wrapper is-layout-flex wp-container-16 wp-block-columns-is-layout-flex eplus-styles-uid-ba64d0\">\n<div class=\" wp-block-column eplus-wrapper is-layout-flow wp-block-column-is-layout-flow\"><div class=\"wp-block-ub-content-toggle wp-block-ub-content-toggle-block\" id=\"ub-content-toggle-block-5063e51a-8bd3-4dab-987c-59b7dca72024\" data-mobilecollapse=\"false\" data-desktopcollapse=\"true\" data-preventcollapse=\"false\" data-showonlyone=\"true\">\n<div class=\"wp-block-ub-content-toggle-accordion\" style=\"border-color: #DCEAE9; \" id=\"ub-content-toggle-panel-block-\">\n\t\t\t<div class=\"wp-block-ub-content-toggle-accordion-title-wrap\" style=\"background-color: #DCEAE9;\" aria-controls=\"ub-content-toggle-panel-0-5063e51a-8bd3-4dab-987c-59b7dca72024\" tabindex=\"0\">\n\t\t\t<h3 class=\"wp-block-ub-content-toggle-accordion-title ub-content-toggle-title-5063e51a-8bd3-4dab-987c-59b7dca72024\" style=\"color: #000000; \">Du l\u00e6rer om<\/h3>\n\t\t\t<div class=\"wp-block-ub-content-toggle-accordion-toggle-wrap right\" style=\"color: #000000;\"><span class=\"wp-block-ub-content-toggle-accordion-state-indicator wp-block-ub-chevron-down\"><\/span><\/div>\n\t\t<\/div>\n\t\t\t<div role=\"region\" aria-expanded=\"false\" class=\"wp-block-ub-content-toggle-accordion-content-wrap ub-hide\" id=\"ub-content-toggle-panel-0-5063e51a-8bd3-4dab-987c-59b7dca72024\">\n<ul class=\" ep-custom-icon-list ep-custom-list eplus-wrapper eplus-styles-uid-de20b0\">\n<li class=\" eplus-wrapper\">produksjonsplanlegging og produksjonsprosesser<\/li>\n\n\n\n<li class=\" eplus-wrapper\">automatisering og programmering av roboter<\/li>\n\n\n\n<li class=\" eplus-wrapper\">maskiner og produksjonsutstyr<\/li>\n\n\n\n<li class=\" eplus-wrapper\">kj\u00f8ret\u00f8y og transport<\/li>\n\n\n\n<li class=\" eplus-wrapper\">kjemiske prosesser og kjemiteknikk<\/li>\n\n\n\n<li class=\" eplus-wrapper\">helse, milj\u00f8 og sikkerhet<\/li>\n<\/ul>\n<\/div>\n\t\t<\/div>\n\n<div class=\"wp-block-ub-content-toggle-accordion\" style=\"border-color: #DCEAE9; \" id=\"ub-content-toggle-panel-block-\">\n\t\t\t<div class=\"wp-block-ub-content-toggle-accordion-title-wrap\" style=\"background-color: #DCEAE9;\" aria-controls=\"ub-content-toggle-panel-1-5063e51a-8bd3-4dab-987c-59b7dca72024\" tabindex=\"0\">\n\t\t\t<h3 class=\"wp-block-ub-content-toggle-accordion-title ub-content-toggle-title-5063e51a-8bd3-4dab-987c-59b7dca72024\" style=\"color: #000000; \">Du b\u00f8r v\u00e6re<\/h3>\n\t\t\t<div class=\"wp-block-ub-content-toggle-accordion-toggle-wrap right\" style=\"color: #000000;\"><span class=\"wp-block-ub-content-toggle-accordion-state-indicator wp-block-ub-chevron-down\"><\/span><\/div>\n\t\t<\/div>\n\t\t\t<div role=\"region\" aria-expanded=\"false\" class=\"wp-block-ub-content-toggle-accordion-content-wrap ub-hide\" id=\"ub-content-toggle-panel-1-5063e51a-8bd3-4dab-987c-59b7dca72024\">\n<ul class=\" ep-custom-icon-list ep-custom-list eplus-wrapper eplus-styles-uid-3768f5\">\n<li class=\" eplus-wrapper\">praktisk anlagt og ha godt h\u00e5ndlag<\/li>\n\n\n\n<li class=\" eplus-wrapper\">selvstendig og n\u00f8yaktig<\/li>\n\n\n\n<li class=\" eplus-wrapper\">interessert i ny teknologi<\/li>\n<\/ul>\n<\/div>\n\t\t<\/div>\n\n<div class=\"wp-block-ub-content-toggle-accordion\" style=\"border-color: #DCEAE9; \" id=\"ub-content-toggle-panel-block-\">\n\t\t\t<div class=\"wp-block-ub-content-toggle-accordion-title-wrap\" style=\"background-color: #DCEAE9;\" aria-controls=\"ub-content-toggle-panel-2-5063e51a-8bd3-4dab-987c-59b7dca72024\" tabindex=\"0\">\n\t\t\t<h3 class=\"wp-block-ub-content-toggle-accordion-title ub-content-toggle-title-5063e51a-8bd3-4dab-987c-59b7dca72024\" style=\"color: #000000; \">Du kan bli<\/h3>\n\t\t\t<div class=\"wp-block-ub-content-toggle-accordion-toggle-wrap right\" style=\"color: #000000;\"><span class=\"wp-block-ub-content-toggle-accordion-state-indicator wp-block-ub-chevron-down\"><\/span><\/div>\n\t\t<\/div>\n\t\t\t<div role=\"region\" aria-expanded=\"false\" class=\"wp-block-ub-content-toggle-accordion-content-wrap ub-hide\" id=\"ub-content-toggle-panel-2-5063e51a-8bd3-4dab-987c-59b7dca72024\">\n<ul class=\" ep-custom-icon-list ep-custom-list eplus-wrapper eplus-styles-uid-8e7af0\">\n<li class=\" eplus-wrapper\">aluminiumskonstrukt\u00f8r<\/li>\n\n\n\n<li class=\" eplus-wrapper\">sveiser <\/li>\n\n\n\n<li class=\" eplus-wrapper\">platearbeider<\/li>\n\n\n\n<li class=\" eplus-wrapper\">verkt\u00f8ymaker <\/li>\n\n\n\n<li class=\" eplus-wrapper\">finmekaniker<\/li>\n\n\n\n<li class=\" eplus-wrapper\">faglaborant <\/li>\n\n\n\n<li class=\" eplus-wrapper\">operat\u00f8r i kjemisk prosessindustri<\/li>\n\n\n\n<li class=\" eplus-wrapper\">industrisyer<\/li>\n\n\n\n<li class=\" eplus-wrapper\"> operat\u00f8r i trikotasje <\/li>\n\n\n\n<li class=\" eplus-wrapper\">vaskerioperat\u00f8r<\/li>\n\n\n\n<li class=\" eplus-wrapper\">bilskadereparat\u00f8r<\/li>\n\n\n\n<li class=\" eplus-wrapper\">bilmekaniker<\/li>\n\n\n\n<li class=\" eplus-wrapper\"> billakkerer<\/li>\n\n\n\n<li class=\" eplus-wrapper\">logistikkoperat\u00f8r <\/li>\n\n\n\n<li class=\" eplus-wrapper\">yrkessj\u00e5f\u00f8r<\/li>\n\n\n\n<li class=\" eplus-wrapper\">anleggsmaskin-, landbruksmaskin- eller motormekaniker<\/li>\n\n\n\n<li class=\" eplus-wrapper\">bore- eller br\u00f8nnoperat\u00f8r<\/li>\n<\/ul>\n<\/div>\n\t\t<\/div>\n<\/div>\n\n\n<div style=\"height:67px\" aria-hidden=\"true\" class=\" wp-block-spacer eplus-wrapper\"><\/div>\n\n\n\n<div class=\" wp-block-buttons eplus-wrapper is-layout-flex wp-block-buttons-is-layout-flex\"><div class=\" wp-block-button has-custom-font-size has-medium-font-size eplus-wrapper eplus-styles-uid-fbfe2b\"><a class=\"wp-block-button__link has-white-color has-primary-blue-background-color has-text-color has-background has-text-align-center wp-element-button\" href=\"https:\/\/www.vilbli.no\/nb\/no\" style=\"border-radius:41px\" target=\"_blank\" rel=\"noreferrer noopener\"><strong>Les mer p\u00e5 vilbli.no<\/strong><\/a><\/div><\/div>\n<\/div>\n\n\n\n<div class=\" wp-block-column eplus-wrapper is-layout-flow wp-block-column-is-layout-flow\">\n<div style=\"height:18px\" aria-hidden=\"true\" class=\" wp-block-spacer eplus-wrapper\"><\/div>\n\n\n\n<figure class=\"is-style-default wp-block-image size-large eplus-wrapper\"><img decoding=\"async\" loading=\"lazy\" width=\"1536\" height=\"864\" src=\"https:\/\/seiersborg.vgs.no\/fredrikstad\/wp-content\/uploads\/sites\/1\/2025\/01\/68a4a116-b75b-4170-ad4f-814199abd9a0-edited-1.jpeg\" alt=\"\" class=\"wp-image-20389\" srcset=\"https:\/\/seiersborg.vgs.no\/fredrikstad\/wp-content\/uploads\/sites\/1\/2025\/01\/68a4a116-b75b-4170-ad4f-814199abd9a0-edited-1.jpeg 1536w, https:\/\/seiersborg.vgs.no\/fredrikstad\/wp-content\/uploads\/sites\/1\/2025\/01\/68a4a116-b75b-4170-ad4f-814199abd9a0-edited-1-300x169.jpeg 300w, https:\/\/seiersborg.vgs.no\/fredrikstad\/wp-content\/uploads\/sites\/1\/2025\/01\/68a4a116-b75b-4170-ad4f-814199abd9a0-edited-1-1024x576.jpeg 1024w, https:\/\/seiersborg.vgs.no\/fredrikstad\/wp-content\/uploads\/sites\/1\/2025\/01\/68a4a116-b75b-4170-ad4f-814199abd9a0-edited-1-768x432.jpeg 768w\" sizes=\"(max-width: 1536px) 100vw, 1536px\" \/><\/figure>\n<\/div>\n<\/div><\/div><\/div>\n","protected":false},"excerpt":{"rendered":"<p>Teknologi- og industrifag (vg1) Liker du praktiske fag og har godt h\u00e5ndlag? Og er du over middels interessert i maskiner og mekanikk kan teknologi- og industrifag v\u00e6re linjen for deg. Det er mange spennende retninger innen videre utdanning og jobb etter fullf\u00f8rt vg1. P\u00e5 vg1 blir elevene kjent med og jobber mye med maskiner og [&hellip;]<\/p>\n","protected":false},"author":1,"featured_media":0,"parent":28,"menu_order":0,"comment_status":"closed","ping_status":"closed","template":"","meta":{"inline_featured_image":false,"editor_plus_copied_stylings":"{}","footnotes":""},"featured_image_src":null,"yoast_head":"<!-- This site is optimized with the Yoast SEO plugin v21.0 - https:\/\/yoast.com\/wordpress\/plugins\/seo\/ -->\n<title>Teknologi- og industrifag (vg1) - Fredrikstad<\/title>\n<meta name=\"robots\" content=\"index, follow, max-snippet:-1, max-image-preview:large, max-video-preview:-1\" \/>\n<link rel=\"canonical\" href=\"https:\/\/seiersborg.vgs.no\/fredrikstad\/vart-utdanningstilbud\/teknologi-og-industrifag-vg1\/\" \/>\n<meta property=\"og:locale\" content=\"nb_NO\" \/>\n<meta property=\"og:type\" content=\"article\" \/>\n<meta property=\"og:title\" content=\"Teknologi- og industrifag (vg1) - Fredrikstad\" \/>\n<meta property=\"og:description\" content=\"Teknologi- og industrifag (vg1) Liker du praktiske fag og har godt h\u00e5ndlag? Og er du over middels interessert i maskiner og mekanikk kan teknologi- og industrifag v\u00e6re linjen for deg. Det er mange spennende retninger innen videre utdanning og jobb etter fullf\u00f8rt vg1. P\u00e5 vg1 blir elevene kjent med og jobber mye med maskiner og [&hellip;]\" \/>\n<meta property=\"og:url\" content=\"https:\/\/seiersborg.vgs.no\/fredrikstad\/vart-utdanningstilbud\/teknologi-og-industrifag-vg1\/\" \/>\n<meta property=\"og:site_name\" content=\"Fredrikstad\" \/>\n<meta property=\"article:modified_time\" content=\"2025-01-24T12:47:48+00:00\" \/>\n<meta property=\"og:image\" content=\"https:\/\/seiersborg.vgs.no\/fredrikstad\/wp-content\/uploads\/sites\/1\/2025\/01\/469158501_1148393196775203_9130521731676364111_n-edited-1024x1024.jpg\" \/>\n<meta name=\"twitter:card\" content=\"summary_large_image\" \/>\n<meta name=\"twitter:label1\" content=\"Ansl. lesetid\" \/>\n\t<meta name=\"twitter:data1\" content=\"2 minutter\" \/>\n<script type=\"application\/ld+json\" class=\"yoast-schema-graph\">{\"@context\":\"https:\/\/schema.org\",\"@graph\":[{\"@type\":\"WebPage\",\"@id\":\"https:\/\/seiersborg.vgs.no\/fredrikstad\/vart-utdanningstilbud\/teknologi-og-industrifag-vg1\/\",\"url\":\"https:\/\/seiersborg.vgs.no\/fredrikstad\/vart-utdanningstilbud\/teknologi-og-industrifag-vg1\/\",\"name\":\"Teknologi- og industrifag (vg1) - Fredrikstad\",\"isPartOf\":{\"@id\":\"https:\/\/seiersborg.vgs.no\/fredrikstad\/#website\"},\"datePublished\":\"2023-08-01T11:55:59+00:00\",\"dateModified\":\"2025-01-24T12:47:48+00:00\",\"breadcrumb\":{\"@id\":\"https:\/\/seiersborg.vgs.no\/fredrikstad\/vart-utdanningstilbud\/teknologi-og-industrifag-vg1\/#breadcrumb\"},\"inLanguage\":\"nb-NO\",\"potentialAction\":[{\"@type\":\"ReadAction\",\"target\":[\"https:\/\/seiersborg.vgs.no\/fredrikstad\/vart-utdanningstilbud\/teknologi-og-industrifag-vg1\/\"]}]},{\"@type\":\"BreadcrumbList\",\"@id\":\"https:\/\/seiersborg.vgs.no\/fredrikstad\/vart-utdanningstilbud\/teknologi-og-industrifag-vg1\/#breadcrumb\",\"itemListElement\":[{\"@type\":\"ListItem\",\"position\":1,\"name\":\"Hjem\",\"item\":\"https:\/\/seiersborg.vgs.no\/fredrikstad\/\"},{\"@type\":\"ListItem\",\"position\":2,\"name\":\"V\u00e5rt utdanningstilbud\",\"item\":\"https:\/\/seiersborg.vgs.no\/fredrikstad\/vart-utdanningstilbud\/\"},{\"@type\":\"ListItem\",\"position\":3,\"name\":\"Teknologi- og industrifag (vg1)\"}]},{\"@type\":\"WebSite\",\"@id\":\"https:\/\/seiersborg.vgs.no\/fredrikstad\/#website\",\"url\":\"https:\/\/seiersborg.vgs.no\/fredrikstad\/\",\"name\":\"Fredrikstad\",\"description\":\"\",\"potentialAction\":[{\"@type\":\"SearchAction\",\"target\":{\"@type\":\"EntryPoint\",\"urlTemplate\":\"https:\/\/seiersborg.vgs.no\/fredrikstad\/?s={search_term_string}\"},\"query-input\":\"required name=search_term_string\"}],\"inLanguage\":\"nb-NO\"}]}<\/script>\n<!-- \/ Yoast SEO plugin. -->","yoast_head_json":{"title":"Teknologi- og industrifag (vg1) - Fredrikstad","robots":{"index":"index","follow":"follow","max-snippet":"max-snippet:-1","max-image-preview":"max-image-preview:large","max-video-preview":"max-video-preview:-1"},"canonical":"https:\/\/seiersborg.vgs.no\/fredrikstad\/vart-utdanningstilbud\/teknologi-og-industrifag-vg1\/","og_locale":"nb_NO","og_type":"article","og_title":"Teknologi- og industrifag (vg1) - Fredrikstad","og_description":"Teknologi- og industrifag (vg1) Liker du praktiske fag og har godt h\u00e5ndlag? Og er du over middels interessert i maskiner og mekanikk kan teknologi- og industrifag v\u00e6re linjen for deg. Det er mange spennende retninger innen videre utdanning og jobb etter fullf\u00f8rt vg1. P\u00e5 vg1 blir elevene kjent med og jobber mye med maskiner og [&hellip;]","og_url":"https:\/\/seiersborg.vgs.no\/fredrikstad\/vart-utdanningstilbud\/teknologi-og-industrifag-vg1\/","og_site_name":"Fredrikstad","article_modified_time":"2025-01-24T12:47:48+00:00","og_image":[{"url":"https:\/\/seiersborg.vgs.no\/fredrikstad\/wp-content\/uploads\/sites\/1\/2025\/01\/469158501_1148393196775203_9130521731676364111_n-edited-1024x1024.jpg"}],"twitter_card":"summary_large_image","twitter_misc":{"Ansl. lesetid":"2 minutter"},"schema":{"@context":"https:\/\/schema.org","@graph":[{"@type":"WebPage","@id":"https:\/\/seiersborg.vgs.no\/fredrikstad\/vart-utdanningstilbud\/teknologi-og-industrifag-vg1\/","url":"https:\/\/seiersborg.vgs.no\/fredrikstad\/vart-utdanningstilbud\/teknologi-og-industrifag-vg1\/","name":"Teknologi- og industrifag (vg1) - Fredrikstad","isPartOf":{"@id":"https:\/\/seiersborg.vgs.no\/fredrikstad\/#website"},"datePublished":"2023-08-01T11:55:59+00:00","dateModified":"2025-01-24T12:47:48+00:00","breadcrumb":{"@id":"https:\/\/seiersborg.vgs.no\/fredrikstad\/vart-utdanningstilbud\/teknologi-og-industrifag-vg1\/#breadcrumb"},"inLanguage":"nb-NO","potentialAction":[{"@type":"ReadAction","target":["https:\/\/seiersborg.vgs.no\/fredrikstad\/vart-utdanningstilbud\/teknologi-og-industrifag-vg1\/"]}]},{"@type":"BreadcrumbList","@id":"https:\/\/seiersborg.vgs.no\/fredrikstad\/vart-utdanningstilbud\/teknologi-og-industrifag-vg1\/#breadcrumb","itemListElement":[{"@type":"ListItem","position":1,"name":"Hjem","item":"https:\/\/seiersborg.vgs.no\/fredrikstad\/"},{"@type":"ListItem","position":2,"name":"V\u00e5rt utdanningstilbud","item":"https:\/\/seiersborg.vgs.no\/fredrikstad\/vart-utdanningstilbud\/"},{"@type":"ListItem","position":3,"name":"Teknologi- og industrifag (vg1)"}]},{"@type":"WebSite","@id":"https:\/\/seiersborg.vgs.no\/fredrikstad\/#website","url":"https:\/\/seiersborg.vgs.no\/fredrikstad\/","name":"Fredrikstad","description":"","potentialAction":[{"@type":"SearchAction","target":{"@type":"EntryPoint","urlTemplate":"https:\/\/seiersborg.vgs.no\/fredrikstad\/?s={search_term_string}"},"query-input":"required name=search_term_string"}],"inLanguage":"nb-NO"}]}},"_links":{"self":[{"href":"https:\/\/seiersborg.vgs.no\/fredrikstad\/wp-json\/wp\/v2\/pages\/282"}],"collection":[{"href":"https:\/\/seiersborg.vgs.no\/fredrikstad\/wp-json\/wp\/v2\/pages"}],"about":[{"href":"https:\/\/seiersborg.vgs.no\/fredrikstad\/wp-json\/wp\/v2\/types\/page"}],"author":[{"embeddable":true,"href":"https:\/\/seiersborg.vgs.no\/fredrikstad\/wp-json\/wp\/v2\/users\/1"}],"replies":[{"embeddable":true,"href":"https:\/\/seiersborg.vgs.no\/fredrikstad\/wp-json\/wp\/v2\/comments?post=282"}],"version-history":[{"count":18,"href":"https:\/\/seiersborg.vgs.no\/fredrikstad\/wp-json\/wp\/v2\/pages\/282\/revisions"}],"predecessor-version":[{"id":20561,"href":"https:\/\/seiersborg.vgs.no\/fredrikstad\/wp-json\/wp\/v2\/pages\/282\/revisions\/20561"}],"up":[{"embeddable":true,"href":"https:\/\/seiersborg.vgs.no\/fredrikstad\/wp-json\/wp\/v2\/pages\/28"}],"wp:attachment":[{"href":"https:\/\/seiersborg.vgs.no\/fredrikstad\/wp-json\/wp\/v2\/media?parent=282"}],"curies":[{"name":"wp","href":"https:\/\/api.w.org\/{rel}","templated":true}]}}