{"id":284,"date":"2023-08-01T13:56:13","date_gmt":"2023-08-01T11:56:13","guid":{"rendered":"https:\/\/seiersborg.vgs.no\/fredrikstad\/?page_id=284"},"modified":"2026-01-19T14:13:04","modified_gmt":"2026-01-19T13:13:04","slug":"frisor-blomster-interior-ogeksponeringsdesign-vg1","status":"publish","type":"page","link":"https:\/\/seiersborg.vgs.no\/fredrikstad\/vart-utdanningstilbud\/frisor-blomster-interior-ogeksponeringsdesign-vg1\/","title":{"rendered":"Fris\u00f8r, blomster, interi\u00f8r og eksponeringsdesign (vg1)"},"content":{"rendered":"\n<div class=\"cs-top wp-block-group alignfull has-primary-beige-background-color has-background eplus-wrapper is-layout-constrained wp-block-group-is-layout-constrained\"><div class=\"wp-block-group__inner-container\">\n<div class=\"container-rounded-corners wp-block-group has-light-beige-background-color has-background eplus-wrapper is-layout-constrained wp-block-group-is-layout-constrained\"><div class=\"wp-block-group__inner-container\"><div class=\" wp-block-columns alignfull are-vertically-aligned-center eplus-wrapper is-layout-flex wp-container-6 wp-block-columns-is-layout-flex eplus-styles-uid-acfa6a\">\n<div class=\" wp-block-column eplus-wrapper is-layout-flow wp-block-column-is-layout-flow\" style=\"flex-basis:10px\"><\/div>\n\n\n\n<div class=\" wp-block-column is-vertically-aligned-center eplus-wrapper is-layout-flow wp-block-column-is-layout-flow\">\n<h1 class=\" wp-block-heading eplus-wrapper\">Fris\u00f8r, blomster, interi\u00f8r og eksponeringsdesign (vg1)<\/h1>\n\n\n\n<p class=\" eplus-wrapper\">Liker du \u00e5 skape noe? Vil du jobbe med noe kreativt? Utdanningsprogrammet FBIE gir mange muligheter<\/p>\n\n\n\n<div class=\" wp-block-buttons eplus-wrapper is-layout-flex wp-block-buttons-is-layout-flex\"><div class=\"is-style-fill wp-block-button eplus-wrapper eplus-styles-uid-028bc9\"><a class=\"wp-block-button__link has-black-color has-pink-background-color has-text-color has-background wp-element-button\" href=\"https:\/\/seiersborg.vgs.no\/fredrikstad\/sok-her\/\" target=\"_blank\" rel=\"noreferrer noopener\">S\u00f8k her<\/a><\/div><\/div>\n<\/div>\n\n\n\n<div class=\" wp-block-column eplus-wrapper is-layout-flow wp-block-column-is-layout-flow\" style=\"flex-basis:5px\"><\/div>\n\n\n\n<div class=\" wp-block-column is-vertically-aligned-center eplus-wrapper is-layout-flow wp-block-column-is-layout-flow\">\n<div style=\"height:50px\" aria-hidden=\"true\" class=\" wp-block-spacer eplus-wrapper\"><\/div>\n\n\n\n<figure class=\"is-resized is-style-default wp-block-image size-large eplus-wrapper\"><img decoding=\"async\" loading=\"lazy\" width=\"1024\" height=\"683\" src=\"https:\/\/seiersborg.vgs.no\/fredrikstad\/wp-content\/uploads\/sites\/1\/2026\/01\/FBIE-30-1024x683.jpg\" alt=\"\" class=\"wp-image-21360\" style=\"aspect-ratio:4\/3;object-fit:cover\" srcset=\"https:\/\/seiersborg.vgs.no\/fredrikstad\/wp-content\/uploads\/sites\/1\/2026\/01\/FBIE-30-1024x683.jpg 1024w, https:\/\/seiersborg.vgs.no\/fredrikstad\/wp-content\/uploads\/sites\/1\/2026\/01\/FBIE-30-300x200.jpg 300w, https:\/\/seiersborg.vgs.no\/fredrikstad\/wp-content\/uploads\/sites\/1\/2026\/01\/FBIE-30-768x512.jpg 768w, https:\/\/seiersborg.vgs.no\/fredrikstad\/wp-content\/uploads\/sites\/1\/2026\/01\/FBIE-30.jpg 1200w\" sizes=\"(max-width: 1024px) 100vw, 1024px\" \/><\/figure>\n\n\n\n<div style=\"height:50px\" aria-hidden=\"true\" class=\" wp-block-spacer eplus-wrapper\"><\/div>\n<\/div>\n<\/div><\/div><\/div>\n<\/div><\/div>\n\n\n\n<div class=\"cs-medium wp-block-group eplus-wrapper is-layout-constrained wp-block-group-is-layout-constrained\"><div class=\"wp-block-group__inner-container\"><div class=\" wp-block-columns eplus-wrapper is-layout-flex wp-container-11 wp-block-columns-is-layout-flex eplus-styles-uid-5dfeb1\">\n<div class=\" wp-block-column eplus-wrapper is-layout-flow wp-block-column-is-layout-flow\">\n<p class=\" eplus-wrapper\"><strong>FBIE (Fris\u00f8r, blomster, interi\u00f8r og eksponeringsdesign)<\/strong> kombinerer kreativitet med praktiske ferdigheter innenfor flere estetiske fagfelt. Gjennom en variert utdanning l\u00e6rer elevene alt fra h\u00e5rpleie og styling til design av blomsterdekorasjoner, rominnredning og visuelle utstillinger.<\/p>\n\n\n\n<p class=\" eplus-wrapper\">Vi har fokus p\u00e5 \u00e5 jobbe s\u00e5 praksisn\u00e6rt som mulig. Dette for \u00e5 forberede elevene p\u00e5 arbeidslivet og det yrket de skal ut i. Det gj\u00f8res blant annet gjennom elevbedrift hvor vi har \u00e5pen fris\u00f8rsalong og salg av blomsterarbeider. Vi samarbeider godt med bransje og oppl\u00e6ringskontor, og mange av elevene er i praksis ute i bedrifter.\u00a0<\/p>\n\n\n\n<p class=\" eplus-wrapper\">En av mulighetene man har etter vg1 p\u00e5 FBIE er \u00e5 g\u00e5 videre p\u00e5 Seiersborg p\u00e5 vg2 fris\u00f8r. Etter to \u00e5r p\u00e5 skole kan du velge \u00e5 ha to \u00e5r oppl\u00e6ring i bedrift som l\u00e6rling og ta et fagbrev, eller du kan ta p\u00e5bygg og f\u00e5 generell studiekompetanse.<\/p>\n<\/div>\n\n\n\n<div class=\" wp-block-column eplus-wrapper is-layout-flow wp-block-column-is-layout-flow\">\n<div style=\"height:67px\" aria-hidden=\"true\" class=\" wp-block-spacer eplus-wrapper\"><\/div>\n\n\n\n<p class=\" has-medium-font-size eplus-wrapper\"><strong>&laquo;<em>\u00c5 v\u00e6re l\u00e6rer p\u00e5 Seiersborg videreg\u00e5ende skole i Fredrikstad og FBIE er givende. Det er spennende \u00e5 v\u00e6re med p\u00e5 ruste elevene til arbeidslivet, og det er spennende \u00e5 jobbe med ungdommene og se deres utvikling.<\/em><\/strong><\/p>\n<\/div>\n<\/div><\/div><\/div>\n\n\n\n<div class=\" wp-block-group eplus-wrapper is-layout-constrained wp-block-group-is-layout-constrained\"><div class=\"wp-block-group__inner-container\"><div class=\" wp-block-columns eplus-wrapper is-layout-flex wp-container-20 wp-block-columns-is-layout-flex eplus-styles-uid-710f12\">\n<div class=\" wp-block-column eplus-wrapper is-layout-flow wp-block-column-is-layout-flow\"><div class=\" wp-block-columns eplus-wrapper is-layout-flex wp-container-14 wp-block-columns-is-layout-flex eplus-styles-uid-e57092\">\n<div class=\" wp-block-column eplus-wrapper is-layout-flow wp-block-column-is-layout-flow\">\n<div style=\"height:45px\" aria-hidden=\"true\" class=\" wp-block-spacer eplus-wrapper\"><\/div>\n\n\n\n<figure class=\"is-style-default wp-block-image size-large eplus-wrapper\"><img decoding=\"async\" loading=\"lazy\" width=\"1024\" height=\"683\" src=\"https:\/\/seiersborg.vgs.no\/fredrikstad\/wp-content\/uploads\/sites\/1\/2025\/01\/Frisor_web-19-1024x683.jpg\" alt=\"\" class=\"wp-image-20386\" srcset=\"https:\/\/seiersborg.vgs.no\/fredrikstad\/wp-content\/uploads\/sites\/1\/2025\/01\/Frisor_web-19-1024x683.jpg 1024w, https:\/\/seiersborg.vgs.no\/fredrikstad\/wp-content\/uploads\/sites\/1\/2025\/01\/Frisor_web-19-300x200.jpg 300w, https:\/\/seiersborg.vgs.no\/fredrikstad\/wp-content\/uploads\/sites\/1\/2025\/01\/Frisor_web-19-768x512.jpg 768w, https:\/\/seiersborg.vgs.no\/fredrikstad\/wp-content\/uploads\/sites\/1\/2025\/01\/Frisor_web-19-1536x1024.jpg 1536w, https:\/\/seiersborg.vgs.no\/fredrikstad\/wp-content\/uploads\/sites\/1\/2025\/01\/Frisor_web-19.jpg 1600w\" sizes=\"(max-width: 1024px) 100vw, 1024px\" \/><\/figure>\n<\/div>\n<\/div>\n\n\n<div style=\"height:47px\" aria-hidden=\"true\" class=\" wp-block-spacer eplus-wrapper\"><\/div>\n<\/div>\n\n\n\n<div class=\" wp-block-column eplus-wrapper is-layout-flow wp-block-column-is-layout-flow\">\n<div style=\"height:45px\" aria-hidden=\"true\" class=\" wp-block-spacer eplus-wrapper\"><\/div>\n\n\n<div class=\" wp-block-columns eplus-wrapper is-layout-flex wp-container-17 wp-block-columns-is-layout-flex eplus-styles-uid-057354\">\n<div class=\" wp-block-column eplus-wrapper is-layout-flow wp-block-column-is-layout-flow\"><div class=\"wp-block-ub-content-toggle wp-block-ub-content-toggle-block\" id=\"ub-content-toggle-block-2c5ad1fb-155a-4025-afc5-eda9456e81b1\" data-mobilecollapse=\"false\" data-desktopcollapse=\"true\" data-preventcollapse=\"false\" data-showonlyone=\"true\">\n<div class=\"wp-block-ub-content-toggle-accordion\" style=\"border-color: #DCEAE9; \" id=\"ub-content-toggle-panel-block-\">\n\t\t\t<div class=\"wp-block-ub-content-toggle-accordion-title-wrap\" style=\"background-color: #DCEAE9;\" aria-controls=\"ub-content-toggle-panel-0-2c5ad1fb-155a-4025-afc5-eda9456e81b1\" tabindex=\"0\">\n\t\t\t<h3 class=\"wp-block-ub-content-toggle-accordion-title ub-content-toggle-title-2c5ad1fb-155a-4025-afc5-eda9456e81b1\" style=\"color: #000000; \">Du l\u00e6rer om<\/h3>\n\t\t\t<div class=\"wp-block-ub-content-toggle-accordion-toggle-wrap right\" style=\"color: #000000;\"><span class=\"wp-block-ub-content-toggle-accordion-state-indicator wp-block-ub-chevron-down\"><\/span><\/div>\n\t\t<\/div>\n\t\t\t<div role=\"region\" aria-expanded=\"false\" class=\"wp-block-ub-content-toggle-accordion-content-wrap ub-hide\" id=\"ub-content-toggle-panel-0-2c5ad1fb-155a-4025-afc5-eda9456e81b1\">\n<ul class=\" ep-custom-icon-list ep-custom-list eplus-wrapper eplus-styles-uid-d840c9\">\n<li class=\" eplus-wrapper\">design og visuelle uttrykk<\/li>\n\n\n\n<li class=\" eplus-wrapper\">videreutvikling av kreative ferdigheter<\/li>\n\n\n\n<li class=\" eplus-wrapper\">utvikling og utf\u00f8relse av ulike teknikker og uttrykk<\/li>\n\n\n\n<li class=\" eplus-wrapper\">stilhistorie og trender<\/li>\n\n\n\n<li class=\" eplus-wrapper\">kommunikasjon og kundebehandling<\/li>\n<\/ul>\n<\/div>\n\t\t<\/div>\n\n<div class=\"wp-block-ub-content-toggle-accordion\" style=\"border-color: #DCEAE9; \" id=\"ub-content-toggle-panel-block-\">\n\t\t\t<div class=\"wp-block-ub-content-toggle-accordion-title-wrap\" style=\"background-color: #DCEAE9;\" aria-controls=\"ub-content-toggle-panel-1-2c5ad1fb-155a-4025-afc5-eda9456e81b1\" tabindex=\"0\">\n\t\t\t<h3 class=\"wp-block-ub-content-toggle-accordion-title ub-content-toggle-title-2c5ad1fb-155a-4025-afc5-eda9456e81b1\" style=\"color: #000000; \">Du b\u00f8r v\u00e6re<\/h3>\n\t\t\t<div class=\"wp-block-ub-content-toggle-accordion-toggle-wrap right\" style=\"color: #000000;\"><span class=\"wp-block-ub-content-toggle-accordion-state-indicator wp-block-ub-chevron-down\"><\/span><\/div>\n\t\t<\/div>\n\t\t\t<div role=\"region\" aria-expanded=\"false\" class=\"wp-block-ub-content-toggle-accordion-content-wrap ub-hide\" id=\"ub-content-toggle-panel-1-2c5ad1fb-155a-4025-afc5-eda9456e81b1\">\n<ul class=\" ep-custom-icon-list ep-custom-list eplus-wrapper eplus-styles-uid-d9610f\">\n<li class=\" eplus-wrapper\">kreativ og estetisk anlagt<\/li>\n\n\n\n<li class=\" eplus-wrapper\">interessert i \u00e5 arbeide med hendene<\/li>\n\n\n\n<li class=\" eplus-wrapper\">interessert i visuelle uttrykksformer<\/li>\n\n\n\n<li class=\" eplus-wrapper\">n\u00f8yaktig og utholdende<\/li>\n<\/ul>\n<\/div>\n\t\t<\/div>\n\n<div class=\"wp-block-ub-content-toggle-accordion\" style=\"border-color: #DCEAE9; \" id=\"ub-content-toggle-panel-block-\">\n\t\t\t<div class=\"wp-block-ub-content-toggle-accordion-title-wrap\" style=\"background-color: #DCEAE9;\" aria-controls=\"ub-content-toggle-panel-2-2c5ad1fb-155a-4025-afc5-eda9456e81b1\" tabindex=\"0\">\n\t\t\t<h3 class=\"wp-block-ub-content-toggle-accordion-title ub-content-toggle-title-2c5ad1fb-155a-4025-afc5-eda9456e81b1\" style=\"color: #000000; \">Du kan bli<\/h3>\n\t\t\t<div class=\"wp-block-ub-content-toggle-accordion-toggle-wrap right\" style=\"color: #000000;\"><span class=\"wp-block-ub-content-toggle-accordion-state-indicator wp-block-ub-chevron-down\"><\/span><\/div>\n\t\t<\/div>\n\t\t\t<div role=\"region\" aria-expanded=\"false\" class=\"wp-block-ub-content-toggle-accordion-content-wrap ub-hide\" id=\"ub-content-toggle-panel-2-2c5ad1fb-155a-4025-afc5-eda9456e81b1\">\n<ul class=\" ep-custom-icon-list ep-custom-list eplus-wrapper eplus-styles-uid-0cf57b\">\n<li class=\" eplus-wrapper\">blomsterdekorat\u00f8r<\/li>\n\n\n\n<li class=\" eplus-wrapper\">fris\u00f8r<\/li>\n\n\n\n<li class=\" eplus-wrapper\">interi\u00f8rkonsulent<\/li>\n\n\n\n<li class=\" eplus-wrapper\">utstillings- eller eksponeringsdesigner<\/li>\n\n\n\n<li class=\" eplus-wrapper\">mask\u00f8r- og parykkmaker<\/li>\n\n\n\n<li class=\" eplus-wrapper\"><a href=\"https:\/\/www.vilbli.no\/nb\/no\/yrker\/v.fd?utdanningsprogram=v.fd&amp;kurs=v.fdfbi1----\" target=\"_blank\" rel=\"noreferrer noopener\">Se alle yrker og kompetanser<\/a><\/li>\n<\/ul>\n<\/div>\n\t\t<\/div>\n<\/div><\/div>\n<\/div>\n\n\n<div style=\"height:48px\" aria-hidden=\"true\" class=\" wp-block-spacer eplus-wrapper\"><\/div>\n\n\n\n<div class=\" wp-block-buttons eplus-wrapper is-layout-flex wp-block-buttons-is-layout-flex\"><div class=\" wp-block-button has-custom-font-size has-medium-font-size eplus-wrapper eplus-styles-uid-a9bbb1\"><a class=\"wp-block-button__link has-white-color has-primary-blue-background-color has-text-color has-background wp-element-button\" href=\"https:\/\/www.vilbli.no\/nb\/no\" style=\"border-radius:41px\" target=\"_blank\" rel=\"noreferrer noopener\"><strong>Les mer p\u00e5 vilbli.no<\/strong><\/a><\/div><\/div>\n<\/div>\n<\/div><\/div><\/div>\n","protected":false},"excerpt":{"rendered":"<p>Fris\u00f8r, blomster, interi\u00f8r og eksponeringsdesign (vg1) Liker du \u00e5 skape noe? Vil du jobbe med noe kreativt? Utdanningsprogrammet FBIE gir mange muligheter FBIE (Fris\u00f8r, blomster, interi\u00f8r og eksponeringsdesign) kombinerer kreativitet med praktiske ferdigheter innenfor flere estetiske fagfelt. Gjennom en variert utdanning l\u00e6rer elevene alt fra h\u00e5rpleie og styling til design av blomsterdekorasjoner, rominnredning og visuelle [&hellip;]<\/p>\n","protected":false},"author":1,"featured_media":0,"parent":28,"menu_order":0,"comment_status":"closed","ping_status":"closed","template":"","meta":{"inline_featured_image":false,"editor_plus_copied_stylings":"{}","footnotes":""},"featured_image_src":null,"yoast_head":"<!-- This site is optimized with the Yoast SEO plugin v21.0 - https:\/\/yoast.com\/wordpress\/plugins\/seo\/ -->\n<title>Fris\u00f8r, blomster, interi\u00f8r og eksponeringsdesign (vg1) - Fredrikstad<\/title>\n<meta name=\"robots\" content=\"index, follow, max-snippet:-1, max-image-preview:large, max-video-preview:-1\" \/>\n<link rel=\"canonical\" href=\"https:\/\/seiersborg.vgs.no\/fredrikstad\/vart-utdanningstilbud\/frisor-blomster-interior-ogeksponeringsdesign-vg1\/\" \/>\n<meta property=\"og:locale\" content=\"nb_NO\" \/>\n<meta property=\"og:type\" content=\"article\" \/>\n<meta property=\"og:title\" content=\"Fris\u00f8r, blomster, interi\u00f8r og eksponeringsdesign (vg1) - Fredrikstad\" \/>\n<meta property=\"og:description\" content=\"Fris\u00f8r, blomster, interi\u00f8r og eksponeringsdesign (vg1) Liker du \u00e5 skape noe? Vil du jobbe med noe kreativt? Utdanningsprogrammet FBIE gir mange muligheter FBIE (Fris\u00f8r, blomster, interi\u00f8r og eksponeringsdesign) kombinerer kreativitet med praktiske ferdigheter innenfor flere estetiske fagfelt. Gjennom en variert utdanning l\u00e6rer elevene alt fra h\u00e5rpleie og styling til design av blomsterdekorasjoner, rominnredning og visuelle [&hellip;]\" \/>\n<meta property=\"og:url\" content=\"https:\/\/seiersborg.vgs.no\/fredrikstad\/vart-utdanningstilbud\/frisor-blomster-interior-ogeksponeringsdesign-vg1\/\" \/>\n<meta property=\"og:site_name\" content=\"Fredrikstad\" \/>\n<meta property=\"article:modified_time\" content=\"2026-01-19T13:13:04+00:00\" \/>\n<meta property=\"og:image\" content=\"https:\/\/seiersborg.vgs.no\/fredrikstad\/wp-content\/uploads\/sites\/1\/2026\/01\/FBIE-30-1024x683.jpg\" \/>\n<meta name=\"twitter:card\" content=\"summary_large_image\" \/>\n<meta name=\"twitter:label1\" content=\"Ansl. lesetid\" \/>\n\t<meta name=\"twitter:data1\" content=\"2 minutter\" \/>\n<script type=\"application\/ld+json\" class=\"yoast-schema-graph\">{\"@context\":\"https:\/\/schema.org\",\"@graph\":[{\"@type\":\"WebPage\",\"@id\":\"https:\/\/seiersborg.vgs.no\/fredrikstad\/vart-utdanningstilbud\/frisor-blomster-interior-ogeksponeringsdesign-vg1\/\",\"url\":\"https:\/\/seiersborg.vgs.no\/fredrikstad\/vart-utdanningstilbud\/frisor-blomster-interior-ogeksponeringsdesign-vg1\/\",\"name\":\"Fris\u00f8r, blomster, interi\u00f8r og eksponeringsdesign (vg1) - Fredrikstad\",\"isPartOf\":{\"@id\":\"https:\/\/seiersborg.vgs.no\/fredrikstad\/#website\"},\"datePublished\":\"2023-08-01T11:56:13+00:00\",\"dateModified\":\"2026-01-19T13:13:04+00:00\",\"breadcrumb\":{\"@id\":\"https:\/\/seiersborg.vgs.no\/fredrikstad\/vart-utdanningstilbud\/frisor-blomster-interior-ogeksponeringsdesign-vg1\/#breadcrumb\"},\"inLanguage\":\"nb-NO\",\"potentialAction\":[{\"@type\":\"ReadAction\",\"target\":[\"https:\/\/seiersborg.vgs.no\/fredrikstad\/vart-utdanningstilbud\/frisor-blomster-interior-ogeksponeringsdesign-vg1\/\"]}]},{\"@type\":\"BreadcrumbList\",\"@id\":\"https:\/\/seiersborg.vgs.no\/fredrikstad\/vart-utdanningstilbud\/frisor-blomster-interior-ogeksponeringsdesign-vg1\/#breadcrumb\",\"itemListElement\":[{\"@type\":\"ListItem\",\"position\":1,\"name\":\"Hjem\",\"item\":\"https:\/\/seiersborg.vgs.no\/fredrikstad\/\"},{\"@type\":\"ListItem\",\"position\":2,\"name\":\"V\u00e5rt utdanningstilbud\",\"item\":\"https:\/\/seiersborg.vgs.no\/fredrikstad\/vart-utdanningstilbud\/\"},{\"@type\":\"ListItem\",\"position\":3,\"name\":\"Fris\u00f8r, blomster, interi\u00f8r og eksponeringsdesign (vg1)\"}]},{\"@type\":\"WebSite\",\"@id\":\"https:\/\/seiersborg.vgs.no\/fredrikstad\/#website\",\"url\":\"https:\/\/seiersborg.vgs.no\/fredrikstad\/\",\"name\":\"Fredrikstad\",\"description\":\"\",\"potentialAction\":[{\"@type\":\"SearchAction\",\"target\":{\"@type\":\"EntryPoint\",\"urlTemplate\":\"https:\/\/seiersborg.vgs.no\/fredrikstad\/?s={search_term_string}\"},\"query-input\":\"required name=search_term_string\"}],\"inLanguage\":\"nb-NO\"}]}<\/script>\n<!-- \/ Yoast SEO plugin. -->","yoast_head_json":{"title":"Fris\u00f8r, blomster, interi\u00f8r og eksponeringsdesign (vg1) - Fredrikstad","robots":{"index":"index","follow":"follow","max-snippet":"max-snippet:-1","max-image-preview":"max-image-preview:large","max-video-preview":"max-video-preview:-1"},"canonical":"https:\/\/seiersborg.vgs.no\/fredrikstad\/vart-utdanningstilbud\/frisor-blomster-interior-ogeksponeringsdesign-vg1\/","og_locale":"nb_NO","og_type":"article","og_title":"Fris\u00f8r, blomster, interi\u00f8r og eksponeringsdesign (vg1) - Fredrikstad","og_description":"Fris\u00f8r, blomster, interi\u00f8r og eksponeringsdesign (vg1) Liker du \u00e5 skape noe? Vil du jobbe med noe kreativt? Utdanningsprogrammet FBIE gir mange muligheter FBIE (Fris\u00f8r, blomster, interi\u00f8r og eksponeringsdesign) kombinerer kreativitet med praktiske ferdigheter innenfor flere estetiske fagfelt. Gjennom en variert utdanning l\u00e6rer elevene alt fra h\u00e5rpleie og styling til design av blomsterdekorasjoner, rominnredning og visuelle [&hellip;]","og_url":"https:\/\/seiersborg.vgs.no\/fredrikstad\/vart-utdanningstilbud\/frisor-blomster-interior-ogeksponeringsdesign-vg1\/","og_site_name":"Fredrikstad","article_modified_time":"2026-01-19T13:13:04+00:00","og_image":[{"url":"https:\/\/seiersborg.vgs.no\/fredrikstad\/wp-content\/uploads\/sites\/1\/2026\/01\/FBIE-30-1024x683.jpg"}],"twitter_card":"summary_large_image","twitter_misc":{"Ansl. lesetid":"2 minutter"},"schema":{"@context":"https:\/\/schema.org","@graph":[{"@type":"WebPage","@id":"https:\/\/seiersborg.vgs.no\/fredrikstad\/vart-utdanningstilbud\/frisor-blomster-interior-ogeksponeringsdesign-vg1\/","url":"https:\/\/seiersborg.vgs.no\/fredrikstad\/vart-utdanningstilbud\/frisor-blomster-interior-ogeksponeringsdesign-vg1\/","name":"Fris\u00f8r, blomster, interi\u00f8r og eksponeringsdesign (vg1) - Fredrikstad","isPartOf":{"@id":"https:\/\/seiersborg.vgs.no\/fredrikstad\/#website"},"datePublished":"2023-08-01T11:56:13+00:00","dateModified":"2026-01-19T13:13:04+00:00","breadcrumb":{"@id":"https:\/\/seiersborg.vgs.no\/fredrikstad\/vart-utdanningstilbud\/frisor-blomster-interior-ogeksponeringsdesign-vg1\/#breadcrumb"},"inLanguage":"nb-NO","potentialAction":[{"@type":"ReadAction","target":["https:\/\/seiersborg.vgs.no\/fredrikstad\/vart-utdanningstilbud\/frisor-blomster-interior-ogeksponeringsdesign-vg1\/"]}]},{"@type":"BreadcrumbList","@id":"https:\/\/seiersborg.vgs.no\/fredrikstad\/vart-utdanningstilbud\/frisor-blomster-interior-ogeksponeringsdesign-vg1\/#breadcrumb","itemListElement":[{"@type":"ListItem","position":1,"name":"Hjem","item":"https:\/\/seiersborg.vgs.no\/fredrikstad\/"},{"@type":"ListItem","position":2,"name":"V\u00e5rt utdanningstilbud","item":"https:\/\/seiersborg.vgs.no\/fredrikstad\/vart-utdanningstilbud\/"},{"@type":"ListItem","position":3,"name":"Fris\u00f8r, blomster, interi\u00f8r og eksponeringsdesign (vg1)"}]},{"@type":"WebSite","@id":"https:\/\/seiersborg.vgs.no\/fredrikstad\/#website","url":"https:\/\/seiersborg.vgs.no\/fredrikstad\/","name":"Fredrikstad","description":"","potentialAction":[{"@type":"SearchAction","target":{"@type":"EntryPoint","urlTemplate":"https:\/\/seiersborg.vgs.no\/fredrikstad\/?s={search_term_string}"},"query-input":"required name=search_term_string"}],"inLanguage":"nb-NO"}]}},"_links":{"self":[{"href":"https:\/\/seiersborg.vgs.no\/fredrikstad\/wp-json\/wp\/v2\/pages\/284"}],"collection":[{"href":"https:\/\/seiersborg.vgs.no\/fredrikstad\/wp-json\/wp\/v2\/pages"}],"about":[{"href":"https:\/\/seiersborg.vgs.no\/fredrikstad\/wp-json\/wp\/v2\/types\/page"}],"author":[{"embeddable":true,"href":"https:\/\/seiersborg.vgs.no\/fredrikstad\/wp-json\/wp\/v2\/users\/1"}],"replies":[{"embeddable":true,"href":"https:\/\/seiersborg.vgs.no\/fredrikstad\/wp-json\/wp\/v2\/comments?post=284"}],"version-history":[{"count":17,"href":"https:\/\/seiersborg.vgs.no\/fredrikstad\/wp-json\/wp\/v2\/pages\/284\/revisions"}],"predecessor-version":[{"id":21361,"href":"https:\/\/seiersborg.vgs.no\/fredrikstad\/wp-json\/wp\/v2\/pages\/284\/revisions\/21361"}],"up":[{"embeddable":true,"href":"https:\/\/seiersborg.vgs.no\/fredrikstad\/wp-json\/wp\/v2\/pages\/28"}],"wp:attachment":[{"href":"https:\/\/seiersborg.vgs.no\/fredrikstad\/wp-json\/wp\/v2\/media?parent=284"}],"curies":[{"name":"wp","href":"https:\/\/api.w.org\/{rel}","templated":true}]}}