{"id":292,"date":"2023-08-01T13:58:16","date_gmt":"2023-08-01T11:58:16","guid":{"rendered":"https:\/\/seiersborg.vgs.no\/fredrikstad\/?page_id=292"},"modified":"2025-11-05T10:33:41","modified_gmt":"2025-11-05T09:33:41","slug":"helsearbeiderfag-vg2","status":"publish","type":"page","link":"https:\/\/seiersborg.vgs.no\/fredrikstad\/vart-utdanningstilbud\/helsearbeiderfag-vg2\/","title":{"rendered":"Helsearbeiderfag (vg2)"},"content":{"rendered":"\n<div class=\"cs-top wp-block-group alignfull has-primary-beige-background-color has-background eplus-wrapper is-layout-constrained wp-block-group-is-layout-constrained\"><div class=\"wp-block-group__inner-container\">\n<div class=\"container-rounded-corners wp-block-group has-light-beige-background-color has-background eplus-wrapper is-layout-constrained wp-block-group-is-layout-constrained\"><div class=\"wp-block-group__inner-container\"><div class=\" wp-block-columns alignfull are-vertically-aligned-center eplus-wrapper is-layout-flex wp-container-6 wp-block-columns-is-layout-flex eplus-styles-uid-2d920e\">\n<div class=\" wp-block-column eplus-wrapper is-layout-flow wp-block-column-is-layout-flow\" style=\"flex-basis:10px\"><\/div>\n\n\n\n<div class=\" wp-block-column is-vertically-aligned-center eplus-wrapper is-layout-flow wp-block-column-is-layout-flow\">\n<h1 class=\" wp-block-heading eplus-wrapper\">Helsearbeiderfag (vg2)<\/h1>\n\n\n\n<p class=\" eplus-wrapper\">Helsefagarbeideren arbeider med mennesker i alle aldre. Du kan blant annet jobbe p\u00e5 sykehjem, i hjemmebaserte tjenester, i boliger og p\u00e5 sykehus<\/p>\n\n\n\n<div class=\" wp-block-buttons eplus-wrapper is-layout-flex wp-block-buttons-is-layout-flex\"><div class=\"is-style-fill wp-block-button eplus-wrapper eplus-styles-uid-cfe4b1\"><a class=\"wp-block-button__link has-black-color has-pink-background-color has-text-color has-background wp-element-button\" href=\"https:\/\/seiersborg.vgs.no\/fredrikstad\/sok-her\/\" target=\"_blank\" rel=\"noreferrer noopener\">S\u00f8k her<\/a><\/div><\/div>\n<\/div>\n\n\n\n<div class=\" wp-block-column eplus-wrapper is-layout-flow wp-block-column-is-layout-flow\" style=\"flex-basis:5px\"><\/div>\n\n\n\n<div class=\" wp-block-column is-vertically-aligned-center eplus-wrapper is-layout-flow wp-block-column-is-layout-flow\">\n<div style=\"height:50px\" aria-hidden=\"true\" class=\" wp-block-spacer eplus-wrapper\"><\/div>\n\n\n\n<figure class=\" wp-block-image size-large eplus-wrapper\"><img decoding=\"async\" loading=\"lazy\" width=\"1024\" height=\"683\" src=\"https:\/\/seiersborg.vgs.no\/fredrikstad\/wp-content\/uploads\/sites\/1\/2025\/11\/HEA-23-1024x683.jpg\" alt=\"\" class=\"wp-image-21151\" srcset=\"https:\/\/seiersborg.vgs.no\/fredrikstad\/wp-content\/uploads\/sites\/1\/2025\/11\/HEA-23-1024x683.jpg 1024w, https:\/\/seiersborg.vgs.no\/fredrikstad\/wp-content\/uploads\/sites\/1\/2025\/11\/HEA-23-300x200.jpg 300w, https:\/\/seiersborg.vgs.no\/fredrikstad\/wp-content\/uploads\/sites\/1\/2025\/11\/HEA-23-768x512.jpg 768w, https:\/\/seiersborg.vgs.no\/fredrikstad\/wp-content\/uploads\/sites\/1\/2025\/11\/HEA-23-1536x1024.jpg 1536w, https:\/\/seiersborg.vgs.no\/fredrikstad\/wp-content\/uploads\/sites\/1\/2025\/11\/HEA-23.jpg 1600w\" sizes=\"(max-width: 1024px) 100vw, 1024px\" \/><\/figure>\n\n\n\n<div style=\"height:50px\" aria-hidden=\"true\" class=\" wp-block-spacer eplus-wrapper\"><\/div>\n<\/div>\n<\/div><\/div><\/div>\n<\/div><\/div>\n\n\n\n<div class=\" wp-block-group eplus-wrapper is-layout-constrained wp-block-group-is-layout-constrained\"><div class=\"wp-block-group__inner-container\">\n<div style=\"height:42px\" aria-hidden=\"true\" class=\" wp-block-spacer eplus-wrapper\"><\/div>\n\n\n<div class=\" wp-block-columns eplus-wrapper is-layout-flex wp-container-13 wp-block-columns-is-layout-flex eplus-styles-uid-84c3ee\">\n<div class=\" wp-block-column eplus-wrapper is-layout-flow wp-block-column-is-layout-flow\"><div class=\" wp-block-columns eplus-wrapper is-layout-flex wp-container-11 wp-block-columns-is-layout-flex eplus-styles-uid-1b15da\">\n<div class=\" wp-block-column eplus-wrapper is-layout-flow wp-block-column-is-layout-flow\">\n<p class=\" eplus-wrapper\">Etter \u00e5 ha fullf\u00f8rt vg1 helse- og oppvekstfag er en av mulighetene p\u00e5 Seiersborg \u00e5 g\u00e5 vg2 helsearbeiderfag. <\/p>\n\n\n\n<p class=\" eplus-wrapper\">P\u00e5 vg2 helsearbeiderfag l\u00e6rer du blant annet om helsefremmende arbeid, kommunikasjon og samhandling, yrkesut\u00f8velse og yrkesfaglig fordypning. <\/p>\n\n\n\n<p class=\" eplus-wrapper\">Som helsefagarbeider kan du jobbe i ulike offentlige eller private institusjoner der det. utf\u00f8res praktisk pleie, omsorg og milj\u00f8arbeid for pasienter og brukere av helse- og sosialtjenester.<\/p>\n<\/div>\n\n\n\n<div class=\" wp-block-column eplus-wrapper is-layout-flow wp-block-column-is-layout-flow\">\n<div style=\"height:42px\" aria-hidden=\"true\" class=\" wp-block-spacer eplus-wrapper\"><\/div>\n\n\n<p class=\" has-text-align-center has-medium-font-size eplus-wrapper eplus-styles-uid-bd5bf0\"><em><strong>Det er behov for 180.000 flere i helse- og omsorgsyrker fram mot 2060.<\/strong><\/em><\/p><\/div>\n<\/div><\/div>\n<\/div><\/div><\/div>\n\n\n\n<div class=\" wp-block-group eplus-wrapper is-layout-constrained wp-block-group-is-layout-constrained\"><div class=\"wp-block-group__inner-container\"><div class=\" wp-block-columns eplus-wrapper is-layout-flex wp-container-22 wp-block-columns-is-layout-flex eplus-styles-uid-062eb5\">\n<div class=\" wp-block-column eplus-wrapper is-layout-flow wp-block-column-is-layout-flow\"><div class=\" wp-block-columns eplus-wrapper is-layout-flex wp-container-16 wp-block-columns-is-layout-flex eplus-styles-uid-ddab39\">\n<div class=\" wp-block-column eplus-wrapper is-layout-flow wp-block-column-is-layout-flow\">\n<div style=\"height:78px\" aria-hidden=\"true\" class=\" wp-block-spacer eplus-wrapper\"><\/div>\n\n\n\n<figure class=\" wp-block-image size-large eplus-wrapper\"><img decoding=\"async\" loading=\"lazy\" width=\"1024\" height=\"683\" src=\"https:\/\/seiersborg.vgs.no\/fredrikstad\/wp-content\/uploads\/sites\/1\/2025\/11\/HEA-32-1024x683.jpg\" alt=\"\" class=\"wp-image-21153\" srcset=\"https:\/\/seiersborg.vgs.no\/fredrikstad\/wp-content\/uploads\/sites\/1\/2025\/11\/HEA-32-1024x683.jpg 1024w, https:\/\/seiersborg.vgs.no\/fredrikstad\/wp-content\/uploads\/sites\/1\/2025\/11\/HEA-32-300x200.jpg 300w, https:\/\/seiersborg.vgs.no\/fredrikstad\/wp-content\/uploads\/sites\/1\/2025\/11\/HEA-32-768x512.jpg 768w, https:\/\/seiersborg.vgs.no\/fredrikstad\/wp-content\/uploads\/sites\/1\/2025\/11\/HEA-32-1536x1024.jpg 1536w, https:\/\/seiersborg.vgs.no\/fredrikstad\/wp-content\/uploads\/sites\/1\/2025\/11\/HEA-32.jpg 1600w\" sizes=\"(max-width: 1024px) 100vw, 1024px\" \/><\/figure>\n<\/div>\n<\/div>\n\n\n<div style=\"height:47px\" aria-hidden=\"true\" class=\" wp-block-spacer eplus-wrapper\"><\/div>\n<\/div>\n\n\n\n<div class=\" wp-block-column eplus-wrapper is-layout-flow wp-block-column-is-layout-flow\">\n<div style=\"height:61px\" aria-hidden=\"true\" class=\" wp-block-spacer eplus-wrapper\"><\/div>\n\n\n<div class=\" wp-block-columns eplus-wrapper is-layout-flex wp-container-19 wp-block-columns-is-layout-flex eplus-styles-uid-aefded\">\n<div class=\" wp-block-column eplus-wrapper is-layout-flow wp-block-column-is-layout-flow\"><div class=\"wp-block-ub-content-toggle wp-block-ub-content-toggle-block\" id=\"ub-content-toggle-block-9bbffe09-8662-4ecb-8622-421d0b6e3d38\" data-mobilecollapse=\"false\" data-desktopcollapse=\"false\" data-preventcollapse=\"false\" data-showonlyone=\"true\">\n<div class=\"wp-block-ub-content-toggle-accordion\" style=\"border-color: #DCEAE9; \" id=\"ub-content-toggle-panel-block-\">\n\t\t\t<div class=\"wp-block-ub-content-toggle-accordion-title-wrap\" style=\"background-color: #DCEAE9;\" aria-controls=\"ub-content-toggle-panel-0-9bbffe09-8662-4ecb-8622-421d0b6e3d38\" tabindex=\"0\">\n\t\t\t<h3 class=\"wp-block-ub-content-toggle-accordion-title ub-content-toggle-title-9bbffe09-8662-4ecb-8622-421d0b6e3d38\" style=\"color: #000000; \">Du l\u00e6rer om<\/h3>\n\t\t\t<div class=\"wp-block-ub-content-toggle-accordion-toggle-wrap right\" style=\"color: #000000;\"><span class=\"wp-block-ub-content-toggle-accordion-state-indicator wp-block-ub-chevron-down\"><\/span><\/div>\n\t\t<\/div>\n\t\t\t<div role=\"region\" aria-expanded=\"false\" class=\"wp-block-ub-content-toggle-accordion-content-wrap ub-hide\" id=\"ub-content-toggle-panel-0-9bbffe09-8662-4ecb-8622-421d0b6e3d38\">\n<ul class=\" ep-custom-icon-list ep-custom-list eplus-wrapper eplus-styles-uid-6e1450\">\n<li class=\" eplus-wrapper\">grunnleggende sykepleie<\/li>\n\n\n\n<li class=\" eplus-wrapper\">milj\u00f8arbeid<\/li>\n\n\n\n<li class=\" eplus-wrapper\">aktiviteter for helse og livskvalitet<\/li>\n\n\n\n<li class=\" eplus-wrapper\">kommunikasjon og samhandling<\/li>\n\n\n\n<li class=\" eplus-wrapper\">etikk og lovverk<\/li>\n\n\n\n<li class=\" eplus-wrapper\">helhetlig omsorg<\/li>\n<\/ul>\n<\/div>\n\t\t<\/div>\n\n<div class=\"wp-block-ub-content-toggle-accordion\" style=\"border-color: #DCEAE9; \" id=\"ub-content-toggle-panel-block-\">\n\t\t\t<div class=\"wp-block-ub-content-toggle-accordion-title-wrap\" style=\"background-color: #DCEAE9;\" aria-controls=\"ub-content-toggle-panel-1-9bbffe09-8662-4ecb-8622-421d0b6e3d38\" tabindex=\"0\">\n\t\t\t<h3 class=\"wp-block-ub-content-toggle-accordion-title ub-content-toggle-title-9bbffe09-8662-4ecb-8622-421d0b6e3d38\" style=\"color: #000000; \">Du b\u00f8r v\u00e6re<\/h3>\n\t\t\t<div class=\"wp-block-ub-content-toggle-accordion-toggle-wrap right\" style=\"color: #000000;\"><span class=\"wp-block-ub-content-toggle-accordion-state-indicator wp-block-ub-chevron-down\"><\/span><\/div>\n\t\t<\/div>\n\t\t\t<div role=\"region\" aria-expanded=\"false\" class=\"wp-block-ub-content-toggle-accordion-content-wrap ub-hide\" id=\"ub-content-toggle-panel-1-9bbffe09-8662-4ecb-8622-421d0b6e3d38\">\n<ul class=\" ep-custom-icon-list ep-custom-list eplus-wrapper eplus-styles-uid-51f28a\">\n<li class=\" eplus-wrapper\">omsorgsfull og hensynsfull overfor andre<\/li>\n\n\n\n<li class=\" eplus-wrapper\">flink til \u00e5 kommunisere<\/li>\n\n\n\n<li class=\" eplus-wrapper\">god til \u00e5 samhandle med andre<\/li>\n<\/ul>\n<\/div>\n\t\t<\/div>\n\n<div class=\"wp-block-ub-content-toggle-accordion\" style=\"border-color: #DCEAE9; \" id=\"ub-content-toggle-panel-block-\">\n\t\t\t<div class=\"wp-block-ub-content-toggle-accordion-title-wrap\" style=\"background-color: #DCEAE9;\" aria-controls=\"ub-content-toggle-panel-2-9bbffe09-8662-4ecb-8622-421d0b6e3d38\" tabindex=\"0\">\n\t\t\t<h3 class=\"wp-block-ub-content-toggle-accordion-title ub-content-toggle-title-9bbffe09-8662-4ecb-8622-421d0b6e3d38\" style=\"color: #000000; \">Du kan bli<\/h3>\n\t\t\t<div class=\"wp-block-ub-content-toggle-accordion-toggle-wrap right\" style=\"color: #000000;\"><span class=\"wp-block-ub-content-toggle-accordion-state-indicator wp-block-ub-chevron-down\"><\/span><\/div>\n\t\t<\/div>\n\t\t\t<div role=\"region\" aria-expanded=\"false\" class=\"wp-block-ub-content-toggle-accordion-content-wrap ub-hide\" id=\"ub-content-toggle-panel-2-9bbffe09-8662-4ecb-8622-421d0b6e3d38\">\n<ul class=\" ep-custom-icon-list ep-custom-list eplus-wrapper eplus-styles-uid-09fe06\">\n<li class=\" eplus-wrapper\">helsefagarbeider<\/li>\n\n\n\n<li class=\" eplus-wrapper\">hjemmehjelp<\/li>\n\n\n\n<li class=\" eplus-wrapper\">omsorgsarbeider<\/li>\n\n\n\n<li class=\" eplus-wrapper\">tjenesteyter innen psykisk helse<\/li>\n<\/ul>\n<\/div>\n\t\t<\/div>\n<\/div>\n\n\n<div style=\"height:68px\" aria-hidden=\"true\" class=\" wp-block-spacer eplus-wrapper\"><\/div>\n<\/div>\n<\/div>\n\n\n<div class=\" wp-block-buttons eplus-wrapper is-layout-flex wp-block-buttons-is-layout-flex\"><div class=\" wp-block-button has-custom-font-size has-medium-font-size eplus-wrapper eplus-styles-uid-e3baf5\"><a class=\"wp-block-button__link has-white-color has-primary-blue-background-color has-text-color has-background wp-element-button\" href=\"https:\/\/www.vilbli.no\/nb\/no\" style=\"border-radius:41px\" target=\"_blank\" rel=\"noreferrer noopener\"><strong>Les mer p\u00e5 vilbli.no<\/strong><\/a><\/div><\/div>\n\n\n\n<div style=\"height:47px\" aria-hidden=\"true\" class=\" wp-block-spacer eplus-wrapper\"><\/div>\n<\/div>\n<\/div><\/div><\/div>\n","protected":false},"excerpt":{"rendered":"<p>Helsearbeiderfag (vg2) Helsefagarbeideren arbeider med mennesker i alle aldre. Du kan blant annet jobbe p\u00e5 sykehjem, i hjemmebaserte tjenester, i boliger og p\u00e5 sykehus Etter \u00e5 ha fullf\u00f8rt vg1 helse- og oppvekstfag er en av mulighetene p\u00e5 Seiersborg \u00e5 g\u00e5 vg2 helsearbeiderfag. P\u00e5 vg2 helsearbeiderfag l\u00e6rer du blant annet om helsefremmende arbeid, kommunikasjon og samhandling, [&hellip;]<\/p>\n","protected":false},"author":1,"featured_media":0,"parent":28,"menu_order":0,"comment_status":"closed","ping_status":"closed","template":"","meta":{"inline_featured_image":false,"editor_plus_copied_stylings":"{}","footnotes":""},"featured_image_src":null,"yoast_head":"<!-- This site is optimized with the Yoast SEO plugin v21.0 - https:\/\/yoast.com\/wordpress\/plugins\/seo\/ -->\n<title>Helsearbeiderfag (vg2) - Fredrikstad<\/title>\n<meta name=\"robots\" content=\"index, follow, max-snippet:-1, max-image-preview:large, max-video-preview:-1\" \/>\n<link rel=\"canonical\" href=\"https:\/\/seiersborg.vgs.no\/fredrikstad\/vart-utdanningstilbud\/helsearbeiderfag-vg2\/\" \/>\n<meta property=\"og:locale\" content=\"nb_NO\" \/>\n<meta property=\"og:type\" content=\"article\" \/>\n<meta property=\"og:title\" content=\"Helsearbeiderfag (vg2) - Fredrikstad\" \/>\n<meta property=\"og:description\" content=\"Helsearbeiderfag (vg2) Helsefagarbeideren arbeider med mennesker i alle aldre. Du kan blant annet jobbe p\u00e5 sykehjem, i hjemmebaserte tjenester, i boliger og p\u00e5 sykehus Etter \u00e5 ha fullf\u00f8rt vg1 helse- og oppvekstfag er en av mulighetene p\u00e5 Seiersborg \u00e5 g\u00e5 vg2 helsearbeiderfag. P\u00e5 vg2 helsearbeiderfag l\u00e6rer du blant annet om helsefremmende arbeid, kommunikasjon og samhandling, [&hellip;]\" \/>\n<meta property=\"og:url\" content=\"https:\/\/seiersborg.vgs.no\/fredrikstad\/vart-utdanningstilbud\/helsearbeiderfag-vg2\/\" \/>\n<meta property=\"og:site_name\" content=\"Fredrikstad\" \/>\n<meta property=\"article:modified_time\" content=\"2025-11-05T09:33:41+00:00\" \/>\n<meta property=\"og:image\" content=\"https:\/\/seiersborg.vgs.no\/fredrikstad\/wp-content\/uploads\/sites\/1\/2025\/11\/HEA-23-1024x683.jpg\" \/>\n<meta name=\"twitter:card\" content=\"summary_large_image\" \/>\n<meta name=\"twitter:label1\" content=\"Ansl. lesetid\" \/>\n\t<meta name=\"twitter:data1\" content=\"2 minutter\" \/>\n<script type=\"application\/ld+json\" class=\"yoast-schema-graph\">{\"@context\":\"https:\/\/schema.org\",\"@graph\":[{\"@type\":\"WebPage\",\"@id\":\"https:\/\/seiersborg.vgs.no\/fredrikstad\/vart-utdanningstilbud\/helsearbeiderfag-vg2\/\",\"url\":\"https:\/\/seiersborg.vgs.no\/fredrikstad\/vart-utdanningstilbud\/helsearbeiderfag-vg2\/\",\"name\":\"Helsearbeiderfag (vg2) - Fredrikstad\",\"isPartOf\":{\"@id\":\"https:\/\/seiersborg.vgs.no\/fredrikstad\/#website\"},\"datePublished\":\"2023-08-01T11:58:16+00:00\",\"dateModified\":\"2025-11-05T09:33:41+00:00\",\"breadcrumb\":{\"@id\":\"https:\/\/seiersborg.vgs.no\/fredrikstad\/vart-utdanningstilbud\/helsearbeiderfag-vg2\/#breadcrumb\"},\"inLanguage\":\"nb-NO\",\"potentialAction\":[{\"@type\":\"ReadAction\",\"target\":[\"https:\/\/seiersborg.vgs.no\/fredrikstad\/vart-utdanningstilbud\/helsearbeiderfag-vg2\/\"]}]},{\"@type\":\"BreadcrumbList\",\"@id\":\"https:\/\/seiersborg.vgs.no\/fredrikstad\/vart-utdanningstilbud\/helsearbeiderfag-vg2\/#breadcrumb\",\"itemListElement\":[{\"@type\":\"ListItem\",\"position\":1,\"name\":\"Hjem\",\"item\":\"https:\/\/seiersborg.vgs.no\/fredrikstad\/\"},{\"@type\":\"ListItem\",\"position\":2,\"name\":\"V\u00e5rt utdanningstilbud\",\"item\":\"https:\/\/seiersborg.vgs.no\/fredrikstad\/vart-utdanningstilbud\/\"},{\"@type\":\"ListItem\",\"position\":3,\"name\":\"Helsearbeiderfag (vg2)\"}]},{\"@type\":\"WebSite\",\"@id\":\"https:\/\/seiersborg.vgs.no\/fredrikstad\/#website\",\"url\":\"https:\/\/seiersborg.vgs.no\/fredrikstad\/\",\"name\":\"Fredrikstad\",\"description\":\"\",\"potentialAction\":[{\"@type\":\"SearchAction\",\"target\":{\"@type\":\"EntryPoint\",\"urlTemplate\":\"https:\/\/seiersborg.vgs.no\/fredrikstad\/?s={search_term_string}\"},\"query-input\":\"required name=search_term_string\"}],\"inLanguage\":\"nb-NO\"}]}<\/script>\n<!-- \/ Yoast SEO plugin. -->","yoast_head_json":{"title":"Helsearbeiderfag (vg2) - Fredrikstad","robots":{"index":"index","follow":"follow","max-snippet":"max-snippet:-1","max-image-preview":"max-image-preview:large","max-video-preview":"max-video-preview:-1"},"canonical":"https:\/\/seiersborg.vgs.no\/fredrikstad\/vart-utdanningstilbud\/helsearbeiderfag-vg2\/","og_locale":"nb_NO","og_type":"article","og_title":"Helsearbeiderfag (vg2) - Fredrikstad","og_description":"Helsearbeiderfag (vg2) Helsefagarbeideren arbeider med mennesker i alle aldre. Du kan blant annet jobbe p\u00e5 sykehjem, i hjemmebaserte tjenester, i boliger og p\u00e5 sykehus Etter \u00e5 ha fullf\u00f8rt vg1 helse- og oppvekstfag er en av mulighetene p\u00e5 Seiersborg \u00e5 g\u00e5 vg2 helsearbeiderfag. P\u00e5 vg2 helsearbeiderfag l\u00e6rer du blant annet om helsefremmende arbeid, kommunikasjon og samhandling, [&hellip;]","og_url":"https:\/\/seiersborg.vgs.no\/fredrikstad\/vart-utdanningstilbud\/helsearbeiderfag-vg2\/","og_site_name":"Fredrikstad","article_modified_time":"2025-11-05T09:33:41+00:00","og_image":[{"url":"https:\/\/seiersborg.vgs.no\/fredrikstad\/wp-content\/uploads\/sites\/1\/2025\/11\/HEA-23-1024x683.jpg"}],"twitter_card":"summary_large_image","twitter_misc":{"Ansl. lesetid":"2 minutter"},"schema":{"@context":"https:\/\/schema.org","@graph":[{"@type":"WebPage","@id":"https:\/\/seiersborg.vgs.no\/fredrikstad\/vart-utdanningstilbud\/helsearbeiderfag-vg2\/","url":"https:\/\/seiersborg.vgs.no\/fredrikstad\/vart-utdanningstilbud\/helsearbeiderfag-vg2\/","name":"Helsearbeiderfag (vg2) - Fredrikstad","isPartOf":{"@id":"https:\/\/seiersborg.vgs.no\/fredrikstad\/#website"},"datePublished":"2023-08-01T11:58:16+00:00","dateModified":"2025-11-05T09:33:41+00:00","breadcrumb":{"@id":"https:\/\/seiersborg.vgs.no\/fredrikstad\/vart-utdanningstilbud\/helsearbeiderfag-vg2\/#breadcrumb"},"inLanguage":"nb-NO","potentialAction":[{"@type":"ReadAction","target":["https:\/\/seiersborg.vgs.no\/fredrikstad\/vart-utdanningstilbud\/helsearbeiderfag-vg2\/"]}]},{"@type":"BreadcrumbList","@id":"https:\/\/seiersborg.vgs.no\/fredrikstad\/vart-utdanningstilbud\/helsearbeiderfag-vg2\/#breadcrumb","itemListElement":[{"@type":"ListItem","position":1,"name":"Hjem","item":"https:\/\/seiersborg.vgs.no\/fredrikstad\/"},{"@type":"ListItem","position":2,"name":"V\u00e5rt utdanningstilbud","item":"https:\/\/seiersborg.vgs.no\/fredrikstad\/vart-utdanningstilbud\/"},{"@type":"ListItem","position":3,"name":"Helsearbeiderfag (vg2)"}]},{"@type":"WebSite","@id":"https:\/\/seiersborg.vgs.no\/fredrikstad\/#website","url":"https:\/\/seiersborg.vgs.no\/fredrikstad\/","name":"Fredrikstad","description":"","potentialAction":[{"@type":"SearchAction","target":{"@type":"EntryPoint","urlTemplate":"https:\/\/seiersborg.vgs.no\/fredrikstad\/?s={search_term_string}"},"query-input":"required name=search_term_string"}],"inLanguage":"nb-NO"}]}},"_links":{"self":[{"href":"https:\/\/seiersborg.vgs.no\/fredrikstad\/wp-json\/wp\/v2\/pages\/292"}],"collection":[{"href":"https:\/\/seiersborg.vgs.no\/fredrikstad\/wp-json\/wp\/v2\/pages"}],"about":[{"href":"https:\/\/seiersborg.vgs.no\/fredrikstad\/wp-json\/wp\/v2\/types\/page"}],"author":[{"embeddable":true,"href":"https:\/\/seiersborg.vgs.no\/fredrikstad\/wp-json\/wp\/v2\/users\/1"}],"replies":[{"embeddable":true,"href":"https:\/\/seiersborg.vgs.no\/fredrikstad\/wp-json\/wp\/v2\/comments?post=292"}],"version-history":[{"count":12,"href":"https:\/\/seiersborg.vgs.no\/fredrikstad\/wp-json\/wp\/v2\/pages\/292\/revisions"}],"predecessor-version":[{"id":21155,"href":"https:\/\/seiersborg.vgs.no\/fredrikstad\/wp-json\/wp\/v2\/pages\/292\/revisions\/21155"}],"up":[{"embeddable":true,"href":"https:\/\/seiersborg.vgs.no\/fredrikstad\/wp-json\/wp\/v2\/pages\/28"}],"wp:attachment":[{"href":"https:\/\/seiersborg.vgs.no\/fredrikstad\/wp-json\/wp\/v2\/media?parent=292"}],"curies":[{"name":"wp","href":"https:\/\/api.w.org\/{rel}","templated":true}]}}