{"id":294,"date":"2023-08-01T13:58:33","date_gmt":"2023-08-01T11:58:33","guid":{"rendered":"https:\/\/seiersborg.vgs.no\/fredrikstad\/?page_id=294"},"modified":"2025-01-24T13:55:57","modified_gmt":"2025-01-24T12:55:57","slug":"frisor-vg2","status":"publish","type":"page","link":"https:\/\/seiersborg.vgs.no\/fredrikstad\/vart-utdanningstilbud\/frisor-vg2\/","title":{"rendered":"Fris\u00f8r (vg2)"},"content":{"rendered":"\n<div class=\"cs-top wp-block-group alignfull has-primary-beige-background-color has-background eplus-wrapper is-layout-constrained wp-block-group-is-layout-constrained\"><div class=\"wp-block-group__inner-container\">\n<div class=\"container-rounded-corners wp-block-group has-light-beige-background-color has-background eplus-wrapper is-layout-constrained wp-block-group-is-layout-constrained\"><div class=\"wp-block-group__inner-container\"><div class=\" wp-block-columns alignfull are-vertically-aligned-center eplus-wrapper is-layout-flex wp-container-6 wp-block-columns-is-layout-flex eplus-styles-uid-97f185\">\n<div class=\" wp-block-column eplus-wrapper is-layout-flow wp-block-column-is-layout-flow\" style=\"flex-basis:10px\"><\/div>\n\n\n\n<div class=\" wp-block-column is-vertically-aligned-center eplus-wrapper is-layout-flow wp-block-column-is-layout-flow\">\n<h1 class=\" wp-block-heading eplus-wrapper\">Fris\u00f8r (vg2)<\/h1>\n\n\n\n<p class=\" eplus-wrapper\">Liker du og jobbe med h\u00e5r og sminke? P\u00e5 vg2 fris\u00f8r l\u00e6rer du om moter og trender og trenes i b\u00e5de tradisjonelle og moderne teknikker<\/p>\n\n\n\n<div class=\" wp-block-buttons eplus-wrapper is-layout-flex wp-block-buttons-is-layout-flex\"><div class=\"is-style-fill wp-block-button eplus-wrapper eplus-styles-uid-bcb0d1\"><a class=\"wp-block-button__link has-black-color has-pink-background-color has-text-color has-background wp-element-button\" href=\"https:\/\/seiersborg.vgs.no\/fredrikstad\/sok-her\/\" target=\"_blank\" rel=\"noreferrer noopener\">S\u00f8k her<\/a><\/div><\/div>\n<\/div>\n\n\n\n<div class=\" wp-block-column eplus-wrapper is-layout-flow wp-block-column-is-layout-flow\" style=\"flex-basis:5px\"><\/div>\n\n\n\n<div class=\" wp-block-column is-vertically-aligned-center eplus-wrapper is-layout-flow wp-block-column-is-layout-flow\">\n<div style=\"height:50px\" aria-hidden=\"true\" class=\" wp-block-spacer eplus-wrapper\"><\/div>\n\n\n\n<figure class=\" wp-block-image size-large eplus-wrapper\"><img decoding=\"async\" loading=\"lazy\" width=\"1024\" height=\"683\" src=\"https:\/\/seiersborg.vgs.no\/fredrikstad\/wp-content\/uploads\/sites\/1\/2025\/01\/Frisor_web-5-1-1024x683.jpg\" alt=\"\" class=\"wp-image-20521\" srcset=\"https:\/\/seiersborg.vgs.no\/fredrikstad\/wp-content\/uploads\/sites\/1\/2025\/01\/Frisor_web-5-1-1024x683.jpg 1024w, https:\/\/seiersborg.vgs.no\/fredrikstad\/wp-content\/uploads\/sites\/1\/2025\/01\/Frisor_web-5-1-300x200.jpg 300w, https:\/\/seiersborg.vgs.no\/fredrikstad\/wp-content\/uploads\/sites\/1\/2025\/01\/Frisor_web-5-1-768x512.jpg 768w, https:\/\/seiersborg.vgs.no\/fredrikstad\/wp-content\/uploads\/sites\/1\/2025\/01\/Frisor_web-5-1-1536x1024.jpg 1536w, https:\/\/seiersborg.vgs.no\/fredrikstad\/wp-content\/uploads\/sites\/1\/2025\/01\/Frisor_web-5-1.jpg 1600w\" sizes=\"(max-width: 1024px) 100vw, 1024px\" \/><\/figure>\n\n\n\n<div style=\"height:50px\" aria-hidden=\"true\" class=\" wp-block-spacer eplus-wrapper\"><\/div>\n<\/div>\n<\/div><\/div><\/div>\n<\/div><\/div>\n\n\n\n<div class=\"cs-medium wp-block-group eplus-wrapper is-layout-constrained wp-block-group-is-layout-constrained\"><div class=\"wp-block-group__inner-container\"><div class=\" wp-block-columns eplus-wrapper is-layout-flex wp-container-11 wp-block-columns-is-layout-flex eplus-styles-uid-052a61\">\n<div class=\" wp-block-column eplus-wrapper is-layout-flow wp-block-column-is-layout-flow\">\n<p class=\" eplus-wrapper\">Fris\u00f8rfaget er i stadig utvikling, noe som gj\u00f8r at dagens fris\u00f8rer m\u00e5 v\u00e6re allsidige og kunne tilpasse seg kundens stil men samtidig kunne gi r\u00e5d og veiledning. Vg2 fris\u00f8r handler om \u00e5 behandle og pleie ulike h\u00e5rtyper, hodebunn, skjegg, vipper og bryn for \u00e5 im\u00f8tekomme kundens \u00f8nsker og forutsetninger. Du l\u00e6rer om moter og trender og trenes i b\u00e5de tradisjonelle og moderne teknikker.<\/p>\n\n\n\n<p class=\" eplus-wrapper\">Vi har fokus p\u00e5 \u00e5 jobbe s\u00e5 praksisn\u00e6rt som mulig. Dette for \u00e5 forberede elevene p\u00e5 arbeidslivet og yrket som fris\u00f8r. Det gj\u00f8res blant annet gjennom elevbedrift hvor vi har \u00e5pen fris\u00f8rsalong hvor det tilbys forskjellige behandlinger som klipp, farge og striper, h\u00e5r- og hodebunnspleie.\u00a0<\/p>\n\n\n\n<p class=\" eplus-wrapper\">Etter to \u00e5r p\u00e5 skole venter to \u00e5r med oppl\u00e6ring i bedrift som l\u00e6rling f\u00f8r du kan f\u00e5 svennebrev som fris\u00f8r.<\/p>\n<\/div>\n\n\n\n<div class=\" wp-block-column eplus-wrapper is-layout-flow wp-block-column-is-layout-flow\">\n<div style=\"height:67px\" aria-hidden=\"true\" class=\" wp-block-spacer eplus-wrapper\"><\/div>\n\n\n\n<p class=\" has-medium-font-size eplus-wrapper\"><em><strong>&laquo;<\/strong>Jeg synes det er fint \u00e5 g\u00e5 her p\u00e5 Seiersborg. Man f\u00f8ler seg sett og h\u00f8rt av l\u00e6rere, og de er flinke til \u00e5 tilrettelegge for l\u00e6ring. Det er ogs\u00e5 veldig hyggelig med milj\u00f8arbeider, det skaper trygghet.<\/em><\/p>\n<\/div>\n<\/div><\/div><\/div>\n\n\n\n<div class=\" wp-block-group eplus-wrapper is-layout-constrained wp-block-group-is-layout-constrained\"><div class=\"wp-block-group__inner-container\"><div class=\" wp-block-columns eplus-wrapper is-layout-flex wp-container-20 wp-block-columns-is-layout-flex eplus-styles-uid-61d3c6\">\n<div class=\" wp-block-column eplus-wrapper is-layout-flow wp-block-column-is-layout-flow\"><div class=\" wp-block-columns eplus-wrapper is-layout-flex wp-container-14 wp-block-columns-is-layout-flex eplus-styles-uid-913fc4\">\n<div class=\" wp-block-column eplus-wrapper is-layout-flow wp-block-column-is-layout-flow\">\n<div style=\"height:45px\" aria-hidden=\"true\" class=\" wp-block-spacer eplus-wrapper\"><\/div>\n\n\n\n<figure class=\"is-style-default wp-block-image size-large eplus-wrapper\"><img decoding=\"async\" loading=\"lazy\" width=\"1024\" height=\"683\" src=\"https:\/\/seiersborg.vgs.no\/fredrikstad\/wp-content\/uploads\/sites\/1\/2025\/01\/Frisor_web-11-1024x683.jpg\" alt=\"\" class=\"wp-image-20525\" srcset=\"https:\/\/seiersborg.vgs.no\/fredrikstad\/wp-content\/uploads\/sites\/1\/2025\/01\/Frisor_web-11-1024x683.jpg 1024w, https:\/\/seiersborg.vgs.no\/fredrikstad\/wp-content\/uploads\/sites\/1\/2025\/01\/Frisor_web-11-300x200.jpg 300w, https:\/\/seiersborg.vgs.no\/fredrikstad\/wp-content\/uploads\/sites\/1\/2025\/01\/Frisor_web-11-768x512.jpg 768w, https:\/\/seiersborg.vgs.no\/fredrikstad\/wp-content\/uploads\/sites\/1\/2025\/01\/Frisor_web-11-1536x1024.jpg 1536w, https:\/\/seiersborg.vgs.no\/fredrikstad\/wp-content\/uploads\/sites\/1\/2025\/01\/Frisor_web-11.jpg 1600w\" sizes=\"(max-width: 1024px) 100vw, 1024px\" \/><\/figure>\n<\/div>\n<\/div>\n\n\n<div style=\"height:47px\" aria-hidden=\"true\" class=\" wp-block-spacer eplus-wrapper\"><\/div>\n<\/div>\n\n\n\n<div class=\" wp-block-column eplus-wrapper is-layout-flow wp-block-column-is-layout-flow\">\n<div style=\"height:45px\" aria-hidden=\"true\" class=\" wp-block-spacer eplus-wrapper\"><\/div>\n\n\n<div class=\" wp-block-columns eplus-wrapper is-layout-flex wp-container-17 wp-block-columns-is-layout-flex eplus-styles-uid-bac1ca\">\n<div class=\" wp-block-column eplus-wrapper is-layout-flow wp-block-column-is-layout-flow\"><div class=\"wp-block-ub-content-toggle wp-block-ub-content-toggle-block\" id=\"ub-content-toggle-block-e3a150f0-5787-4da0-b81f-db1844bc2066\" data-mobilecollapse=\"false\" data-desktopcollapse=\"true\" data-preventcollapse=\"false\" data-showonlyone=\"true\">\n<div class=\"wp-block-ub-content-toggle-accordion\" style=\"border-color: #DCEAE9; \" id=\"ub-content-toggle-panel-block-\">\n\t\t\t<div class=\"wp-block-ub-content-toggle-accordion-title-wrap\" style=\"background-color: #DCEAE9;\" aria-controls=\"ub-content-toggle-panel-0-e3a150f0-5787-4da0-b81f-db1844bc2066\" tabindex=\"0\">\n\t\t\t<h3 class=\"wp-block-ub-content-toggle-accordion-title ub-content-toggle-title-e3a150f0-5787-4da0-b81f-db1844bc2066\" style=\"color: #000000; \">Du l\u00e6rer om<\/h3>\n\t\t\t<div class=\"wp-block-ub-content-toggle-accordion-toggle-wrap right\" style=\"color: #000000;\"><span class=\"wp-block-ub-content-toggle-accordion-state-indicator wp-block-ub-chevron-down\"><\/span><\/div>\n\t\t<\/div>\n\t\t\t<div role=\"region\" aria-expanded=\"false\" class=\"wp-block-ub-content-toggle-accordion-content-wrap ub-hide\" id=\"ub-content-toggle-panel-0-e3a150f0-5787-4da0-b81f-db1844bc2066\">\n<ul class=\" ep-custom-icon-list ep-custom-list eplus-wrapper eplus-styles-uid-e9203a\">\n<li class=\" eplus-wrapper\">h\u00e5r, verkt\u00f8y og teknikker<\/li>\n\n\n\n<li class=\" eplus-wrapper\">kommunikasjon og kundeservice<\/li>\n\n\n\n<li class=\" eplus-wrapper\">materialer og produkter<\/li>\n\n\n\n<li class=\" eplus-wrapper\">arbeidsliv og yrkesidentitet<\/li>\n<\/ul>\n<\/div>\n\t\t<\/div>\n\n<div class=\"wp-block-ub-content-toggle-accordion\" style=\"border-color: #DCEAE9; \" id=\"ub-content-toggle-panel-block-\">\n\t\t\t<div class=\"wp-block-ub-content-toggle-accordion-title-wrap\" style=\"background-color: #DCEAE9;\" aria-controls=\"ub-content-toggle-panel-1-e3a150f0-5787-4da0-b81f-db1844bc2066\" tabindex=\"0\">\n\t\t\t<h3 class=\"wp-block-ub-content-toggle-accordion-title ub-content-toggle-title-e3a150f0-5787-4da0-b81f-db1844bc2066\" style=\"color: #000000; \">Du b\u00f8r v\u00e6re<\/h3>\n\t\t\t<div class=\"wp-block-ub-content-toggle-accordion-toggle-wrap right\" style=\"color: #000000;\"><span class=\"wp-block-ub-content-toggle-accordion-state-indicator wp-block-ub-chevron-down\"><\/span><\/div>\n\t\t<\/div>\n\t\t\t<div role=\"region\" aria-expanded=\"false\" class=\"wp-block-ub-content-toggle-accordion-content-wrap ub-hide\" id=\"ub-content-toggle-panel-1-e3a150f0-5787-4da0-b81f-db1844bc2066\">\n<ul class=\" ep-custom-icon-list ep-custom-list eplus-wrapper eplus-styles-uid-1be881\">\n<li class=\" eplus-wrapper\">kreativ og estetisk anlagt<\/li>\n\n\n\n<li class=\" eplus-wrapper\">interessert i \u00e5 arbeide med hendene<\/li>\n\n\n\n<li class=\" eplus-wrapper\">n\u00f8yaktig og utholdende<\/li>\n<\/ul>\n<\/div>\n\t\t<\/div>\n\n<div class=\"wp-block-ub-content-toggle-accordion\" style=\"border-color: #DCEAE9; \" id=\"ub-content-toggle-panel-block-\">\n\t\t\t<div class=\"wp-block-ub-content-toggle-accordion-title-wrap\" style=\"background-color: #DCEAE9;\" aria-controls=\"ub-content-toggle-panel-2-e3a150f0-5787-4da0-b81f-db1844bc2066\" tabindex=\"0\">\n\t\t\t<h3 class=\"wp-block-ub-content-toggle-accordion-title ub-content-toggle-title-e3a150f0-5787-4da0-b81f-db1844bc2066\" style=\"color: #000000; \">Du kan bli<\/h3>\n\t\t\t<div class=\"wp-block-ub-content-toggle-accordion-toggle-wrap right\" style=\"color: #000000;\"><span class=\"wp-block-ub-content-toggle-accordion-state-indicator wp-block-ub-chevron-down\"><\/span><\/div>\n\t\t<\/div>\n\t\t\t<div role=\"region\" aria-expanded=\"false\" class=\"wp-block-ub-content-toggle-accordion-content-wrap ub-hide\" id=\"ub-content-toggle-panel-2-e3a150f0-5787-4da0-b81f-db1844bc2066\">\n<ul class=\" ep-custom-icon-list ep-custom-list eplus-wrapper eplus-styles-uid-99fb3f\">\n<li class=\" eplus-wrapper\">fris\u00f8r<\/li>\n\n\n\n<li class=\" eplus-wrapper\">mask\u00f8r- og parykkmaker<\/li>\n\n\n\n<li class=\" eplus-wrapper\"><a href=\"https:\/\/www.vilbli.no\/nb\/no\/yrker\/v.fd?utdanningsprogram=v.fd&amp;kurs=v.fdfbi1----\" target=\"_blank\" rel=\"noreferrer noopener\">Se alle yrker og kompetanser<\/a><\/li>\n<\/ul>\n<\/div>\n\t\t<\/div>\n<\/div><\/div>\n<\/div>\n\n\n<div style=\"height:48px\" aria-hidden=\"true\" class=\" wp-block-spacer eplus-wrapper\"><\/div>\n\n\n\n<div class=\" wp-block-buttons eplus-wrapper is-layout-flex wp-block-buttons-is-layout-flex\"><div class=\" wp-block-button has-custom-font-size has-medium-font-size eplus-wrapper eplus-styles-uid-c8dfa1\"><a class=\"wp-block-button__link has-white-color has-primary-blue-background-color has-text-color has-background wp-element-button\" href=\"https:\/\/www.vilbli.no\/nb\/no\" style=\"border-radius:41px\" target=\"_blank\" rel=\"noreferrer noopener\"><strong>Les mer p\u00e5 vilbli.no<\/strong><\/a><\/div><\/div>\n<\/div>\n<\/div><\/div><\/div>\n","protected":false},"excerpt":{"rendered":"<p>Fris\u00f8r (vg2) Liker du og jobbe med h\u00e5r og sminke? P\u00e5 vg2 fris\u00f8r l\u00e6rer du om moter og trender og trenes i b\u00e5de tradisjonelle og moderne teknikker Fris\u00f8rfaget er i stadig utvikling, noe som gj\u00f8r at dagens fris\u00f8rer m\u00e5 v\u00e6re allsidige og kunne tilpasse seg kundens stil men samtidig kunne gi r\u00e5d og veiledning. Vg2 [&hellip;]<\/p>\n","protected":false},"author":1,"featured_media":0,"parent":28,"menu_order":0,"comment_status":"closed","ping_status":"closed","template":"","meta":{"inline_featured_image":false,"editor_plus_copied_stylings":"{}","footnotes":""},"featured_image_src":null,"yoast_head":"<!-- This site is optimized with the Yoast SEO plugin v21.0 - https:\/\/yoast.com\/wordpress\/plugins\/seo\/ -->\n<title>Fris\u00f8r (vg2) - Fredrikstad<\/title>\n<meta name=\"robots\" content=\"index, follow, max-snippet:-1, max-image-preview:large, max-video-preview:-1\" \/>\n<link rel=\"canonical\" href=\"https:\/\/seiersborg.vgs.no\/fredrikstad\/vart-utdanningstilbud\/frisor-vg2\/\" \/>\n<meta property=\"og:locale\" content=\"nb_NO\" \/>\n<meta property=\"og:type\" content=\"article\" \/>\n<meta property=\"og:title\" content=\"Fris\u00f8r (vg2) - Fredrikstad\" \/>\n<meta property=\"og:description\" content=\"Fris\u00f8r (vg2) Liker du og jobbe med h\u00e5r og sminke? P\u00e5 vg2 fris\u00f8r l\u00e6rer du om moter og trender og trenes i b\u00e5de tradisjonelle og moderne teknikker Fris\u00f8rfaget er i stadig utvikling, noe som gj\u00f8r at dagens fris\u00f8rer m\u00e5 v\u00e6re allsidige og kunne tilpasse seg kundens stil men samtidig kunne gi r\u00e5d og veiledning. Vg2 [&hellip;]\" \/>\n<meta property=\"og:url\" content=\"https:\/\/seiersborg.vgs.no\/fredrikstad\/vart-utdanningstilbud\/frisor-vg2\/\" \/>\n<meta property=\"og:site_name\" content=\"Fredrikstad\" \/>\n<meta property=\"article:modified_time\" content=\"2025-01-24T12:55:57+00:00\" \/>\n<meta property=\"og:image\" content=\"https:\/\/seiersborg.vgs.no\/fredrikstad\/wp-content\/uploads\/sites\/1\/2025\/01\/Frisor_web-5-1-1024x683.jpg\" \/>\n<meta name=\"twitter:card\" content=\"summary_large_image\" \/>\n<meta name=\"twitter:label1\" content=\"Ansl. lesetid\" \/>\n\t<meta name=\"twitter:data1\" content=\"2 minutter\" \/>\n<script type=\"application\/ld+json\" class=\"yoast-schema-graph\">{\"@context\":\"https:\/\/schema.org\",\"@graph\":[{\"@type\":\"WebPage\",\"@id\":\"https:\/\/seiersborg.vgs.no\/fredrikstad\/vart-utdanningstilbud\/frisor-vg2\/\",\"url\":\"https:\/\/seiersborg.vgs.no\/fredrikstad\/vart-utdanningstilbud\/frisor-vg2\/\",\"name\":\"Fris\u00f8r (vg2) - Fredrikstad\",\"isPartOf\":{\"@id\":\"https:\/\/seiersborg.vgs.no\/fredrikstad\/#website\"},\"datePublished\":\"2023-08-01T11:58:33+00:00\",\"dateModified\":\"2025-01-24T12:55:57+00:00\",\"breadcrumb\":{\"@id\":\"https:\/\/seiersborg.vgs.no\/fredrikstad\/vart-utdanningstilbud\/frisor-vg2\/#breadcrumb\"},\"inLanguage\":\"nb-NO\",\"potentialAction\":[{\"@type\":\"ReadAction\",\"target\":[\"https:\/\/seiersborg.vgs.no\/fredrikstad\/vart-utdanningstilbud\/frisor-vg2\/\"]}]},{\"@type\":\"BreadcrumbList\",\"@id\":\"https:\/\/seiersborg.vgs.no\/fredrikstad\/vart-utdanningstilbud\/frisor-vg2\/#breadcrumb\",\"itemListElement\":[{\"@type\":\"ListItem\",\"position\":1,\"name\":\"Hjem\",\"item\":\"https:\/\/seiersborg.vgs.no\/fredrikstad\/\"},{\"@type\":\"ListItem\",\"position\":2,\"name\":\"V\u00e5rt utdanningstilbud\",\"item\":\"https:\/\/seiersborg.vgs.no\/fredrikstad\/vart-utdanningstilbud\/\"},{\"@type\":\"ListItem\",\"position\":3,\"name\":\"Fris\u00f8r (vg2)\"}]},{\"@type\":\"WebSite\",\"@id\":\"https:\/\/seiersborg.vgs.no\/fredrikstad\/#website\",\"url\":\"https:\/\/seiersborg.vgs.no\/fredrikstad\/\",\"name\":\"Fredrikstad\",\"description\":\"\",\"potentialAction\":[{\"@type\":\"SearchAction\",\"target\":{\"@type\":\"EntryPoint\",\"urlTemplate\":\"https:\/\/seiersborg.vgs.no\/fredrikstad\/?s={search_term_string}\"},\"query-input\":\"required name=search_term_string\"}],\"inLanguage\":\"nb-NO\"}]}<\/script>\n<!-- \/ Yoast SEO plugin. -->","yoast_head_json":{"title":"Fris\u00f8r (vg2) - Fredrikstad","robots":{"index":"index","follow":"follow","max-snippet":"max-snippet:-1","max-image-preview":"max-image-preview:large","max-video-preview":"max-video-preview:-1"},"canonical":"https:\/\/seiersborg.vgs.no\/fredrikstad\/vart-utdanningstilbud\/frisor-vg2\/","og_locale":"nb_NO","og_type":"article","og_title":"Fris\u00f8r (vg2) - Fredrikstad","og_description":"Fris\u00f8r (vg2) Liker du og jobbe med h\u00e5r og sminke? P\u00e5 vg2 fris\u00f8r l\u00e6rer du om moter og trender og trenes i b\u00e5de tradisjonelle og moderne teknikker Fris\u00f8rfaget er i stadig utvikling, noe som gj\u00f8r at dagens fris\u00f8rer m\u00e5 v\u00e6re allsidige og kunne tilpasse seg kundens stil men samtidig kunne gi r\u00e5d og veiledning. Vg2 [&hellip;]","og_url":"https:\/\/seiersborg.vgs.no\/fredrikstad\/vart-utdanningstilbud\/frisor-vg2\/","og_site_name":"Fredrikstad","article_modified_time":"2025-01-24T12:55:57+00:00","og_image":[{"url":"https:\/\/seiersborg.vgs.no\/fredrikstad\/wp-content\/uploads\/sites\/1\/2025\/01\/Frisor_web-5-1-1024x683.jpg"}],"twitter_card":"summary_large_image","twitter_misc":{"Ansl. lesetid":"2 minutter"},"schema":{"@context":"https:\/\/schema.org","@graph":[{"@type":"WebPage","@id":"https:\/\/seiersborg.vgs.no\/fredrikstad\/vart-utdanningstilbud\/frisor-vg2\/","url":"https:\/\/seiersborg.vgs.no\/fredrikstad\/vart-utdanningstilbud\/frisor-vg2\/","name":"Fris\u00f8r (vg2) - Fredrikstad","isPartOf":{"@id":"https:\/\/seiersborg.vgs.no\/fredrikstad\/#website"},"datePublished":"2023-08-01T11:58:33+00:00","dateModified":"2025-01-24T12:55:57+00:00","breadcrumb":{"@id":"https:\/\/seiersborg.vgs.no\/fredrikstad\/vart-utdanningstilbud\/frisor-vg2\/#breadcrumb"},"inLanguage":"nb-NO","potentialAction":[{"@type":"ReadAction","target":["https:\/\/seiersborg.vgs.no\/fredrikstad\/vart-utdanningstilbud\/frisor-vg2\/"]}]},{"@type":"BreadcrumbList","@id":"https:\/\/seiersborg.vgs.no\/fredrikstad\/vart-utdanningstilbud\/frisor-vg2\/#breadcrumb","itemListElement":[{"@type":"ListItem","position":1,"name":"Hjem","item":"https:\/\/seiersborg.vgs.no\/fredrikstad\/"},{"@type":"ListItem","position":2,"name":"V\u00e5rt utdanningstilbud","item":"https:\/\/seiersborg.vgs.no\/fredrikstad\/vart-utdanningstilbud\/"},{"@type":"ListItem","position":3,"name":"Fris\u00f8r (vg2)"}]},{"@type":"WebSite","@id":"https:\/\/seiersborg.vgs.no\/fredrikstad\/#website","url":"https:\/\/seiersborg.vgs.no\/fredrikstad\/","name":"Fredrikstad","description":"","potentialAction":[{"@type":"SearchAction","target":{"@type":"EntryPoint","urlTemplate":"https:\/\/seiersborg.vgs.no\/fredrikstad\/?s={search_term_string}"},"query-input":"required name=search_term_string"}],"inLanguage":"nb-NO"}]}},"_links":{"self":[{"href":"https:\/\/seiersborg.vgs.no\/fredrikstad\/wp-json\/wp\/v2\/pages\/294"}],"collection":[{"href":"https:\/\/seiersborg.vgs.no\/fredrikstad\/wp-json\/wp\/v2\/pages"}],"about":[{"href":"https:\/\/seiersborg.vgs.no\/fredrikstad\/wp-json\/wp\/v2\/types\/page"}],"author":[{"embeddable":true,"href":"https:\/\/seiersborg.vgs.no\/fredrikstad\/wp-json\/wp\/v2\/users\/1"}],"replies":[{"embeddable":true,"href":"https:\/\/seiersborg.vgs.no\/fredrikstad\/wp-json\/wp\/v2\/comments?post=294"}],"version-history":[{"count":11,"href":"https:\/\/seiersborg.vgs.no\/fredrikstad\/wp-json\/wp\/v2\/pages\/294\/revisions"}],"predecessor-version":[{"id":20566,"href":"https:\/\/seiersborg.vgs.no\/fredrikstad\/wp-json\/wp\/v2\/pages\/294\/revisions\/20566"}],"up":[{"embeddable":true,"href":"https:\/\/seiersborg.vgs.no\/fredrikstad\/wp-json\/wp\/v2\/pages\/28"}],"wp:attachment":[{"href":"https:\/\/seiersborg.vgs.no\/fredrikstad\/wp-json\/wp\/v2\/media?parent=294"}],"curies":[{"name":"wp","href":"https:\/\/api.w.org\/{rel}","templated":true}]}}