{"id":296,"date":"2023-08-01T13:58:53","date_gmt":"2023-08-01T11:58:53","guid":{"rendered":"https:\/\/seiersborg.vgs.no\/fredrikstad\/?page_id=296"},"modified":"2025-01-24T13:59:36","modified_gmt":"2025-01-24T12:59:36","slug":"industriteknologi-vg2","status":"publish","type":"page","link":"https:\/\/seiersborg.vgs.no\/fredrikstad\/vart-utdanningstilbud\/industriteknologi-vg2\/","title":{"rendered":"Industriteknologi (vg2)"},"content":{"rendered":"\n<div class=\"cs-top wp-block-group alignfull has-primary-beige-background-color has-background eplus-wrapper is-layout-constrained wp-block-group-is-layout-constrained\"><div class=\"wp-block-group__inner-container\">\n<div class=\"container-rounded-corners wp-block-group has-light-beige-background-color has-background eplus-wrapper is-layout-constrained wp-block-group-is-layout-constrained\"><div class=\"wp-block-group__inner-container\"><div class=\" wp-block-columns alignfull are-vertically-aligned-center eplus-wrapper is-layout-flex wp-container-6 wp-block-columns-is-layout-flex eplus-styles-uid-798849\">\n<div class=\" wp-block-column eplus-wrapper is-layout-flow wp-block-column-is-layout-flow\" style=\"flex-basis:10px\"><\/div>\n\n\n\n<div class=\" wp-block-column is-vertically-aligned-center eplus-wrapper is-layout-flow wp-block-column-is-layout-flow\">\n<h1 class=\" wp-block-heading eplus-wrapper\">Industriteknologi (vg2)<\/h1>\n\n\n\n<p class=\" eplus-wrapper\">Har du interesse for ny teknologi? Samfunnet vi lever i er i konstant utvikling og behovet for arbeidskraft er stort<\/p>\n\n\n\n<div class=\" wp-block-buttons eplus-wrapper is-layout-flex wp-block-buttons-is-layout-flex\"><div class=\"is-style-fill wp-block-button eplus-wrapper eplus-styles-uid-b256cf\"><a class=\"wp-block-button__link has-black-color has-pink-background-color has-text-color has-background wp-element-button\" href=\"https:\/\/seiersborg.vgs.no\/fredrikstad\/sok-her\/\" target=\"_blank\" rel=\"noreferrer noopener\">S\u00f8k her<\/a><\/div><\/div>\n<\/div>\n\n\n\n<div class=\" wp-block-column eplus-wrapper is-layout-flow wp-block-column-is-layout-flow\" style=\"flex-basis:5px\"><\/div>\n\n\n\n<div class=\" wp-block-column is-vertically-aligned-center eplus-wrapper is-layout-flow wp-block-column-is-layout-flow\">\n<div style=\"height:50px\" aria-hidden=\"true\" class=\" wp-block-spacer eplus-wrapper\"><\/div>\n\n\n\n<figure class=\" wp-block-image size-large eplus-wrapper\"><img decoding=\"async\" loading=\"lazy\" width=\"1024\" height=\"768\" src=\"https:\/\/seiersborg.vgs.no\/fredrikstad\/wp-content\/uploads\/sites\/1\/2024\/01\/381067768_217626944655776_2207875322533688262_n-1024x768.jpg\" alt=\"\" class=\"wp-image-19411\" srcset=\"https:\/\/seiersborg.vgs.no\/fredrikstad\/wp-content\/uploads\/sites\/1\/2024\/01\/381067768_217626944655776_2207875322533688262_n-1024x768.jpg 1024w, https:\/\/seiersborg.vgs.no\/fredrikstad\/wp-content\/uploads\/sites\/1\/2024\/01\/381067768_217626944655776_2207875322533688262_n-300x225.jpg 300w, https:\/\/seiersborg.vgs.no\/fredrikstad\/wp-content\/uploads\/sites\/1\/2024\/01\/381067768_217626944655776_2207875322533688262_n-768x576.jpg 768w, https:\/\/seiersborg.vgs.no\/fredrikstad\/wp-content\/uploads\/sites\/1\/2024\/01\/381067768_217626944655776_2207875322533688262_n-1536x1152.jpg 1536w, https:\/\/seiersborg.vgs.no\/fredrikstad\/wp-content\/uploads\/sites\/1\/2024\/01\/381067768_217626944655776_2207875322533688262_n-2048x1536.jpg 2048w\" sizes=\"(max-width: 1024px) 100vw, 1024px\" \/><\/figure>\n\n\n\n<div style=\"height:50px\" aria-hidden=\"true\" class=\" wp-block-spacer eplus-wrapper\"><\/div>\n<\/div>\n<\/div><\/div><\/div>\n<\/div><\/div>\n\n\n\n<div class=\"cs-medium wp-block-group eplus-wrapper is-layout-constrained wp-block-group-is-layout-constrained\"><div class=\"wp-block-group__inner-container\"><div class=\" wp-block-columns eplus-wrapper is-layout-flex wp-container-11 wp-block-columns-is-layout-flex eplus-styles-uid-8878a4\">\n<div class=\" wp-block-column eplus-wrapper is-layout-flow wp-block-column-is-layout-flow\">\n<p class=\" eplus-wrapper\">Vg2 industriteknologi (INT) handler om \u00e5 utvikle kompetanse innenfor teknologiske, produksjonsrettede og utviklingsorienterte yrker. <\/p>\n\n\n\n<p class=\" eplus-wrapper\">Vi har et moderne verksted med mange ulike maskiner, s\u00e5 her f\u00e5r elevene virkelig muligheten til \u00e5 utfolde seg. Vi fors\u00f8ker \u00e5 gj\u00f8re undervisningen s\u00e5 praktisk som mulig. P\u00e5 Seiersborg er klassene sm\u00e5, noe som betyr tett oppf\u00f8lging og en trygghet for elevene v\u00e5re. <\/p>\n\n\n\n<p class=\" eplus-wrapper\">P\u00e5 vg2 er elevene ogs\u00e5 i praksis i bedrift.<\/p>\n\n\n\n<p class=\" eplus-wrapper\">Etter vg2 industriteknologi p\u00e5 Seiersborg venter to \u00e5r med oppl\u00e6ring i bedrift som l\u00e6rling f\u00f8r du kan f\u00e5 fagbrev.<\/p>\n<\/div>\n\n\n\n<div class=\" wp-block-column eplus-wrapper is-layout-flow wp-block-column-is-layout-flow\">\n<div style=\"height:67px\" aria-hidden=\"true\" class=\" wp-block-spacer eplus-wrapper\"><\/div>\n\n\n\n<p class=\" has-medium-font-size eplus-wrapper\"><\/p>\n<\/div>\n<\/div><\/div><\/div>\n\n\n\n<div class=\" wp-block-group eplus-wrapper is-layout-constrained wp-block-group-is-layout-constrained\"><div class=\"wp-block-group__inner-container\"><div class=\" wp-block-columns eplus-wrapper is-layout-flex wp-container-20 wp-block-columns-is-layout-flex eplus-styles-uid-229d85\">\n<div class=\" wp-block-column eplus-wrapper is-layout-flow wp-block-column-is-layout-flow\">\n<div style=\"height:45px\" aria-hidden=\"true\" class=\" wp-block-spacer eplus-wrapper\"><\/div>\n\n\n<div class=\" wp-block-columns eplus-wrapper is-layout-flex wp-container-14 wp-block-columns-is-layout-flex eplus-styles-uid-e3e809\">\n<div class=\" wp-block-column eplus-wrapper is-layout-flow wp-block-column-is-layout-flow\"><div class=\"wp-block-ub-content-toggle wp-block-ub-content-toggle-block\" id=\"ub-content-toggle-block-e719b229-31d8-4650-965e-bd966edcc116\" data-mobilecollapse=\"false\" data-desktopcollapse=\"true\" data-preventcollapse=\"false\" data-showonlyone=\"true\">\n<div class=\"wp-block-ub-content-toggle-accordion\" style=\"border-color: #DCEAE9; \" id=\"ub-content-toggle-panel-block-\">\n\t\t\t<div class=\"wp-block-ub-content-toggle-accordion-title-wrap\" style=\"background-color: #DCEAE9;\" aria-controls=\"ub-content-toggle-panel-0-e719b229-31d8-4650-965e-bd966edcc116\" tabindex=\"0\">\n\t\t\t<h3 class=\"wp-block-ub-content-toggle-accordion-title ub-content-toggle-title-e719b229-31d8-4650-965e-bd966edcc116\" style=\"color: #000000; \">Du l\u00e6rer om<\/h3>\n\t\t\t<div class=\"wp-block-ub-content-toggle-accordion-toggle-wrap right\" style=\"color: #000000;\"><span class=\"wp-block-ub-content-toggle-accordion-state-indicator wp-block-ub-chevron-down\"><\/span><\/div>\n\t\t<\/div>\n\t\t\t<div role=\"region\" aria-expanded=\"false\" class=\"wp-block-ub-content-toggle-accordion-content-wrap ub-hide\" id=\"ub-content-toggle-panel-0-e719b229-31d8-4650-965e-bd966edcc116\">\n<ul class=\" ep-custom-icon-list ep-custom-list eplus-wrapper eplus-styles-uid-394768\">\n<li class=\" eplus-wrapper\">helse, milj\u00f8 og sikkerhet<\/li>\n\n\n\n<li class=\" eplus-wrapper\">verkt\u00f8y og maskiner<\/li>\n\n\n\n<li class=\" eplus-wrapper\">vedlikehold og reparasjon<\/li>\n\n\n\n<li class=\" eplus-wrapper\">bruk av tegninger og arbeidsbeskrivelser<\/li>\n\n\n\n<li class=\" eplus-wrapper\">industriell produksjon<\/li>\n<\/ul>\n<\/div>\n\t\t<\/div>\n\n<div class=\"wp-block-ub-content-toggle-accordion\" style=\"border-color: #DCEAE9; \" id=\"ub-content-toggle-panel-block-\">\n\t\t\t<div class=\"wp-block-ub-content-toggle-accordion-title-wrap\" style=\"background-color: #DCEAE9;\" aria-controls=\"ub-content-toggle-panel-1-e719b229-31d8-4650-965e-bd966edcc116\" tabindex=\"0\">\n\t\t\t<h3 class=\"wp-block-ub-content-toggle-accordion-title ub-content-toggle-title-e719b229-31d8-4650-965e-bd966edcc116\" style=\"color: #000000; \">Du b\u00f8r v\u00e6re<\/h3>\n\t\t\t<div class=\"wp-block-ub-content-toggle-accordion-toggle-wrap right\" style=\"color: #000000;\"><span class=\"wp-block-ub-content-toggle-accordion-state-indicator wp-block-ub-chevron-down\"><\/span><\/div>\n\t\t<\/div>\n\t\t\t<div role=\"region\" aria-expanded=\"false\" class=\"wp-block-ub-content-toggle-accordion-content-wrap ub-hide\" id=\"ub-content-toggle-panel-1-e719b229-31d8-4650-965e-bd966edcc116\">\n<ul class=\" ep-custom-icon-list ep-custom-list eplus-wrapper eplus-styles-uid-58c849\">\n<li class=\" eplus-wrapper\">praktisk anlagt og ha godt h\u00e5ndlag<\/li>\n\n\n\n<li class=\" eplus-wrapper\">interessert i ny teknologi<\/li>\n\n\n\n<li class=\" eplus-wrapper\">selvstendig og n\u00f8yaktig<\/li>\n<\/ul>\n<\/div>\n\t\t<\/div>\n\n<div class=\"wp-block-ub-content-toggle-accordion\" style=\"border-color: #DCEAE9; \" id=\"ub-content-toggle-panel-block-\">\n\t\t\t<div class=\"wp-block-ub-content-toggle-accordion-title-wrap\" style=\"background-color: #DCEAE9;\" aria-controls=\"ub-content-toggle-panel-2-e719b229-31d8-4650-965e-bd966edcc116\" tabindex=\"0\">\n\t\t\t<h3 class=\"wp-block-ub-content-toggle-accordion-title ub-content-toggle-title-e719b229-31d8-4650-965e-bd966edcc116\" style=\"color: #000000; \">Du kan bli<\/h3>\n\t\t\t<div class=\"wp-block-ub-content-toggle-accordion-toggle-wrap right\" style=\"color: #000000;\"><span class=\"wp-block-ub-content-toggle-accordion-state-indicator wp-block-ub-chevron-down\"><\/span><\/div>\n\t\t<\/div>\n\t\t\t<div role=\"region\" aria-expanded=\"false\" class=\"wp-block-ub-content-toggle-accordion-content-wrap ub-hide\" id=\"ub-content-toggle-panel-2-e719b229-31d8-4650-965e-bd966edcc116\">\n<ul class=\" ep-custom-icon-list ep-custom-list eplus-wrapper eplus-styles-uid-819762\">\n<li class=\" eplus-wrapper\">industrimekaniker<\/li>\n\n\n\n<li class=\" eplus-wrapper\">CNC-operat\u00f8r<\/li>\n\n\n\n<li class=\" eplus-wrapper\">industrir\u00f8rlegger<\/li>\n\n\n\n<li class=\" eplus-wrapper\">platearbeider<\/li>\n\n\n\n<li class=\" eplus-wrapper\">sveiser<\/li>\n<\/ul>\n<\/div>\n\t\t<\/div>\n<\/div><\/div>\n<\/div>\n\n\n<div style=\"height:48px\" aria-hidden=\"true\" class=\" wp-block-spacer eplus-wrapper\"><\/div>\n\n\n\n<div class=\" wp-block-buttons eplus-wrapper is-layout-flex wp-block-buttons-is-layout-flex\"><div class=\" wp-block-button has-custom-font-size has-medium-font-size eplus-wrapper eplus-styles-uid-6f2915\"><a class=\"wp-block-button__link has-white-color has-primary-blue-background-color has-text-color has-background wp-element-button\" href=\"https:\/\/www.vilbli.no\/nb\/no\" style=\"border-radius:41px\" target=\"_blank\" rel=\"noreferrer noopener\"><strong>Les mer p\u00e5 vilbli.no<\/strong><\/a><\/div><\/div>\n<\/div>\n\n\n\n<div class=\" wp-block-column eplus-wrapper is-layout-flow wp-block-column-is-layout-flow\"><div class=\" wp-block-columns eplus-wrapper is-layout-flex wp-container-18 wp-block-columns-is-layout-flex eplus-styles-uid-9ce598\">\n<div class=\" wp-block-column eplus-wrapper is-layout-flow wp-block-column-is-layout-flow\">\n<div style=\"height:45px\" aria-hidden=\"true\" class=\" wp-block-spacer eplus-wrapper\"><\/div>\n\n\n\n<figure class=\"is-style-default wp-block-image size-large eplus-wrapper\"><img decoding=\"async\" loading=\"lazy\" width=\"1734\" height=\"1301\" src=\"https:\/\/seiersborg.vgs.no\/fredrikstad\/wp-content\/uploads\/sites\/1\/2025\/01\/1000019654-edited-1-rotated.jpg\" alt=\"\" class=\"wp-image-20533\" srcset=\"https:\/\/seiersborg.vgs.no\/fredrikstad\/wp-content\/uploads\/sites\/1\/2025\/01\/1000019654-edited-1-rotated.jpg 1734w, https:\/\/seiersborg.vgs.no\/fredrikstad\/wp-content\/uploads\/sites\/1\/2025\/01\/1000019654-edited-1-300x225.jpg 300w, https:\/\/seiersborg.vgs.no\/fredrikstad\/wp-content\/uploads\/sites\/1\/2025\/01\/1000019654-edited-1-1024x768.jpg 1024w, https:\/\/seiersborg.vgs.no\/fredrikstad\/wp-content\/uploads\/sites\/1\/2025\/01\/1000019654-edited-1-768x576.jpg 768w, https:\/\/seiersborg.vgs.no\/fredrikstad\/wp-content\/uploads\/sites\/1\/2025\/01\/1000019654-edited-1-1536x1152.jpg 1536w\" sizes=\"(max-width: 1734px) 100vw, 1734px\" \/><\/figure>\n<\/div>\n<\/div>\n\n\n<div style=\"height:47px\" aria-hidden=\"true\" class=\" wp-block-spacer eplus-wrapper\"><\/div>\n<\/div>\n<\/div><\/div><\/div>\n","protected":false},"excerpt":{"rendered":"<p>Industriteknologi (vg2) Har du interesse for ny teknologi? Samfunnet vi lever i er i konstant utvikling og behovet for arbeidskraft er stort Vg2 industriteknologi (INT) handler om \u00e5 utvikle kompetanse innenfor teknologiske, produksjonsrettede og utviklingsorienterte yrker. Vi har et moderne verksted med mange ulike maskiner, s\u00e5 her f\u00e5r elevene virkelig muligheten til \u00e5 utfolde seg. [&hellip;]<\/p>\n","protected":false},"author":1,"featured_media":0,"parent":28,"menu_order":0,"comment_status":"closed","ping_status":"closed","template":"","meta":{"inline_featured_image":false,"editor_plus_copied_stylings":"{}","footnotes":""},"featured_image_src":null,"yoast_head":"<!-- This site is optimized with the Yoast SEO plugin v21.0 - https:\/\/yoast.com\/wordpress\/plugins\/seo\/ -->\n<title>Industriteknologi (vg2) - Fredrikstad<\/title>\n<meta name=\"robots\" content=\"index, follow, max-snippet:-1, max-image-preview:large, max-video-preview:-1\" \/>\n<link rel=\"canonical\" href=\"https:\/\/seiersborg.vgs.no\/fredrikstad\/vart-utdanningstilbud\/industriteknologi-vg2\/\" \/>\n<meta property=\"og:locale\" content=\"nb_NO\" \/>\n<meta property=\"og:type\" content=\"article\" \/>\n<meta property=\"og:title\" content=\"Industriteknologi (vg2) - Fredrikstad\" \/>\n<meta property=\"og:description\" content=\"Industriteknologi (vg2) Har du interesse for ny teknologi? Samfunnet vi lever i er i konstant utvikling og behovet for arbeidskraft er stort Vg2 industriteknologi (INT) handler om \u00e5 utvikle kompetanse innenfor teknologiske, produksjonsrettede og utviklingsorienterte yrker. Vi har et moderne verksted med mange ulike maskiner, s\u00e5 her f\u00e5r elevene virkelig muligheten til \u00e5 utfolde seg. [&hellip;]\" \/>\n<meta property=\"og:url\" content=\"https:\/\/seiersborg.vgs.no\/fredrikstad\/vart-utdanningstilbud\/industriteknologi-vg2\/\" \/>\n<meta property=\"og:site_name\" content=\"Fredrikstad\" \/>\n<meta property=\"article:modified_time\" content=\"2025-01-24T12:59:36+00:00\" \/>\n<meta property=\"og:image\" content=\"https:\/\/seiersborg.vgs.no\/fredrikstad\/wp-content\/uploads\/sites\/1\/2024\/01\/381067768_217626944655776_2207875322533688262_n-1024x768.jpg\" \/>\n<meta name=\"twitter:card\" content=\"summary_large_image\" \/>\n<meta name=\"twitter:label1\" content=\"Ansl. lesetid\" \/>\n\t<meta name=\"twitter:data1\" content=\"2 minutter\" \/>\n<script type=\"application\/ld+json\" class=\"yoast-schema-graph\">{\"@context\":\"https:\/\/schema.org\",\"@graph\":[{\"@type\":\"WebPage\",\"@id\":\"https:\/\/seiersborg.vgs.no\/fredrikstad\/vart-utdanningstilbud\/industriteknologi-vg2\/\",\"url\":\"https:\/\/seiersborg.vgs.no\/fredrikstad\/vart-utdanningstilbud\/industriteknologi-vg2\/\",\"name\":\"Industriteknologi (vg2) - Fredrikstad\",\"isPartOf\":{\"@id\":\"https:\/\/seiersborg.vgs.no\/fredrikstad\/#website\"},\"datePublished\":\"2023-08-01T11:58:53+00:00\",\"dateModified\":\"2025-01-24T12:59:36+00:00\",\"breadcrumb\":{\"@id\":\"https:\/\/seiersborg.vgs.no\/fredrikstad\/vart-utdanningstilbud\/industriteknologi-vg2\/#breadcrumb\"},\"inLanguage\":\"nb-NO\",\"potentialAction\":[{\"@type\":\"ReadAction\",\"target\":[\"https:\/\/seiersborg.vgs.no\/fredrikstad\/vart-utdanningstilbud\/industriteknologi-vg2\/\"]}]},{\"@type\":\"BreadcrumbList\",\"@id\":\"https:\/\/seiersborg.vgs.no\/fredrikstad\/vart-utdanningstilbud\/industriteknologi-vg2\/#breadcrumb\",\"itemListElement\":[{\"@type\":\"ListItem\",\"position\":1,\"name\":\"Hjem\",\"item\":\"https:\/\/seiersborg.vgs.no\/fredrikstad\/\"},{\"@type\":\"ListItem\",\"position\":2,\"name\":\"V\u00e5rt utdanningstilbud\",\"item\":\"https:\/\/seiersborg.vgs.no\/fredrikstad\/vart-utdanningstilbud\/\"},{\"@type\":\"ListItem\",\"position\":3,\"name\":\"Industriteknologi (vg2)\"}]},{\"@type\":\"WebSite\",\"@id\":\"https:\/\/seiersborg.vgs.no\/fredrikstad\/#website\",\"url\":\"https:\/\/seiersborg.vgs.no\/fredrikstad\/\",\"name\":\"Fredrikstad\",\"description\":\"\",\"potentialAction\":[{\"@type\":\"SearchAction\",\"target\":{\"@type\":\"EntryPoint\",\"urlTemplate\":\"https:\/\/seiersborg.vgs.no\/fredrikstad\/?s={search_term_string}\"},\"query-input\":\"required name=search_term_string\"}],\"inLanguage\":\"nb-NO\"}]}<\/script>\n<!-- \/ Yoast SEO plugin. -->","yoast_head_json":{"title":"Industriteknologi (vg2) - Fredrikstad","robots":{"index":"index","follow":"follow","max-snippet":"max-snippet:-1","max-image-preview":"max-image-preview:large","max-video-preview":"max-video-preview:-1"},"canonical":"https:\/\/seiersborg.vgs.no\/fredrikstad\/vart-utdanningstilbud\/industriteknologi-vg2\/","og_locale":"nb_NO","og_type":"article","og_title":"Industriteknologi (vg2) - Fredrikstad","og_description":"Industriteknologi (vg2) Har du interesse for ny teknologi? Samfunnet vi lever i er i konstant utvikling og behovet for arbeidskraft er stort Vg2 industriteknologi (INT) handler om \u00e5 utvikle kompetanse innenfor teknologiske, produksjonsrettede og utviklingsorienterte yrker. Vi har et moderne verksted med mange ulike maskiner, s\u00e5 her f\u00e5r elevene virkelig muligheten til \u00e5 utfolde seg. [&hellip;]","og_url":"https:\/\/seiersborg.vgs.no\/fredrikstad\/vart-utdanningstilbud\/industriteknologi-vg2\/","og_site_name":"Fredrikstad","article_modified_time":"2025-01-24T12:59:36+00:00","og_image":[{"url":"https:\/\/seiersborg.vgs.no\/fredrikstad\/wp-content\/uploads\/sites\/1\/2024\/01\/381067768_217626944655776_2207875322533688262_n-1024x768.jpg"}],"twitter_card":"summary_large_image","twitter_misc":{"Ansl. lesetid":"2 minutter"},"schema":{"@context":"https:\/\/schema.org","@graph":[{"@type":"WebPage","@id":"https:\/\/seiersborg.vgs.no\/fredrikstad\/vart-utdanningstilbud\/industriteknologi-vg2\/","url":"https:\/\/seiersborg.vgs.no\/fredrikstad\/vart-utdanningstilbud\/industriteknologi-vg2\/","name":"Industriteknologi (vg2) - Fredrikstad","isPartOf":{"@id":"https:\/\/seiersborg.vgs.no\/fredrikstad\/#website"},"datePublished":"2023-08-01T11:58:53+00:00","dateModified":"2025-01-24T12:59:36+00:00","breadcrumb":{"@id":"https:\/\/seiersborg.vgs.no\/fredrikstad\/vart-utdanningstilbud\/industriteknologi-vg2\/#breadcrumb"},"inLanguage":"nb-NO","potentialAction":[{"@type":"ReadAction","target":["https:\/\/seiersborg.vgs.no\/fredrikstad\/vart-utdanningstilbud\/industriteknologi-vg2\/"]}]},{"@type":"BreadcrumbList","@id":"https:\/\/seiersborg.vgs.no\/fredrikstad\/vart-utdanningstilbud\/industriteknologi-vg2\/#breadcrumb","itemListElement":[{"@type":"ListItem","position":1,"name":"Hjem","item":"https:\/\/seiersborg.vgs.no\/fredrikstad\/"},{"@type":"ListItem","position":2,"name":"V\u00e5rt utdanningstilbud","item":"https:\/\/seiersborg.vgs.no\/fredrikstad\/vart-utdanningstilbud\/"},{"@type":"ListItem","position":3,"name":"Industriteknologi (vg2)"}]},{"@type":"WebSite","@id":"https:\/\/seiersborg.vgs.no\/fredrikstad\/#website","url":"https:\/\/seiersborg.vgs.no\/fredrikstad\/","name":"Fredrikstad","description":"","potentialAction":[{"@type":"SearchAction","target":{"@type":"EntryPoint","urlTemplate":"https:\/\/seiersborg.vgs.no\/fredrikstad\/?s={search_term_string}"},"query-input":"required name=search_term_string"}],"inLanguage":"nb-NO"}]}},"_links":{"self":[{"href":"https:\/\/seiersborg.vgs.no\/fredrikstad\/wp-json\/wp\/v2\/pages\/296"}],"collection":[{"href":"https:\/\/seiersborg.vgs.no\/fredrikstad\/wp-json\/wp\/v2\/pages"}],"about":[{"href":"https:\/\/seiersborg.vgs.no\/fredrikstad\/wp-json\/wp\/v2\/types\/page"}],"author":[{"embeddable":true,"href":"https:\/\/seiersborg.vgs.no\/fredrikstad\/wp-json\/wp\/v2\/users\/1"}],"replies":[{"embeddable":true,"href":"https:\/\/seiersborg.vgs.no\/fredrikstad\/wp-json\/wp\/v2\/comments?post=296"}],"version-history":[{"count":7,"href":"https:\/\/seiersborg.vgs.no\/fredrikstad\/wp-json\/wp\/v2\/pages\/296\/revisions"}],"predecessor-version":[{"id":20571,"href":"https:\/\/seiersborg.vgs.no\/fredrikstad\/wp-json\/wp\/v2\/pages\/296\/revisions\/20571"}],"up":[{"embeddable":true,"href":"https:\/\/seiersborg.vgs.no\/fredrikstad\/wp-json\/wp\/v2\/pages\/28"}],"wp:attachment":[{"href":"https:\/\/seiersborg.vgs.no\/fredrikstad\/wp-json\/wp\/v2\/media?parent=296"}],"curies":[{"name":"wp","href":"https:\/\/api.w.org\/{rel}","templated":true}]}}