{"id":30,"date":"2023-06-08T13:50:32","date_gmt":"2023-06-08T11:50:32","guid":{"rendered":"https:\/\/seiersborg.vgs.no\/fredrikstad\/?page_id=30"},"modified":"2025-10-13T14:20:19","modified_gmt":"2025-10-13T12:20:19","slug":"om-oss","status":"publish","type":"page","link":"https:\/\/seiersborg.vgs.no\/fredrikstad\/om-oss\/","title":{"rendered":"Om oss"},"content":{"rendered":"\n<div class=\"cs-top wp-block-group alignfull has-primary-beige-background-color has-background eplus-wrapper is-layout-constrained wp-block-group-is-layout-constrained\"><div class=\"wp-block-group__inner-container\">\n<div class=\"container-rounded-corners wp-block-group has-light-beige-background-color has-background eplus-wrapper is-layout-constrained wp-block-group-is-layout-constrained\"><div class=\"wp-block-group__inner-container\"><div class=\" wp-block-columns alignfull are-vertically-aligned-center eplus-wrapper is-layout-flex wp-container-5 wp-block-columns-is-layout-flex eplus-styles-uid-803bd2\">\n<div class=\" wp-block-column eplus-wrapper is-layout-flow wp-block-column-is-layout-flow\" style=\"flex-basis:10px\"><\/div>\n\n\n\n<div class=\" wp-block-column is-vertically-aligned-center eplus-wrapper is-layout-flow wp-block-column-is-layout-flow\">\n<h1 class=\" wp-block-heading has-primary-blue-color has-text-color eplus-wrapper\">Om oss<\/h1>\n\n\n\n<p class=\" eplus-wrapper\">Seiersborg videreg\u00e5ende skole er en privat videreg\u00e5ende skole og et supplement til den offentlige videreg\u00e5ende skolen. Vi har et tilbud til elever som trenger tettere oppf\u00f8lging i et mindre skolemilj\u00f8.<\/p>\n\n\n<figure class=\"button-round wp-block-image size-large eplus-wrapper eplus-styles-uid-4a8f68\"><img decoding=\"async\" loading=\"lazy\" width=\"34\" height=\"34\" src=\"https:\/\/seiersborg.vgs.no\/fredrikstad\/wp-content\/uploads\/sites\/1\/2023\/08\/arrow-circle-down.svg\" alt=\"\" class=\"wp-image-688\"><\/figure><\/div>\n\n\n\n<div class=\" wp-block-column eplus-wrapper is-layout-flow wp-block-column-is-layout-flow\" style=\"flex-basis:5px\"><\/div>\n\n\n\n<div class=\" wp-block-column is-vertically-aligned-center eplus-wrapper is-layout-flow wp-block-column-is-layout-flow\">\n<figure class=\" wp-block-image size-large eplus-wrapper\"><img decoding=\"async\" loading=\"lazy\" width=\"1024\" height=\"683\" src=\"https:\/\/seiersborg.vgs.no\/fredrikstad\/wp-content\/uploads\/sites\/1\/2024\/09\/Bygg_web-12-1024x683.jpg\" alt=\"\" class=\"wp-image-19919\" srcset=\"https:\/\/seiersborg.vgs.no\/fredrikstad\/wp-content\/uploads\/sites\/1\/2024\/09\/Bygg_web-12-1024x683.jpg 1024w, https:\/\/seiersborg.vgs.no\/fredrikstad\/wp-content\/uploads\/sites\/1\/2024\/09\/Bygg_web-12-300x200.jpg 300w, https:\/\/seiersborg.vgs.no\/fredrikstad\/wp-content\/uploads\/sites\/1\/2024\/09\/Bygg_web-12-768x512.jpg 768w, https:\/\/seiersborg.vgs.no\/fredrikstad\/wp-content\/uploads\/sites\/1\/2024\/09\/Bygg_web-12-1536x1024.jpg 1536w, https:\/\/seiersborg.vgs.no\/fredrikstad\/wp-content\/uploads\/sites\/1\/2024\/09\/Bygg_web-12.jpg 1600w\" sizes=\"(max-width: 1024px) 100vw, 1024px\" \/><\/figure>\n<\/div>\n<\/div><\/div><\/div>\n<\/div><\/div>\n\n\n\n<div class=\"cs-medium wp-block-group eplus-wrapper is-layout-constrained wp-block-group-is-layout-constrained\"><div class=\"wp-block-group__inner-container\"><div class=\" wp-block-columns eplus-wrapper is-layout-flex wp-container-11 wp-block-columns-is-layout-flex eplus-styles-uid-01f002\">\n<div class=\" wp-block-column eplus-wrapper is-layout-flow wp-block-column-is-layout-flow\" style=\"flex-basis:33.33%\">\n<p class=\" eplus-wrapper\"><a href=\"https:\/\/seiersborg.vgs.no\/fredrikstad\/historikk\/\" data-type=\"page\" data-id=\"34\">Historikk<\/a><\/p>\n\n\n\n<p class=\" eplus-wrapper\"><a href=\"https:\/\/seiersborg.vgs.no\/fredrikstad\/ansatte\/\" data-type=\"page\" data-id=\"36\">Ansatte<\/a><\/p>\n\n\n\n<p class=\" eplus-wrapper\"><a href=\"https:\/\/seiersborg.vgs.no\/fredrikstad\/ledige-stillinger\/\" data-type=\"page\" data-id=\"38\">Ledige stillinger<\/a><\/p>\n\n\n\n<p class=\" eplus-wrapper\"><a href=\"https:\/\/seiersborg.vgs.no\/fredrikstad\/dysleksivennlig-skole\/\" data-type=\"page\" data-id=\"40\">Dysleksivennlig skole<\/a><\/p>\n<\/div>\n\n\n\n<div class=\" wp-block-column eplus-wrapper is-layout-flow wp-block-column-is-layout-flow\" style=\"flex-basis:66.66%\" id=\"om-oss\">\n<p class=\" eplus-wrapper\">Seiersborg videreg\u00e5ende skole Fredrikstad er en av to videreg\u00e5ende skoler eid av Stiftelsen Bl\u00e5 Kors Fredrikstad. Seiersborg videreg\u00e5ende skole Follo ble etablert i 2022 og ligger i \u00c5s sentrum. <\/p>\n\n\n\n<p class=\" eplus-wrapper\">Skolen tilbyr et ordin\u00e6rt utdanningsl\u00f8p som andre offentlige skoler og er godkjent av Statens L\u00e5nekasse for utdanning. Skolene er godkjent etter Privatskoleloven \u00a7 2-1f (<em>s\u00e6rskilt tilrettelagd oppl\u00e6ring for elevar med dokumenterte behov utdanning<\/em>).<\/p>\n\n\n\n<p class=\" eplus-wrapper\">Vi har sammensatte team med elever, l\u00e6rere og milj\u00f8arbeidere for \u00e5 gi trygge og gode l\u00e6ringsmilj\u00f8er og vi har spesielt gode muligheter for \u00e5 tilrettelegge for enkeltelever ved behov. Skolens hovedm\u00e5l er elevenes mestring, og vi \u00f8nsker \u00e5 legge til rette for at elevene skal kunne mestre ut fra egne forutsetninger.<\/p>\n\n\n\n<p class=\" eplus-wrapper\">Trygghet og trivsel er viktig for l\u00e6ring!<br>Vi er opptatt av \u00e5 ivareta deg som elev b\u00e5de ved \u00e5 bidra til at overgangen fra ungdomsskole til videreg\u00e5ende blir enklere, gjennom \u00e5 skape gode l\u00e6ringsmilj\u00f8er og i st\u00f8tte til videre utdanning etter Seiersborg videreg\u00e5ende skole.<\/p>\n\n\n\n<p class=\" eplus-wrapper\">Vi lager skolehverdagen s\u00e5 spennende og variert som mulig for elevene. I l\u00f8pet av skole\u00e5ret er vi p\u00e5 ulike ekskursjoner, vi har eksterne forelesere p\u00e5 bes\u00f8k, lager temadager for hele skolen og arrangerer felles aktiviteter for elevene.<\/p>\n\n\n\n<p class=\" eplus-wrapper\">Sammen tar vi ansvar for at du skal finne deg til rette i et trygt skolemilj\u00f8. Vi \u00f8nsker \u00e5 v\u00e6re en skole som har positive og st\u00f8ttende omgivelser.<\/p>\n\n\n\n<div class=\" wp-block-buttons eplus-wrapper is-layout-flex wp-block-buttons-is-layout-flex\"><div class=\" wp-block-button eplus-wrapper eplus-styles-uid-105250\"><a class=\"wp-block-button__link has-dark-blue-color has-pink-background-color has-text-color has-background wp-element-button\" href=\"https:\/\/seiersborg.vgs.no\/fredrikstad\/sok-her\/\">Skoleplass 2026\/27<\/a><\/div><\/div>\n<\/div>\n<\/div><\/div><\/div>\n","protected":false},"excerpt":{"rendered":"<p>Om oss Seiersborg videreg\u00e5ende skole er en privat videreg\u00e5ende skole og et supplement til den offentlige videreg\u00e5ende skolen. Vi har et tilbud til elever som trenger tettere oppf\u00f8lging i et mindre skolemilj\u00f8. Historikk Ansatte Ledige stillinger Dysleksivennlig skole Seiersborg videreg\u00e5ende skole Fredrikstad er en av to videreg\u00e5ende skoler eid av Stiftelsen Bl\u00e5 Kors Fredrikstad. Seiersborg [&hellip;]<\/p>\n","protected":false},"author":1,"featured_media":0,"parent":0,"menu_order":0,"comment_status":"closed","ping_status":"closed","template":"","meta":{"inline_featured_image":false,"editor_plus_copied_stylings":"{}","footnotes":""},"featured_image_src":null,"yoast_head":"<!-- This site is optimized with the Yoast SEO plugin v21.0 - https:\/\/yoast.com\/wordpress\/plugins\/seo\/ -->\n<title>Om oss - Fredrikstad<\/title>\n<meta name=\"robots\" content=\"index, follow, max-snippet:-1, max-image-preview:large, max-video-preview:-1\" \/>\n<link rel=\"canonical\" href=\"https:\/\/seiersborg.vgs.no\/fredrikstad\/om-oss\/\" \/>\n<meta property=\"og:locale\" content=\"nb_NO\" \/>\n<meta property=\"og:type\" content=\"article\" \/>\n<meta property=\"og:title\" content=\"Om oss - Fredrikstad\" \/>\n<meta property=\"og:description\" content=\"Om oss Seiersborg videreg\u00e5ende skole er en privat videreg\u00e5ende skole og et supplement til den offentlige videreg\u00e5ende skolen. Vi har et tilbud til elever som trenger tettere oppf\u00f8lging i et mindre skolemilj\u00f8. Historikk Ansatte Ledige stillinger Dysleksivennlig skole Seiersborg videreg\u00e5ende skole Fredrikstad er en av to videreg\u00e5ende skoler eid av Stiftelsen Bl\u00e5 Kors Fredrikstad. Seiersborg [&hellip;]\" \/>\n<meta property=\"og:url\" content=\"https:\/\/seiersborg.vgs.no\/fredrikstad\/om-oss\/\" \/>\n<meta property=\"og:site_name\" content=\"Fredrikstad\" \/>\n<meta property=\"article:modified_time\" content=\"2025-10-13T12:20:19+00:00\" \/>\n<meta property=\"og:image\" content=\"https:\/\/seiersborg.vgs.no\/fredrikstad\/wp-content\/uploads\/sites\/1\/2023\/08\/arrow-circle-down.svg\" \/>\n<meta name=\"twitter:card\" content=\"summary_large_image\" \/>\n<meta name=\"twitter:label1\" content=\"Ansl. lesetid\" \/>\n\t<meta name=\"twitter:data1\" content=\"2 minutter\" \/>\n<script type=\"application\/ld+json\" class=\"yoast-schema-graph\">{\"@context\":\"https:\/\/schema.org\",\"@graph\":[{\"@type\":\"WebPage\",\"@id\":\"https:\/\/seiersborg.vgs.no\/fredrikstad\/om-oss\/\",\"url\":\"https:\/\/seiersborg.vgs.no\/fredrikstad\/om-oss\/\",\"name\":\"Om oss - Fredrikstad\",\"isPartOf\":{\"@id\":\"https:\/\/seiersborg.vgs.no\/fredrikstad\/#website\"},\"datePublished\":\"2023-06-08T11:50:32+00:00\",\"dateModified\":\"2025-10-13T12:20:19+00:00\",\"breadcrumb\":{\"@id\":\"https:\/\/seiersborg.vgs.no\/fredrikstad\/om-oss\/#breadcrumb\"},\"inLanguage\":\"nb-NO\",\"potentialAction\":[{\"@type\":\"ReadAction\",\"target\":[\"https:\/\/seiersborg.vgs.no\/fredrikstad\/om-oss\/\"]}]},{\"@type\":\"BreadcrumbList\",\"@id\":\"https:\/\/seiersborg.vgs.no\/fredrikstad\/om-oss\/#breadcrumb\",\"itemListElement\":[{\"@type\":\"ListItem\",\"position\":1,\"name\":\"Hjem\",\"item\":\"https:\/\/seiersborg.vgs.no\/fredrikstad\/\"},{\"@type\":\"ListItem\",\"position\":2,\"name\":\"Om oss\"}]},{\"@type\":\"WebSite\",\"@id\":\"https:\/\/seiersborg.vgs.no\/fredrikstad\/#website\",\"url\":\"https:\/\/seiersborg.vgs.no\/fredrikstad\/\",\"name\":\"Fredrikstad\",\"description\":\"\",\"potentialAction\":[{\"@type\":\"SearchAction\",\"target\":{\"@type\":\"EntryPoint\",\"urlTemplate\":\"https:\/\/seiersborg.vgs.no\/fredrikstad\/?s={search_term_string}\"},\"query-input\":\"required name=search_term_string\"}],\"inLanguage\":\"nb-NO\"}]}<\/script>\n<!-- \/ Yoast SEO plugin. -->","yoast_head_json":{"title":"Om oss - Fredrikstad","robots":{"index":"index","follow":"follow","max-snippet":"max-snippet:-1","max-image-preview":"max-image-preview:large","max-video-preview":"max-video-preview:-1"},"canonical":"https:\/\/seiersborg.vgs.no\/fredrikstad\/om-oss\/","og_locale":"nb_NO","og_type":"article","og_title":"Om oss - Fredrikstad","og_description":"Om oss Seiersborg videreg\u00e5ende skole er en privat videreg\u00e5ende skole og et supplement til den offentlige videreg\u00e5ende skolen. Vi har et tilbud til elever som trenger tettere oppf\u00f8lging i et mindre skolemilj\u00f8. Historikk Ansatte Ledige stillinger Dysleksivennlig skole Seiersborg videreg\u00e5ende skole Fredrikstad er en av to videreg\u00e5ende skoler eid av Stiftelsen Bl\u00e5 Kors Fredrikstad. Seiersborg [&hellip;]","og_url":"https:\/\/seiersborg.vgs.no\/fredrikstad\/om-oss\/","og_site_name":"Fredrikstad","article_modified_time":"2025-10-13T12:20:19+00:00","og_image":[{"url":"https:\/\/seiersborg.vgs.no\/fredrikstad\/wp-content\/uploads\/sites\/1\/2023\/08\/arrow-circle-down.svg"}],"twitter_card":"summary_large_image","twitter_misc":{"Ansl. lesetid":"2 minutter"},"schema":{"@context":"https:\/\/schema.org","@graph":[{"@type":"WebPage","@id":"https:\/\/seiersborg.vgs.no\/fredrikstad\/om-oss\/","url":"https:\/\/seiersborg.vgs.no\/fredrikstad\/om-oss\/","name":"Om oss - Fredrikstad","isPartOf":{"@id":"https:\/\/seiersborg.vgs.no\/fredrikstad\/#website"},"datePublished":"2023-06-08T11:50:32+00:00","dateModified":"2025-10-13T12:20:19+00:00","breadcrumb":{"@id":"https:\/\/seiersborg.vgs.no\/fredrikstad\/om-oss\/#breadcrumb"},"inLanguage":"nb-NO","potentialAction":[{"@type":"ReadAction","target":["https:\/\/seiersborg.vgs.no\/fredrikstad\/om-oss\/"]}]},{"@type":"BreadcrumbList","@id":"https:\/\/seiersborg.vgs.no\/fredrikstad\/om-oss\/#breadcrumb","itemListElement":[{"@type":"ListItem","position":1,"name":"Hjem","item":"https:\/\/seiersborg.vgs.no\/fredrikstad\/"},{"@type":"ListItem","position":2,"name":"Om oss"}]},{"@type":"WebSite","@id":"https:\/\/seiersborg.vgs.no\/fredrikstad\/#website","url":"https:\/\/seiersborg.vgs.no\/fredrikstad\/","name":"Fredrikstad","description":"","potentialAction":[{"@type":"SearchAction","target":{"@type":"EntryPoint","urlTemplate":"https:\/\/seiersborg.vgs.no\/fredrikstad\/?s={search_term_string}"},"query-input":"required name=search_term_string"}],"inLanguage":"nb-NO"}]}},"_links":{"self":[{"href":"https:\/\/seiersborg.vgs.no\/fredrikstad\/wp-json\/wp\/v2\/pages\/30"}],"collection":[{"href":"https:\/\/seiersborg.vgs.no\/fredrikstad\/wp-json\/wp\/v2\/pages"}],"about":[{"href":"https:\/\/seiersborg.vgs.no\/fredrikstad\/wp-json\/wp\/v2\/types\/page"}],"author":[{"embeddable":true,"href":"https:\/\/seiersborg.vgs.no\/fredrikstad\/wp-json\/wp\/v2\/users\/1"}],"replies":[{"embeddable":true,"href":"https:\/\/seiersborg.vgs.no\/fredrikstad\/wp-json\/wp\/v2\/comments?post=30"}],"version-history":[{"count":55,"href":"https:\/\/seiersborg.vgs.no\/fredrikstad\/wp-json\/wp\/v2\/pages\/30\/revisions"}],"predecessor-version":[{"id":21116,"href":"https:\/\/seiersborg.vgs.no\/fredrikstad\/wp-json\/wp\/v2\/pages\/30\/revisions\/21116"}],"wp:attachment":[{"href":"https:\/\/seiersborg.vgs.no\/fredrikstad\/wp-json\/wp\/v2\/media?parent=30"}],"curies":[{"name":"wp","href":"https:\/\/api.w.org\/{rel}","templated":true}]}}