{"id":324,"date":"2023-08-03T09:35:39","date_gmt":"2023-08-03T07:35:39","guid":{"rendered":"https:\/\/seiersborg.vgs.no\/fredrikstad\/?page_id=324"},"modified":"2026-04-16T12:44:40","modified_gmt":"2026-04-16T10:44:40","slug":"sok-her","status":"publish","type":"page","link":"https:\/\/seiersborg.vgs.no\/fredrikstad\/sok-her\/","title":{"rendered":"S\u00f8k her"},"content":{"rendered":"<div class=\"cs-top wp-block-group alignfull has-primary-beige-background-color has-background eplus-wrapper is-layout-constrained wp-block-group-is-layout-constrained eplus-styles-uid-12597c\"><div class=\"wp-block-group__inner-container\">\n<div class=\"container-rounded-corners wp-block-group has-light-beige-background-color has-background eplus-wrapper is-layout-constrained wp-block-group-is-layout-constrained\"><div class=\"wp-block-group__inner-container\"><div class=\"cs-top wp-block-columns alignfull are-vertically-aligned-center eplus-wrapper is-layout-flex wp-container-7 wp-block-columns-is-layout-flex eplus-styles-uid-24a7e0\">\n<div class=\" wp-block-column eplus-wrapper is-layout-flow wp-block-column-is-layout-flow\" style=\"flex-basis:10px\"><\/div>\n\n\n\n<div class=\" wp-block-column is-vertically-aligned-center eplus-wrapper is-layout-flow wp-block-column-is-layout-flow\">\n<h1 class=\" wp-block-heading has-text-align-center has-primary-blue-color has-text-color eplus-wrapper\">S\u00f8knadsfristen har passert<\/h1>\n\n\n\n<p class=\" eplus-wrapper\">Har du f\u00e5tt tilbud om skoleplass? Husk \u00e5 svare p\u00e5 tilbudet. <\/p>\n\n\n\n<div class=\" wp-block-buttons eplus-wrapper is-horizontal is-content-justification-center is-layout-flex wp-container-2 wp-block-buttons-is-layout-flex\"><div class=\"is-style-fill wp-block-button has-custom-width wp-block-button__width-50 eplus-wrapper eplus-styles-uid-758ecd\"><a class=\"wp-block-button__link has-primary-blue-color has-green-background-color has-text-color has-background has-text-align-center wp-element-button\" href=\"https:\/\/seiersborg.iskole.net\/soker\/\">Svar p\u00e5 tilbud<\/a><\/div><\/div>\n\n\n\n<div style=\"height:15px\" aria-hidden=\"true\" class=\" wp-block-spacer eplus-wrapper\"><\/div>\n\n\n\n<p class=\" eplus-wrapper\"><strong>Dere som ikke har kommet inn st\u00e5r n\u00e5 venteliste, og vil bli vurdert igjen til ledige plasser  1. juni. <\/strong>Nye s\u00f8kere som har s\u00f8kt utenom fristen vil ogs\u00e5 vurderes etter 1. juni.<\/p>\n\n\n\n<p class=\" eplus-wrapper\">Ta gjerne kontakt med r\u00e5dgivere dersom du \u00f8nsker mer informasjon. <\/p>\n\n\n\n<div class=\" wp-block-buttons eplus-wrapper is-horizontal is-content-justification-center is-layout-flex wp-container-3 wp-block-buttons-is-layout-flex\"><div class=\"is-style-fill wp-block-button has-custom-width wp-block-button__width-50 eplus-wrapper eplus-styles-uid-069fa5\"><a class=\"wp-block-button__link has-primary-blue-color has-pink-background-color has-text-color has-background has-text-align-center wp-element-button\" href=\"https:\/\/seiersborg.iskole.net\/interessent\">S\u00d8K HER<\/a><\/div><\/div>\n\n\n\n<div style=\"height:17px\" aria-hidden=\"true\" class=\" wp-block-spacer eplus-wrapper\"><\/div>\n<\/div>\n\n\n\n<div class=\" wp-block-column eplus-wrapper is-layout-flow wp-block-column-is-layout-flow\" style=\"flex-basis:5px\"><\/div>\n\n\n\n<div class=\" wp-block-column is-vertically-aligned-center eplus-wrapper is-layout-flow wp-block-column-is-layout-flow\">\n<figure class=\"is-resized is-style-default wp-block-image size-large eplus-wrapper\"><img decoding=\"async\" loading=\"lazy\" width=\"1024\" height=\"683\" src=\"https:\/\/seiersborg.vgs.no\/fredrikstad\/wp-content\/uploads\/sites\/1\/2025\/11\/HEA-7-1024x683.jpg\" alt=\"\" class=\"wp-image-21147\" srcset=\"https:\/\/seiersborg.vgs.no\/fredrikstad\/wp-content\/uploads\/sites\/1\/2025\/11\/HEA-7-1024x683.jpg 1024w, https:\/\/seiersborg.vgs.no\/fredrikstad\/wp-content\/uploads\/sites\/1\/2025\/11\/HEA-7-300x200.jpg 300w, https:\/\/seiersborg.vgs.no\/fredrikstad\/wp-content\/uploads\/sites\/1\/2025\/11\/HEA-7-768x512.jpg 768w, https:\/\/seiersborg.vgs.no\/fredrikstad\/wp-content\/uploads\/sites\/1\/2025\/11\/HEA-7-1536x1024.jpg 1536w, https:\/\/seiersborg.vgs.no\/fredrikstad\/wp-content\/uploads\/sites\/1\/2025\/11\/HEA-7.jpg 1600w\" sizes=\"(max-width: 1024px) 100vw, 1024px\" \/><\/figure>\n<\/div>\n<\/div>\n\n\n<div style=\"height:49px\" aria-hidden=\"true\" class=\" wp-block-spacer eplus-wrapper\"><\/div>\n<\/div><\/div>\n<\/div><\/div>\n\n\n<div style=\"height:19px\" aria-hidden=\"true\" class=\" wp-block-spacer eplus-wrapper\"><\/div>\n\n\n\n<div class=\"cs-medium wp-block-group eplus-wrapper is-layout-constrained wp-block-group-is-layout-constrained\"><div class=\"wp-block-group__inner-container\"><div class=\" wp-block-columns eplus-wrapper is-layout-flex wp-container-14 wp-block-columns-is-layout-flex eplus-styles-uid-3dde9a\">\n<div class=\" wp-block-column eplus-wrapper is-layout-flow wp-block-column-is-layout-flow\">\n<div class=\" wp-block-buttons eplus-wrapper is-layout-flex wp-block-buttons-is-layout-flex\"><div class=\" wp-block-button eplus-wrapper eplus-styles-uid-b076a8\"><a class=\"wp-block-button__link has-dark-blue-color has-green-background-color has-text-color has-background wp-element-button\" href=\"https:\/\/seiersborg.vgs.no\/fredrikstad\/wp-content\/uploads\/sites\/1\/2026\/01\/Anbefaling-Seiersborg-1.pdf\" target=\"_blank\" rel=\"noreferrer noopener\">Last ned mal anbefalingsbrev <\/a><\/div><\/div>\n\n\n\n<div style=\"height:35px\" aria-hidden=\"true\" class=\" wp-block-spacer eplus-wrapper\"><\/div>\n\n\n\n<p class=\" eplus-wrapper\"><strong>Merk:<\/strong> Alle elever som fyller vilk\u00e5rene for inntak i offentlige skoler og som er innenfor skolens m\u00e5lgruppe kan vurderes for inntak. Elever med\u00a0<a href=\"https:\/\/www.vilbli.no\/nb\/nb\/no\/ungdomsrett-lovfestet-rett-for-ungdom\/a\/023632\/?side=artikkel\">ungdomsrett<\/a>\u00a0prioriteres f\u00f8rst ved overs\u00f8king. Har du ikke ungdomsrett m\u00e5 du realkompetansevurderes f\u00f8r inntak.<\/p>\n\n\n\n<p class=\" eplus-wrapper\">S\u00f8knadsskjemaet er en usikret og ukryptert tjeneste, som vanlig e-post eller et \u00e5pent postkort. Ikke send sensitive eller taushetsbelagte opplysninger via dette skjemaet.<\/p>\n\n\n\n<p class=\" eplus-wrapper\">Sammen med s\u00f8knaden m\u00e5 det legges ved et anbefalingsbrev. Dette er en faglig vurdering eller en sakkyndig uttalelse som bekrefter at eleven har l\u00e6revansker og en funksjonsnedsettelse, og at det er behov for tilrettelegging av skolehverdagen. <\/p>\n\n\n\n<p class=\" eplus-wrapper\"><a href=\"https:\/\/seiersborg.vgs.no\/fredrikstad\/wp-content\/uploads\/sites\/1\/2026\/01\/Anbefaling-Seiersborg.pdf\" target=\"_blank\" rel=\"noreferrer noopener\">Her kan du laste ned og fylle ut direkte i v\u00e5r mal for anbefalings<\/a><a href=\"https:\/\/seiersborg.vgs.no\/fredrikstad\/wp-content\/uploads\/sites\/1\/2026\/01\/Anbefaling-Seiersborg-1.pdf\" target=\"_blank\" rel=\"noreferrer noopener\">brev.<\/a> Anbefalingsbrevet leveres til Seiersborg enten ved at den sendes digitalt i Altinn, lastes opp i s\u00f8kerportalen eller leveres fysisk til r\u00e5dgiverne p\u00e5 skolen.<\/p>\n\n\n\n<p class=\" eplus-wrapper\">Fylke og kommune kan sende anbefalingsbrev via sine skolesystemer. Det er viktig at anbefalingsbrevet er adressert til oss. S\u00f8k opp v\u00e5rt organisasjonsnummer 989632302.<\/p>\n\n\n\n<div style=\"height:25px\" aria-hidden=\"true\" class=\" wp-block-spacer eplus-wrapper\"><\/div>\n\n\n\n<h3 class=\" wp-block-heading has-text-align-center has-black-color has-purple-background-color has-text-color has-background eplus-wrapper\"><strong><a href=\"https:\/\/seiersborg.vgs.no\/fredrikstad\/wp-content\/uploads\/sites\/1\/2025\/12\/Inntaksreglement-SVS-Fredrikstad-2026.pdf\">Inntaksreglement for skole\u00e5ret 2026\/2027 ved Seiersborg videreg\u00e5ende skole Fredrikstad<\/a><\/strong><\/h3>\n\n\n\n<div style=\"height:25px\" aria-hidden=\"true\" class=\" wp-block-spacer eplus-wrapper\"><\/div>\n<\/div>\n\n\n\n<div class=\" wp-block-column eplus-wrapper is-layout-flow wp-block-column-is-layout-flow\" style=\"flex-basis:10px\"><\/div>\n\n\n\n<div class=\" wp-block-column eplus-wrapper is-layout-flow wp-block-column-is-layout-flow\">\n<h3 class=\" wp-block-heading has-text-align-center has-black-color has-green-background-color has-text-color has-background eplus-wrapper\"><a href=\"https:\/\/seiersborg.iskole.net\/soker\/\">Du som allerede har lagt inn s\u00f8knad &#8211; logg inn her for \u00e5 se status og legge inn dokumentasjon.<\/a><\/h3>\n\n\n\n<div style=\"height:15px\" aria-hidden=\"true\" class=\" wp-block-spacer eplus-wrapper\"><\/div>\n\n\n\n<p class=\" eplus-wrapper\">Har du sp\u00f8rsm\u00e5l eller vil vite mer om tilbudet p\u00e5 Seiersborg videreg\u00e5ende skole i Fredrikstad? Ta kontakt med en av v\u00e5re r\u00e5dgivere for mer informasjon:<\/p>\n\n\n\n<p class=\" eplus-wrapper\"><strong>Mari Grundvig<\/strong> &#8211; Sosial pedagogisk r\u00e5dgiver          tlf. 951 78 701 epost\u00a0<a href=\"mailto:mari.grundvig@seiersborg.vgs.no\">mari.grundvig@seiersborg.vgs.no<\/a><\/p>\n\n\n\n<p class=\" eplus-wrapper\">R\u00e5dgiver for programomr\u00e5de for:<\/p>\n\n\n<ul class=\" eplus-wrapper eplus-styles-uid-478e70\">\n<li class=\" eplus-wrapper\">vg1 teknologi- og industrifag, vg2 industriteknologi, vg1 helse og oppvekstfag. vg2 helsearbeiderfag, vg2 barne- og ungdomsarbeiderfag<\/li>\n<\/ul>\n\n\n<p class=\" eplus-wrapper\"><strong>Erik Bentsen<\/strong> &#8211; Karrierer\u00e5dgiver                               tlf. 907 04 117 epost\u00a0<a href=\"mailto:erik.bentsen@seiersborg.vgs.no\">erik.bentsen@seiersborg.vgs.no<\/a> <\/p>\n\n\n\n<p class=\" eplus-wrapper\">R\u00e5dgiver for programomr\u00e5de:<\/p>\n\n\n<ul class=\" eplus-wrapper eplus-styles-uid-8de433\">\n<li class=\" eplus-wrapper\">vg1\u00a0 Fris\u00f8r, blomster, interi\u00f8r og eksponeringsdesign, vg2 Fris\u00f8r, vg3 p\u00e5bygg<\/li>\n<\/ul>\n\n\n<p class=\" eplus-wrapper\"><strong>Siv Karstensen<\/strong> &#8211; Spesial pedagogisk r\u00e5dgiver \u00a0      tlf. 948 15 161 epost\u00a0<a href=\"mailto:siv.karstensen@seiersborg.vgs.no\">siv.karstensen@seiersborg.vgs.no<\/a><\/p>\n\n\n\n<p class=\" eplus-wrapper\">R\u00e5dgiver for programomr\u00e5de:<\/p>\n\n\n<ul class=\" eplus-wrapper eplus-styles-uid-c58275\">\n<li class=\" eplus-wrapper\">vg1 Salg, service og reiseliv, vg2 Salg, service og reiseliv, vg1 bygg- og anleggsteknikk, vg2 t\u00f8mrer<\/li>\n<\/ul><\/div>\n<\/div>\n\n\n<div style=\"height:31px\" aria-hidden=\"true\" class=\" wp-block-spacer eplus-wrapper\"><\/div>\n\n\n<div class=\"wp-block-image\">\n<figure class=\" aligncenter size-large eplus-wrapper\"><img decoding=\"async\" loading=\"lazy\" width=\"1024\" height=\"683\" src=\"https:\/\/seiersborg.vgs.no\/fredrikstad\/wp-content\/uploads\/sites\/1\/2025\/11\/Radgiverne-3-1024x683.jpg\" alt=\"\" class=\"wp-image-21142\" srcset=\"https:\/\/seiersborg.vgs.no\/fredrikstad\/wp-content\/uploads\/sites\/1\/2025\/11\/Radgiverne-3-1024x683.jpg 1024w, https:\/\/seiersborg.vgs.no\/fredrikstad\/wp-content\/uploads\/sites\/1\/2025\/11\/Radgiverne-3-300x200.jpg 300w, https:\/\/seiersborg.vgs.no\/fredrikstad\/wp-content\/uploads\/sites\/1\/2025\/11\/Radgiverne-3-768x512.jpg 768w, https:\/\/seiersborg.vgs.no\/fredrikstad\/wp-content\/uploads\/sites\/1\/2025\/11\/Radgiverne-3-1536x1024.jpg 1536w, https:\/\/seiersborg.vgs.no\/fredrikstad\/wp-content\/uploads\/sites\/1\/2025\/11\/Radgiverne-3.jpg 1600w\" sizes=\"(max-width: 1024px) 100vw, 1024px\" \/><\/figure><\/div><\/div><\/div>\n","protected":false},"excerpt":{"rendered":"<p>S\u00f8knadsfristen har passert Har du f\u00e5tt tilbud om skoleplass? Husk \u00e5 svare p\u00e5 tilbudet. Dere som ikke har kommet inn st\u00e5r n\u00e5 venteliste, og vil bli vurdert igjen til ledige plasser 1. juni. Nye s\u00f8kere som har s\u00f8kt utenom fristen vil ogs\u00e5 vurderes etter 1. juni. Ta gjerne kontakt med r\u00e5dgivere dersom du \u00f8nsker mer [&hellip;]<\/p>\n","protected":false},"author":1,"featured_media":0,"parent":0,"menu_order":0,"comment_status":"closed","ping_status":"closed","template":"","meta":{"inline_featured_image":false,"editor_plus_copied_stylings":"{}","footnotes":""},"featured_image_src":null,"yoast_head":"<!-- This site is optimized with the Yoast SEO plugin v21.0 - https:\/\/yoast.com\/wordpress\/plugins\/seo\/ -->\n<title>S\u00f8k her - Fredrikstad<\/title>\n<meta name=\"robots\" content=\"index, follow, max-snippet:-1, max-image-preview:large, max-video-preview:-1\" \/>\n<link rel=\"canonical\" href=\"https:\/\/seiersborg.vgs.no\/fredrikstad\/sok-her\/\" \/>\n<meta property=\"og:locale\" content=\"nb_NO\" \/>\n<meta property=\"og:type\" content=\"article\" \/>\n<meta property=\"og:title\" content=\"S\u00f8k her - Fredrikstad\" \/>\n<meta property=\"og:description\" content=\"S\u00f8knadsfristen har passert Har du f\u00e5tt tilbud om skoleplass? Husk \u00e5 svare p\u00e5 tilbudet. Dere som ikke har kommet inn st\u00e5r n\u00e5 venteliste, og vil bli vurdert igjen til ledige plasser 1. juni. Nye s\u00f8kere som har s\u00f8kt utenom fristen vil ogs\u00e5 vurderes etter 1. juni. Ta gjerne kontakt med r\u00e5dgivere dersom du \u00f8nsker mer [&hellip;]\" \/>\n<meta property=\"og:url\" content=\"https:\/\/seiersborg.vgs.no\/fredrikstad\/sok-her\/\" \/>\n<meta property=\"og:site_name\" content=\"Fredrikstad\" \/>\n<meta property=\"article:modified_time\" content=\"2026-04-16T10:44:40+00:00\" \/>\n<meta property=\"og:image\" content=\"https:\/\/seiersborg.vgs.no\/fredrikstad\/wp-content\/uploads\/sites\/1\/2025\/11\/HEA-7-1024x683.jpg\" \/>\n<meta name=\"twitter:card\" content=\"summary_large_image\" \/>\n<meta name=\"twitter:label1\" content=\"Ansl. lesetid\" \/>\n\t<meta name=\"twitter:data1\" content=\"3 minutter\" \/>\n<script type=\"application\/ld+json\" class=\"yoast-schema-graph\">{\"@context\":\"https:\/\/schema.org\",\"@graph\":[{\"@type\":\"WebPage\",\"@id\":\"https:\/\/seiersborg.vgs.no\/fredrikstad\/sok-her\/\",\"url\":\"https:\/\/seiersborg.vgs.no\/fredrikstad\/sok-her\/\",\"name\":\"S\u00f8k her - Fredrikstad\",\"isPartOf\":{\"@id\":\"https:\/\/seiersborg.vgs.no\/fredrikstad\/#website\"},\"datePublished\":\"2023-08-03T07:35:39+00:00\",\"dateModified\":\"2026-04-16T10:44:40+00:00\",\"breadcrumb\":{\"@id\":\"https:\/\/seiersborg.vgs.no\/fredrikstad\/sok-her\/#breadcrumb\"},\"inLanguage\":\"nb-NO\",\"potentialAction\":[{\"@type\":\"ReadAction\",\"target\":[\"https:\/\/seiersborg.vgs.no\/fredrikstad\/sok-her\/\"]}]},{\"@type\":\"BreadcrumbList\",\"@id\":\"https:\/\/seiersborg.vgs.no\/fredrikstad\/sok-her\/#breadcrumb\",\"itemListElement\":[{\"@type\":\"ListItem\",\"position\":1,\"name\":\"Hjem\",\"item\":\"https:\/\/seiersborg.vgs.no\/fredrikstad\/\"},{\"@type\":\"ListItem\",\"position\":2,\"name\":\"S\u00f8k her\"}]},{\"@type\":\"WebSite\",\"@id\":\"https:\/\/seiersborg.vgs.no\/fredrikstad\/#website\",\"url\":\"https:\/\/seiersborg.vgs.no\/fredrikstad\/\",\"name\":\"Fredrikstad\",\"description\":\"\",\"potentialAction\":[{\"@type\":\"SearchAction\",\"target\":{\"@type\":\"EntryPoint\",\"urlTemplate\":\"https:\/\/seiersborg.vgs.no\/fredrikstad\/?s={search_term_string}\"},\"query-input\":\"required name=search_term_string\"}],\"inLanguage\":\"nb-NO\"}]}<\/script>\n<!-- \/ Yoast SEO plugin. -->","yoast_head_json":{"title":"S\u00f8k her - Fredrikstad","robots":{"index":"index","follow":"follow","max-snippet":"max-snippet:-1","max-image-preview":"max-image-preview:large","max-video-preview":"max-video-preview:-1"},"canonical":"https:\/\/seiersborg.vgs.no\/fredrikstad\/sok-her\/","og_locale":"nb_NO","og_type":"article","og_title":"S\u00f8k her - Fredrikstad","og_description":"S\u00f8knadsfristen har passert Har du f\u00e5tt tilbud om skoleplass? Husk \u00e5 svare p\u00e5 tilbudet. Dere som ikke har kommet inn st\u00e5r n\u00e5 venteliste, og vil bli vurdert igjen til ledige plasser 1. juni. Nye s\u00f8kere som har s\u00f8kt utenom fristen vil ogs\u00e5 vurderes etter 1. juni. Ta gjerne kontakt med r\u00e5dgivere dersom du \u00f8nsker mer [&hellip;]","og_url":"https:\/\/seiersborg.vgs.no\/fredrikstad\/sok-her\/","og_site_name":"Fredrikstad","article_modified_time":"2026-04-16T10:44:40+00:00","og_image":[{"url":"https:\/\/seiersborg.vgs.no\/fredrikstad\/wp-content\/uploads\/sites\/1\/2025\/11\/HEA-7-1024x683.jpg"}],"twitter_card":"summary_large_image","twitter_misc":{"Ansl. lesetid":"3 minutter"},"schema":{"@context":"https:\/\/schema.org","@graph":[{"@type":"WebPage","@id":"https:\/\/seiersborg.vgs.no\/fredrikstad\/sok-her\/","url":"https:\/\/seiersborg.vgs.no\/fredrikstad\/sok-her\/","name":"S\u00f8k her - Fredrikstad","isPartOf":{"@id":"https:\/\/seiersborg.vgs.no\/fredrikstad\/#website"},"datePublished":"2023-08-03T07:35:39+00:00","dateModified":"2026-04-16T10:44:40+00:00","breadcrumb":{"@id":"https:\/\/seiersborg.vgs.no\/fredrikstad\/sok-her\/#breadcrumb"},"inLanguage":"nb-NO","potentialAction":[{"@type":"ReadAction","target":["https:\/\/seiersborg.vgs.no\/fredrikstad\/sok-her\/"]}]},{"@type":"BreadcrumbList","@id":"https:\/\/seiersborg.vgs.no\/fredrikstad\/sok-her\/#breadcrumb","itemListElement":[{"@type":"ListItem","position":1,"name":"Hjem","item":"https:\/\/seiersborg.vgs.no\/fredrikstad\/"},{"@type":"ListItem","position":2,"name":"S\u00f8k her"}]},{"@type":"WebSite","@id":"https:\/\/seiersborg.vgs.no\/fredrikstad\/#website","url":"https:\/\/seiersborg.vgs.no\/fredrikstad\/","name":"Fredrikstad","description":"","potentialAction":[{"@type":"SearchAction","target":{"@type":"EntryPoint","urlTemplate":"https:\/\/seiersborg.vgs.no\/fredrikstad\/?s={search_term_string}"},"query-input":"required name=search_term_string"}],"inLanguage":"nb-NO"}]}},"_links":{"self":[{"href":"https:\/\/seiersborg.vgs.no\/fredrikstad\/wp-json\/wp\/v2\/pages\/324"}],"collection":[{"href":"https:\/\/seiersborg.vgs.no\/fredrikstad\/wp-json\/wp\/v2\/pages"}],"about":[{"href":"https:\/\/seiersborg.vgs.no\/fredrikstad\/wp-json\/wp\/v2\/types\/page"}],"author":[{"embeddable":true,"href":"https:\/\/seiersborg.vgs.no\/fredrikstad\/wp-json\/wp\/v2\/users\/1"}],"replies":[{"embeddable":true,"href":"https:\/\/seiersborg.vgs.no\/fredrikstad\/wp-json\/wp\/v2\/comments?post=324"}],"version-history":[{"count":83,"href":"https:\/\/seiersborg.vgs.no\/fredrikstad\/wp-json\/wp\/v2\/pages\/324\/revisions"}],"predecessor-version":[{"id":21694,"href":"https:\/\/seiersborg.vgs.no\/fredrikstad\/wp-json\/wp\/v2\/pages\/324\/revisions\/21694"}],"wp:attachment":[{"href":"https:\/\/seiersborg.vgs.no\/fredrikstad\/wp-json\/wp\/v2\/media?parent=324"}],"curies":[{"name":"wp","href":"https:\/\/api.w.org\/{rel}","templated":true}]}}