{"id":34,"date":"2023-06-08T13:51:28","date_gmt":"2023-06-08T11:51:28","guid":{"rendered":"https:\/\/seiersborg.vgs.no\/fredrikstad\/?page_id=34"},"modified":"2023-09-28T14:26:14","modified_gmt":"2023-09-28T12:26:14","slug":"historikk","status":"publish","type":"page","link":"https:\/\/seiersborg.vgs.no\/fredrikstad\/historikk\/","title":{"rendered":"Historikk"},"content":{"rendered":"\n<div class=\"cs-top wp-block-group alignfull has-primary-beige-background-color has-background eplus-wrapper is-layout-constrained wp-block-group-is-layout-constrained\"><div class=\"wp-block-group__inner-container\">\n<div class=\"container-rounded-corners wp-block-group has-light-beige-background-color has-background eplus-wrapper is-layout-constrained wp-block-group-is-layout-constrained\"><div class=\"wp-block-group__inner-container\"><div class=\" wp-block-columns alignfull are-vertically-aligned-center eplus-wrapper is-layout-flex wp-container-5 wp-block-columns-is-layout-flex eplus-styles-uid-b9541b\">\n<div class=\" wp-block-column eplus-wrapper is-layout-flow wp-block-column-is-layout-flow\" style=\"flex-basis:10px\"><\/div>\n\n\n\n<div class=\" wp-block-column is-vertically-aligned-center eplus-wrapper is-layout-flow wp-block-column-is-layout-flow\">\n<h1 class=\" wp-block-heading has-primary-blue-color has-text-color eplus-wrapper\">Historikk<\/h1>\n\n\n\n<p class=\" eplus-wrapper\">Seiersborg videreg\u00e5ende skole \u2013 fra 1976 til i dag<\/p>\n\n\n<figure class=\"button-round wp-block-image size-large eplus-wrapper eplus-styles-uid-71a3e5\"><img decoding=\"async\" loading=\"lazy\" width=\"34\" height=\"34\" src=\"https:\/\/seiersborg.vgs.no\/fredrikstad\/wp-content\/uploads\/sites\/1\/2023\/08\/arrow-circle-down.svg\" alt=\"\" class=\"wp-image-688\"><\/figure><\/div>\n\n\n\n<div class=\" wp-block-column eplus-wrapper is-layout-flow wp-block-column-is-layout-flow\" style=\"flex-basis:5px\"><\/div>\n\n\n\n<div class=\" wp-block-column is-vertically-aligned-center eplus-wrapper is-layout-flow wp-block-column-is-layout-flow\">\n<figure class=\" wp-block-image size-large eplus-wrapper\"><img decoding=\"async\" loading=\"lazy\" width=\"1024\" height=\"678\" src=\"https:\/\/seiersborg.vgs.no\/fredrikstad\/wp-content\/uploads\/sites\/1\/2023\/08\/sb-skolen-1024x678.jpg\" alt=\"\" class=\"wp-image-466\" srcset=\"https:\/\/seiersborg.vgs.no\/fredrikstad\/wp-content\/uploads\/sites\/1\/2023\/08\/sb-skolen-1024x678.jpg 1024w, https:\/\/seiersborg.vgs.no\/fredrikstad\/wp-content\/uploads\/sites\/1\/2023\/08\/sb-skolen-300x199.jpg 300w, https:\/\/seiersborg.vgs.no\/fredrikstad\/wp-content\/uploads\/sites\/1\/2023\/08\/sb-skolen-768x509.jpg 768w, https:\/\/seiersborg.vgs.no\/fredrikstad\/wp-content\/uploads\/sites\/1\/2023\/08\/sb-skolen-1536x1018.jpg 1536w, https:\/\/seiersborg.vgs.no\/fredrikstad\/wp-content\/uploads\/sites\/1\/2023\/08\/sb-skolen.jpg 2000w\" sizes=\"(max-width: 1024px) 100vw, 1024px\" \/><\/figure>\n<\/div>\n<\/div><\/div><\/div>\n<\/div><\/div>\n\n\n\n<div class=\"cs-medium wp-block-group eplus-wrapper is-layout-constrained wp-block-group-is-layout-constrained\"><div class=\"wp-block-group__inner-container\"><div class=\" wp-block-columns eplus-wrapper is-layout-flex wp-container-10 wp-block-columns-is-layout-flex eplus-styles-uid-fa9503\">\n<div class=\" wp-block-column eplus-wrapper is-layout-flow wp-block-column-is-layout-flow\">\n<figure class=\" wp-block-image size-large eplus-wrapper\"><img decoding=\"async\" loading=\"lazy\" width=\"1024\" height=\"576\" src=\"https:\/\/seiersborg.vgs.no\/fredrikstad\/wp-content\/uploads\/sites\/1\/2018\/01\/012018_Utbygging_artikkel_1200x900-1024x576.png\" alt=\"\" class=\"wp-image-825\" srcset=\"https:\/\/seiersborg.vgs.no\/fredrikstad\/wp-content\/uploads\/sites\/1\/2018\/01\/012018_Utbygging_artikkel_1200x900-1024x576.png 1024w, https:\/\/seiersborg.vgs.no\/fredrikstad\/wp-content\/uploads\/sites\/1\/2018\/01\/012018_Utbygging_artikkel_1200x900-300x169.png 300w, https:\/\/seiersborg.vgs.no\/fredrikstad\/wp-content\/uploads\/sites\/1\/2018\/01\/012018_Utbygging_artikkel_1200x900-768x432.png 768w, https:\/\/seiersborg.vgs.no\/fredrikstad\/wp-content\/uploads\/sites\/1\/2018\/01\/012018_Utbygging_artikkel_1200x900-1536x864.png 1536w, https:\/\/seiersborg.vgs.no\/fredrikstad\/wp-content\/uploads\/sites\/1\/2018\/01\/012018_Utbygging_artikkel_1200x900.png 1600w\" sizes=\"(max-width: 1024px) 100vw, 1024px\" \/><\/figure>\n<\/div>\n\n\n\n<div class=\" wp-block-column eplus-wrapper is-layout-flow wp-block-column-is-layout-flow\">\n<p class=\" eplus-wrapper\" id=\"historikk\"><strong>Ideen om et oppl\u00e6ringstilbud i regi av Stiftelsen Bl\u00e5 Kors Fredrikstad vokste fram p\u00e5 bakgrunn av mangelen p\u00e5 yrkesrelevant kompetanse hos de voksne alkoholikerne som var til behandling. Gjennom god oppl\u00e6ring var m\u00e5let \u00e5 etablere slik kompetanse som et rusforebyggende tiltak. M\u00e5let var \u00e5 komme tilbake til samfunnet og mestre livet uten rus.<\/strong><\/p>\n\n\n\n<p class=\" eplus-wrapper\">Seiersborg videreg\u00e5ende skole hadde oppstart 1. januar 1976. I 2006 ble skolen organisert som et AS som fortsatt eies og drives av Stiftelsen Bl\u00e5 Kors Fredrikstad.<\/p>\n\n\n\n<p class=\" eplus-wrapper\">I l\u00f8pet av \u00e5rene har endringer i skolereformer, endringer i Friskoleloven og endring i faglig kompetanse v\u00e6rt med \u00e5 prege skolens utvikling. Bl\u00e5 Kors sin diakonale tankegang og tro p\u00e5 mennesket har gjennom alle \u00e5rene v\u00e6rt toneangivende i m\u00e5ten skolen har utviklet seg.<\/p>\n\n\n\n<p class=\" eplus-wrapper\">Skolen er i dag godkjent for \u00e5 ta imot 156 elever innenfor programomr\u00e5dene Helse- og oppvekstfag, Salg, service og reiseliv, Teknologi og industrifag, Bygg- og anleggsteknikk, samt Fris\u00f8r, blomster, interi\u00f8r og eksponeringsdesign. I tillegg til dette tilbyr skolen VG 3 \u2013 P\u00e5bygg til generell studiekompetanse.<\/p>\n<\/div>\n<\/div><\/div><\/div>\n","protected":false},"excerpt":{"rendered":"<p>Historikk Seiersborg videreg\u00e5ende skole \u2013 fra 1976 til i dag Ideen om et oppl\u00e6ringstilbud i regi av Stiftelsen Bl\u00e5 Kors Fredrikstad vokste fram p\u00e5 bakgrunn av mangelen p\u00e5 yrkesrelevant kompetanse hos de voksne alkoholikerne som var til behandling. Gjennom god oppl\u00e6ring var m\u00e5let \u00e5 etablere slik kompetanse som et rusforebyggende tiltak. M\u00e5let var \u00e5 komme [&hellip;]<\/p>\n","protected":false},"author":1,"featured_media":0,"parent":0,"menu_order":0,"comment_status":"closed","ping_status":"closed","template":"","meta":{"inline_featured_image":false,"editor_plus_copied_stylings":"{}","footnotes":""},"featured_image_src":null,"yoast_head":"<!-- This site is optimized with the Yoast SEO plugin v21.0 - https:\/\/yoast.com\/wordpress\/plugins\/seo\/ -->\n<title>Historikk - Fredrikstad<\/title>\n<meta name=\"robots\" content=\"index, follow, max-snippet:-1, max-image-preview:large, max-video-preview:-1\" \/>\n<link rel=\"canonical\" href=\"https:\/\/seiersborg.vgs.no\/fredrikstad\/historikk\/\" \/>\n<meta property=\"og:locale\" content=\"nb_NO\" \/>\n<meta property=\"og:type\" content=\"article\" \/>\n<meta property=\"og:title\" content=\"Historikk - Fredrikstad\" \/>\n<meta property=\"og:description\" content=\"Historikk Seiersborg videreg\u00e5ende skole \u2013 fra 1976 til i dag Ideen om et oppl\u00e6ringstilbud i regi av Stiftelsen Bl\u00e5 Kors Fredrikstad vokste fram p\u00e5 bakgrunn av mangelen p\u00e5 yrkesrelevant kompetanse hos de voksne alkoholikerne som var til behandling. Gjennom god oppl\u00e6ring var m\u00e5let \u00e5 etablere slik kompetanse som et rusforebyggende tiltak. M\u00e5let var \u00e5 komme [&hellip;]\" \/>\n<meta property=\"og:url\" content=\"https:\/\/seiersborg.vgs.no\/fredrikstad\/historikk\/\" \/>\n<meta property=\"og:site_name\" content=\"Fredrikstad\" \/>\n<meta property=\"article:modified_time\" content=\"2023-09-28T12:26:14+00:00\" \/>\n<meta property=\"og:image\" content=\"https:\/\/seiersborg.vgs.no\/fredrikstad\/wp-content\/uploads\/sites\/1\/2023\/08\/arrow-circle-down.svg\" \/>\n<meta name=\"twitter:card\" content=\"summary_large_image\" \/>\n<meta name=\"twitter:label1\" content=\"Ansl. lesetid\" \/>\n\t<meta name=\"twitter:data1\" content=\"1 minutt\" \/>\n<script type=\"application\/ld+json\" class=\"yoast-schema-graph\">{\"@context\":\"https:\/\/schema.org\",\"@graph\":[{\"@type\":\"WebPage\",\"@id\":\"https:\/\/seiersborg.vgs.no\/fredrikstad\/historikk\/\",\"url\":\"https:\/\/seiersborg.vgs.no\/fredrikstad\/historikk\/\",\"name\":\"Historikk - Fredrikstad\",\"isPartOf\":{\"@id\":\"https:\/\/seiersborg.vgs.no\/fredrikstad\/#website\"},\"datePublished\":\"2023-06-08T11:51:28+00:00\",\"dateModified\":\"2023-09-28T12:26:14+00:00\",\"breadcrumb\":{\"@id\":\"https:\/\/seiersborg.vgs.no\/fredrikstad\/historikk\/#breadcrumb\"},\"inLanguage\":\"nb-NO\",\"potentialAction\":[{\"@type\":\"ReadAction\",\"target\":[\"https:\/\/seiersborg.vgs.no\/fredrikstad\/historikk\/\"]}]},{\"@type\":\"BreadcrumbList\",\"@id\":\"https:\/\/seiersborg.vgs.no\/fredrikstad\/historikk\/#breadcrumb\",\"itemListElement\":[{\"@type\":\"ListItem\",\"position\":1,\"name\":\"Hjem\",\"item\":\"https:\/\/seiersborg.vgs.no\/fredrikstad\/\"},{\"@type\":\"ListItem\",\"position\":2,\"name\":\"Historikk\"}]},{\"@type\":\"WebSite\",\"@id\":\"https:\/\/seiersborg.vgs.no\/fredrikstad\/#website\",\"url\":\"https:\/\/seiersborg.vgs.no\/fredrikstad\/\",\"name\":\"Fredrikstad\",\"description\":\"\",\"potentialAction\":[{\"@type\":\"SearchAction\",\"target\":{\"@type\":\"EntryPoint\",\"urlTemplate\":\"https:\/\/seiersborg.vgs.no\/fredrikstad\/?s={search_term_string}\"},\"query-input\":\"required name=search_term_string\"}],\"inLanguage\":\"nb-NO\"}]}<\/script>\n<!-- \/ Yoast SEO plugin. -->","yoast_head_json":{"title":"Historikk - Fredrikstad","robots":{"index":"index","follow":"follow","max-snippet":"max-snippet:-1","max-image-preview":"max-image-preview:large","max-video-preview":"max-video-preview:-1"},"canonical":"https:\/\/seiersborg.vgs.no\/fredrikstad\/historikk\/","og_locale":"nb_NO","og_type":"article","og_title":"Historikk - Fredrikstad","og_description":"Historikk Seiersborg videreg\u00e5ende skole \u2013 fra 1976 til i dag Ideen om et oppl\u00e6ringstilbud i regi av Stiftelsen Bl\u00e5 Kors Fredrikstad vokste fram p\u00e5 bakgrunn av mangelen p\u00e5 yrkesrelevant kompetanse hos de voksne alkoholikerne som var til behandling. Gjennom god oppl\u00e6ring var m\u00e5let \u00e5 etablere slik kompetanse som et rusforebyggende tiltak. M\u00e5let var \u00e5 komme [&hellip;]","og_url":"https:\/\/seiersborg.vgs.no\/fredrikstad\/historikk\/","og_site_name":"Fredrikstad","article_modified_time":"2023-09-28T12:26:14+00:00","og_image":[{"url":"https:\/\/seiersborg.vgs.no\/fredrikstad\/wp-content\/uploads\/sites\/1\/2023\/08\/arrow-circle-down.svg"}],"twitter_card":"summary_large_image","twitter_misc":{"Ansl. lesetid":"1 minutt"},"schema":{"@context":"https:\/\/schema.org","@graph":[{"@type":"WebPage","@id":"https:\/\/seiersborg.vgs.no\/fredrikstad\/historikk\/","url":"https:\/\/seiersborg.vgs.no\/fredrikstad\/historikk\/","name":"Historikk - Fredrikstad","isPartOf":{"@id":"https:\/\/seiersborg.vgs.no\/fredrikstad\/#website"},"datePublished":"2023-06-08T11:51:28+00:00","dateModified":"2023-09-28T12:26:14+00:00","breadcrumb":{"@id":"https:\/\/seiersborg.vgs.no\/fredrikstad\/historikk\/#breadcrumb"},"inLanguage":"nb-NO","potentialAction":[{"@type":"ReadAction","target":["https:\/\/seiersborg.vgs.no\/fredrikstad\/historikk\/"]}]},{"@type":"BreadcrumbList","@id":"https:\/\/seiersborg.vgs.no\/fredrikstad\/historikk\/#breadcrumb","itemListElement":[{"@type":"ListItem","position":1,"name":"Hjem","item":"https:\/\/seiersborg.vgs.no\/fredrikstad\/"},{"@type":"ListItem","position":2,"name":"Historikk"}]},{"@type":"WebSite","@id":"https:\/\/seiersborg.vgs.no\/fredrikstad\/#website","url":"https:\/\/seiersborg.vgs.no\/fredrikstad\/","name":"Fredrikstad","description":"","potentialAction":[{"@type":"SearchAction","target":{"@type":"EntryPoint","urlTemplate":"https:\/\/seiersborg.vgs.no\/fredrikstad\/?s={search_term_string}"},"query-input":"required name=search_term_string"}],"inLanguage":"nb-NO"}]}},"_links":{"self":[{"href":"https:\/\/seiersborg.vgs.no\/fredrikstad\/wp-json\/wp\/v2\/pages\/34"}],"collection":[{"href":"https:\/\/seiersborg.vgs.no\/fredrikstad\/wp-json\/wp\/v2\/pages"}],"about":[{"href":"https:\/\/seiersborg.vgs.no\/fredrikstad\/wp-json\/wp\/v2\/types\/page"}],"author":[{"embeddable":true,"href":"https:\/\/seiersborg.vgs.no\/fredrikstad\/wp-json\/wp\/v2\/users\/1"}],"replies":[{"embeddable":true,"href":"https:\/\/seiersborg.vgs.no\/fredrikstad\/wp-json\/wp\/v2\/comments?post=34"}],"version-history":[{"count":18,"href":"https:\/\/seiersborg.vgs.no\/fredrikstad\/wp-json\/wp\/v2\/pages\/34\/revisions"}],"predecessor-version":[{"id":19199,"href":"https:\/\/seiersborg.vgs.no\/fredrikstad\/wp-json\/wp\/v2\/pages\/34\/revisions\/19199"}],"wp:attachment":[{"href":"https:\/\/seiersborg.vgs.no\/fredrikstad\/wp-json\/wp\/v2\/media?parent=34"}],"curies":[{"name":"wp","href":"https:\/\/api.w.org\/{rel}","templated":true}]}}