{"id":40,"date":"2023-06-08T13:52:23","date_gmt":"2023-06-08T11:52:23","guid":{"rendered":"https:\/\/seiersborg.vgs.no\/fredrikstad\/?page_id=40"},"modified":"2025-02-05T11:01:08","modified_gmt":"2025-02-05T10:01:08","slug":"dysleksivennlig-skole","status":"publish","type":"page","link":"https:\/\/seiersborg.vgs.no\/fredrikstad\/dysleksivennlig-skole\/","title":{"rendered":"Dysleksivennlig skole"},"content":{"rendered":"\n<div class=\"cs-top wp-block-group alignfull has-primary-beige-background-color has-background eplus-wrapper is-layout-constrained wp-block-group-is-layout-constrained\"><div class=\"wp-block-group__inner-container\">\n<div class=\"container-rounded-corners wp-block-group has-light-beige-background-color has-background eplus-wrapper is-layout-constrained wp-block-group-is-layout-constrained\"><div class=\"wp-block-group__inner-container\"><div class=\" wp-block-columns alignfull are-vertically-aligned-center eplus-wrapper is-layout-flex wp-container-5 wp-block-columns-is-layout-flex eplus-styles-uid-77f895\">\n<div class=\" wp-block-column eplus-wrapper is-layout-flow wp-block-column-is-layout-flow\" style=\"flex-basis:10px\"><\/div>\n\n\n\n<div class=\" wp-block-column is-vertically-aligned-center eplus-wrapper is-layout-flow wp-block-column-is-layout-flow\">\n<h1 class=\" wp-block-heading has-primary-blue-color has-text-color eplus-wrapper\">Dysleksivennlig skole<\/h1>\n\n\n\n<p class=\" eplus-wrapper\">Dysleksi Norge startet prosjekt \u00abdysleksivennlig skole\u00bb i 2005 og siden den gang godkjent en rekke skoler som dysleksivennlige. Seiersborg videreg\u00e5ende skole ble godkjent som dysleksivennlig skole v\u00e5ren 2021, som en av f\u00e5 videreg\u00e5ende skoler i \u00d8stfold fylkeskommune.<\/p>\n\n\n<figure class=\" wp-block-image size-large eplus-wrapper eplus-styles-uid-4a8f68\"><img decoding=\"async\" loading=\"lazy\" width=\"34\" height=\"34\" src=\"https:\/\/seiersborg.vgs.no\/fredrikstad\/wp-content\/uploads\/sites\/1\/2023\/08\/arrow-circle-down.svg\" alt=\"\" class=\"wp-image-688\"><\/figure><\/div>\n\n\n\n<div class=\" wp-block-column eplus-wrapper is-layout-flow wp-block-column-is-layout-flow\" style=\"flex-basis:5px\"><\/div>\n\n\n\n<div class=\" wp-block-column is-vertically-aligned-center eplus-wrapper is-layout-flow wp-block-column-is-layout-flow\">\n<figure class=\" wp-block-image size-large eplus-wrapper\"><img decoding=\"async\" loading=\"lazy\" width=\"1024\" height=\"1024\" src=\"https:\/\/seiersborg.vgs.no\/fredrikstad\/wp-content\/uploads\/sites\/1\/2023\/06\/Div_til-hjemmeside_web-10-edited-1024x1024.jpg\" alt=\"\" class=\"wp-image-140\" srcset=\"https:\/\/seiersborg.vgs.no\/fredrikstad\/wp-content\/uploads\/sites\/1\/2023\/06\/Div_til-hjemmeside_web-10-edited-1024x1024.jpg 1024w, https:\/\/seiersborg.vgs.no\/fredrikstad\/wp-content\/uploads\/sites\/1\/2023\/06\/Div_til-hjemmeside_web-10-edited-300x300.jpg 300w, https:\/\/seiersborg.vgs.no\/fredrikstad\/wp-content\/uploads\/sites\/1\/2023\/06\/Div_til-hjemmeside_web-10-edited-150x150.jpg 150w, https:\/\/seiersborg.vgs.no\/fredrikstad\/wp-content\/uploads\/sites\/1\/2023\/06\/Div_til-hjemmeside_web-10-edited-768x767.jpg 768w, https:\/\/seiersborg.vgs.no\/fredrikstad\/wp-content\/uploads\/sites\/1\/2023\/06\/Div_til-hjemmeside_web-10-edited.jpg 1155w\" sizes=\"(max-width: 1024px) 100vw, 1024px\" \/><\/figure>\n<\/div>\n<\/div><\/div><\/div>\n<\/div><\/div>\n\n\n\n<hr class=\" wp-block-separator has-text-color has-white-color has-alpha-channel-opacity has-white-background-color has-background eplus-wrapper\"\/>\n\n\n\n<div class=\" wp-block-group eplus-wrapper is-layout-constrained wp-block-group-is-layout-constrained\"><div class=\"wp-block-group__inner-container\"><div class=\" wp-block-columns eplus-wrapper is-layout-flex wp-container-9 wp-block-columns-is-layout-flex eplus-styles-uid-2909f1\">\n<div class=\" wp-block-column eplus-wrapper is-layout-flow wp-block-column-is-layout-flow\">\n<p class=\" eplus-wrapper\">Som dysleksivennlig skole er vi opptatt av \u00f8ke v\u00e5r kunnskap om hvordan vi kan m\u00f8te elever med dysleksi, dyskalkuli og spr\u00e5kvansker (DLD). Vi skal ha gode systemer for kartlegging og oppf\u00f8lging, samt iverksette riktig tiltak for den enkelte elev.<\/p>\n\n\n\n<p class=\" eplus-wrapper\">Seiersborg kartlegger alle Vg1 elever i forhold til regneferdigheter (Alle Teller) og lese- og skriveferdigheter (Literate). Det skjer i l\u00f8pet av de f\u00f8rste ukene etter oppstart. Vi installerer programvare som elever har rett p\u00e5 og bruker ogs\u00e5 gode st\u00f8tteverkt\u00f8y gjennom Office 365. Vi \u00f8nsker \u00e5 v\u00e6re en skole som tilrettelegger slik at elevene f\u00e5r vist frem alt de har l\u00e6rt.<\/p>\n\n\n\n<p class=\" eplus-wrapper\">Det er viktig for oss at ulike l\u00e6revansker er noe vi kan snakke h\u00f8yt om, og at vi l\u00e6rer i et felleskap som inkluderer alle. Det skal v\u00e6re lav terskel for \u00e5 sp\u00f8rre om hjelp og veiledning. Vi som jobber p\u00e5 skolen har fokus p\u00e5 den enkelte elev og \u00f8ker stadig v\u00e5r kompetanse gjennom samarbeid, kurs og erfaring. <\/p>\n\n\n\n<p class=\" eplus-wrapper\">Les gjerne mer om dysleksivennlig skole\u00a0<a href=\"http:\/\/www.dysleksivennlig.no\/\">her<\/a>.<\/p>\n\n\n\n<p class=\" eplus-wrapper\">Les ogs\u00e5 om dysleksi p\u00e5 de nasjonale sidene til <a href=\"https:\/\/www.blakors.no\/fagside\/hva-er-dysleksi\/\">Bl\u00e5 Kors<\/a>.<\/p>\n<\/div>\n<\/div>\n\n\n<div style=\"height:60px\" aria-hidden=\"true\" class=\" wp-block-spacer eplus-wrapper\"><\/div>\n\n\n<div class=\" wp-block-columns eplus-wrapper is-layout-flex wp-container-12 wp-block-columns-is-layout-flex eplus-styles-uid-b1adf1\">\n<div class=\" wp-block-column eplus-wrapper is-layout-flow wp-block-column-is-layout-flow\">\n<figure class=\"wp-embed-aspect-16-9 wp-has-aspect-ratio wp-block-embed alignfull is-type-video is-provider-youtube wp-block-embed-youtube eplus-wrapper\"><div class=\"wp-block-embed__wrapper\">\n<iframe loading=\"lazy\" title=\"Seiersborg videreg\u00e5ende skole Fredrikstad - en dysleksivennlig skole\" width=\"640\" height=\"360\" src=\"https:\/\/www.youtube.com\/embed\/v4VFP22wpdk?feature=oembed\" frameborder=\"0\" allow=\"accelerometer; autoplay; clipboard-write; encrypted-media; gyroscope; picture-in-picture; web-share\" referrerpolicy=\"strict-origin-when-cross-origin\" allowfullscreen><\/iframe>\n<\/div><figcaption class=\"wp-element-caption\"><em>Se filmen om dysleksivennlig skole<\/em><\/figcaption><\/figure>\n<\/div>\n\n\n\n<div class=\" wp-block-column eplus-wrapper is-layout-flow wp-block-column-is-layout-flow\">\n<h3 class=\" wp-block-heading has-dark-blue-color has-text-color eplus-wrapper\">Visste du at<\/h3>\n\n\n<ul class=\" eplus-wrapper eplus-styles-uid-5ed143\">\n<li class=\" eplus-wrapper\">Dysleksi, ordblindhet eller lese- og skrivevansker er begreper som brukes om hverandre.<\/li>\n\n\n\n<li class=\" eplus-wrapper\">Mennesker med dysleksi har en fonologisk svikt. Fonologi betyr hvordan lydene fungerer i spr\u00e5ket v\u00e5rt. <\/li>\n\n\n\n<li class=\" eplus-wrapper\">Det er 5 &#8211; 7 % som har dysleksi, men mange flere strever med \u00e5 lese og skrive<\/li>\n\n\n\n<li class=\" eplus-wrapper\">Dysleksi er den mest utbredte l\u00e6revansken hos barn<\/li>\n\n\n\n<li class=\" eplus-wrapper\">Dysleksi har ingenting \u00e5 gj\u00f8re med evner eller IQ<\/li>\n\n\n\n<li class=\" eplus-wrapper\">Det finnes flere gratis apper og hjelpemidler som er nyttige om du har lese- og skrivevansker, f.eks. Google Lens, Seeing AI, Microsoft Lens m.fl.<\/li>\n<\/ul><\/div>\n<\/div>\n\n<div class=\" wp-block-columns eplus-wrapper is-layout-flex wp-container-15 wp-block-columns-is-layout-flex eplus-styles-uid-8ff2be\">\n<div class=\" wp-block-column eplus-wrapper is-layout-flow wp-block-column-is-layout-flow\" style=\"flex-basis:33.33%\"><div class=\"wp-block-image\">\n<figure class=\" alignleft size-large eplus-wrapper\"><img decoding=\"async\" loading=\"lazy\" width=\"1024\" height=\"871\" src=\"https:\/\/seiersborg.vgs.no\/fredrikstad\/wp-content\/uploads\/sites\/1\/2021\/08\/DVSwebmerke-til-skoler-2-1024x871.png\" alt=\"\" class=\"wp-image-2266\" srcset=\"https:\/\/seiersborg.vgs.no\/fredrikstad\/wp-content\/uploads\/sites\/1\/2021\/08\/DVSwebmerke-til-skoler-2-1024x871.png 1024w, https:\/\/seiersborg.vgs.no\/fredrikstad\/wp-content\/uploads\/sites\/1\/2021\/08\/DVSwebmerke-til-skoler-2-300x255.png 300w, https:\/\/seiersborg.vgs.no\/fredrikstad\/wp-content\/uploads\/sites\/1\/2021\/08\/DVSwebmerke-til-skoler-2-768x653.png 768w, https:\/\/seiersborg.vgs.no\/fredrikstad\/wp-content\/uploads\/sites\/1\/2021\/08\/DVSwebmerke-til-skoler-2-1536x1306.png 1536w, https:\/\/seiersborg.vgs.no\/fredrikstad\/wp-content\/uploads\/sites\/1\/2021\/08\/DVSwebmerke-til-skoler-2-2048x1741.png 2048w\" sizes=\"(max-width: 1024px) 100vw, 1024px\" \/><\/figure><\/div><\/div>\n\n\n\n<div class=\" wp-block-column eplus-wrapper is-layout-flow wp-block-column-is-layout-flow\" style=\"flex-basis:66.66%\"><\/div>\n<\/div><\/div><\/div>\n","protected":false},"excerpt":{"rendered":"<p>Dysleksivennlig skole Dysleksi Norge startet prosjekt \u00abdysleksivennlig skole\u00bb i 2005 og siden den gang godkjent en rekke skoler som dysleksivennlige. Seiersborg videreg\u00e5ende skole ble godkjent som dysleksivennlig skole v\u00e5ren 2021, som en av f\u00e5 videreg\u00e5ende skoler i \u00d8stfold fylkeskommune. Som dysleksivennlig skole er vi opptatt av \u00f8ke v\u00e5r kunnskap om hvordan vi kan m\u00f8te elever [&hellip;]<\/p>\n","protected":false},"author":1,"featured_media":0,"parent":0,"menu_order":0,"comment_status":"closed","ping_status":"closed","template":"","meta":{"inline_featured_image":false,"editor_plus_copied_stylings":"{}","footnotes":""},"featured_image_src":null,"yoast_head":"<!-- This site is optimized with the Yoast SEO plugin v21.0 - https:\/\/yoast.com\/wordpress\/plugins\/seo\/ -->\n<title>Dysleksivennlig skole - Fredrikstad<\/title>\n<meta name=\"robots\" content=\"index, follow, max-snippet:-1, max-image-preview:large, max-video-preview:-1\" \/>\n<link rel=\"canonical\" href=\"https:\/\/seiersborg.vgs.no\/fredrikstad\/dysleksivennlig-skole\/\" \/>\n<meta property=\"og:locale\" content=\"nb_NO\" \/>\n<meta property=\"og:type\" content=\"article\" \/>\n<meta property=\"og:title\" content=\"Dysleksivennlig skole - Fredrikstad\" \/>\n<meta property=\"og:description\" content=\"Dysleksivennlig skole Dysleksi Norge startet prosjekt \u00abdysleksivennlig skole\u00bb i 2005 og siden den gang godkjent en rekke skoler som dysleksivennlige. Seiersborg videreg\u00e5ende skole ble godkjent som dysleksivennlig skole v\u00e5ren 2021, som en av f\u00e5 videreg\u00e5ende skoler i \u00d8stfold fylkeskommune. Som dysleksivennlig skole er vi opptatt av \u00f8ke v\u00e5r kunnskap om hvordan vi kan m\u00f8te elever [&hellip;]\" \/>\n<meta property=\"og:url\" content=\"https:\/\/seiersborg.vgs.no\/fredrikstad\/dysleksivennlig-skole\/\" \/>\n<meta property=\"og:site_name\" content=\"Fredrikstad\" \/>\n<meta property=\"article:modified_time\" content=\"2025-02-05T10:01:08+00:00\" \/>\n<meta property=\"og:image\" content=\"https:\/\/seiersborg.vgs.no\/fredrikstad\/wp-content\/uploads\/sites\/1\/2023\/08\/arrow-circle-down.svg\" \/>\n<meta name=\"twitter:card\" content=\"summary_large_image\" \/>\n<meta name=\"twitter:label1\" content=\"Ansl. lesetid\" \/>\n\t<meta name=\"twitter:data1\" content=\"3 minutter\" \/>\n<script type=\"application\/ld+json\" class=\"yoast-schema-graph\">{\"@context\":\"https:\/\/schema.org\",\"@graph\":[{\"@type\":\"WebPage\",\"@id\":\"https:\/\/seiersborg.vgs.no\/fredrikstad\/dysleksivennlig-skole\/\",\"url\":\"https:\/\/seiersborg.vgs.no\/fredrikstad\/dysleksivennlig-skole\/\",\"name\":\"Dysleksivennlig skole - Fredrikstad\",\"isPartOf\":{\"@id\":\"https:\/\/seiersborg.vgs.no\/fredrikstad\/#website\"},\"datePublished\":\"2023-06-08T11:52:23+00:00\",\"dateModified\":\"2025-02-05T10:01:08+00:00\",\"breadcrumb\":{\"@id\":\"https:\/\/seiersborg.vgs.no\/fredrikstad\/dysleksivennlig-skole\/#breadcrumb\"},\"inLanguage\":\"nb-NO\",\"potentialAction\":[{\"@type\":\"ReadAction\",\"target\":[\"https:\/\/seiersborg.vgs.no\/fredrikstad\/dysleksivennlig-skole\/\"]}]},{\"@type\":\"BreadcrumbList\",\"@id\":\"https:\/\/seiersborg.vgs.no\/fredrikstad\/dysleksivennlig-skole\/#breadcrumb\",\"itemListElement\":[{\"@type\":\"ListItem\",\"position\":1,\"name\":\"Hjem\",\"item\":\"https:\/\/seiersborg.vgs.no\/fredrikstad\/\"},{\"@type\":\"ListItem\",\"position\":2,\"name\":\"Dysleksivennlig skole\"}]},{\"@type\":\"WebSite\",\"@id\":\"https:\/\/seiersborg.vgs.no\/fredrikstad\/#website\",\"url\":\"https:\/\/seiersborg.vgs.no\/fredrikstad\/\",\"name\":\"Fredrikstad\",\"description\":\"\",\"potentialAction\":[{\"@type\":\"SearchAction\",\"target\":{\"@type\":\"EntryPoint\",\"urlTemplate\":\"https:\/\/seiersborg.vgs.no\/fredrikstad\/?s={search_term_string}\"},\"query-input\":\"required name=search_term_string\"}],\"inLanguage\":\"nb-NO\"}]}<\/script>\n<!-- \/ Yoast SEO plugin. -->","yoast_head_json":{"title":"Dysleksivennlig skole - Fredrikstad","robots":{"index":"index","follow":"follow","max-snippet":"max-snippet:-1","max-image-preview":"max-image-preview:large","max-video-preview":"max-video-preview:-1"},"canonical":"https:\/\/seiersborg.vgs.no\/fredrikstad\/dysleksivennlig-skole\/","og_locale":"nb_NO","og_type":"article","og_title":"Dysleksivennlig skole - Fredrikstad","og_description":"Dysleksivennlig skole Dysleksi Norge startet prosjekt \u00abdysleksivennlig skole\u00bb i 2005 og siden den gang godkjent en rekke skoler som dysleksivennlige. Seiersborg videreg\u00e5ende skole ble godkjent som dysleksivennlig skole v\u00e5ren 2021, som en av f\u00e5 videreg\u00e5ende skoler i \u00d8stfold fylkeskommune. Som dysleksivennlig skole er vi opptatt av \u00f8ke v\u00e5r kunnskap om hvordan vi kan m\u00f8te elever [&hellip;]","og_url":"https:\/\/seiersborg.vgs.no\/fredrikstad\/dysleksivennlig-skole\/","og_site_name":"Fredrikstad","article_modified_time":"2025-02-05T10:01:08+00:00","og_image":[{"url":"https:\/\/seiersborg.vgs.no\/fredrikstad\/wp-content\/uploads\/sites\/1\/2023\/08\/arrow-circle-down.svg"}],"twitter_card":"summary_large_image","twitter_misc":{"Ansl. lesetid":"3 minutter"},"schema":{"@context":"https:\/\/schema.org","@graph":[{"@type":"WebPage","@id":"https:\/\/seiersborg.vgs.no\/fredrikstad\/dysleksivennlig-skole\/","url":"https:\/\/seiersborg.vgs.no\/fredrikstad\/dysleksivennlig-skole\/","name":"Dysleksivennlig skole - Fredrikstad","isPartOf":{"@id":"https:\/\/seiersborg.vgs.no\/fredrikstad\/#website"},"datePublished":"2023-06-08T11:52:23+00:00","dateModified":"2025-02-05T10:01:08+00:00","breadcrumb":{"@id":"https:\/\/seiersborg.vgs.no\/fredrikstad\/dysleksivennlig-skole\/#breadcrumb"},"inLanguage":"nb-NO","potentialAction":[{"@type":"ReadAction","target":["https:\/\/seiersborg.vgs.no\/fredrikstad\/dysleksivennlig-skole\/"]}]},{"@type":"BreadcrumbList","@id":"https:\/\/seiersborg.vgs.no\/fredrikstad\/dysleksivennlig-skole\/#breadcrumb","itemListElement":[{"@type":"ListItem","position":1,"name":"Hjem","item":"https:\/\/seiersborg.vgs.no\/fredrikstad\/"},{"@type":"ListItem","position":2,"name":"Dysleksivennlig skole"}]},{"@type":"WebSite","@id":"https:\/\/seiersborg.vgs.no\/fredrikstad\/#website","url":"https:\/\/seiersborg.vgs.no\/fredrikstad\/","name":"Fredrikstad","description":"","potentialAction":[{"@type":"SearchAction","target":{"@type":"EntryPoint","urlTemplate":"https:\/\/seiersborg.vgs.no\/fredrikstad\/?s={search_term_string}"},"query-input":"required name=search_term_string"}],"inLanguage":"nb-NO"}]}},"_links":{"self":[{"href":"https:\/\/seiersborg.vgs.no\/fredrikstad\/wp-json\/wp\/v2\/pages\/40"}],"collection":[{"href":"https:\/\/seiersborg.vgs.no\/fredrikstad\/wp-json\/wp\/v2\/pages"}],"about":[{"href":"https:\/\/seiersborg.vgs.no\/fredrikstad\/wp-json\/wp\/v2\/types\/page"}],"author":[{"embeddable":true,"href":"https:\/\/seiersborg.vgs.no\/fredrikstad\/wp-json\/wp\/v2\/users\/1"}],"replies":[{"embeddable":true,"href":"https:\/\/seiersborg.vgs.no\/fredrikstad\/wp-json\/wp\/v2\/comments?post=40"}],"version-history":[{"count":19,"href":"https:\/\/seiersborg.vgs.no\/fredrikstad\/wp-json\/wp\/v2\/pages\/40\/revisions"}],"predecessor-version":[{"id":20637,"href":"https:\/\/seiersborg.vgs.no\/fredrikstad\/wp-json\/wp\/v2\/pages\/40\/revisions\/20637"}],"wp:attachment":[{"href":"https:\/\/seiersborg.vgs.no\/fredrikstad\/wp-json\/wp\/v2\/media?parent=40"}],"curies":[{"name":"wp","href":"https:\/\/api.w.org\/{rel}","templated":true}]}}